{"id":5486,"date":"2024-10-31T07:31:34","date_gmt":"2024-10-31T07:31:34","guid":{"rendered":"https:\/\/williamweir.com\/?post_type=product&#038;p=5486"},"modified":"2025-05-24T01:39:46","modified_gmt":"2025-05-24T01:39:46","slug":"washing-machine-tank-cleaner","status":"publish","type":"product","link":"https:\/\/williamweir.com\/fr\/produit\/washing-machine-tank-cleaner\/","title":{"rendered":"R\u00e9servoir de machine \u00e0 laver Nettoyeur"},"content":{"rendered":"<p><strong>Code produit\uff1a1731<\/strong><\/p>\n<p><strong>I. Pr\u00e9sentation du produit<\/strong><\/p>\n<p>Ce produit est un nettoyant sp\u00e9cialement con\u00e7u pour nettoyer la cuve du lave-linge. Il permet d'\u00e9liminer efficacement la salet\u00e9, les bact\u00e9ries et les odeurs dans la cuve du lave-linge, pour un environnement de lavage propre et hygi\u00e9nique.<\/p>\n<p><strong>II. Caract\u00e9ristiques du produit<\/strong><\/p>\n<p>D\u00e9contamination puissante : Il peut rapidement d\u00e9composer la salet\u00e9 dans la cuve du lave-linge, y compris le calcaire, les taches, les moisissures, etc. et redonner \u00e0 la cuve du lave-linge un aspect neuf.<br \/>\n\u00c9limination des odeurs : Il peut \u00e9liminer les odeurs dans la cuve de la machine \u00e0 laver, de sorte que vos v\u00eatements d\u00e9gagent une odeur fra\u00eeche apr\u00e8s le lavage.<br \/>\nS\u00fbr et respectueux de l'environnement : il ne contient pas de produits chimiques nocifs et est inoffensif pour l'homme et l'environnement. Il peut \u00eatre utilis\u00e9 en toute s\u00e9curit\u00e9.<br \/>\nFonctionnement simple : Il est facile \u00e0 utiliser. Il suffit de verser le nettoyant dans la cuve du lave-linge et de le faire fonctionner selon la proc\u00e9dure normale de lavage.<\/p>\n<p><strong>III. Instructions d'utilisation<\/strong><\/p>\n<p>Retirez les v\u00eatements de la machine \u00e0 laver et \u00e9teignez-la.<br \/>\nVersez le nettoyant dans la cuve de la machine \u00e0 laver. En g\u00e9n\u00e9ral, pour la premi\u00e8re utilisation, le dosage est de 260 g, et pour un usage quotidien, il est de 100 g. (Le dosage peut \u00eatre ajust\u00e9 en fonction de la capacit\u00e9 du lave-linge).<br \/>\nAjoutez une quantit\u00e9 appropri\u00e9e d'eau (en g\u00e9n\u00e9ral, de l'eau chaude \u00e0 40\u2103-60\u2103 a un meilleur effet) pour que le niveau d'eau atteigne le niveau d'eau le plus \u00e9lev\u00e9 de la machine \u00e0 laver.<br \/>\nMettez le lave-linge en marche et s\u00e9lectionnez le programme \"lavage\" ou \"trempage\". Apr\u00e8s 5 \u00e0 10 minutes de fonctionnement, \u00e9teignez l'appareil et laissez tremper pendant 2 \u00e0 3 heures.<br \/>\nUne fois le trempage termin\u00e9, remettez le lave-linge en marche, s\u00e9lectionnez le programme \"lavage\" ou \"rin\u00e7age\" et faites-le tourner une fois pour \u00e9vacuer la salet\u00e9 et le produit de nettoyage pr\u00e9sents dans le lave-linge.<br \/>\nUtilisez un chiffon propre pour essuyer le cylindre int\u00e9rieur et la coque du lave-linge afin d'\u00e9liminer les r\u00e9sidus de salet\u00e9 et de produit de nettoyage.<\/p>\n<p><strong>IV. Les pr\u00e9cautions \u00e0 prendre<\/strong><\/p>\n<p>Veuillez lire attentivement le mode d'emploi du produit avant de l'utiliser et l'utiliser conform\u00e9ment aux instructions.<br \/>\nNe pas m\u00e9langer le nettoyant avec d'autres nettoyants afin d'\u00e9viter des r\u00e9actions chimiques ind\u00e9sirables.<br \/>\n\u00c9vitez tout contact du nettoyant avec les yeux. En cas de contact accidentel, rincez imm\u00e9diatement \u00e0 l'eau claire.<br \/>\nVeuillez le ranger dans un endroit hors de port\u00e9e des enfants afin d'\u00e9viter toute ingestion accidentelle par ces derniers.<br \/>\nLes m\u00e9thodes d'utilisation des diff\u00e9rents mod\u00e8les de lave-linge peuvent \u00eatre diff\u00e9rentes. Veuillez vous conformer au mode d'emploi du lave-linge.<\/p>","protected":false},"excerpt":{"rendered":"<p>Notre usine fournit des services de traitement OEM\/ODM, nous pouvons concevoir des produits sur mesure pour vous ; Notre MOQ est faible, g\u00e9n\u00e9ralement la quantit\u00e9 minimale est de 1000 bouteilles peuvent \u00eatre produites ; Nos produits sont peu co\u00fbteux, d'excellente qualit\u00e9, en conformit\u00e9 avec toutes les lois et r\u00e9glementations nationales et les besoins des clients !<\/p>\n<h3><strong>\u00a0 \u00a0 \u00a0 Nous proposons \u00e9galement les services suivants<\/strong><\/h3>\n<h4><strong><img decoding=\"async\" class=\"emoji\" role=\"img\" draggable=\"false\" src=\"https:\/\/s.w.org\/images\/core\/emoji\/15.0.3\/svg\/2714.svg\" alt=\"\u2714\" \/>\u00a0 Source transfrontali\u00e8re\u00a0 \u00a0 \u00a0 \u00a0 \u00a0\u00a0<img decoding=\"async\" class=\"emoji\" role=\"img\" draggable=\"false\" src=\"https:\/\/s.w.org\/images\/core\/emoji\/15.0.3\/svg\/2714.svg\" alt=\"\u2714\" \/>\u00a0 Personnalisation du support<\/strong><\/h4>\n<h4><strong><img decoding=\"async\" class=\"emoji\" role=\"img\" draggable=\"false\" src=\"https:\/\/s.w.org\/images\/core\/emoji\/15.0.3\/svg\/2714.svg\" alt=\"\u2714\" \/>\u00a0 Usine source\u00a0 \u00a0 \u00a0 \u00a0 \u00a0 \u00a0 \u00a0 \u00a0 \u00a0 \u00a0 \u00a0 \u00a0<img decoding=\"async\" class=\"emoji\" role=\"img\" draggable=\"false\" src=\"https:\/\/s.w.org\/images\/core\/emoji\/15.0.3\/svg\/2714.svg\" alt=\"\u2714\" \/>\u00a0 D\u00e9veloppement de produits<\/strong><\/h4>\n<h4><strong><img decoding=\"async\" class=\"emoji\" role=\"img\" draggable=\"false\" src=\"https:\/\/s.w.org\/images\/core\/emoji\/15.0.3\/svg\/2714.svg\" alt=\"\u2714\" \/>\u00a0 Adaptation \u00e0 l'\u00e9chantillon\u00a0 \u00a0 \u00a0 \u00a0 \u00a0 \u00a0 \u00a0 \u00a0 \u00a0 \u00a0\u00a0<img decoding=\"async\" class=\"emoji\" role=\"img\" draggable=\"false\" src=\"https:\/\/s.w.org\/images\/core\/emoji\/15.0.3\/svg\/2714.svg\" alt=\"\u2714\" \/>\u00a0 Autorisation de la marque<\/strong><\/h4>\n<p>&nbsp;<\/p>\n<h2 style=\"text-align: left;\"><strong>Questions ou commentaires ? <\/strong><\/h2>\n<h2 style=\"text-align: left;\"><strong>wlwer@williamweir.com<\/strong><\/h2>\n<h4><strong>\u00a0<\/strong><\/h4>","protected":false},"featured_media":5487,"template":"","meta":{"_uag_custom_page_level_css":"","site-sidebar-layout":"default","site-content-layout":"","ast-site-content-layout":"default","site-content-style":"default","site-sidebar-style":"default","ast-global-header-display":"","ast-banner-title-visibility":"","ast-main-header-display":"","ast-hfb-above-header-display":"","ast-hfb-below-header-display":"","ast-hfb-mobile-header-display":"","site-post-title":"","ast-breadcrumbs-content":"","ast-featured-img":"","footer-sml-layout":"","theme-transparent-header-meta":"default","adv-header-id-meta":"","stick-header-meta":"","header-above-stick-meta":"","header-main-stick-meta":"","header-below-stick-meta":"","astra-migrate-meta-layouts":"set","ast-page-background-enabled":"default","ast-page-background-meta":{"desktop":{"background-color":"","background-image":"","background-repeat":"repeat","background-position":"center center","background-size":"auto","background-attachment":"scroll","background-type":"","background-media":"","overlay-type":"","overlay-color":"","overlay-opacity":"","overlay-gradient":""},"tablet":{"background-color":"","background-image":"","background-repeat":"repeat","background-position":"center center","background-size":"auto","background-attachment":"scroll","background-type":"","background-media":"","overlay-type":"","overlay-color":"","overlay-opacity":"","overlay-gradient":""},"mobile":{"background-color":"","background-image":"","background-repeat":"repeat","background-position":"center center","background-size":"auto","background-attachment":"scroll","background-type":"","background-media":"","overlay-type":"","overlay-color":"","overlay-opacity":"","overlay-gradient":""}},"ast-content-background-meta":{"desktop":{"background-color":"var(--ast-global-color-5)","background-image":"","background-repeat":"repeat","background-position":"center center","background-size":"auto","background-attachment":"scroll","background-type":"","background-media":"","overlay-type":"","overlay-color":"","overlay-opacity":"","overlay-gradient":""},"tablet":{"background-color":"var(--ast-global-color-5)","background-image":"","background-repeat":"repeat","background-position":"center center","background-size":"auto","background-attachment":"scroll","background-type":"","background-media":"","overlay-type":"","overlay-color":"","overlay-opacity":"","overlay-gradient":""},"mobile":{"background-color":"var(--ast-global-color-5)","background-image":"","background-repeat":"repeat","background-position":"center center","background-size":"auto","background-attachment":"scroll","background-type":"","background-media":"","overlay-type":"","overlay-color":"","overlay-opacity":"","overlay-gradient":""}}},"product_brand":[],"product_cat":[73],"product_tag":[244,243],"class_list":{"0":"post-5486","1":"product","2":"type-product","3":"status-publish","4":"has-post-thumbnail","6":"product_cat-washing-machine-sink-cleaning","7":"product_tag-washing-machine-cleaning-powder","8":"product_tag-washing-machine-sink-cleaner","9":"desktop-align-center","10":"tablet-align-left","11":"mobile-align-left","12":"ast-product-gallery-layout-horizontal-slider","13":"ast-product-gallery-with-no-image","14":"ast-product-tabs-layout-horizontal","16":"first","17":"instock","18":"shipping-taxable","19":"product-type-simple"},"aioseo_notices":[],"uagb_featured_image_src":{"full":["https:\/\/williamweir.com\/wp-content\/uploads\/2024\/10\/9910859.jpg",800,800,false],"thumbnail":["https:\/\/williamweir.com\/wp-content\/uploads\/2024\/10\/9910859-300x300.jpg",300,300,true],"medium":["https:\/\/williamweir.com\/wp-content\/uploads\/2024\/10\/9910859-600x600.jpg",600,600,true],"medium_large":["https:\/\/williamweir.com\/wp-content\/uploads\/2024\/10\/9910859-768x768.jpg",768,768,true],"large":["https:\/\/williamweir.com\/wp-content\/uploads\/2024\/10\/9910859.jpg",800,800,false],"1536x1536":["https:\/\/williamweir.com\/wp-content\/uploads\/2024\/10\/9910859.jpg",800,800,false],"2048x2048":["https:\/\/williamweir.com\/wp-content\/uploads\/2024\/10\/9910859.jpg",800,800,false],"trp-custom-language-flag":["https:\/\/williamweir.com\/wp-content\/uploads\/2024\/10\/9910859-12x12.jpg",12,12,true],"woocommerce_thumbnail":["https:\/\/williamweir.com\/wp-content\/uploads\/2024\/10\/9910859-600x600.jpg",600,600,true],"woocommerce_single":["https:\/\/williamweir.com\/wp-content\/uploads\/2024\/10\/9910859-600x600.jpg",600,600,true],"woocommerce_gallery_thumbnail":["https:\/\/williamweir.com\/wp-content\/uploads\/2024\/10\/9910859-100x100.jpg",100,100,true]},"uagb_author_info":{"display_name":"wlwer","author_link":"https:\/\/williamweir.com\/fr\/author\/"},"uagb_comment_info":0,"uagb_excerpt":"Our factory provides OEM\/ODM processing services, we can tailor products for you; Our MOQ is low, generally the minimum quantity is 1000 bottles can be produced; Our products are inexpensive, excellent product quality, in line with any national laws and regulations and customer needs! \u00a0 \u00a0 \u00a0 We also offer the following services \u00a0 Cross-border\u2026","_links":{"self":[{"href":"https:\/\/williamweir.com\/fr\/wp-json\/wp\/v2\/product\/5486"}],"collection":[{"href":"https:\/\/williamweir.com\/fr\/wp-json\/wp\/v2\/product"}],"about":[{"href":"https:\/\/williamweir.com\/fr\/wp-json\/wp\/v2\/types\/product"}],"version-history":[{"count":5,"href":"https:\/\/williamweir.com\/fr\/wp-json\/wp\/v2\/product\/5486\/revisions"}],"predecessor-version":[{"id":8242,"href":"https:\/\/williamweir.com\/fr\/wp-json\/wp\/v2\/product\/5486\/revisions\/8242"}],"wp:featuredmedia":[{"embeddable":true,"href":"https:\/\/williamweir.com\/fr\/wp-json\/wp\/v2\/media\/5487"}],"wp:attachment":[{"href":"https:\/\/williamweir.com\/fr\/wp-json\/wp\/v2\/media?parent=5486"}],"wp:term":[{"taxonomy":"product_brand","embeddable":true,"href":"https:\/\/williamweir.com\/fr\/wp-json\/wp\/v2\/product_brand?post=5486"},{"taxonomy":"product_cat","embeddable":true,"href":"https:\/\/williamweir.com\/fr\/wp-json\/wp\/v2\/product_cat?post=5486"},{"taxonomy":"product_tag","embeddable":true,"href":"https:\/\/williamweir.com\/fr\/wp-json\/wp\/v2\/product_tag?post=5486"}],"curies":[{"name":"wp","href":"https:\/\/api.w.org\/{rel}","templated":true}]}}