{"id":5482,"date":"2024-10-31T07:30:15","date_gmt":"2024-10-31T07:30:15","guid":{"rendered":"https:\/\/williamweir.com\/?post_type=product&#038;p=5482"},"modified":"2025-05-24T01:39:52","modified_gmt":"2025-05-24T01:39:52","slug":"stone-care-wax-2","status":"publish","type":"product","link":"https:\/\/williamweir.com\/fr\/produit\/stone-care-wax-2\/","title":{"rendered":"Cire pour l'entretien des pierres"},"content":{"rendered":"<p><strong>Code produit\uff1a1717<\/strong><\/p>\n<p><strong>I. Pr\u00e9sentation du produit<\/strong><\/p>\n<p>Cette cire d'entretien pour pierres est un produit d'entretien de haute qualit\u00e9 soigneusement con\u00e7u pour toutes sortes de pierres. Adoptant des formulations avanc\u00e9es et un savoir-faire exquis, elle vise \u00e0 fournir une excellente protection et des effets esth\u00e9tiques pour les pierres, en gardant la surface de vos pierres toujours brillante et neuve.<\/p>\n<p><strong>II. Caract\u00e9ristiques du produit<\/strong><\/p>\n<p>Forte protection : Forme un film protecteur solide sur la surface de la pierre, r\u00e9sistant efficacement \u00e0 l'\u00e9rosion due \u00e0 l'usure quotidienne, aux rayures et aux taches, et prolongeant la dur\u00e9e de vie des pierres.<br \/>\n\u00c9clat am\u00e9lior\u00e9 : Donne aux pierres un \u00e9clat profond et durable, am\u00e9liorant le degr\u00e9 esth\u00e9tique des pierres et les rendant plus \u00e9blouissantes.<br \/>\nImperm\u00e9able et antisalissure : Excellentes performances en mati\u00e8re d'\u00e9tanch\u00e9it\u00e9, emp\u00eachant la p\u00e9n\u00e9tration de l'eau et, dans le m\u00eame temps, l'adh\u00e9sion de polluants tels que les taches d'huile et la poussi\u00e8re, ce qui facilite le nettoyage et l'entretien.<br \/>\nR\u00e9sistance aux rayons ultraviolets : R\u00e9siste efficacement aux dommages caus\u00e9s par les rayons ultraviolets et emp\u00eache les pierres de se d\u00e9colorer et de vieillir en raison d'une exposition prolong\u00e9e \u00e0 la lumi\u00e8re du soleil.<br \/>\nLargement applicable : Applicable \u00e0 diverses pierres telles que le marbre, le granit et la pierre artificielle, r\u00e9pondant aux besoins d'entretien de diff\u00e9rents types de pierres.<br \/>\nS\u00fbr et respectueux de l'environnement : Fabriqu\u00e9 \u00e0 partir de mat\u00e9riaux respectueux de l'environnement, il est non toxique et inodore et n'a pas d'effets n\u00e9fastes sur le corps humain et l'environnement.<\/p>\n<p><strong>III. M\u00e9thodes d'utilisation<\/strong><\/p>\n<p>Nettoyer la pierre : Avant l'utilisation, assurez-vous que la surface de la pierre est propre et s\u00e8che, sans impuret\u00e9s telles que la poussi\u00e8re et les taches d'huile. Des nettoyants sp\u00e9ciaux pour la pierre peuvent \u00eatre utilis\u00e9s pour le nettoyage.<br \/>\nAppliquer la cire d'entretien : Appliquez uniform\u00e9ment la cire d'entretien sur la surface de la pierre. Des \u00e9ponges, des chiffons doux ou des cireuses peuvent \u00eatre utilis\u00e9s \u00e0 cet effet. Veillez \u00e0 appliquer une force uniforme afin de garantir une \u00e9paisseur mod\u00e9r\u00e9e de la couche de cire.<br \/>\nTraitement de polissage : Une fois que la cire d'entretien est l\u00e9g\u00e8rement s\u00e8che, utilisez un chiffon doux et propre ou une polisseuse pour polir la surface de la pierre afin qu'elle pr\u00e9sente un effet lisse et brillant.<br \/>\nEntretien r\u00e9gulier : En fonction de la fr\u00e9quence d'utilisation et des conditions environnementales des pierres, appliquer et polir r\u00e9guli\u00e8rement la cire d'entretien pour maintenir le bon \u00e9tat des pierres.<\/p>\n<p><strong>IV. Les pr\u00e9cautions \u00e0 prendre<\/strong><\/p>\n<p>\u00c9vitez d'utiliser ce produit dans un environnement humide ou \u00e0 haute temp\u00e9rature afin de ne pas affecter l'effet de l'entretien.<br \/>\nNe pas appliquer de cire d'entretien sur les surfaces non pierreuses afin d'\u00e9viter toute pollution.<br \/>\nEn cas de contact accidentel avec les yeux ou la peau pendant l'utilisation, rincer imm\u00e9diatement \u00e0 l'eau claire et consulter rapidement un m\u00e9decin.<br \/>\nConservez ce produit dans un endroit frais et sec, \u00e0 l'\u00e9cart des sources de chaleur et des enfants.<\/p>","protected":false},"excerpt":{"rendered":"<p>Notre usine fournit des services de traitement OEM\/ODM, nous pouvons concevoir des produits sur mesure pour vous ; Notre MOQ est faible, g\u00e9n\u00e9ralement la quantit\u00e9 minimale est de 1000 bouteilles peuvent \u00eatre produites ; Nos produits sont peu co\u00fbteux, d'excellente qualit\u00e9, en conformit\u00e9 avec toutes les lois et r\u00e9glementations nationales et les besoins des clients !<\/p>\n<h3><strong>\u00a0 \u00a0 \u00a0 Nous proposons \u00e9galement les services suivants<\/strong><\/h3>\n<h4><strong><img decoding=\"async\" class=\"emoji\" role=\"img\" draggable=\"false\" src=\"https:\/\/s.w.org\/images\/core\/emoji\/15.0.3\/svg\/2714.svg\" alt=\"\u2714\" \/>\u00a0 Source transfrontali\u00e8re\u00a0 \u00a0 \u00a0 \u00a0 \u00a0\u00a0<img decoding=\"async\" class=\"emoji\" role=\"img\" draggable=\"false\" src=\"https:\/\/s.w.org\/images\/core\/emoji\/15.0.3\/svg\/2714.svg\" alt=\"\u2714\" \/>\u00a0 Personnalisation du support<\/strong><\/h4>\n<h4><strong><img decoding=\"async\" class=\"emoji\" role=\"img\" draggable=\"false\" src=\"https:\/\/s.w.org\/images\/core\/emoji\/15.0.3\/svg\/2714.svg\" alt=\"\u2714\" \/>\u00a0 Usine source\u00a0 \u00a0 \u00a0 \u00a0 \u00a0 \u00a0 \u00a0 \u00a0 \u00a0 \u00a0 \u00a0 \u00a0<img decoding=\"async\" class=\"emoji\" role=\"img\" draggable=\"false\" src=\"https:\/\/s.w.org\/images\/core\/emoji\/15.0.3\/svg\/2714.svg\" alt=\"\u2714\" \/>\u00a0 D\u00e9veloppement de produits<\/strong><\/h4>\n<h4><strong><img decoding=\"async\" class=\"emoji\" role=\"img\" draggable=\"false\" src=\"https:\/\/s.w.org\/images\/core\/emoji\/15.0.3\/svg\/2714.svg\" alt=\"\u2714\" \/>\u00a0 Adaptation \u00e0 l'\u00e9chantillon\u00a0 \u00a0 \u00a0 \u00a0 \u00a0 \u00a0 \u00a0 \u00a0 \u00a0 \u00a0\u00a0<img decoding=\"async\" class=\"emoji\" role=\"img\" draggable=\"false\" src=\"https:\/\/s.w.org\/images\/core\/emoji\/15.0.3\/svg\/2714.svg\" alt=\"\u2714\" \/>\u00a0 Autorisation de la marque<\/strong><\/h4>\n<p>&nbsp;<\/p>\n<h2 style=\"text-align: left;\"><strong>Questions ou commentaires ? <\/strong><\/h2>\n<h2 style=\"text-align: left;\"><strong>wlwer@williamweir.com<\/strong><\/h2>\n<h4><strong>\u00a0<\/strong><\/h4>","protected":false},"featured_media":5483,"template":"","meta":{"_uag_custom_page_level_css":"","site-sidebar-layout":"default","site-content-layout":"","ast-site-content-layout":"default","site-content-style":"default","site-sidebar-style":"default","ast-global-header-display":"","ast-banner-title-visibility":"","ast-main-header-display":"","ast-hfb-above-header-display":"","ast-hfb-below-header-display":"","ast-hfb-mobile-header-display":"","site-post-title":"","ast-breadcrumbs-content":"","ast-featured-img":"","footer-sml-layout":"","theme-transparent-header-meta":"default","adv-header-id-meta":"","stick-header-meta":"","header-above-stick-meta":"","header-main-stick-meta":"","header-below-stick-meta":"","astra-migrate-meta-layouts":"set","ast-page-background-enabled":"default","ast-page-background-meta":{"desktop":{"background-color":"","background-image":"","background-repeat":"repeat","background-position":"center center","background-size":"auto","background-attachment":"scroll","background-type":"","background-media":"","overlay-type":"","overlay-color":"","overlay-opacity":"","overlay-gradient":""},"tablet":{"background-color":"","background-image":"","background-repeat":"repeat","background-position":"center center","background-size":"auto","background-attachment":"scroll","background-type":"","background-media":"","overlay-type":"","overlay-color":"","overlay-opacity":"","overlay-gradient":""},"mobile":{"background-color":"","background-image":"","background-repeat":"repeat","background-position":"center center","background-size":"auto","background-attachment":"scroll","background-type":"","background-media":"","overlay-type":"","overlay-color":"","overlay-opacity":"","overlay-gradient":""}},"ast-content-background-meta":{"desktop":{"background-color":"var(--ast-global-color-5)","background-image":"","background-repeat":"repeat","background-position":"center center","background-size":"auto","background-attachment":"scroll","background-type":"","background-media":"","overlay-type":"","overlay-color":"","overlay-opacity":"","overlay-gradient":""},"tablet":{"background-color":"var(--ast-global-color-5)","background-image":"","background-repeat":"repeat","background-position":"center center","background-size":"auto","background-attachment":"scroll","background-type":"","background-media":"","overlay-type":"","overlay-color":"","overlay-opacity":"","overlay-gradient":""},"mobile":{"background-color":"var(--ast-global-color-5)","background-image":"","background-repeat":"repeat","background-position":"center center","background-size":"auto","background-attachment":"scroll","background-type":"","background-media":"","overlay-type":"","overlay-color":"","overlay-opacity":"","overlay-gradient":""}}},"product_brand":[],"product_cat":[72],"product_tag":[177,178],"class_list":{"0":"post-5482","1":"product","2":"type-product","3":"status-publish","4":"has-post-thumbnail","6":"product_cat-stone-maintenance-and-polishing","7":"product_tag-stone-care-wax","8":"product_tag-stone-polishing-wax","9":"desktop-align-center","10":"tablet-align-left","11":"mobile-align-left","12":"ast-product-gallery-layout-horizontal-slider","13":"ast-product-gallery-with-no-image","14":"ast-product-tabs-layout-horizontal","16":"first","17":"instock","18":"shipping-taxable","19":"product-type-simple"},"aioseo_notices":[],"uagb_featured_image_src":{"full":["https:\/\/williamweir.com\/wp-content\/uploads\/2024\/10\/9910860.jpg",800,800,false],"thumbnail":["https:\/\/williamweir.com\/wp-content\/uploads\/2024\/10\/9910860-300x300.jpg",300,300,true],"medium":["https:\/\/williamweir.com\/wp-content\/uploads\/2024\/10\/9910860-600x600.jpg",600,600,true],"medium_large":["https:\/\/williamweir.com\/wp-content\/uploads\/2024\/10\/9910860-768x768.jpg",768,768,true],"large":["https:\/\/williamweir.com\/wp-content\/uploads\/2024\/10\/9910860.jpg",800,800,false],"1536x1536":["https:\/\/williamweir.com\/wp-content\/uploads\/2024\/10\/9910860.jpg",800,800,false],"2048x2048":["https:\/\/williamweir.com\/wp-content\/uploads\/2024\/10\/9910860.jpg",800,800,false],"trp-custom-language-flag":["https:\/\/williamweir.com\/wp-content\/uploads\/2024\/10\/9910860-12x12.jpg",12,12,true],"woocommerce_thumbnail":["https:\/\/williamweir.com\/wp-content\/uploads\/2024\/10\/9910860-600x600.jpg",600,600,true],"woocommerce_single":["https:\/\/williamweir.com\/wp-content\/uploads\/2024\/10\/9910860-600x600.jpg",600,600,true],"woocommerce_gallery_thumbnail":["https:\/\/williamweir.com\/wp-content\/uploads\/2024\/10\/9910860-100x100.jpg",100,100,true]},"uagb_author_info":{"display_name":"wlwer","author_link":"https:\/\/williamweir.com\/fr\/author\/"},"uagb_comment_info":0,"uagb_excerpt":"Our factory provides OEM\/ODM processing services, we can tailor products for you; Our MOQ is low, generally the minimum quantity is 1000 bottles can be produced; Our products are inexpensive, excellent product quality, in line with any national laws and regulations and customer needs! \u00a0 \u00a0 \u00a0 We also offer the following services \u00a0 Cross-border\u2026","_links":{"self":[{"href":"https:\/\/williamweir.com\/fr\/wp-json\/wp\/v2\/product\/5482"}],"collection":[{"href":"https:\/\/williamweir.com\/fr\/wp-json\/wp\/v2\/product"}],"about":[{"href":"https:\/\/williamweir.com\/fr\/wp-json\/wp\/v2\/types\/product"}],"version-history":[{"count":6,"href":"https:\/\/williamweir.com\/fr\/wp-json\/wp\/v2\/product\/5482\/revisions"}],"predecessor-version":[{"id":8244,"href":"https:\/\/williamweir.com\/fr\/wp-json\/wp\/v2\/product\/5482\/revisions\/8244"}],"wp:featuredmedia":[{"embeddable":true,"href":"https:\/\/williamweir.com\/fr\/wp-json\/wp\/v2\/media\/5483"}],"wp:attachment":[{"href":"https:\/\/williamweir.com\/fr\/wp-json\/wp\/v2\/media?parent=5482"}],"wp:term":[{"taxonomy":"product_brand","embeddable":true,"href":"https:\/\/williamweir.com\/fr\/wp-json\/wp\/v2\/product_brand?post=5482"},{"taxonomy":"product_cat","embeddable":true,"href":"https:\/\/williamweir.com\/fr\/wp-json\/wp\/v2\/product_cat?post=5482"},{"taxonomy":"product_tag","embeddable":true,"href":"https:\/\/williamweir.com\/fr\/wp-json\/wp\/v2\/product_tag?post=5482"}],"curies":[{"name":"wp","href":"https:\/\/api.w.org\/{rel}","templated":true}]}}