{"id":5436,"date":"2024-10-31T07:02:47","date_gmt":"2024-10-31T07:02:47","guid":{"rendered":"https:\/\/williamweir.com\/?post_type=product&#038;p=5436"},"modified":"2025-05-24T01:42:20","modified_gmt":"2025-05-24T01:42:20","slug":"mahogany-furniture-care-wax","status":"publish","type":"product","link":"https:\/\/williamweir.com\/fr\/produit\/mahogany-furniture-care-wax\/","title":{"rendered":"Cire d'entretien pour meubles en acajou"},"content":{"rendered":"<p><strong>Code produit\uff1a0284<\/strong><\/p>\n<p><strong>I. Pr\u00e9sentation du produit<\/strong><\/p>\n<p>Ce produit est une cire d'abeille de haute qualit\u00e9 sp\u00e9cialement con\u00e7ue pour les meubles en bois de rose. La cire d'abeille naturelle soigneusement s\u00e9lectionn\u00e9e, combin\u00e9e \u00e0 une technologie de production avanc\u00e9e, offre un soin complet \u00e0 vos meubles en bois de rose, r\u00e9v\u00e9lant la texture noble et le charme durable des meubles en bois de rose.<\/p>\n<p><strong>II. Caract\u00e9ristiques du produit<\/strong><\/p>\n<p>Nourrir et prot\u00e9ger : Riche en ingr\u00e9dients naturels, il peut p\u00e9n\u00e9trer profond\u00e9ment dans les fibres du bois des meubles en bois de rose, les nourrir, renforcer la r\u00e9sistance et la durabilit\u00e9 du bois et pr\u00e9venir efficacement les fissures et les d\u00e9formations.<br \/>\nAm\u00e9lioration de l'\u00e9clat : Donne aux meubles en bois de rose un lustre chaud et naturel, rendant leur couleur plus pleine et plus brillante, mettant en valeur la texture unique et le temp\u00e9rament \u00e9l\u00e9gant du bois de rose.<br \/>\nImperm\u00e9able et r\u00e9sistant \u00e0 l'humidit\u00e9 : Forme un film protecteur sur la surface des meubles, bloquant efficacement l'invasion de l'humidit\u00e9 et r\u00e9duisant les dommages caus\u00e9s aux meubles par un environnement humide.<br \/>\nS\u00fbr et respectueux de l'environnement : Fabriqu\u00e9e en cire d'abeille naturelle, elle est non toxique, inodore et non irritante, respectueuse du corps humain et de l'environnement, et vous permet de l'utiliser en toute confiance.<br \/>\nFacile \u00e0 utiliser : Le fonctionnement est simple et pratique. Il suffit de l'\u00e9taler et de l'essuyer pour l'entretenir, sans avoir besoin de comp\u00e9tences professionnelles.<\/p>\n<p><strong>III. M\u00e9thodes d'utilisation<\/strong><\/p>\n<p>Nettoyer le meuble : Avant d'utiliser la cire d'abeille, nettoyez d'abord la poussi\u00e8re et les taches sur la surface des meubles en bois de rose. Vous pouvez les essuyer d\u00e9licatement avec un chiffon doux et sec.<br \/>\nAppliquer la cire d'abeille : Prenez une quantit\u00e9 appropri\u00e9e de cire d'abeille et appliquez-la uniform\u00e9ment sur la surface du meuble en bois de rose. Vous pouvez utiliser un chiffon doux ou une \u00e9ponge pour l'appliquer afin de vous assurer que la cire d'abeille est uniform\u00e9ment recouverte.<br \/>\nEssuyer et polir : Une fois que la cire d'abeille est l\u00e9g\u00e8rement s\u00e8che, essuyez doucement la surface du meuble avec un chiffon doux et propre pour le polir et lui donner un aspect lisse et brillant.<br \/>\nEntretien r\u00e9gulier : En fonction de l'utilisation et des conditions environnementales du meuble, l'entretien de la cire d'abeille doit \u00eatre effectu\u00e9 r\u00e9guli\u00e8rement. En g\u00e9n\u00e9ral, il est recommand\u00e9 de le faire une fois par mois.<\/p>\n<p><strong>IV. Les pr\u00e9cautions \u00e0 prendre<\/strong><\/p>\n<p>\u00c9vitez d'appliquer trop de cire d'abeille sur la surface des meubles pour \u00e9viter qu'elle ne soit trop grasse.<br \/>\nVeuillez conserver ce produit dans un endroit frais et sec, en \u00e9vitant la lumi\u00e8re directe du soleil et les environnements \u00e0 haute temp\u00e9rature.<br \/>\nTenez-le \u00e9loign\u00e9 des enfants et des animaux domestiques afin d'\u00e9viter toute ingestion accidentelle.<\/p>","protected":false},"excerpt":{"rendered":"<p>Notre usine fournit des services de traitement OEM\/ODM, nous pouvons concevoir des produits sur mesure pour vous ; Notre MOQ est faible, g\u00e9n\u00e9ralement la quantit\u00e9 minimale est de 1000 bouteilles peuvent \u00eatre produites ; Nos produits sont peu co\u00fbteux, d'excellente qualit\u00e9, en conformit\u00e9 avec toutes les lois et r\u00e9glementations nationales et les besoins des clients !<\/p>\n<h3><strong>\u00a0 \u00a0 \u00a0 Nous proposons \u00e9galement les services suivants<\/strong><\/h3>\n<h4><strong><img decoding=\"async\" class=\"emoji\" role=\"img\" draggable=\"false\" src=\"https:\/\/s.w.org\/images\/core\/emoji\/15.0.3\/svg\/2714.svg\" alt=\"\u2714\" \/>\u00a0 Source transfrontali\u00e8re\u00a0 \u00a0 \u00a0 \u00a0 \u00a0\u00a0<img decoding=\"async\" class=\"emoji\" role=\"img\" draggable=\"false\" src=\"https:\/\/s.w.org\/images\/core\/emoji\/15.0.3\/svg\/2714.svg\" alt=\"\u2714\" \/>\u00a0 Personnalisation du support<\/strong><\/h4>\n<h4><strong><img decoding=\"async\" class=\"emoji\" role=\"img\" draggable=\"false\" src=\"https:\/\/s.w.org\/images\/core\/emoji\/15.0.3\/svg\/2714.svg\" alt=\"\u2714\" \/>\u00a0 Usine source\u00a0 \u00a0 \u00a0 \u00a0 \u00a0 \u00a0 \u00a0 \u00a0 \u00a0 \u00a0 \u00a0 \u00a0<img decoding=\"async\" class=\"emoji\" role=\"img\" draggable=\"false\" src=\"https:\/\/s.w.org\/images\/core\/emoji\/15.0.3\/svg\/2714.svg\" alt=\"\u2714\" \/>\u00a0 D\u00e9veloppement de produits<\/strong><\/h4>\n<h4><strong><img decoding=\"async\" class=\"emoji\" role=\"img\" draggable=\"false\" src=\"https:\/\/s.w.org\/images\/core\/emoji\/15.0.3\/svg\/2714.svg\" alt=\"\u2714\" \/>\u00a0 Adaptation \u00e0 l'\u00e9chantillon\u00a0 \u00a0 \u00a0 \u00a0 \u00a0 \u00a0 \u00a0 \u00a0 \u00a0 \u00a0\u00a0<img decoding=\"async\" class=\"emoji\" role=\"img\" draggable=\"false\" src=\"https:\/\/s.w.org\/images\/core\/emoji\/15.0.3\/svg\/2714.svg\" alt=\"\u2714\" \/>\u00a0 Autorisation de la marque<\/strong><\/h4>\n<p>&nbsp;<\/p>\n<h2 style=\"text-align: left;\"><strong>Questions ou commentaires ? <\/strong><\/h2>\n<h2 style=\"text-align: left;\"><strong>wlwer@williamweir.com<\/strong><\/h2>\n<h4><strong>\u00a0<\/strong><\/h4>","protected":false},"featured_media":5437,"template":"","meta":{"_uag_custom_page_level_css":"","site-sidebar-layout":"default","site-content-layout":"","ast-site-content-layout":"default","site-content-style":"default","site-sidebar-style":"default","ast-global-header-display":"","ast-banner-title-visibility":"","ast-main-header-display":"","ast-hfb-above-header-display":"","ast-hfb-below-header-display":"","ast-hfb-mobile-header-display":"","site-post-title":"","ast-breadcrumbs-content":"","ast-featured-img":"","footer-sml-layout":"","theme-transparent-header-meta":"default","adv-header-id-meta":"","stick-header-meta":"","header-above-stick-meta":"","header-main-stick-meta":"","header-below-stick-meta":"","astra-migrate-meta-layouts":"set","ast-page-background-enabled":"default","ast-page-background-meta":{"desktop":{"background-color":"","background-image":"","background-repeat":"repeat","background-position":"center center","background-size":"auto","background-attachment":"scroll","background-type":"","background-media":"","overlay-type":"","overlay-color":"","overlay-opacity":"","overlay-gradient":""},"tablet":{"background-color":"","background-image":"","background-repeat":"repeat","background-position":"center center","background-size":"auto","background-attachment":"scroll","background-type":"","background-media":"","overlay-type":"","overlay-color":"","overlay-opacity":"","overlay-gradient":""},"mobile":{"background-color":"","background-image":"","background-repeat":"repeat","background-position":"center center","background-size":"auto","background-attachment":"scroll","background-type":"","background-media":"","overlay-type":"","overlay-color":"","overlay-opacity":"","overlay-gradient":""}},"ast-content-background-meta":{"desktop":{"background-color":"var(--ast-global-color-5)","background-image":"","background-repeat":"repeat","background-position":"center center","background-size":"auto","background-attachment":"scroll","background-type":"","background-media":"","overlay-type":"","overlay-color":"","overlay-opacity":"","overlay-gradient":""},"tablet":{"background-color":"var(--ast-global-color-5)","background-image":"","background-repeat":"repeat","background-position":"center center","background-size":"auto","background-attachment":"scroll","background-type":"","background-media":"","overlay-type":"","overlay-color":"","overlay-opacity":"","overlay-gradient":""},"mobile":{"background-color":"var(--ast-global-color-5)","background-image":"","background-repeat":"repeat","background-position":"center center","background-size":"auto","background-attachment":"scroll","background-type":"","background-media":"","overlay-type":"","overlay-color":"","overlay-opacity":"","overlay-gradient":""}}},"product_brand":[],"product_cat":[71],"product_tag":[85,86,84],"class_list":{"0":"post-5436","1":"product","2":"type-product","3":"status-publish","4":"has-post-thumbnail","6":"product_cat-maintenance-polishing-of-wood-products","7":"product_tag-furniture-care","8":"product_tag-natural-beeswax","9":"product_tag-wood-care","10":"desktop-align-center","11":"tablet-align-left","12":"mobile-align-left","13":"ast-product-gallery-layout-horizontal-slider","14":"ast-product-gallery-with-no-image","15":"ast-product-tabs-layout-horizontal","17":"first","18":"instock","19":"shipping-taxable","20":"product-type-simple"},"aioseo_notices":[],"uagb_featured_image_src":{"full":["https:\/\/williamweir.com\/wp-content\/uploads\/2024\/10\/9911714.jpg",800,800,false],"thumbnail":["https:\/\/williamweir.com\/wp-content\/uploads\/2024\/10\/9911714-300x300.jpg",300,300,true],"medium":["https:\/\/williamweir.com\/wp-content\/uploads\/2024\/10\/9911714-600x600.jpg",600,600,true],"medium_large":["https:\/\/williamweir.com\/wp-content\/uploads\/2024\/10\/9911714-768x768.jpg",768,768,true],"large":["https:\/\/williamweir.com\/wp-content\/uploads\/2024\/10\/9911714.jpg",800,800,false],"1536x1536":["https:\/\/williamweir.com\/wp-content\/uploads\/2024\/10\/9911714.jpg",800,800,false],"2048x2048":["https:\/\/williamweir.com\/wp-content\/uploads\/2024\/10\/9911714.jpg",800,800,false],"trp-custom-language-flag":["https:\/\/williamweir.com\/wp-content\/uploads\/2024\/10\/9911714-12x12.jpg",12,12,true],"woocommerce_thumbnail":["https:\/\/williamweir.com\/wp-content\/uploads\/2024\/10\/9911714-600x600.jpg",600,600,true],"woocommerce_single":["https:\/\/williamweir.com\/wp-content\/uploads\/2024\/10\/9911714-600x600.jpg",600,600,true],"woocommerce_gallery_thumbnail":["https:\/\/williamweir.com\/wp-content\/uploads\/2024\/10\/9911714-100x100.jpg",100,100,true]},"uagb_author_info":{"display_name":"wlwer","author_link":"https:\/\/williamweir.com\/fr\/author\/"},"uagb_comment_info":0,"uagb_excerpt":"Our factory provides OEM\/ODM processing services, we can tailor products for you; Our MOQ is low, generally the minimum quantity is 1000 bottles can be produced; Our products are inexpensive, excellent product quality, in line with any national laws and regulations and customer needs! \u00a0 \u00a0 \u00a0 We also offer the following services \u00a0 Cross-border\u2026","_links":{"self":[{"href":"https:\/\/williamweir.com\/fr\/wp-json\/wp\/v2\/product\/5436"}],"collection":[{"href":"https:\/\/williamweir.com\/fr\/wp-json\/wp\/v2\/product"}],"about":[{"href":"https:\/\/williamweir.com\/fr\/wp-json\/wp\/v2\/types\/product"}],"version-history":[{"count":5,"href":"https:\/\/williamweir.com\/fr\/wp-json\/wp\/v2\/product\/5436\/revisions"}],"predecessor-version":[{"id":8258,"href":"https:\/\/williamweir.com\/fr\/wp-json\/wp\/v2\/product\/5436\/revisions\/8258"}],"wp:featuredmedia":[{"embeddable":true,"href":"https:\/\/williamweir.com\/fr\/wp-json\/wp\/v2\/media\/5437"}],"wp:attachment":[{"href":"https:\/\/williamweir.com\/fr\/wp-json\/wp\/v2\/media?parent=5436"}],"wp:term":[{"taxonomy":"product_brand","embeddable":true,"href":"https:\/\/williamweir.com\/fr\/wp-json\/wp\/v2\/product_brand?post=5436"},{"taxonomy":"product_cat","embeddable":true,"href":"https:\/\/williamweir.com\/fr\/wp-json\/wp\/v2\/product_cat?post=5436"},{"taxonomy":"product_tag","embeddable":true,"href":"https:\/\/williamweir.com\/fr\/wp-json\/wp\/v2\/product_tag?post=5436"}],"curies":[{"name":"wp","href":"https:\/\/api.w.org\/{rel}","templated":true}]}}