{"id":5427,"date":"2024-10-31T06:56:58","date_gmt":"2024-10-31T06:56:58","guid":{"rendered":"https:\/\/williamweir.com\/?post_type=product&#038;p=5427"},"modified":"2025-05-24T01:42:49","modified_gmt":"2025-05-24T01:42:49","slug":"active-enzyme-clothes-oil-remove","status":"publish","type":"product","link":"https:\/\/williamweir.com\/fr\/produit\/active-enzyme-clothes-oil-remove\/","title":{"rendered":"Enzyme active pour enlever l'huile des v\u00eatements"},"content":{"rendered":"<p><strong>Code produit\uff1a1861<\/strong><\/p>\n<p><strong>I. Caract\u00e9ristiques du produit<\/strong><\/p>\n<p>Le roi du d\u00e9shuileur de v\u00eatements peut \u00e9liminer efficacement les huiles lourdes sur les tissus. Il est sp\u00e9cialement con\u00e7u pour \u00e9liminer les taches d'huile difficiles \u00e0 enlever, telles que les huiles animales et v\u00e9g\u00e9tales, l'huile de soupe, l'huile de chili, l'huile de marmite chaude, l'huile noire, l'huile de stylo \u00e0 bille, les taches de stylo de couleur, les taches de chewing-gum, etc. sur les parties locales des tissus. Il est s\u00fbr, respectueux de l'environnement et fiable. En outre, il est doux et professionnel, n'ab\u00eeme pas les v\u00eatements et est pratique et rapide.<br \/>\nIngr\u00e9dients du produit : tensioactifs, solvants, agents ch\u00e9lateurs, eau d\u00e9sionis\u00e9e, etc.<\/p>\n<p><strong>II. Champ d'application<\/strong><\/p>\n<p>Convient pour le lavage des taches d'huile importantes sur des tissus de diff\u00e9rentes couleurs tels que le coton, le lin, la soie, la laine, le duvet, les tissus m\u00e9lang\u00e9s et les fibres synth\u00e9tiques.<\/p>\n<p><strong>III. M\u00e9thode d'utilisation<\/strong><\/p>\n<p>Gardez la partie du v\u00eatement tach\u00e9e d'huile au sec. D\u00e9posez ce produit directement sur le v\u00eatement pour l'imbiber compl\u00e8tement. Laissez reposer pendant 5 \u00e0 10 minutes. Frottez la zone tach\u00e9e d'huile \u00e0 la main. Lorsque l'huile remonte, rincez \u00e0 l'eau. Mettez du d\u00e9tergent \u00e0 lessive dans de l'eau claire, laissez tremper pendant un certain temps et frottez la zone tach\u00e9e d'huile du v\u00eatement pour \u00e9liminer la tache d'huile. Pour les taches d'huile qui ne peuvent \u00eatre \u00e9limin\u00e9es en une seule fois, r\u00e9p\u00e9tez les \u00e9tapes ci-dessus une fois que les v\u00eatements sont secs, jusqu'\u00e0 ce que l'effet soit satisfaisant.<\/p>\n<p><strong>IV. Les pr\u00e9cautions \u00e0 prendre<\/strong><\/p>\n<p>Les v\u00eatements ne doivent pas \u00eatre mouill\u00e9s avant le traitement. Veillez \u00e0 ce qu'ils soient secs. Le produit ne peut pas \u00eatre utilis\u00e9 sur des v\u00eatements en fourrure. Apr\u00e8s l'application de la solution non dilu\u00e9e, lavez le v\u00eatement dans la demi-heure qui suit.<br \/>\nPour les v\u00eatements sensibles et qui se d\u00e9colorent facilement (tels que les v\u00eatements en pur coton 100%, les v\u00eatements en soie) ou les v\u00eatements enduits, en viscose, en tissu imprim\u00e9 et en fibre d'ac\u00e9tate, veuillez d'abord les tester dans un endroit peu visible. S'il ne d\u00e9teint pas, vous pouvez l'utiliser.<br \/>\nEn cas de contact accidentel avec les yeux, rincer imm\u00e9diatement et abondamment \u00e0 l'eau claire. En cas d'ingestion accidentelle ou de malaise, consulter imm\u00e9diatement un m\u00e9decin.<br \/>\nVeuillez le placer hors de port\u00e9e des enfants. Conservez-le \u00e0 l'abri de la lumi\u00e8re et stockez-le herm\u00e9tiquement dans un endroit frais et sec.<\/p>","protected":false},"excerpt":{"rendered":"<p>Notre usine fournit des services de traitement OEM\/ODM, nous pouvons concevoir des produits sur mesure pour vous ; Notre MOQ est faible, g\u00e9n\u00e9ralement la quantit\u00e9 minimale est de 1000 bouteilles peuvent \u00eatre produites ; Nos produits sont peu co\u00fbteux, d'excellente qualit\u00e9, en conformit\u00e9 avec toutes les lois et r\u00e9glementations nationales et les besoins des clients !<\/p>\n<h3><strong>\u00a0 \u00a0 \u00a0 Nous proposons \u00e9galement les services suivants<\/strong><\/h3>\n<h4><strong><img decoding=\"async\" class=\"emoji\" role=\"img\" draggable=\"false\" src=\"https:\/\/s.w.org\/images\/core\/emoji\/15.0.3\/svg\/2714.svg\" alt=\"\u2714\" \/>\u00a0 Source transfrontali\u00e8re\u00a0 \u00a0 \u00a0 \u00a0 \u00a0\u00a0<img decoding=\"async\" class=\"emoji\" role=\"img\" draggable=\"false\" src=\"https:\/\/s.w.org\/images\/core\/emoji\/15.0.3\/svg\/2714.svg\" alt=\"\u2714\" \/>\u00a0 Personnalisation du support<\/strong><\/h4>\n<h4><strong><img decoding=\"async\" class=\"emoji\" role=\"img\" draggable=\"false\" src=\"https:\/\/s.w.org\/images\/core\/emoji\/15.0.3\/svg\/2714.svg\" alt=\"\u2714\" \/>\u00a0 Usine source\u00a0 \u00a0 \u00a0 \u00a0 \u00a0 \u00a0 \u00a0 \u00a0 \u00a0 \u00a0 \u00a0 \u00a0<img decoding=\"async\" class=\"emoji\" role=\"img\" draggable=\"false\" src=\"https:\/\/s.w.org\/images\/core\/emoji\/15.0.3\/svg\/2714.svg\" alt=\"\u2714\" \/>\u00a0 D\u00e9veloppement de produits<\/strong><\/h4>\n<h4><strong><img decoding=\"async\" class=\"emoji\" role=\"img\" draggable=\"false\" src=\"https:\/\/s.w.org\/images\/core\/emoji\/15.0.3\/svg\/2714.svg\" alt=\"\u2714\" \/>\u00a0 Adaptation \u00e0 l'\u00e9chantillon\u00a0 \u00a0 \u00a0 \u00a0 \u00a0 \u00a0 \u00a0 \u00a0 \u00a0 \u00a0\u00a0<img decoding=\"async\" class=\"emoji\" role=\"img\" draggable=\"false\" src=\"https:\/\/s.w.org\/images\/core\/emoji\/15.0.3\/svg\/2714.svg\" alt=\"\u2714\" \/>\u00a0 Autorisation de la marque<\/strong><\/h4>\n<p>&nbsp;<\/p>\n<h2 style=\"text-align: left;\"><strong>Questions ou commentaires ? <\/strong><\/h2>\n<h2 style=\"text-align: left;\"><strong>wlwer@williamweir.com<\/strong><\/h2>\n<h4><strong>\u00a0<\/strong><\/h4>","protected":false},"featured_media":5428,"template":"","meta":{"_uag_custom_page_level_css":"","site-sidebar-layout":"default","site-content-layout":"","ast-site-content-layout":"default","site-content-style":"default","site-sidebar-style":"default","ast-global-header-display":"","ast-banner-title-visibility":"","ast-main-header-display":"","ast-hfb-above-header-display":"","ast-hfb-below-header-display":"","ast-hfb-mobile-header-display":"","site-post-title":"","ast-breadcrumbs-content":"","ast-featured-img":"","footer-sml-layout":"","theme-transparent-header-meta":"default","adv-header-id-meta":"","stick-header-meta":"","header-above-stick-meta":"","header-main-stick-meta":"","header-below-stick-meta":"","astra-migrate-meta-layouts":"set","ast-page-background-enabled":"default","ast-page-background-meta":{"desktop":{"background-color":"","background-image":"","background-repeat":"repeat","background-position":"center center","background-size":"auto","background-attachment":"scroll","background-type":"","background-media":"","overlay-type":"","overlay-color":"","overlay-opacity":"","overlay-gradient":""},"tablet":{"background-color":"","background-image":"","background-repeat":"repeat","background-position":"center center","background-size":"auto","background-attachment":"scroll","background-type":"","background-media":"","overlay-type":"","overlay-color":"","overlay-opacity":"","overlay-gradient":""},"mobile":{"background-color":"","background-image":"","background-repeat":"repeat","background-position":"center center","background-size":"auto","background-attachment":"scroll","background-type":"","background-media":"","overlay-type":"","overlay-color":"","overlay-opacity":"","overlay-gradient":""}},"ast-content-background-meta":{"desktop":{"background-color":"var(--ast-global-color-5)","background-image":"","background-repeat":"repeat","background-position":"center center","background-size":"auto","background-attachment":"scroll","background-type":"","background-media":"","overlay-type":"","overlay-color":"","overlay-opacity":"","overlay-gradient":""},"tablet":{"background-color":"var(--ast-global-color-5)","background-image":"","background-repeat":"repeat","background-position":"center center","background-size":"auto","background-attachment":"scroll","background-type":"","background-media":"","overlay-type":"","overlay-color":"","overlay-opacity":"","overlay-gradient":""},"mobile":{"background-color":"var(--ast-global-color-5)","background-image":"","background-repeat":"repeat","background-position":"center center","background-size":"auto","background-attachment":"scroll","background-type":"","background-media":"","overlay-type":"","overlay-color":"","overlay-opacity":"","overlay-gradient":""}}},"product_brand":[],"product_cat":[76],"product_tag":[260,179],"class_list":{"0":"post-5427","1":"product","2":"type-product","3":"status-publish","4":"has-post-thumbnail","6":"product_cat-laundry-care","7":"product_tag-clothes-grease-stain-cleaner","8":"product_tag-clothes-oil-remover","9":"desktop-align-center","10":"tablet-align-left","11":"mobile-align-left","12":"ast-product-gallery-layout-horizontal-slider","13":"ast-product-gallery-with-no-image","14":"ast-product-tabs-layout-horizontal","16":"first","17":"instock","18":"shipping-taxable","19":"product-type-simple"},"aioseo_notices":[],"uagb_featured_image_src":{"full":["https:\/\/williamweir.com\/wp-content\/uploads\/2024\/10\/9911725.jpeg",705,705,false],"thumbnail":["https:\/\/williamweir.com\/wp-content\/uploads\/2024\/10\/9911725-300x300.jpeg",300,300,true],"medium":["https:\/\/williamweir.com\/wp-content\/uploads\/2024\/10\/9911725-600x600.jpeg",600,600,true],"medium_large":["https:\/\/williamweir.com\/wp-content\/uploads\/2024\/10\/9911725.jpeg",705,705,false],"large":["https:\/\/williamweir.com\/wp-content\/uploads\/2024\/10\/9911725.jpeg",705,705,false],"1536x1536":["https:\/\/williamweir.com\/wp-content\/uploads\/2024\/10\/9911725.jpeg",705,705,false],"2048x2048":["https:\/\/williamweir.com\/wp-content\/uploads\/2024\/10\/9911725.jpeg",705,705,false],"trp-custom-language-flag":["https:\/\/williamweir.com\/wp-content\/uploads\/2024\/10\/9911725-12x12.jpeg",12,12,true],"woocommerce_thumbnail":["https:\/\/williamweir.com\/wp-content\/uploads\/2024\/10\/9911725-600x600.jpeg",600,600,true],"woocommerce_single":["https:\/\/williamweir.com\/wp-content\/uploads\/2024\/10\/9911725-600x600.jpeg",600,600,true],"woocommerce_gallery_thumbnail":["https:\/\/williamweir.com\/wp-content\/uploads\/2024\/10\/9911725-100x100.jpeg",100,100,true]},"uagb_author_info":{"display_name":"wlwer","author_link":"https:\/\/williamweir.com\/fr\/author\/"},"uagb_comment_info":0,"uagb_excerpt":"Our factory provides OEM\/ODM processing services, we can tailor products for you; Our MOQ is low, generally the minimum quantity is 1000 bottles can be produced; Our products are inexpensive, excellent product quality, in line with any national laws and regulations and customer needs! \u00a0 \u00a0 \u00a0 We also offer the following services \u00a0 Cross-border\u2026","_links":{"self":[{"href":"https:\/\/williamweir.com\/fr\/wp-json\/wp\/v2\/product\/5427"}],"collection":[{"href":"https:\/\/williamweir.com\/fr\/wp-json\/wp\/v2\/product"}],"about":[{"href":"https:\/\/williamweir.com\/fr\/wp-json\/wp\/v2\/types\/product"}],"version-history":[{"count":4,"href":"https:\/\/williamweir.com\/fr\/wp-json\/wp\/v2\/product\/5427\/revisions"}],"predecessor-version":[{"id":8262,"href":"https:\/\/williamweir.com\/fr\/wp-json\/wp\/v2\/product\/5427\/revisions\/8262"}],"wp:featuredmedia":[{"embeddable":true,"href":"https:\/\/williamweir.com\/fr\/wp-json\/wp\/v2\/media\/5428"}],"wp:attachment":[{"href":"https:\/\/williamweir.com\/fr\/wp-json\/wp\/v2\/media?parent=5427"}],"wp:term":[{"taxonomy":"product_brand","embeddable":true,"href":"https:\/\/williamweir.com\/fr\/wp-json\/wp\/v2\/product_brand?post=5427"},{"taxonomy":"product_cat","embeddable":true,"href":"https:\/\/williamweir.com\/fr\/wp-json\/wp\/v2\/product_cat?post=5427"},{"taxonomy":"product_tag","embeddable":true,"href":"https:\/\/williamweir.com\/fr\/wp-json\/wp\/v2\/product_tag?post=5427"}],"curies":[{"name":"wp","href":"https:\/\/api.w.org\/{rel}","templated":true}]}}