{"id":5415,"date":"2024-10-31T06:50:54","date_gmt":"2024-10-31T06:50:54","guid":{"rendered":"https:\/\/williamweir.com\/?post_type=product&#038;p=5415"},"modified":"2025-05-24T01:43:13","modified_gmt":"2025-05-24T01:43:13","slug":"clothing-oil-stain-dry-cleaning-agent","status":"publish","type":"product","link":"https:\/\/williamweir.com\/fr\/produit\/clothing-oil-stain-dry-cleaning-agent\/","title":{"rendered":"Tache d'huile sur les v\u00eatements Produit de nettoyage \u00e0 sec"},"content":{"rendered":"<p><strong>Code produit\uff1a1410<\/strong><\/p>\n<p><strong>I. Pr\u00e9sentation du produit<\/strong><\/p>\n<p>Ce produit est doux et sp\u00e9cialement formul\u00e9 pour nettoyer les taches d'huile sur les tissus tels que le coton pur et la soie pure. Il a un parfum frais et n'est pas irritant. Apr\u00e8s le lavage, il peut conserver la couleur d'origine du tissu. Il a un fort pouvoir d\u00e9tergent. Le lavage des tissus en laine n'entra\u00eene pas de boulochage ni de r\u00e9tr\u00e9cissement. Il \u00e9limine l'\u00e9lectricit\u00e9 statique et rend le tissu moelleux et \u00e9lastique.<\/p>\n<p><strong>II. Caract\u00e9ristiques du produit<\/strong><\/p>\n<p>Ce produit contient une formule de soin facteur de d\u00e9contamination. Il est sp\u00e9cialement con\u00e7u pour \u00e9liminer les petites taches telles que les taches d'huile, de vin, d'herbe, de caf\u00e9 et de jus de fruits sur les v\u00eatements. Il est s\u00fbr, respectueux de l'environnement et fiable. Pour les taches locales sur les doudounes, les rideaux en tissu, les canap\u00e9s, etc., il n'est pas n\u00e9cessaire de les laver \u00e0 la main. Il suffit de vaporiser et d'essuyer pour nettoyer. Il \u00e9limine rapidement les taches. C'est un article courant pour le nettoyage des doudounes et des tissus d'ameublement. Il est doux, professionnel, pratique et rapide.<\/p>\n<p><strong>III. Champ d'application<\/strong><\/p>\n<p>Il peut \u00eatre utilis\u00e9 pour \u00e9liminer les taches d'huile sur les doudounes et divers tissus tels que les tissus en laine, les tissus en fibres chimiques, la laine, les tissus en coton pur, la soie, les tapis, les canap\u00e9s en tissu, les rideaux et d'autres v\u00eatements. Ce produit est un produit d'\u00e9limination des taches d'huile. Tout produit pr\u00e9sente certains risques et doit \u00eatre utilis\u00e9 apr\u00e8s avoir \u00e9t\u00e9 test\u00e9. Ne l'utilisez pas \u00e0 l'aveuglette afin d'\u00e9viter les r\u00e9actions ind\u00e9sirables caus\u00e9es par le produit.<\/p>\n<p><strong>IV. M\u00e9thode d'utilisation<\/strong><\/p>\n<p>Bien agiter avant l'utilisation. Appuyer sur la t\u00eate de la pompe pour presser la mousse sur la surface de la salet\u00e9. Utilisez une brosse \u00e0 chaussures ou une serviette pour frotter la salet\u00e9 \u00e0 plusieurs reprises. Apr\u00e8s le nettoyage, essuyez la mousse r\u00e9siduelle.<\/p>\n<p><strong>V. Pr\u00e9cautions<\/strong><\/p>\n<p>Avant de l'utiliser, veuillez le tester dans un endroit cach\u00e9. S'il n'y a pas de ph\u00e9nom\u00e8ne ind\u00e9sirable, utilisez-le sur une grande surface.<br \/>\nBien agiter avant utilisation.<br \/>\nConservez-le dans un endroit frais et sec, \u00e0 l'abri de la lumi\u00e8re et hors de port\u00e9e des enfants. Il est strictement interdit de le prendre par voie orale.<br \/>\nEn cas de contact accidentel avec les yeux, rincer imm\u00e9diatement et abondamment \u00e0 l'eau claire. En cas d'ingestion accidentelle, boire beaucoup d'eau et consulter un m\u00e9decin \u00e0 temps.<\/p>","protected":false},"excerpt":{"rendered":"<p>Notre usine fournit des services de traitement OEM\/ODM, nous pouvons concevoir des produits sur mesure pour vous ; Notre MOQ est faible, g\u00e9n\u00e9ralement la quantit\u00e9 minimale est de 1000 bouteilles peuvent \u00eatre produites ; Nos produits sont peu co\u00fbteux, d'excellente qualit\u00e9, en conformit\u00e9 avec toutes les lois et r\u00e9glementations nationales et les besoins des clients !<\/p>\n<h3><strong>\u00a0 \u00a0 \u00a0 Nous proposons \u00e9galement les services suivants<\/strong><\/h3>\n<h4><strong><img decoding=\"async\" class=\"emoji\" role=\"img\" draggable=\"false\" src=\"https:\/\/s.w.org\/images\/core\/emoji\/15.0.3\/svg\/2714.svg\" alt=\"\u2714\" \/>\u00a0 Source transfrontali\u00e8re\u00a0 \u00a0 \u00a0 \u00a0 \u00a0\u00a0<img decoding=\"async\" class=\"emoji\" role=\"img\" draggable=\"false\" src=\"https:\/\/s.w.org\/images\/core\/emoji\/15.0.3\/svg\/2714.svg\" alt=\"\u2714\" \/>\u00a0 Personnalisation du support<\/strong><\/h4>\n<h4><strong><img decoding=\"async\" class=\"emoji\" role=\"img\" draggable=\"false\" src=\"https:\/\/s.w.org\/images\/core\/emoji\/15.0.3\/svg\/2714.svg\" alt=\"\u2714\" \/>\u00a0 Usine source\u00a0 \u00a0 \u00a0 \u00a0 \u00a0 \u00a0 \u00a0 \u00a0 \u00a0 \u00a0 \u00a0 \u00a0<img decoding=\"async\" class=\"emoji\" role=\"img\" draggable=\"false\" src=\"https:\/\/s.w.org\/images\/core\/emoji\/15.0.3\/svg\/2714.svg\" alt=\"\u2714\" \/>\u00a0 D\u00e9veloppement de produits<\/strong><\/h4>\n<h4><strong><img decoding=\"async\" class=\"emoji\" role=\"img\" draggable=\"false\" src=\"https:\/\/s.w.org\/images\/core\/emoji\/15.0.3\/svg\/2714.svg\" alt=\"\u2714\" \/>\u00a0 Adaptation \u00e0 l'\u00e9chantillon\u00a0 \u00a0 \u00a0 \u00a0 \u00a0 \u00a0 \u00a0 \u00a0 \u00a0 \u00a0\u00a0<img decoding=\"async\" class=\"emoji\" role=\"img\" draggable=\"false\" src=\"https:\/\/s.w.org\/images\/core\/emoji\/15.0.3\/svg\/2714.svg\" alt=\"\u2714\" \/>\u00a0 Autorisation de la marque<\/strong><\/h4>\n<p>&nbsp;<\/p>\n<h2 style=\"text-align: left;\"><strong>Questions ou commentaires ? <\/strong><\/h2>\n<h2 style=\"text-align: left;\"><strong>wlwer@williamweir.com<\/strong><\/h2>\n<h4><strong>\u00a0<\/strong><\/h4>","protected":false},"featured_media":5416,"template":"","meta":{"_uag_custom_page_level_css":"","site-sidebar-layout":"default","site-content-layout":"","ast-site-content-layout":"default","site-content-style":"default","site-sidebar-style":"default","ast-global-header-display":"","ast-banner-title-visibility":"","ast-main-header-display":"","ast-hfb-above-header-display":"","ast-hfb-below-header-display":"","ast-hfb-mobile-header-display":"","site-post-title":"","ast-breadcrumbs-content":"","ast-featured-img":"","footer-sml-layout":"","theme-transparent-header-meta":"default","adv-header-id-meta":"","stick-header-meta":"","header-above-stick-meta":"","header-main-stick-meta":"","header-below-stick-meta":"","astra-migrate-meta-layouts":"set","ast-page-background-enabled":"default","ast-page-background-meta":{"desktop":{"background-color":"","background-image":"","background-repeat":"repeat","background-position":"center center","background-size":"auto","background-attachment":"scroll","background-type":"","background-media":"","overlay-type":"","overlay-color":"","overlay-opacity":"","overlay-gradient":""},"tablet":{"background-color":"","background-image":"","background-repeat":"repeat","background-position":"center center","background-size":"auto","background-attachment":"scroll","background-type":"","background-media":"","overlay-type":"","overlay-color":"","overlay-opacity":"","overlay-gradient":""},"mobile":{"background-color":"","background-image":"","background-repeat":"repeat","background-position":"center center","background-size":"auto","background-attachment":"scroll","background-type":"","background-media":"","overlay-type":"","overlay-color":"","overlay-opacity":"","overlay-gradient":""}},"ast-content-background-meta":{"desktop":{"background-color":"var(--ast-global-color-5)","background-image":"","background-repeat":"repeat","background-position":"center center","background-size":"auto","background-attachment":"scroll","background-type":"","background-media":"","overlay-type":"","overlay-color":"","overlay-opacity":"","overlay-gradient":""},"tablet":{"background-color":"var(--ast-global-color-5)","background-image":"","background-repeat":"repeat","background-position":"center center","background-size":"auto","background-attachment":"scroll","background-type":"","background-media":"","overlay-type":"","overlay-color":"","overlay-opacity":"","overlay-gradient":""},"mobile":{"background-color":"var(--ast-global-color-5)","background-image":"","background-repeat":"repeat","background-position":"center center","background-size":"auto","background-attachment":"scroll","background-type":"","background-media":"","overlay-type":"","overlay-color":"","overlay-opacity":"","overlay-gradient":""}}},"product_brand":[],"product_cat":[70],"product_tag":[179,261],"class_list":{"0":"post-5415","1":"product","2":"type-product","3":"status-publish","4":"has-post-thumbnail","6":"product_cat-foam-cleaner-series","7":"product_tag-clothes-oil-remover","8":"product_tag-clothing-oil-stain-dry-cleaning-agent","9":"desktop-align-center","10":"tablet-align-left","11":"mobile-align-left","12":"ast-product-gallery-layout-horizontal-slider","13":"ast-product-gallery-with-no-image","14":"ast-product-tabs-layout-horizontal","16":"first","17":"instock","18":"shipping-taxable","19":"product-type-simple"},"aioseo_notices":[],"uagb_featured_image_src":{"full":["https:\/\/williamweir.com\/wp-content\/uploads\/2024\/10\/9911737.jpg",800,800,false],"thumbnail":["https:\/\/williamweir.com\/wp-content\/uploads\/2024\/10\/9911737-300x300.jpg",300,300,true],"medium":["https:\/\/williamweir.com\/wp-content\/uploads\/2024\/10\/9911737-600x600.jpg",600,600,true],"medium_large":["https:\/\/williamweir.com\/wp-content\/uploads\/2024\/10\/9911737-768x768.jpg",768,768,true],"large":["https:\/\/williamweir.com\/wp-content\/uploads\/2024\/10\/9911737.jpg",800,800,false],"1536x1536":["https:\/\/williamweir.com\/wp-content\/uploads\/2024\/10\/9911737.jpg",800,800,false],"2048x2048":["https:\/\/williamweir.com\/wp-content\/uploads\/2024\/10\/9911737.jpg",800,800,false],"trp-custom-language-flag":["https:\/\/williamweir.com\/wp-content\/uploads\/2024\/10\/9911737-12x12.jpg",12,12,true],"woocommerce_thumbnail":["https:\/\/williamweir.com\/wp-content\/uploads\/2024\/10\/9911737-600x600.jpg",600,600,true],"woocommerce_single":["https:\/\/williamweir.com\/wp-content\/uploads\/2024\/10\/9911737-600x600.jpg",600,600,true],"woocommerce_gallery_thumbnail":["https:\/\/williamweir.com\/wp-content\/uploads\/2024\/10\/9911737-100x100.jpg",100,100,true]},"uagb_author_info":{"display_name":"wlwer","author_link":"https:\/\/williamweir.com\/fr\/author\/"},"uagb_comment_info":0,"uagb_excerpt":"Our factory provides OEM\/ODM processing services, we can tailor products for you; Our MOQ is low, generally the minimum quantity is 1000 bottles can be produced; Our products are inexpensive, excellent product quality, in line with any national laws and regulations and customer needs! \u00a0 \u00a0 \u00a0 We also offer the following services \u00a0 Cross-border\u2026","_links":{"self":[{"href":"https:\/\/williamweir.com\/fr\/wp-json\/wp\/v2\/product\/5415"}],"collection":[{"href":"https:\/\/williamweir.com\/fr\/wp-json\/wp\/v2\/product"}],"about":[{"href":"https:\/\/williamweir.com\/fr\/wp-json\/wp\/v2\/types\/product"}],"version-history":[{"count":6,"href":"https:\/\/williamweir.com\/fr\/wp-json\/wp\/v2\/product\/5415\/revisions"}],"predecessor-version":[{"id":8266,"href":"https:\/\/williamweir.com\/fr\/wp-json\/wp\/v2\/product\/5415\/revisions\/8266"}],"wp:featuredmedia":[{"embeddable":true,"href":"https:\/\/williamweir.com\/fr\/wp-json\/wp\/v2\/media\/5416"}],"wp:attachment":[{"href":"https:\/\/williamweir.com\/fr\/wp-json\/wp\/v2\/media?parent=5415"}],"wp:term":[{"taxonomy":"product_brand","embeddable":true,"href":"https:\/\/williamweir.com\/fr\/wp-json\/wp\/v2\/product_brand?post=5415"},{"taxonomy":"product_cat","embeddable":true,"href":"https:\/\/williamweir.com\/fr\/wp-json\/wp\/v2\/product_cat?post=5415"},{"taxonomy":"product_tag","embeddable":true,"href":"https:\/\/williamweir.com\/fr\/wp-json\/wp\/v2\/product_tag?post=5415"}],"curies":[{"name":"wp","href":"https:\/\/api.w.org\/{rel}","templated":true}]}}