{"id":5407,"date":"2024-10-31T06:47:17","date_gmt":"2024-10-31T06:47:17","guid":{"rendered":"https:\/\/williamweir.com\/?post_type=product&#038;p=5407"},"modified":"2025-05-24T01:43:25","modified_gmt":"2025-05-24T01:43:25","slug":"car-care-wax","status":"publish","type":"product","link":"https:\/\/williamweir.com\/fr\/produit\/car-care-wax\/","title":{"rendered":"Cire pour l'entretien des voitures"},"content":{"rendered":"<p><strong>Code produit\uff1a2509<\/strong><\/p>\n<p><strong>I. Pr\u00e9sentation du produit<\/strong><\/p>\n<p>Ce produit de haute qualit\u00e9 est sp\u00e9cialement con\u00e7u pour l'entretien ext\u00e9rieur des voitures. Il permet d'assurer une protection et un entretien complets des voitures, de maintenir la surface de la peinture aussi brillante que neuve et d'am\u00e9liorer la capacit\u00e9 anti-salissure et anti-corrosion de la surface de la voiture.<\/p>\n<p><strong>II. Caract\u00e9ristiques du produit<\/strong><\/p>\n<p>\u00c9claircir et rehausser le lustre : Il permet de combler efficacement les fines rayures, de restaurer l'\u00e9clat de la surface de la peinture et de rendre l'ext\u00e9rieur de la voiture plus beau et plus attrayant.<br \/>\nProtection antisalissure : Forme un film protecteur sur la surface de la voiture pour emp\u00eacher l'adh\u00e9sion de polluants tels que la poussi\u00e8re, les taches et les taches d'eau, facilitant ainsi le nettoyage de la voiture.<br \/>\nAnti-corrosion : R\u00e9siste \u00e0 la corrosion des substances corrosives telles que les pluies acides, les fientes d'oiseaux et la s\u00e8ve des arbres sur la peinture de la voiture, et prolonge la dur\u00e9e de vie de la peinture de la voiture.<br \/>\nR\u00e9sistance \u00e0 l'eau : Am\u00e9liore la capacit\u00e9 d'imperm\u00e9abilisation de la surface de la peinture automobile, r\u00e9duit le temps de s\u00e9jour de l'eau sur la surface de la peinture et \u00e9vite la formation de marques d'eau.<br \/>\nFormule douce : Adopte une formule douce qui n'endommage pas la peinture de la voiture et convient aux surfaces de peinture de diff\u00e9rentes couleurs et de diff\u00e9rents types.<\/p>\n<p><strong>III. M\u00e9thodes d'utilisation<\/strong><\/p>\n<p>Avant l'utilisation, nettoyez et s\u00e9chez la surface de la voiture pour vous assurer qu'il n'y a pas de poussi\u00e8re, d'impuret\u00e9s ou d'humidit\u00e9 sur la surface.<br \/>\nVaporisez uniform\u00e9ment la cire d'entretien liquide sur la surface de la peinture de la voiture ou sur d'autres parties \u00e0 entretenir, comme les pi\u00e8ces en plastique et les bandes de caoutchouc.<br \/>\nEssuyer d\u00e9licatement dans un mouvement circulaire avec une \u00e9ponge ou une serviette propre et douce pour r\u00e9partir uniform\u00e9ment la cire d'entretien et la faire p\u00e9n\u00e9trer compl\u00e8tement.<br \/>\nAttendez quelques minutes pour laisser la cire d'entretien s\u00e9cher naturellement et former un film protecteur.<br \/>\nEnfin, essuyez et polissez doucement avec un chiffon doux et propre pour enlever l'exc\u00e8s de cire et donner un effet brillant \u00e0 la surface de la voiture.<\/p>\n<p><strong>IV. Les pr\u00e9cautions \u00e0 prendre<\/strong><\/p>\n<p>\u00c9vitez de l'utiliser \u00e0 des temp\u00e9ratures \u00e9lev\u00e9es, \u00e0 la lumi\u00e8re directe du soleil ou par vent fort afin de ne pas affecter l'effet et l'adh\u00e9rence de la cire d'entretien.<br \/>\nNe l'utilisez pas directement en cas de taches d'huile, d'asphalte ou d'autres taches tenaces sur la surface de la voiture. Nettoyez-la d'abord soigneusement.<br \/>\nSi la cire d'entretien est accidentellement pulv\u00e9ris\u00e9e sur la vitre de la voiture ou sur d'autres surfaces non peintes, essuyez-la \u00e0 temps avec un chiffon propre.<br \/>\nConservez-le dans un endroit o\u00f9 les enfants et les animaux domestiques ne peuvent pas l'atteindre facilement afin d'\u00e9viter toute ingestion accidentelle.<br \/>\nApr\u00e8s utilisation, resserrer le bouchon et le conserver dans un endroit frais et sec.<\/p>","protected":false},"excerpt":{"rendered":"<p>Notre usine fournit des services de traitement OEM\/ODM, nous pouvons concevoir des produits sur mesure pour vous ; Notre MOQ est faible, g\u00e9n\u00e9ralement la quantit\u00e9 minimale est de 1000 bouteilles peuvent \u00eatre produites ; Nos produits sont peu co\u00fbteux, d'excellente qualit\u00e9, en conformit\u00e9 avec toutes les lois et r\u00e9glementations nationales et les besoins des clients !<\/p>\n<h3><strong>\u00a0 \u00a0 \u00a0 Nous proposons \u00e9galement les services suivants<\/strong><\/h3>\n<h4><strong><img decoding=\"async\" class=\"emoji\" role=\"img\" draggable=\"false\" src=\"https:\/\/s.w.org\/images\/core\/emoji\/15.0.3\/svg\/2714.svg\" alt=\"\u2714\" \/>\u00a0 Source transfrontali\u00e8re\u00a0 \u00a0 \u00a0 \u00a0 \u00a0\u00a0<img decoding=\"async\" class=\"emoji\" role=\"img\" draggable=\"false\" src=\"https:\/\/s.w.org\/images\/core\/emoji\/15.0.3\/svg\/2714.svg\" alt=\"\u2714\" \/>\u00a0 Personnalisation du support<\/strong><\/h4>\n<h4><strong><img decoding=\"async\" class=\"emoji\" role=\"img\" draggable=\"false\" src=\"https:\/\/s.w.org\/images\/core\/emoji\/15.0.3\/svg\/2714.svg\" alt=\"\u2714\" \/>\u00a0 Usine source\u00a0 \u00a0 \u00a0 \u00a0 \u00a0 \u00a0 \u00a0 \u00a0 \u00a0 \u00a0 \u00a0 \u00a0<img decoding=\"async\" class=\"emoji\" role=\"img\" draggable=\"false\" src=\"https:\/\/s.w.org\/images\/core\/emoji\/15.0.3\/svg\/2714.svg\" alt=\"\u2714\" \/>\u00a0 D\u00e9veloppement de produits<\/strong><\/h4>\n<h4><strong><img decoding=\"async\" class=\"emoji\" role=\"img\" draggable=\"false\" src=\"https:\/\/s.w.org\/images\/core\/emoji\/15.0.3\/svg\/2714.svg\" alt=\"\u2714\" \/>\u00a0 Adaptation \u00e0 l'\u00e9chantillon\u00a0 \u00a0 \u00a0 \u00a0 \u00a0 \u00a0 \u00a0 \u00a0 \u00a0 \u00a0\u00a0<img decoding=\"async\" class=\"emoji\" role=\"img\" draggable=\"false\" src=\"https:\/\/s.w.org\/images\/core\/emoji\/15.0.3\/svg\/2714.svg\" alt=\"\u2714\" \/>\u00a0 Autorisation de la marque<\/strong><\/h4>\n<h2 style=\"text-align: left;\"><strong><br \/>\nQuestions ou commentaires ? <\/strong><\/h2>\n<h2 style=\"text-align: left;\"><strong>wlwer@williamweir.com<\/strong><\/h2>","protected":false},"featured_media":5408,"template":"","meta":{"_uag_custom_page_level_css":"","site-sidebar-layout":"default","site-content-layout":"","ast-site-content-layout":"default","site-content-style":"default","site-sidebar-style":"default","ast-global-header-display":"","ast-banner-title-visibility":"","ast-main-header-display":"","ast-hfb-above-header-display":"","ast-hfb-below-header-display":"","ast-hfb-mobile-header-display":"","site-post-title":"","ast-breadcrumbs-content":"","ast-featured-img":"","footer-sml-layout":"","theme-transparent-header-meta":"default","adv-header-id-meta":"","stick-header-meta":"","header-above-stick-meta":"","header-main-stick-meta":"","header-below-stick-meta":"","astra-migrate-meta-layouts":"set","ast-page-background-enabled":"default","ast-page-background-meta":{"desktop":{"background-color":"","background-image":"","background-repeat":"repeat","background-position":"center center","background-size":"auto","background-attachment":"scroll","background-type":"","background-media":"","overlay-type":"","overlay-color":"","overlay-opacity":"","overlay-gradient":""},"tablet":{"background-color":"","background-image":"","background-repeat":"repeat","background-position":"center center","background-size":"auto","background-attachment":"scroll","background-type":"","background-media":"","overlay-type":"","overlay-color":"","overlay-opacity":"","overlay-gradient":""},"mobile":{"background-color":"","background-image":"","background-repeat":"repeat","background-position":"center center","background-size":"auto","background-attachment":"scroll","background-type":"","background-media":"","overlay-type":"","overlay-color":"","overlay-opacity":"","overlay-gradient":""}},"ast-content-background-meta":{"desktop":{"background-color":"var(--ast-global-color-5)","background-image":"","background-repeat":"repeat","background-position":"center center","background-size":"auto","background-attachment":"scroll","background-type":"","background-media":"","overlay-type":"","overlay-color":"","overlay-opacity":"","overlay-gradient":""},"tablet":{"background-color":"var(--ast-global-color-5)","background-image":"","background-repeat":"repeat","background-position":"center center","background-size":"auto","background-attachment":"scroll","background-type":"","background-media":"","overlay-type":"","overlay-color":"","overlay-opacity":"","overlay-gradient":""},"mobile":{"background-color":"var(--ast-global-color-5)","background-image":"","background-repeat":"repeat","background-position":"center center","background-size":"auto","background-attachment":"scroll","background-type":"","background-media":"","overlay-type":"","overlay-color":"","overlay-opacity":"","overlay-gradient":""}}},"product_brand":[],"product_cat":[77],"product_tag":[220,200],"class_list":{"0":"post-5407","1":"product","2":"type-product","3":"status-publish","4":"has-post-thumbnail","6":"product_cat-car-cleaning-and-maintenance","7":"product_tag-car-care-wax","8":"product_tag-car-coating-wax","9":"desktop-align-center","10":"tablet-align-left","11":"mobile-align-left","12":"ast-product-gallery-layout-horizontal-slider","13":"ast-product-gallery-with-no-image","14":"ast-product-tabs-layout-horizontal","16":"first","17":"instock","18":"shipping-taxable","19":"product-type-simple"},"aioseo_notices":[],"uagb_featured_image_src":{"full":["https:\/\/williamweir.com\/wp-content\/uploads\/2024\/10\/9911740.jpg",800,800,false],"thumbnail":["https:\/\/williamweir.com\/wp-content\/uploads\/2024\/10\/9911740-300x300.jpg",300,300,true],"medium":["https:\/\/williamweir.com\/wp-content\/uploads\/2024\/10\/9911740-600x600.jpg",600,600,true],"medium_large":["https:\/\/williamweir.com\/wp-content\/uploads\/2024\/10\/9911740-768x768.jpg",768,768,true],"large":["https:\/\/williamweir.com\/wp-content\/uploads\/2024\/10\/9911740.jpg",800,800,false],"1536x1536":["https:\/\/williamweir.com\/wp-content\/uploads\/2024\/10\/9911740.jpg",800,800,false],"2048x2048":["https:\/\/williamweir.com\/wp-content\/uploads\/2024\/10\/9911740.jpg",800,800,false],"trp-custom-language-flag":["https:\/\/williamweir.com\/wp-content\/uploads\/2024\/10\/9911740-12x12.jpg",12,12,true],"woocommerce_thumbnail":["https:\/\/williamweir.com\/wp-content\/uploads\/2024\/10\/9911740-600x600.jpg",600,600,true],"woocommerce_single":["https:\/\/williamweir.com\/wp-content\/uploads\/2024\/10\/9911740-600x600.jpg",600,600,true],"woocommerce_gallery_thumbnail":["https:\/\/williamweir.com\/wp-content\/uploads\/2024\/10\/9911740-100x100.jpg",100,100,true]},"uagb_author_info":{"display_name":"wlwer","author_link":"https:\/\/williamweir.com\/fr\/author\/"},"uagb_comment_info":0,"uagb_excerpt":"Our factory provides OEM\/ODM processing services, we can tailor products for you; Our MOQ is low, generally the minimum quantity is 1000 bottles can be produced; Our products are inexpensive, excellent product quality, in line with any national laws and regulations and customer needs! \u00a0 \u00a0 \u00a0 We also offer the following services \u00a0 Cross-border\u2026","_links":{"self":[{"href":"https:\/\/williamweir.com\/fr\/wp-json\/wp\/v2\/product\/5407"}],"collection":[{"href":"https:\/\/williamweir.com\/fr\/wp-json\/wp\/v2\/product"}],"about":[{"href":"https:\/\/williamweir.com\/fr\/wp-json\/wp\/v2\/types\/product"}],"version-history":[{"count":4,"href":"https:\/\/williamweir.com\/fr\/wp-json\/wp\/v2\/product\/5407\/revisions"}],"predecessor-version":[{"id":8268,"href":"https:\/\/williamweir.com\/fr\/wp-json\/wp\/v2\/product\/5407\/revisions\/8268"}],"wp:featuredmedia":[{"embeddable":true,"href":"https:\/\/williamweir.com\/fr\/wp-json\/wp\/v2\/media\/5408"}],"wp:attachment":[{"href":"https:\/\/williamweir.com\/fr\/wp-json\/wp\/v2\/media?parent=5407"}],"wp:term":[{"taxonomy":"product_brand","embeddable":true,"href":"https:\/\/williamweir.com\/fr\/wp-json\/wp\/v2\/product_brand?post=5407"},{"taxonomy":"product_cat","embeddable":true,"href":"https:\/\/williamweir.com\/fr\/wp-json\/wp\/v2\/product_cat?post=5407"},{"taxonomy":"product_tag","embeddable":true,"href":"https:\/\/williamweir.com\/fr\/wp-json\/wp\/v2\/product_tag?post=5407"}],"curies":[{"name":"wp","href":"https:\/\/api.w.org\/{rel}","templated":true}]}}