{"id":5393,"date":"2024-10-31T06:36:31","date_gmt":"2024-10-31T06:36:31","guid":{"rendered":"https:\/\/williamweir.com\/?post_type=product&#038;p=5393"},"modified":"2025-05-24T01:43:47","modified_gmt":"2025-05-24T01:43:47","slug":"oil-stain-cleaning-powder","status":"publish","type":"product","link":"https:\/\/williamweir.com\/fr\/produit\/oil-stain-cleaning-powder\/","title":{"rendered":"Poudre nettoyante pour taches d'huile"},"content":{"rendered":"<p><strong>Code produit\uff1a2691<\/strong><\/p>\n<p><strong>I. Pr\u00e9sentation du produit<\/strong><\/p>\n<p>Ce produit est un puissant produit de nettoyage pour \u00e9liminer les taches. Il est sp\u00e9cialement con\u00e7u pour les taches d'huile importantes dans des endroits tels que les cuisines et les usines de fabrication de machines. Il peut rapidement d\u00e9composer et \u00e9liminer diverses taches d'huile tenaces et restaurer la propret\u00e9 de la surface nettoy\u00e9e.<\/p>\n<p><strong>II. Caract\u00e9ristiques du produit<\/strong><\/p>\n<p>Puissante capacit\u00e9 de d\u00e9contamination : Riche en ingr\u00e9dients de d\u00e9contamination tr\u00e8s efficaces, il peut p\u00e9n\u00e9trer rapidement dans les taches d'huile et les d\u00e9composer en petites mol\u00e9cules, ce qui permet d'\u00e9liminer facilement les taches d'huile lourdes accumul\u00e9es sur une longue p\u00e9riode, comme celles qui se trouvent sur les surfaces des cuisini\u00e8res, des hottes de cuisine et des ventilateurs d'extraction.<br \/>\nLarge champ d'application : Convient au nettoyage des taches d'huile sur les surfaces de divers mat\u00e9riaux, y compris l'acier inoxydable, les carreaux, le verre, le plastique, etc., sans causer de corrosion ou de dommages \u00e0 la surface nettoy\u00e9e.<br \/>\nNettoyage en profondeur : Il peut non seulement \u00e9liminer les taches d'huile en surface, mais aussi nettoyer en profondeur les taches d'huile dans les interstices et les coins pour assurer un nettoyage complet.<br \/>\nFacile \u00e0 rincer : apr\u00e8s le nettoyage, il suffit de rincer \u00e0 l'eau claire pour \u00e9liminer compl\u00e8tement les taches d'huile et les r\u00e9sidus de poudre nettoyante sans laisser de traces.<\/p>\n<p><strong>III. M\u00e9thodes d'utilisation<\/strong><\/p>\n<p>En fonction de l'importance des taches d'huile, verser une quantit\u00e9 appropri\u00e9e de poudre nettoyante pour taches d'huile lourdes dans un r\u00e9cipient, ajouter une quantit\u00e9 appropri\u00e9e d'eau chaude et remuer uniform\u00e9ment pour former une solution nettoyante.<br \/>\nAppliquer ou vaporiser la solution de nettoyage sur la surface tach\u00e9e d'huile afin de s'assurer que les taches d'huile sont enti\u00e8rement en contact avec la solution de nettoyage.<br \/>\nPour les taches d'huile importantes, laissez la solution de nettoyage agir sur la surface pendant 5 \u00e0 10 minutes pour d\u00e9composer compl\u00e8tement les taches d'huile.<br \/>\nUtilisez des outils tels que des brosses, des chiffons ou des \u00e9ponges pour essuyer la surface tach\u00e9e d'huile jusqu'\u00e0 ce que les taches d'huile soient compl\u00e8tement \u00e9limin\u00e9es.<br \/>\nEnfin, rincez la surface nettoy\u00e9e \u00e0 l'eau claire pour vous assurer qu'il n'y a pas de r\u00e9sidus de solution de nettoyage ou de taches d'huile.<\/p>\n<p><strong>IV. Les pr\u00e9cautions \u00e0 prendre<\/strong><\/p>\n<p>Il est recommand\u00e9 de porter des gants lors de l'utilisation afin d'\u00e9viter tout contact direct de la poudre de nettoyage avec la peau.<br \/>\n\u00c9viter le contact avec les yeux. En cas de contact accidentel avec les yeux, rincer imm\u00e9diatement et abondamment \u00e0 l'eau claire et consulter rapidement un m\u00e9decin.<br \/>\nVeuillez placer le produit dans un endroit o\u00f9 les enfants ne peuvent pas l'atteindre facilement.<br \/>\nConserver dans un endroit frais et sec pour \u00e9viter l'humidit\u00e9.<\/p>","protected":false},"excerpt":{"rendered":"<p>Notre usine fournit des services de traitement OEM\/ODM, nous pouvons concevoir des produits sur mesure pour vous ; Notre MOQ est faible, g\u00e9n\u00e9ralement la quantit\u00e9 minimale est de 1000 bouteilles peuvent \u00eatre produites ; Nos produits sont peu co\u00fbteux, d'excellente qualit\u00e9, en conformit\u00e9 avec toutes les lois et r\u00e9glementations nationales et les besoins des clients !<\/p>\n<h3><strong>\u00a0 \u00a0 \u00a0 Nous proposons \u00e9galement les services suivants<\/strong><\/h3>\n<h4><strong><img decoding=\"async\" class=\"emoji\" role=\"img\" draggable=\"false\" src=\"https:\/\/s.w.org\/images\/core\/emoji\/15.0.3\/svg\/2714.svg\" alt=\"\u2714\" \/>\u00a0 Source transfrontali\u00e8re\u00a0 \u00a0 \u00a0 \u00a0 \u00a0\u00a0<img decoding=\"async\" class=\"emoji\" role=\"img\" draggable=\"false\" src=\"https:\/\/s.w.org\/images\/core\/emoji\/15.0.3\/svg\/2714.svg\" alt=\"\u2714\" \/>\u00a0 Personnalisation du support<\/strong><\/h4>\n<h4><strong><img decoding=\"async\" class=\"emoji\" role=\"img\" draggable=\"false\" src=\"https:\/\/s.w.org\/images\/core\/emoji\/15.0.3\/svg\/2714.svg\" alt=\"\u2714\" \/>\u00a0 Usine source\u00a0 \u00a0 \u00a0 \u00a0 \u00a0 \u00a0 \u00a0 \u00a0 \u00a0 \u00a0 \u00a0 \u00a0<img decoding=\"async\" class=\"emoji\" role=\"img\" draggable=\"false\" src=\"https:\/\/s.w.org\/images\/core\/emoji\/15.0.3\/svg\/2714.svg\" alt=\"\u2714\" \/>\u00a0 D\u00e9veloppement de produits<\/strong><\/h4>\n<h4><strong><img decoding=\"async\" class=\"emoji\" role=\"img\" draggable=\"false\" src=\"https:\/\/s.w.org\/images\/core\/emoji\/15.0.3\/svg\/2714.svg\" alt=\"\u2714\" \/>\u00a0 Adaptation \u00e0 l'\u00e9chantillon\u00a0 \u00a0 \u00a0 \u00a0 \u00a0 \u00a0 \u00a0 \u00a0 \u00a0 \u00a0\u00a0<img decoding=\"async\" class=\"emoji\" role=\"img\" draggable=\"false\" src=\"https:\/\/s.w.org\/images\/core\/emoji\/15.0.3\/svg\/2714.svg\" alt=\"\u2714\" \/>\u00a0 Autorisation de la marque<\/strong><\/h4>\n<p>&nbsp;<\/p>\n<h2 style=\"text-align: left;\"><strong>Questions ou commentaires ? <\/strong><\/h2>\n<h2 style=\"text-align: left;\"><strong>wlwer@williamweir.com<\/strong><\/h2>\n<p>&nbsp;<\/p>","protected":false},"featured_media":5396,"template":"","meta":{"_uag_custom_page_level_css":"","site-sidebar-layout":"default","site-content-layout":"","ast-site-content-layout":"default","site-content-style":"default","site-sidebar-style":"default","ast-global-header-display":"","ast-banner-title-visibility":"","ast-main-header-display":"","ast-hfb-above-header-display":"","ast-hfb-below-header-display":"","ast-hfb-mobile-header-display":"","site-post-title":"","ast-breadcrumbs-content":"","ast-featured-img":"","footer-sml-layout":"","theme-transparent-header-meta":"default","adv-header-id-meta":"","stick-header-meta":"","header-above-stick-meta":"","header-main-stick-meta":"","header-below-stick-meta":"","astra-migrate-meta-layouts":"set","ast-page-background-enabled":"default","ast-page-background-meta":{"desktop":{"background-color":"","background-image":"","background-repeat":"repeat","background-position":"center center","background-size":"auto","background-attachment":"scroll","background-type":"","background-media":"","overlay-type":"","overlay-color":"","overlay-opacity":"","overlay-gradient":""},"tablet":{"background-color":"","background-image":"","background-repeat":"repeat","background-position":"center center","background-size":"auto","background-attachment":"scroll","background-type":"","background-media":"","overlay-type":"","overlay-color":"","overlay-opacity":"","overlay-gradient":""},"mobile":{"background-color":"","background-image":"","background-repeat":"repeat","background-position":"center center","background-size":"auto","background-attachment":"scroll","background-type":"","background-media":"","overlay-type":"","overlay-color":"","overlay-opacity":"","overlay-gradient":""}},"ast-content-background-meta":{"desktop":{"background-color":"var(--ast-global-color-5)","background-image":"","background-repeat":"repeat","background-position":"center center","background-size":"auto","background-attachment":"scroll","background-type":"","background-media":"","overlay-type":"","overlay-color":"","overlay-opacity":"","overlay-gradient":""},"tablet":{"background-color":"var(--ast-global-color-5)","background-image":"","background-repeat":"repeat","background-position":"center center","background-size":"auto","background-attachment":"scroll","background-type":"","background-media":"","overlay-type":"","overlay-color":"","overlay-opacity":"","overlay-gradient":""},"mobile":{"background-color":"var(--ast-global-color-5)","background-image":"","background-repeat":"repeat","background-position":"center center","background-size":"auto","background-attachment":"scroll","background-type":"","background-media":"","overlay-type":"","overlay-color":"","overlay-opacity":"","overlay-gradient":""}}},"product_brand":[],"product_cat":[74],"product_tag":[267,266],"class_list":{"0":"post-5393","1":"product","2":"type-product","3":"status-publish","4":"has-post-thumbnail","6":"product_cat-household-cleaning-series","7":"product_tag-heavy-oil-cleaning-agent","8":"product_tag-oil-cleaning-powder","9":"desktop-align-center","10":"tablet-align-left","11":"mobile-align-left","12":"ast-product-gallery-layout-horizontal-slider","13":"ast-product-gallery-with-no-image","14":"ast-product-tabs-layout-horizontal","16":"first","17":"instock","18":"shipping-taxable","19":"product-type-simple"},"aioseo_notices":[],"uagb_featured_image_src":{"full":["https:\/\/williamweir.com\/wp-content\/uploads\/2024\/10\/\u4e3b\u56fe-1-2.jpg",800,800,false],"thumbnail":["https:\/\/williamweir.com\/wp-content\/uploads\/2024\/10\/\u4e3b\u56fe-1-2-300x300.jpg",300,300,true],"medium":["https:\/\/williamweir.com\/wp-content\/uploads\/2024\/10\/\u4e3b\u56fe-1-2-600x600.jpg",600,600,true],"medium_large":["https:\/\/williamweir.com\/wp-content\/uploads\/2024\/10\/\u4e3b\u56fe-1-2-768x768.jpg",768,768,true],"large":["https:\/\/williamweir.com\/wp-content\/uploads\/2024\/10\/\u4e3b\u56fe-1-2.jpg",800,800,false],"1536x1536":["https:\/\/williamweir.com\/wp-content\/uploads\/2024\/10\/\u4e3b\u56fe-1-2.jpg",800,800,false],"2048x2048":["https:\/\/williamweir.com\/wp-content\/uploads\/2024\/10\/\u4e3b\u56fe-1-2.jpg",800,800,false],"trp-custom-language-flag":["https:\/\/williamweir.com\/wp-content\/uploads\/2024\/10\/\u4e3b\u56fe-1-2-12x12.jpg",12,12,true],"woocommerce_thumbnail":["https:\/\/williamweir.com\/wp-content\/uploads\/2024\/10\/\u4e3b\u56fe-1-2-600x600.jpg",600,600,true],"woocommerce_single":["https:\/\/williamweir.com\/wp-content\/uploads\/2024\/10\/\u4e3b\u56fe-1-2-600x600.jpg",600,600,true],"woocommerce_gallery_thumbnail":["https:\/\/williamweir.com\/wp-content\/uploads\/2024\/10\/\u4e3b\u56fe-1-2-100x100.jpg",100,100,true]},"uagb_author_info":{"display_name":"wlwer","author_link":"https:\/\/williamweir.com\/fr\/author\/"},"uagb_comment_info":0,"uagb_excerpt":"Our factory provides OEM\/ODM processing services, we can tailor products for you; Our MOQ is low, generally the minimum quantity is 1000 bottles can be produced; Our products are inexpensive, excellent product quality, in line with any national laws and regulations and customer needs! \u00a0 \u00a0 \u00a0 We also offer the following services \u00a0 Cross-border\u2026","_links":{"self":[{"href":"https:\/\/williamweir.com\/fr\/wp-json\/wp\/v2\/product\/5393"}],"collection":[{"href":"https:\/\/williamweir.com\/fr\/wp-json\/wp\/v2\/product"}],"about":[{"href":"https:\/\/williamweir.com\/fr\/wp-json\/wp\/v2\/types\/product"}],"version-history":[{"count":5,"href":"https:\/\/williamweir.com\/fr\/wp-json\/wp\/v2\/product\/5393\/revisions"}],"predecessor-version":[{"id":8272,"href":"https:\/\/williamweir.com\/fr\/wp-json\/wp\/v2\/product\/5393\/revisions\/8272"}],"wp:featuredmedia":[{"embeddable":true,"href":"https:\/\/williamweir.com\/fr\/wp-json\/wp\/v2\/media\/5396"}],"wp:attachment":[{"href":"https:\/\/williamweir.com\/fr\/wp-json\/wp\/v2\/media?parent=5393"}],"wp:term":[{"taxonomy":"product_brand","embeddable":true,"href":"https:\/\/williamweir.com\/fr\/wp-json\/wp\/v2\/product_brand?post=5393"},{"taxonomy":"product_cat","embeddable":true,"href":"https:\/\/williamweir.com\/fr\/wp-json\/wp\/v2\/product_cat?post=5393"},{"taxonomy":"product_tag","embeddable":true,"href":"https:\/\/williamweir.com\/fr\/wp-json\/wp\/v2\/product_tag?post=5393"}],"curies":[{"name":"wp","href":"https:\/\/api.w.org\/{rel}","templated":true}]}}