{"id":5386,"date":"2024-10-31T06:30:03","date_gmt":"2024-10-31T06:30:03","guid":{"rendered":"https:\/\/williamweir.com\/?post_type=product&#038;p=5386"},"modified":"2025-05-24T01:44:54","modified_gmt":"2025-05-24T01:44:54","slug":"washing-machine-sink-cleaner","status":"publish","type":"product","link":"https:\/\/williamweir.com\/fr\/produit\/washing-machine-sink-cleaner\/","title":{"rendered":"Nettoyant pour \u00e9vier de machine \u00e0 laver"},"content":{"rendered":"<p><strong>Code produit\uff1a2622<\/strong><\/p>\n<p><strong>I. Pr\u00e9sentation du produit<\/strong><\/p>\n<p>Ce produit est un produit de nettoyage tr\u00e8s efficace, sp\u00e9cialement con\u00e7u pour nettoyer la cuve du lave-linge. Il permet d'\u00e9liminer efficacement la salet\u00e9, les bact\u00e9ries et les odeurs dans la cuve du lave-linge, offrant ainsi un environnement de lavage propre et hygi\u00e9nique \u00e0 vos v\u00eatements.<\/p>\n<p><strong>II. Caract\u00e9ristiques du produit<\/strong><\/p>\n<p>Forte d\u00e9contamination : Contient de puissants ingr\u00e9dients de d\u00e9contamination, qui peuvent rapidement d\u00e9composer la salet\u00e9, les r\u00e9sidus de savon, les taches de moisissure, etc. dans la cuve du lave-linge, donnant ainsi \u00e0 la cuve du lave-linge un aspect neuf.<br \/>\nSt\u00e9rilisation et d\u00e9sinfection : La fonction de st\u00e9rilisation et de d\u00e9sinfection permet de tuer efficacement les micro-organismes nocifs tels que les bact\u00e9ries et les moisissures dans la cuve du lave-linge, d'emp\u00eacher la prolif\u00e9ration des bact\u00e9ries et de prot\u00e9ger la sant\u00e9 des membres de la famille.<br \/>\n\u00c9liminer les odeurs : Il peut \u00e9liminer les odeurs dans la cuve du lave-linge et faire en sorte que le lave-linge d\u00e9gage une odeur fra\u00eeche pendant le processus de lavage.<br \/>\nS\u00fbr et respectueux de l'environnement : Adopte une formule respectueuse de l'environnement, non corrosive pour la machine \u00e0 laver et inoffensive pour le corps humain, et peut \u00eatre utilis\u00e9e en toute s\u00e9curit\u00e9.<br \/>\nFacile \u00e0 utiliser : La m\u00e9thode d'utilisation est simple. Il n'est pas n\u00e9cessaire de d\u00e9monter le lave-linge. Il suffit de verser le produit de nettoyage dans le lave-linge et de le faire fonctionner selon la proc\u00e9dure de lavage normale.<\/p>\n<p><strong>III. M\u00e9thodes d'utilisation<\/strong><\/p>\n<p>Retirez les v\u00eatements de la machine \u00e0 laver et \u00e9teignez-la.<br \/>\nEn fonction de la capacit\u00e9 du lave-linge, versez une quantit\u00e9 appropri\u00e9e de produit de nettoyage pour cuve de lave-linge dans le lave-linge.<br \/>\nAjoutez une quantit\u00e9 appropri\u00e9e d'eau (en g\u00e9n\u00e9ral, de l'eau chaude \u00e0 40\u2103-60\u2103 a un meilleur effet) pour que le niveau d'eau atteigne le niveau d'eau \u00e9lev\u00e9 de la machine \u00e0 laver.<br \/>\nMettez le lave-linge en marche, s\u00e9lectionnez le programme de lavage normal, faites-le fonctionner pendant 5 \u00e0 10 minutes pour dissoudre compl\u00e8tement l'agent nettoyant et le faire agir.<br \/>\n\u00c9teindre l'appareil et le laisser tremper pendant 2 \u00e0 3 heures pour que l'agent nettoyant joue pleinement son r\u00f4le.<br \/>\nRemettez le lave-linge en marche, s\u00e9lectionnez le programme de lavage normal, faites-le fonctionner une fois et \u00e9vacuez les eaux us\u00e9es.<br \/>\nEssuyez le cylindre int\u00e9rieur du lave-linge avec un chiffon propre pour \u00e9liminer les r\u00e9sidus de salet\u00e9 et de produit de nettoyage.<\/p>\n<p><strong>IV. Les pr\u00e9cautions \u00e0 prendre<\/strong><\/p>\n<p>Veuillez utiliser ce produit dans un environnement bien ventil\u00e9.<br \/>\n\u00c9viter le contact avec les yeux. En cas de contact accidentel, rincer imm\u00e9diatement \u00e0 l'eau claire.<br \/>\nVeuillez placer ce produit dans un endroit o\u00f9 les enfants ne peuvent pas l'atteindre facilement.<br \/>\nNe pas m\u00e9langer avec d'autres produits de nettoyage.<br \/>\nPour les vieux lave-linge ou les lave-linge tr\u00e8s sales, la quantit\u00e9 d'eau utilis\u00e9e et le temps de trempage peuvent \u00eatre augment\u00e9s de mani\u00e8re appropri\u00e9e.<\/p>","protected":false},"excerpt":{"rendered":"<p>Notre usine fournit des services de traitement OEM\/ODM, nous pouvons concevoir des produits sur mesure pour vous ; Notre MOQ est faible, g\u00e9n\u00e9ralement la quantit\u00e9 minimale est de 1000 bouteilles peuvent \u00eatre produites ; Nos produits sont peu co\u00fbteux, d'excellente qualit\u00e9, en conformit\u00e9 avec toutes les lois et r\u00e9glementations nationales et les besoins des clients !<\/p>\n<h3><strong>\u00a0 \u00a0 \u00a0 Nous proposons \u00e9galement les services suivants<\/strong><\/h3>\n<h4><strong><img decoding=\"async\" class=\"emoji\" role=\"img\" draggable=\"false\" src=\"https:\/\/s.w.org\/images\/core\/emoji\/15.0.3\/svg\/2714.svg\" alt=\"\u2714\" \/>\u00a0 Source transfrontali\u00e8re\u00a0 \u00a0 \u00a0 \u00a0 \u00a0\u00a0<img decoding=\"async\" class=\"emoji\" role=\"img\" draggable=\"false\" src=\"https:\/\/s.w.org\/images\/core\/emoji\/15.0.3\/svg\/2714.svg\" alt=\"\u2714\" \/>\u00a0 Personnalisation du support<\/strong><\/h4>\n<h4><strong><img decoding=\"async\" class=\"emoji\" role=\"img\" draggable=\"false\" src=\"https:\/\/s.w.org\/images\/core\/emoji\/15.0.3\/svg\/2714.svg\" alt=\"\u2714\" \/>\u00a0 Usine source\u00a0 \u00a0 \u00a0 \u00a0 \u00a0 \u00a0 \u00a0 \u00a0 \u00a0 \u00a0 \u00a0 \u00a0<img decoding=\"async\" class=\"emoji\" role=\"img\" draggable=\"false\" src=\"https:\/\/s.w.org\/images\/core\/emoji\/15.0.3\/svg\/2714.svg\" alt=\"\u2714\" \/>\u00a0 D\u00e9veloppement de produits<\/strong><\/h4>\n<h4><strong><img decoding=\"async\" class=\"emoji\" role=\"img\" draggable=\"false\" src=\"https:\/\/s.w.org\/images\/core\/emoji\/15.0.3\/svg\/2714.svg\" alt=\"\u2714\" \/>\u00a0 Adaptation \u00e0 l'\u00e9chantillon\u00a0 \u00a0 \u00a0 \u00a0 \u00a0 \u00a0 \u00a0 \u00a0 \u00a0 \u00a0\u00a0<img decoding=\"async\" class=\"emoji\" role=\"img\" draggable=\"false\" src=\"https:\/\/s.w.org\/images\/core\/emoji\/15.0.3\/svg\/2714.svg\" alt=\"\u2714\" \/>\u00a0 Autorisation de la marque<\/strong><\/h4>\n<p>&nbsp;<\/p>\n<h2 style=\"text-align: left;\"><strong>Questions ou commentaires ? <\/strong><\/h2>\n<h2 style=\"text-align: left;\"><strong>wlwer@williamweir.com<\/strong><\/h2>\n<h4><strong>\u00a0<\/strong><\/h4>","protected":false},"featured_media":5388,"template":"","meta":{"_uag_custom_page_level_css":"","site-sidebar-layout":"default","site-content-layout":"","ast-site-content-layout":"default","site-content-style":"default","site-sidebar-style":"default","ast-global-header-display":"","ast-banner-title-visibility":"","ast-main-header-display":"","ast-hfb-above-header-display":"","ast-hfb-below-header-display":"","ast-hfb-mobile-header-display":"","site-post-title":"","ast-breadcrumbs-content":"","ast-featured-img":"","footer-sml-layout":"","theme-transparent-header-meta":"default","adv-header-id-meta":"","stick-header-meta":"","header-above-stick-meta":"","header-main-stick-meta":"","header-below-stick-meta":"","astra-migrate-meta-layouts":"set","ast-page-background-enabled":"default","ast-page-background-meta":{"desktop":{"background-color":"","background-image":"","background-repeat":"repeat","background-position":"center center","background-size":"auto","background-attachment":"scroll","background-type":"","background-media":"","overlay-type":"","overlay-color":"","overlay-opacity":"","overlay-gradient":""},"tablet":{"background-color":"","background-image":"","background-repeat":"repeat","background-position":"center center","background-size":"auto","background-attachment":"scroll","background-type":"","background-media":"","overlay-type":"","overlay-color":"","overlay-opacity":"","overlay-gradient":""},"mobile":{"background-color":"","background-image":"","background-repeat":"repeat","background-position":"center center","background-size":"auto","background-attachment":"scroll","background-type":"","background-media":"","overlay-type":"","overlay-color":"","overlay-opacity":"","overlay-gradient":""}},"ast-content-background-meta":{"desktop":{"background-color":"var(--ast-global-color-5)","background-image":"","background-repeat":"repeat","background-position":"center center","background-size":"auto","background-attachment":"scroll","background-type":"","background-media":"","overlay-type":"","overlay-color":"","overlay-opacity":"","overlay-gradient":""},"tablet":{"background-color":"var(--ast-global-color-5)","background-image":"","background-repeat":"repeat","background-position":"center center","background-size":"auto","background-attachment":"scroll","background-type":"","background-media":"","overlay-type":"","overlay-color":"","overlay-opacity":"","overlay-gradient":""},"mobile":{"background-color":"var(--ast-global-color-5)","background-image":"","background-repeat":"repeat","background-position":"center center","background-size":"auto","background-attachment":"scroll","background-type":"","background-media":"","overlay-type":"","overlay-color":"","overlay-opacity":"","overlay-gradient":""}}},"product_brand":[],"product_cat":[74],"product_tag":[243],"class_list":{"0":"post-5386","1":"product","2":"type-product","3":"status-publish","4":"has-post-thumbnail","6":"product_cat-household-cleaning-series","7":"product_tag-washing-machine-sink-cleaner","8":"desktop-align-center","9":"tablet-align-left","10":"mobile-align-left","11":"ast-product-gallery-layout-horizontal-slider","12":"ast-product-gallery-with-no-image","13":"ast-product-tabs-layout-horizontal","15":"first","16":"instock","17":"shipping-taxable","18":"product-type-simple"},"aioseo_notices":[],"uagb_featured_image_src":{"full":["https:\/\/williamweir.com\/wp-content\/uploads\/2024\/10\/9911787.jpg",800,800,false],"thumbnail":["https:\/\/williamweir.com\/wp-content\/uploads\/2024\/10\/9911787-300x300.jpg",300,300,true],"medium":["https:\/\/williamweir.com\/wp-content\/uploads\/2024\/10\/9911787-600x600.jpg",600,600,true],"medium_large":["https:\/\/williamweir.com\/wp-content\/uploads\/2024\/10\/9911787-768x768.jpg",768,768,true],"large":["https:\/\/williamweir.com\/wp-content\/uploads\/2024\/10\/9911787.jpg",800,800,false],"1536x1536":["https:\/\/williamweir.com\/wp-content\/uploads\/2024\/10\/9911787.jpg",800,800,false],"2048x2048":["https:\/\/williamweir.com\/wp-content\/uploads\/2024\/10\/9911787.jpg",800,800,false],"trp-custom-language-flag":["https:\/\/williamweir.com\/wp-content\/uploads\/2024\/10\/9911787-12x12.jpg",12,12,true],"woocommerce_thumbnail":["https:\/\/williamweir.com\/wp-content\/uploads\/2024\/10\/9911787-600x600.jpg",600,600,true],"woocommerce_single":["https:\/\/williamweir.com\/wp-content\/uploads\/2024\/10\/9911787-600x600.jpg",600,600,true],"woocommerce_gallery_thumbnail":["https:\/\/williamweir.com\/wp-content\/uploads\/2024\/10\/9911787-100x100.jpg",100,100,true]},"uagb_author_info":{"display_name":"wlwer","author_link":"https:\/\/williamweir.com\/fr\/author\/"},"uagb_comment_info":0,"uagb_excerpt":"Our factory provides OEM\/ODM processing services, we can tailor products for you; Our MOQ is low, generally the minimum quantity is 1000 bottles can be produced; Our products are inexpensive, excellent product quality, in line with any national laws and regulations and customer needs! \u00a0 \u00a0 \u00a0 We also offer the following services \u00a0 Cross-border\u2026","_links":{"self":[{"href":"https:\/\/williamweir.com\/fr\/wp-json\/wp\/v2\/product\/5386"}],"collection":[{"href":"https:\/\/williamweir.com\/fr\/wp-json\/wp\/v2\/product"}],"about":[{"href":"https:\/\/williamweir.com\/fr\/wp-json\/wp\/v2\/types\/product"}],"version-history":[{"count":5,"href":"https:\/\/williamweir.com\/fr\/wp-json\/wp\/v2\/product\/5386\/revisions"}],"predecessor-version":[{"id":8274,"href":"https:\/\/williamweir.com\/fr\/wp-json\/wp\/v2\/product\/5386\/revisions\/8274"}],"wp:featuredmedia":[{"embeddable":true,"href":"https:\/\/williamweir.com\/fr\/wp-json\/wp\/v2\/media\/5388"}],"wp:attachment":[{"href":"https:\/\/williamweir.com\/fr\/wp-json\/wp\/v2\/media?parent=5386"}],"wp:term":[{"taxonomy":"product_brand","embeddable":true,"href":"https:\/\/williamweir.com\/fr\/wp-json\/wp\/v2\/product_brand?post=5386"},{"taxonomy":"product_cat","embeddable":true,"href":"https:\/\/williamweir.com\/fr\/wp-json\/wp\/v2\/product_cat?post=5386"},{"taxonomy":"product_tag","embeddable":true,"href":"https:\/\/williamweir.com\/fr\/wp-json\/wp\/v2\/product_tag?post=5386"}],"curies":[{"name":"wp","href":"https:\/\/api.w.org\/{rel}","templated":true}]}}