{"id":5380,"date":"2024-10-31T06:18:54","date_gmt":"2024-10-31T06:18:54","guid":{"rendered":"https:\/\/williamweir.com\/?post_type=product&#038;p=5380"},"modified":"2025-05-24T01:47:09","modified_gmt":"2025-05-24T01:47:09","slug":"white-shoe-foam-cleaner-200ml","status":"publish","type":"product","link":"https:\/\/williamweir.com\/fr\/produit\/white-shoe-foam-cleaner-200ml\/","title":{"rendered":"mousse nettoyante blanche pour chaussures 200ml"},"content":{"rendered":"<p><strong>mousse nettoyante pour chaussures blanches<\/strong><\/p>\n<p><strong>Code des marchandises : 0635<\/strong><\/p>\n<p><strong>I. Caract\u00e9ristiques du produit<\/strong><\/p>\n<p>1. une d\u00e9contamination efficace<br \/>\nIl peut \u00e9liminer efficacement diverses taches sur les chaussures blanches, notamment la poussi\u00e8re, la boue, les taches d'huile, les taches de sueur, etc. Sa formule de nettoyage puissante peut p\u00e9n\u00e9trer profond\u00e9ment dans les fibres des chaussures, d\u00e9composer les taches et redonner aux chaussures leur blancheur immacul\u00e9e et leur propret\u00e9.<br \/>\noPour les taches tenaces sur les bords des chaussures, la mousse nettoyante peut \u00e9galement avoir d'excellents effets nettoyants. Un simple coup de chiffon suffit \u00e0 \u00e9liminer la salet\u00e9 accumul\u00e9e depuis longtemps.<br \/>\n2. doux et adapt\u00e9 aux chaussures<br \/>\noAdopte une formule douce qui n'endommage pas le mat\u00e9riau de la chaussure. Qu'il s'agisse de chaussures blanches en cuir, en toile ou en maille, elles peuvent \u00eatre utilis\u00e9es en toute confiance.<br \/>\noIl n'entra\u00eenera pas la d\u00e9coloration, la d\u00e9formation ou l'endommagement de la surface des chaussures, prot\u00e9geant ainsi l'aspect et la dur\u00e9e de vie des chaussures.<br \/>\n3. pratique et facile \u00e0 utiliser<br \/>\nG\u00e9n\u00e9ralement pr\u00e9sent\u00e9 sous forme de spray, il est pratique et rapide \u00e0 utiliser. Il suffit de vaporiser la mousse nettoyante uniform\u00e9ment sur la surface de la chaussure et, apr\u00e8s avoir attendu un moment, de l'essuyer d\u00e9licatement avec une brosse ou un chiffon.<br \/>\nPas besoin de lavage, ce qui permet d'\u00e9conomiser du temps et des efforts. Il convient particuli\u00e8rement aux personnes modernes et occup\u00e9es ou aux voyageurs.<br \/>\n4. frais et d\u00e9sodorisant<br \/>\no Contient des ingr\u00e9dients d\u00e9sodorisants qui \u00e9liminent efficacement les odeurs dans les chaussures et les gardent fra\u00eeches.<br \/>\noPour les probl\u00e8mes d'odeurs caus\u00e9s par la transpiration des pieds ou les environnements humides, le nettoyeur en mousse peut rapidement les r\u00e9soudre, rendant vos pieds plus confortables.<\/p>\n<p><strong>II. M\u00e9thode d'utilisation<\/strong><\/p>\n<p>1. bien agiter le nettoyant<br \/>\noAvant de l'utiliser, secouez compl\u00e8tement le nettoyant en mousse pour chaussures blanches afin de vous assurer que les ingr\u00e9dients du nettoyant sont m\u00e9lang\u00e9s de mani\u00e8re homog\u00e8ne.<br \/>\n2. vaporiser le nettoyant<br \/>\noVaporiser le nettoyant uniform\u00e9ment sur la surface des chaussures blanches. Veillez \u00e0 couvrir toutes les zones \u00e0 nettoyer. Pour les zones tr\u00e8s sales, vous pouvez vaporiser plus de produit.<br \/>\n3. attendre un moment<br \/>\noLaissez le nettoyant agir sur la surface de la chaussure pendant un certain temps, g\u00e9n\u00e9ralement 1 \u00e0 2 minutes, pour permettre aux ingr\u00e9dients nettoyants d'exercer pleinement leurs effets et de d\u00e9composer les taches.<br \/>\n4. essuyer et nettoyer<br \/>\noUtilisez une brosse ou un chiffon propre pour essuyer d\u00e9licatement la surface de la chaussure afin d'\u00e9liminer les taches et le nettoyant ensemble. Pour les taches tenaces, vous pouvez r\u00e9p\u00e9ter l'op\u00e9ration plusieurs fois.<br \/>\noVeillez \u00e0 ne pas utiliser une force excessive pour \u00e9viter d'endommager la surface de la chaussure.<br \/>\n5. s\u00e9cher les chaussures<br \/>\noApr\u00e8s le nettoyage, placez les chaussures dans un endroit bien ventil\u00e9 pour les faire s\u00e9cher, en \u00e9vitant la lumi\u00e8re directe du soleil. Une fois que les chaussures sont compl\u00e8tement s\u00e8ches, elles peuvent \u00eatre port\u00e9es.<\/p>\n<p><strong>III. Les pr\u00e9cautions \u00e0 prendre<\/strong><\/p>\n<p>1. \u00e9viter le contact avec les yeux et la peau<br \/>\noLa mousse nettoyante pour chaussures blanches contient des ingr\u00e9dients chimiques. Lors de l'utilisation, \u00e9viter tout contact avec les yeux et la peau. En cas de contact accidentel, rincer imm\u00e9diatement \u00e0 l'eau claire.<br \/>\n2. tenir \u00e0 l'\u00e9cart des temp\u00e9ratures \u00e9lev\u00e9es<br \/>\noLe nettoyeur doit \u00eatre tenu \u00e0 l'\u00e9cart des environnements \u00e0 haute temp\u00e9rature afin d'\u00e9viter toute d\u00e9faillance du produit.<br \/>\n3. conserver dans un endroit frais et sec<br \/>\no Le nettoyant non utilis\u00e9 doit \u00eatre stock\u00e9 dans un endroit frais et sec, \u00e0 l'abri de la lumi\u00e8re directe du soleil, des temp\u00e9ratures \u00e9lev\u00e9es et de l'humidit\u00e9, afin de ne pas affecter les performances et la dur\u00e9e de vie du nettoyant.<br \/>\n4. tester sur une zone peu visible<br \/>\noAvant d'utiliser le nettoyant, il est recommand\u00e9 de le tester sur une partie peu visible des chaussures afin de s'assurer qu'il ne les endommagera pas.<\/p>\n<p>La mousse nettoyante pour chaussures blanches WILLIAM WEIR est un produit de nettoyage puissant, pratique et doux qui peut vous aider \u00e0 nettoyer facilement vos chaussures blanches et \u00e0 les garder toujours blanches et propres. Lors de l'utilisation, il suffit de suivre les instructions et de faire attention \u00e0 la s\u00e9curit\u00e9 et aux pr\u00e9cautions pour que vos chaussures blanches aient l'air neuves.<\/p>","protected":false},"excerpt":{"rendered":"<p>Notre usine fournit des services de traitement OEM\/ODM, nous pouvons concevoir des produits sur mesure pour vous ; Notre MOQ est faible, g\u00e9n\u00e9ralement la quantit\u00e9 minimale est de 1000 bouteilles peuvent \u00eatre produites ; Nos produits sont peu co\u00fbteux, d'excellente qualit\u00e9, en conformit\u00e9 avec toutes les lois et r\u00e9glementations nationales et les besoins des clients !<\/p>\n<h3><strong>\u00a0 \u00a0 \u00a0 Nous proposons \u00e9galement les services suivants<\/strong><\/h3>\n<h4><strong><img decoding=\"async\" class=\"emoji\" role=\"img\" draggable=\"false\" src=\"https:\/\/s.w.org\/images\/core\/emoji\/15.0.3\/svg\/2714.svg\" alt=\"\u2714\" \/>\u00a0 Source transfrontali\u00e8re\u00a0 \u00a0 \u00a0 \u00a0 \u00a0\u00a0<img decoding=\"async\" class=\"emoji\" role=\"img\" draggable=\"false\" src=\"https:\/\/s.w.org\/images\/core\/emoji\/15.0.3\/svg\/2714.svg\" alt=\"\u2714\" \/>\u00a0 Personnalisation du support<\/strong><\/h4>\n<h4><strong><img decoding=\"async\" class=\"emoji\" role=\"img\" draggable=\"false\" src=\"https:\/\/s.w.org\/images\/core\/emoji\/15.0.3\/svg\/2714.svg\" alt=\"\u2714\" \/>\u00a0 Usine source\u00a0 \u00a0 \u00a0 \u00a0 \u00a0 \u00a0 \u00a0 \u00a0 \u00a0 \u00a0 \u00a0 \u00a0<img decoding=\"async\" class=\"emoji\" role=\"img\" draggable=\"false\" src=\"https:\/\/s.w.org\/images\/core\/emoji\/15.0.3\/svg\/2714.svg\" alt=\"\u2714\" \/>\u00a0 D\u00e9veloppement de produits<\/strong><\/h4>\n<h4><strong><img decoding=\"async\" class=\"emoji\" role=\"img\" draggable=\"false\" src=\"https:\/\/s.w.org\/images\/core\/emoji\/15.0.3\/svg\/2714.svg\" alt=\"\u2714\" \/>\u00a0 Adaptation \u00e0 l'\u00e9chantillon\u00a0 \u00a0 \u00a0 \u00a0 \u00a0 \u00a0 \u00a0 \u00a0 \u00a0 \u00a0\u00a0<img decoding=\"async\" class=\"emoji\" role=\"img\" draggable=\"false\" src=\"https:\/\/s.w.org\/images\/core\/emoji\/15.0.3\/svg\/2714.svg\" alt=\"\u2714\" \/>\u00a0 Autorisation de la marque<\/strong><\/h4>\n<p>&nbsp;<\/p>\n<h2 style=\"text-align: left;\"><strong>Questions ou commentaires ? <\/strong><\/h2>\n<h2 style=\"text-align: left;\"><strong>wlwer@williamweir.com<\/strong><strong>\u00a0<\/strong><\/h2>","protected":false},"featured_media":5381,"template":"","meta":{"_uag_custom_page_level_css":"","site-sidebar-layout":"default","site-content-layout":"","ast-site-content-layout":"default","site-content-style":"default","site-sidebar-style":"default","ast-global-header-display":"","ast-banner-title-visibility":"","ast-main-header-display":"","ast-hfb-above-header-display":"","ast-hfb-below-header-display":"","ast-hfb-mobile-header-display":"","site-post-title":"","ast-breadcrumbs-content":"","ast-featured-img":"","footer-sml-layout":"","theme-transparent-header-meta":"default","adv-header-id-meta":"","stick-header-meta":"","header-above-stick-meta":"","header-main-stick-meta":"","header-below-stick-meta":"","astra-migrate-meta-layouts":"set","ast-page-background-enabled":"default","ast-page-background-meta":{"desktop":{"background-color":"","background-image":"","background-repeat":"repeat","background-position":"center center","background-size":"auto","background-attachment":"scroll","background-type":"","background-media":"","overlay-type":"","overlay-color":"","overlay-opacity":"","overlay-gradient":""},"tablet":{"background-color":"","background-image":"","background-repeat":"repeat","background-position":"center center","background-size":"auto","background-attachment":"scroll","background-type":"","background-media":"","overlay-type":"","overlay-color":"","overlay-opacity":"","overlay-gradient":""},"mobile":{"background-color":"","background-image":"","background-repeat":"repeat","background-position":"center center","background-size":"auto","background-attachment":"scroll","background-type":"","background-media":"","overlay-type":"","overlay-color":"","overlay-opacity":"","overlay-gradient":""}},"ast-content-background-meta":{"desktop":{"background-color":"var(--ast-global-color-5)","background-image":"","background-repeat":"repeat","background-position":"center center","background-size":"auto","background-attachment":"scroll","background-type":"","background-media":"","overlay-type":"","overlay-color":"","overlay-opacity":"","overlay-gradient":""},"tablet":{"background-color":"var(--ast-global-color-5)","background-image":"","background-repeat":"repeat","background-position":"center center","background-size":"auto","background-attachment":"scroll","background-type":"","background-media":"","overlay-type":"","overlay-color":"","overlay-opacity":"","overlay-gradient":""},"mobile":{"background-color":"var(--ast-global-color-5)","background-image":"","background-repeat":"repeat","background-position":"center center","background-size":"auto","background-attachment":"scroll","background-type":"","background-media":"","overlay-type":"","overlay-color":"","overlay-opacity":"","overlay-gradient":""}}},"product_brand":[],"product_cat":[70],"product_tag":[139,242,241],"class_list":{"0":"post-5380","1":"product","2":"type-product","3":"status-publish","4":"has-post-thumbnail","6":"product_cat-foam-cleaner-series","7":"product_tag-foam-cleaner","8":"product_tag-shoe-cleaner","9":"product_tag-white-shoe-foam-cleaner","10":"desktop-align-center","11":"tablet-align-left","12":"mobile-align-left","13":"ast-product-gallery-layout-horizontal-slider","14":"ast-product-tabs-layout-horizontal","16":"first","17":"instock","18":"featured","19":"shipping-taxable","20":"product-type-simple"},"aioseo_notices":[],"uagb_featured_image_src":{"full":["https:\/\/williamweir.com\/wp-content\/uploads\/2024\/10\/\u767d\u978b\u6e05\u6d01\u5242-1.jpg",1000,1000,false],"thumbnail":["https:\/\/williamweir.com\/wp-content\/uploads\/2024\/10\/\u767d\u978b\u6e05\u6d01\u5242-1-300x300.jpg",300,300,true],"medium":["https:\/\/williamweir.com\/wp-content\/uploads\/2024\/10\/\u767d\u978b\u6e05\u6d01\u5242-1-600x600.jpg",600,600,true],"medium_large":["https:\/\/williamweir.com\/wp-content\/uploads\/2024\/10\/\u767d\u978b\u6e05\u6d01\u5242-1-768x768.jpg",768,768,true],"large":["https:\/\/williamweir.com\/wp-content\/uploads\/2024\/10\/\u767d\u978b\u6e05\u6d01\u5242-1.jpg",1000,1000,false],"1536x1536":["https:\/\/williamweir.com\/wp-content\/uploads\/2024\/10\/\u767d\u978b\u6e05\u6d01\u5242-1.jpg",1000,1000,false],"2048x2048":["https:\/\/williamweir.com\/wp-content\/uploads\/2024\/10\/\u767d\u978b\u6e05\u6d01\u5242-1.jpg",1000,1000,false],"trp-custom-language-flag":["https:\/\/williamweir.com\/wp-content\/uploads\/2024\/10\/\u767d\u978b\u6e05\u6d01\u5242-1-12x12.jpg",12,12,true],"woocommerce_thumbnail":["https:\/\/williamweir.com\/wp-content\/uploads\/2024\/10\/\u767d\u978b\u6e05\u6d01\u5242-1-600x600.jpg",600,600,true],"woocommerce_single":["https:\/\/williamweir.com\/wp-content\/uploads\/2024\/10\/\u767d\u978b\u6e05\u6d01\u5242-1-600x600.jpg",600,600,true],"woocommerce_gallery_thumbnail":["https:\/\/williamweir.com\/wp-content\/uploads\/2024\/10\/\u767d\u978b\u6e05\u6d01\u5242-1-100x100.jpg",100,100,true]},"uagb_author_info":{"display_name":"wlwer","author_link":"https:\/\/williamweir.com\/fr\/author\/"},"uagb_comment_info":0,"uagb_excerpt":"Our factory provides OEM\/ODM processing services, we can tailor products for you; Our MOQ is low, generally the minimum quantity is 1000 bottles can be produced; Our products are inexpensive, excellent product quality, in line with any national laws and regulations and customer needs! \u00a0 \u00a0 \u00a0 We also offer the following services \u00a0 Cross-border\u2026","_links":{"self":[{"href":"https:\/\/williamweir.com\/fr\/wp-json\/wp\/v2\/product\/5380"}],"collection":[{"href":"https:\/\/williamweir.com\/fr\/wp-json\/wp\/v2\/product"}],"about":[{"href":"https:\/\/williamweir.com\/fr\/wp-json\/wp\/v2\/types\/product"}],"version-history":[{"count":5,"href":"https:\/\/williamweir.com\/fr\/wp-json\/wp\/v2\/product\/5380\/revisions"}],"predecessor-version":[{"id":8308,"href":"https:\/\/williamweir.com\/fr\/wp-json\/wp\/v2\/product\/5380\/revisions\/8308"}],"wp:featuredmedia":[{"embeddable":true,"href":"https:\/\/williamweir.com\/fr\/wp-json\/wp\/v2\/media\/5381"}],"wp:attachment":[{"href":"https:\/\/williamweir.com\/fr\/wp-json\/wp\/v2\/media?parent=5380"}],"wp:term":[{"taxonomy":"product_brand","embeddable":true,"href":"https:\/\/williamweir.com\/fr\/wp-json\/wp\/v2\/product_brand?post=5380"},{"taxonomy":"product_cat","embeddable":true,"href":"https:\/\/williamweir.com\/fr\/wp-json\/wp\/v2\/product_cat?post=5380"},{"taxonomy":"product_tag","embeddable":true,"href":"https:\/\/williamweir.com\/fr\/wp-json\/wp\/v2\/product_tag?post=5380"}],"curies":[{"name":"wp","href":"https:\/\/api.w.org\/{rel}","templated":true}]}}