{"id":5342,"date":"2024-10-30T06:36:01","date_gmt":"2024-10-30T06:36:01","guid":{"rendered":"https:\/\/williamweir.com\/?post_type=product&#038;p=5342"},"modified":"2025-05-24T01:46:52","modified_gmt":"2025-05-24T01:46:52","slug":"jewelry-cleaner","status":"publish","type":"product","link":"https:\/\/williamweir.com\/fr\/produit\/jewelry-cleaner\/","title":{"rendered":"Nettoyant pour bijoux"},"content":{"rendered":"<p align=\"justify\"><strong>Code produit<\/strong><strong>\uff1a<\/strong><strong>2<\/strong><strong>783<\/strong><\/p>\n<p><strong>I. Pr\u00e9sentation du produit<\/strong><\/p>\n<p>Ce produit est un produit de nettoyage tr\u00e8s efficace, sp\u00e9cialement con\u00e7u pour nettoyer diff\u00e9rents types de bijoux. Qu'il s'agisse de bijoux en or, en argent, en diamants, en pierres pr\u00e9cieuses ou en perles, il peut \u00e9liminer efficacement la salet\u00e9 et les couches d'oxyde et restaurer l'\u00e9clat d'origine des bijoux.<\/p>\n<p><strong>II. Caract\u00e9ristiques du produit<\/strong><\/p>\n<ol>\n<li>Nettoyage puissant : Contient des ingr\u00e9dients nettoyants sp\u00e9ciaux qui peuvent rapidement dissoudre la salet\u00e9, la graisse et la poussi\u00e8re \u00e0 la surface des bijoux et leur redonner un aspect neuf.<\/li>\n<li>Formule douce : Adopte une formule douce qui n'endommage pas les bijoux et prot\u00e8ge le mat\u00e9riau et l'\u00e9clat des bijoux.<\/li>\n<li>\u00c9limine l'oxydation : \u00c9limine efficacement la couche d'oxyde \u00e0 la surface des bijoux pour \u00e9viter qu'ils ne changent de couleur et ne perdent de leur \u00e9clat.<\/li>\n<li>Largement applicable : Convient aux bijoux de divers mat\u00e9riaux, y compris les m\u00e9taux pr\u00e9cieux, les pierres pr\u00e9cieuses et les perles.<\/li>\n<li>Pratique et rapide : Facile \u00e0 utiliser. Il suffit de tremper les bijoux dans le nettoyant ou de les essuyer avec le nettoyant pour nettoyer rapidement les bijoux.<\/li>\n<\/ol>\n<p><strong>III. M\u00e9thodes d'utilisation<\/strong><\/p>\n<ol>\n<li>M\u00e9thode de trempage : Placez les bijoux dans un r\u00e9cipient, versez une quantit\u00e9 appropri\u00e9e de nettoyant pour bijoux afin de vous assurer que les bijoux sont compl\u00e8tement immerg\u00e9s. Le temps de trempage d\u00e9pend du degr\u00e9 de salet\u00e9 du bijou ; il est g\u00e9n\u00e9ralement de 5 \u00e0 10 minutes. Apr\u00e8s le trempage, frottez doucement le bijou avec une brosse douce, puis rincez-le \u00e0 l'eau claire et s\u00e9chez-le avec un chiffon doux et propre.<\/li>\n<li>M\u00e9thode d'essuyage : Versez une petite quantit\u00e9 de nettoyant pour bijoux sur un chiffon doux et propre, puis essuyez d\u00e9licatement la surface du bijou. Pour les zones difficiles \u00e0 nettoyer, une brosse douce peut \u00eatre utilis\u00e9e pour le nettoyage auxiliaire. Apr\u00e8s l'essuyage, rincez \u00e0 l'eau claire et s\u00e9chez avec un chiffon doux et propre.<\/li>\n<\/ol>\n<p><strong>IV. Les pr\u00e9cautions \u00e0 prendre<\/strong><\/p>\n<ol>\n<li>\u00c9viter le contact avec les yeux : Si le nettoyant entre accidentellement en contact avec les yeux, rincer imm\u00e9diatement et abondamment \u00e0 l'eau claire et consulter rapidement un m\u00e9decin.<\/li>\n<li>Tenir \u00e0 l'\u00e9cart des enfants : Placez le nettoyant pour bijoux dans un endroit o\u00f9 les enfants ne peuvent pas l'atteindre facilement afin d'\u00e9viter toute ingestion ou contact accidentel.<\/li>\n<li>Utiliser selon les instructions : Utilisez le nettoyant pour bijoux en suivant scrupuleusement les instructions du produit. N'utilisez pas de quantit\u00e9s excessives et ne laissez pas tremper les bijoux pendant une longue p\u00e9riode pour \u00e9viter de les endommager.<\/li>\n<li>A utiliser avec pr\u00e9caution pour les mat\u00e9riaux sp\u00e9ciaux : Pour certains bijoux fabriqu\u00e9s avec des mat\u00e9riaux sp\u00e9ciaux tels que les perles et l'ambre, tester d'abord sur une zone peu visible pour confirmer qu'il n'y a pas de r\u00e9actions ind\u00e9sirables avant de l'utiliser.<\/li>\n<li>Conserver dans un endroit frais et sec : Conservez le nettoyeur de bijoux dans un endroit frais et sec, en \u00e9vitant la lumi\u00e8re directe du soleil et les temp\u00e9ratures \u00e9lev\u00e9es.<\/li>\n<\/ol>","protected":false},"excerpt":{"rendered":"<p>Notre usine fournit des services de traitement OEM\/ODM, nous pouvons concevoir des produits sur mesure pour vous ; Notre MOQ est faible, g\u00e9n\u00e9ralement la quantit\u00e9 minimale est de 1000 bouteilles peuvent \u00eatre produites ; Nos produits sont peu co\u00fbteux, d'excellente qualit\u00e9, en conformit\u00e9 avec toutes les lois et r\u00e9glementations nationales et les besoins des clients !<\/p>\n<h3><strong>\u00a0 \u00a0 \u00a0 Nous proposons \u00e9galement les services suivants<\/strong><\/h3>\n<h4><strong><img decoding=\"async\" class=\"emoji\" role=\"img\" draggable=\"false\" src=\"https:\/\/s.w.org\/images\/core\/emoji\/15.0.3\/svg\/2714.svg\" alt=\"\u2714\" \/>\u00a0 Source transfrontali\u00e8re\u00a0 \u00a0 \u00a0 \u00a0 \u00a0\u00a0<img decoding=\"async\" class=\"emoji\" role=\"img\" draggable=\"false\" src=\"https:\/\/s.w.org\/images\/core\/emoji\/15.0.3\/svg\/2714.svg\" alt=\"\u2714\" \/>\u00a0 Personnalisation du support<\/strong><\/h4>\n<h4><strong><img decoding=\"async\" class=\"emoji\" role=\"img\" draggable=\"false\" src=\"https:\/\/s.w.org\/images\/core\/emoji\/15.0.3\/svg\/2714.svg\" alt=\"\u2714\" \/>\u00a0 Usine source\u00a0 \u00a0 \u00a0 \u00a0 \u00a0 \u00a0 \u00a0 \u00a0 \u00a0 \u00a0 \u00a0 \u00a0<img decoding=\"async\" class=\"emoji\" role=\"img\" draggable=\"false\" src=\"https:\/\/s.w.org\/images\/core\/emoji\/15.0.3\/svg\/2714.svg\" alt=\"\u2714\" \/>\u00a0 D\u00e9veloppement de produits<\/strong><\/h4>\n<h4><strong><img decoding=\"async\" class=\"emoji\" role=\"img\" draggable=\"false\" src=\"https:\/\/s.w.org\/images\/core\/emoji\/15.0.3\/svg\/2714.svg\" alt=\"\u2714\" \/>\u00a0 Adaptation \u00e0 l'\u00e9chantillon\u00a0 \u00a0 \u00a0 \u00a0 \u00a0 \u00a0 \u00a0 \u00a0 \u00a0 \u00a0\u00a0<img decoding=\"async\" class=\"emoji\" role=\"img\" draggable=\"false\" src=\"https:\/\/s.w.org\/images\/core\/emoji\/15.0.3\/svg\/2714.svg\" alt=\"\u2714\" \/>\u00a0 Autorisation de la marque<\/strong><\/h4>\n<p>&nbsp;<\/p>\n<h2 style=\"text-align: left;\"><strong>Questions ou commentaires ? <\/strong><\/h2>\n<h2 style=\"text-align: left;\"><strong>wlwer@williamweir.com<\/strong><\/h2>\n<h4><strong>\u00a0<\/strong><\/h4>","protected":false},"featured_media":5343,"template":"","meta":{"_uag_custom_page_level_css":"","site-sidebar-layout":"default","site-content-layout":"","ast-site-content-layout":"default","site-content-style":"default","site-sidebar-style":"default","ast-global-header-display":"","ast-banner-title-visibility":"","ast-main-header-display":"","ast-hfb-above-header-display":"","ast-hfb-below-header-display":"","ast-hfb-mobile-header-display":"","site-post-title":"","ast-breadcrumbs-content":"","ast-featured-img":"","footer-sml-layout":"","theme-transparent-header-meta":"default","adv-header-id-meta":"","stick-header-meta":"","header-above-stick-meta":"","header-main-stick-meta":"","header-below-stick-meta":"","astra-migrate-meta-layouts":"set","ast-page-background-enabled":"default","ast-page-background-meta":{"desktop":{"background-color":"","background-image":"","background-repeat":"repeat","background-position":"center center","background-size":"auto","background-attachment":"scroll","background-type":"","background-media":"","overlay-type":"","overlay-color":"","overlay-opacity":"","overlay-gradient":""},"tablet":{"background-color":"","background-image":"","background-repeat":"repeat","background-position":"center center","background-size":"auto","background-attachment":"scroll","background-type":"","background-media":"","overlay-type":"","overlay-color":"","overlay-opacity":"","overlay-gradient":""},"mobile":{"background-color":"","background-image":"","background-repeat":"repeat","background-position":"center center","background-size":"auto","background-attachment":"scroll","background-type":"","background-media":"","overlay-type":"","overlay-color":"","overlay-opacity":"","overlay-gradient":""}},"ast-content-background-meta":{"desktop":{"background-color":"var(--ast-global-color-5)","background-image":"","background-repeat":"repeat","background-position":"center center","background-size":"auto","background-attachment":"scroll","background-type":"","background-media":"","overlay-type":"","overlay-color":"","overlay-opacity":"","overlay-gradient":""},"tablet":{"background-color":"var(--ast-global-color-5)","background-image":"","background-repeat":"repeat","background-position":"center center","background-size":"auto","background-attachment":"scroll","background-type":"","background-media":"","overlay-type":"","overlay-color":"","overlay-opacity":"","overlay-gradient":""},"mobile":{"background-color":"var(--ast-global-color-5)","background-image":"","background-repeat":"repeat","background-position":"center center","background-size":"auto","background-attachment":"scroll","background-type":"","background-media":"","overlay-type":"","overlay-color":"","overlay-opacity":"","overlay-gradient":""}}},"product_brand":[],"product_cat":[81],"product_tag":[166],"class_list":{"0":"post-5342","1":"product","2":"type-product","3":"status-publish","4":"has-post-thumbnail","6":"product_cat-special-goods-cleaning-and-maintenance-series","7":"product_tag-jewelry-cleaner","8":"desktop-align-center","9":"tablet-align-left","10":"mobile-align-left","11":"ast-product-gallery-layout-horizontal-slider","12":"ast-product-gallery-with-no-image","13":"ast-product-tabs-layout-horizontal","15":"first","16":"instock","17":"featured","18":"shipping-taxable","19":"product-type-simple"},"aioseo_notices":[],"uagb_featured_image_src":{"full":["https:\/\/williamweir.com\/wp-content\/uploads\/2024\/10\/\u9996\u9970\u6e05\u6d01\u5242.jpg",800,800,false],"thumbnail":["https:\/\/williamweir.com\/wp-content\/uploads\/2024\/10\/\u9996\u9970\u6e05\u6d01\u5242-300x300.jpg",300,300,true],"medium":["https:\/\/williamweir.com\/wp-content\/uploads\/2024\/10\/\u9996\u9970\u6e05\u6d01\u5242-600x600.jpg",600,600,true],"medium_large":["https:\/\/williamweir.com\/wp-content\/uploads\/2024\/10\/\u9996\u9970\u6e05\u6d01\u5242-768x768.jpg",768,768,true],"large":["https:\/\/williamweir.com\/wp-content\/uploads\/2024\/10\/\u9996\u9970\u6e05\u6d01\u5242.jpg",800,800,false],"1536x1536":["https:\/\/williamweir.com\/wp-content\/uploads\/2024\/10\/\u9996\u9970\u6e05\u6d01\u5242.jpg",800,800,false],"2048x2048":["https:\/\/williamweir.com\/wp-content\/uploads\/2024\/10\/\u9996\u9970\u6e05\u6d01\u5242.jpg",800,800,false],"trp-custom-language-flag":["https:\/\/williamweir.com\/wp-content\/uploads\/2024\/10\/\u9996\u9970\u6e05\u6d01\u5242-12x12.jpg",12,12,true],"woocommerce_thumbnail":["https:\/\/williamweir.com\/wp-content\/uploads\/2024\/10\/\u9996\u9970\u6e05\u6d01\u5242-600x600.jpg",600,600,true],"woocommerce_single":["https:\/\/williamweir.com\/wp-content\/uploads\/2024\/10\/\u9996\u9970\u6e05\u6d01\u5242-600x600.jpg",600,600,true],"woocommerce_gallery_thumbnail":["https:\/\/williamweir.com\/wp-content\/uploads\/2024\/10\/\u9996\u9970\u6e05\u6d01\u5242-100x100.jpg",100,100,true]},"uagb_author_info":{"display_name":"wlwer","author_link":"https:\/\/williamweir.com\/fr\/author\/"},"uagb_comment_info":0,"uagb_excerpt":"Our factory provides OEM\/ODM processing services, we can tailor products for you; Our MOQ is low, generally the minimum quantity is 1000 bottles can be produced; Our products are inexpensive, excellent product quality, in line with any national laws and regulations and customer needs! \u00a0 \u00a0 \u00a0 We also offer the following services \u00a0 Cross-border\u2026","_links":{"self":[{"href":"https:\/\/williamweir.com\/fr\/wp-json\/wp\/v2\/product\/5342"}],"collection":[{"href":"https:\/\/williamweir.com\/fr\/wp-json\/wp\/v2\/product"}],"about":[{"href":"https:\/\/williamweir.com\/fr\/wp-json\/wp\/v2\/types\/product"}],"version-history":[{"count":4,"href":"https:\/\/williamweir.com\/fr\/wp-json\/wp\/v2\/product\/5342\/revisions"}],"predecessor-version":[{"id":8284,"href":"https:\/\/williamweir.com\/fr\/wp-json\/wp\/v2\/product\/5342\/revisions\/8284"}],"wp:featuredmedia":[{"embeddable":true,"href":"https:\/\/williamweir.com\/fr\/wp-json\/wp\/v2\/media\/5343"}],"wp:attachment":[{"href":"https:\/\/williamweir.com\/fr\/wp-json\/wp\/v2\/media?parent=5342"}],"wp:term":[{"taxonomy":"product_brand","embeddable":true,"href":"https:\/\/williamweir.com\/fr\/wp-json\/wp\/v2\/product_brand?post=5342"},{"taxonomy":"product_cat","embeddable":true,"href":"https:\/\/williamweir.com\/fr\/wp-json\/wp\/v2\/product_cat?post=5342"},{"taxonomy":"product_tag","embeddable":true,"href":"https:\/\/williamweir.com\/fr\/wp-json\/wp\/v2\/product_tag?post=5342"}],"curies":[{"name":"wp","href":"https:\/\/api.w.org\/{rel}","templated":true}]}}