{"id":5336,"date":"2024-10-30T06:29:04","date_gmt":"2024-10-30T06:29:04","guid":{"rendered":"https:\/\/williamweir.com\/?post_type=product&#038;p=5336"},"modified":"2025-05-24T01:45:57","modified_gmt":"2025-05-24T01:45:57","slug":"adhesive-remover","status":"publish","type":"product","link":"https:\/\/williamweir.com\/fr\/produit\/adhesive-remover\/","title":{"rendered":"Dissolvant d'adh\u00e9sif"},"content":{"rendered":"<p align=\"justify\"><strong>Code produit<\/strong><strong>\uff1a<\/strong><strong>2<\/strong><strong>769<\/strong><\/p>\n<p><strong>I. Pr\u00e9sentation du produit<\/strong><\/p>\n<p>Ce produit est un produit de nettoyage tr\u00e8s efficace sp\u00e9cialement con\u00e7u pour \u00e9liminer divers r\u00e9sidus d'adh\u00e9sifs. Qu'il s'agisse d'autocollants ou de r\u00e9sidus d'adh\u00e9sifs double face dans la vie quotidienne, ou de traces de colle laiss\u00e9es dans la production industrielle, il peut les \u00e9liminer rapidement et efficacement et redonner \u00e0 la surface des objets un aspect propre et net.<\/p>\n<p><strong>II. Caract\u00e9ristiques du produit<\/strong><\/p>\n<ol>\n<li>D\u00e9collement puissant de l'adh\u00e9sif : Il peut p\u00e9n\u00e9trer rapidement dans la couche d'adh\u00e9sif et d\u00e9composer la structure de l'adh\u00e9sif, ce qui permet \u00e0 ce dernier de se d\u00e9tacher facilement de la surface de l'objet.<\/li>\n<li>Large champ d'application : Il peut \u00eatre utilis\u00e9 pour \u00e9liminer les traces d'adh\u00e9sif sur les surfaces de divers mat\u00e9riaux tels que le verre, le m\u00e9tal, le plastique, le bois et la c\u00e9ramique, sans endommager ces mat\u00e9riaux.<\/li>\n<li>Odeur l\u00e9g\u00e8re : Compar\u00e9 aux dissolvants d'adh\u00e9sifs traditionnels, ce produit a une odeur relativement douce. Lors de son utilisation, il ne produira pas d'odeur fortement irritante et est relativement respectueux du corps humain et de l'environnement.<\/li>\n<\/ol>\n<p><strong>III. M\u00e9thodes d'utilisation<\/strong><\/p>\n<ol>\n<li>Il faut d'abord s'assurer que la surface \u00e0 d\u00e9coller est propre, s\u00e8che et exempte de poussi\u00e8re et d'impuret\u00e9s.<\/li>\n<li>Bien agiter le dissolvant, puis orienter la buse vers la trace de l'adh\u00e9sif et pulv\u00e9riser le dissolvant uniform\u00e9ment pour couvrir enti\u00e8rement la trace de l'adh\u00e9sif.<\/li>\n<li>Attendre 1 \u00e0 3 minutes pour permettre au dissolvant de p\u00e9n\u00e9trer compl\u00e8tement et de d\u00e9composer la trace de colle. Pour les traces de colle plus tenaces, le temps d'attente peut \u00eatre prolong\u00e9 de mani\u00e8re appropri\u00e9e.<\/li>\n<li>Essuyez ou grattez d\u00e9licatement la trace de colle ramollie \u00e0 l'aide d'un chiffon propre, de papier de soie ou d'un grattoir. Si la trace d'adh\u00e9sif n'est pas compl\u00e8tement enlev\u00e9e, r\u00e9p\u00e9tez les \u00e9tapes ci-dessus.<\/li>\n<li>Une fois le d\u00e9collage termin\u00e9, essuyez la zone d\u00e9coll\u00e9e avec de l'eau propre ou un chiffon humide pour \u00e9liminer les r\u00e9sidus de d\u00e9capant.<\/li>\n<\/ol>\n<p><strong>IV. Les pr\u00e9cautions \u00e0 prendre<\/strong><\/p>\n<ol>\n<li>\u00c9viter le contact avec les yeux : Pendant l'utilisation, \u00e9viter tout contact direct avec les yeux. En cas de contact accidentel, rincer imm\u00e9diatement et abondamment \u00e0 l'eau claire et consulter rapidement un m\u00e9decin.<\/li>\n<li>Bonne ventilation : Lors de l'utilisation du dissolvant d'adh\u00e9sif, veillez \u00e0 une bonne ventilation du lieu d'utilisation afin de r\u00e9duire l'accumulation d'odeurs et l'impact des produits chimiques sur le corps humain.<\/li>\n<li>S\u00e9curit\u00e9 des enfants : Veuillez placer le dissolvant d'adh\u00e9sif dans un endroit o\u00f9 les enfants ne peuvent pas l'atteindre facilement afin d'\u00e9viter qu'ils ne le mangent ou ne le touchent accidentellement.<\/li>\n<li>Test de compatibilit\u00e9 : Avant d'effectuer des op\u00e9rations de d\u00e9collage sur des mat\u00e9riaux sp\u00e9ciaux ou des objets de valeur, il est recommand\u00e9 d'effectuer un test sur une petite surface discr\u00e8te afin de s'assurer que le d\u00e9colleur ne les endommagera pas.<\/li>\n<\/ol>","protected":false},"excerpt":{"rendered":"<p>Notre usine fournit des services de traitement OEM\/ODM, nous pouvons concevoir des produits sur mesure pour vous ; Notre MOQ est faible, g\u00e9n\u00e9ralement la quantit\u00e9 minimale est de 1000 bouteilles peuvent \u00eatre produites ; Nos produits sont peu co\u00fbteux, d'excellente qualit\u00e9, en conformit\u00e9 avec toutes les lois et r\u00e9glementations nationales et les besoins des clients !<\/p>\n<h3><strong>\u00a0 \u00a0 \u00a0 Nous proposons \u00e9galement les services suivants<\/strong><\/h3>\n<h4><strong><img decoding=\"async\" class=\"emoji\" role=\"img\" draggable=\"false\" src=\"https:\/\/s.w.org\/images\/core\/emoji\/15.0.3\/svg\/2714.svg\" alt=\"\u2714\" \/>\u00a0 Source transfrontali\u00e8re\u00a0 \u00a0 \u00a0 \u00a0 \u00a0\u00a0<img decoding=\"async\" class=\"emoji\" role=\"img\" draggable=\"false\" src=\"https:\/\/s.w.org\/images\/core\/emoji\/15.0.3\/svg\/2714.svg\" alt=\"\u2714\" \/>\u00a0 Personnalisation du support<\/strong><\/h4>\n<h4><strong><img decoding=\"async\" class=\"emoji\" role=\"img\" draggable=\"false\" src=\"https:\/\/s.w.org\/images\/core\/emoji\/15.0.3\/svg\/2714.svg\" alt=\"\u2714\" \/>\u00a0 Usine source\u00a0 \u00a0 \u00a0 \u00a0 \u00a0 \u00a0 \u00a0 \u00a0 \u00a0 \u00a0 \u00a0 \u00a0<img decoding=\"async\" class=\"emoji\" role=\"img\" draggable=\"false\" src=\"https:\/\/s.w.org\/images\/core\/emoji\/15.0.3\/svg\/2714.svg\" alt=\"\u2714\" \/>\u00a0 D\u00e9veloppement de produits<\/strong><\/h4>\n<h4><strong><img decoding=\"async\" class=\"emoji\" role=\"img\" draggable=\"false\" src=\"https:\/\/s.w.org\/images\/core\/emoji\/15.0.3\/svg\/2714.svg\" alt=\"\u2714\" \/>\u00a0 Adaptation \u00e0 l'\u00e9chantillon\u00a0 \u00a0 \u00a0 \u00a0 \u00a0 \u00a0 \u00a0 \u00a0 \u00a0 \u00a0\u00a0<img decoding=\"async\" class=\"emoji\" role=\"img\" draggable=\"false\" src=\"https:\/\/s.w.org\/images\/core\/emoji\/15.0.3\/svg\/2714.svg\" alt=\"\u2714\" \/>\u00a0 Autorisation de la marque<\/strong><\/h4>\n<p>&nbsp;<\/p>\n<h2 style=\"text-align: left;\"><strong>Questions ou commentaires ? <\/strong><\/h2>\n<h2 style=\"text-align: left;\"><strong>wlwer@williamweir.com<\/strong><\/h2>\n<h4><strong>\u00a0<\/strong><\/h4>","protected":false},"featured_media":5337,"template":"","meta":{"_uag_custom_page_level_css":"","site-sidebar-layout":"default","site-content-layout":"","ast-site-content-layout":"default","site-content-style":"default","site-sidebar-style":"default","ast-global-header-display":"","ast-banner-title-visibility":"","ast-main-header-display":"","ast-hfb-above-header-display":"","ast-hfb-below-header-display":"","ast-hfb-mobile-header-display":"","site-post-title":"","ast-breadcrumbs-content":"","ast-featured-img":"","footer-sml-layout":"","theme-transparent-header-meta":"default","adv-header-id-meta":"","stick-header-meta":"","header-above-stick-meta":"","header-main-stick-meta":"","header-below-stick-meta":"","astra-migrate-meta-layouts":"set","ast-page-background-enabled":"default","ast-page-background-meta":{"desktop":{"background-color":"","background-image":"","background-repeat":"repeat","background-position":"center center","background-size":"auto","background-attachment":"scroll","background-type":"","background-media":"","overlay-type":"","overlay-color":"","overlay-opacity":"","overlay-gradient":""},"tablet":{"background-color":"","background-image":"","background-repeat":"repeat","background-position":"center center","background-size":"auto","background-attachment":"scroll","background-type":"","background-media":"","overlay-type":"","overlay-color":"","overlay-opacity":"","overlay-gradient":""},"mobile":{"background-color":"","background-image":"","background-repeat":"repeat","background-position":"center center","background-size":"auto","background-attachment":"scroll","background-type":"","background-media":"","overlay-type":"","overlay-color":"","overlay-opacity":"","overlay-gradient":""}},"ast-content-background-meta":{"desktop":{"background-color":"var(--ast-global-color-5)","background-image":"","background-repeat":"repeat","background-position":"center center","background-size":"auto","background-attachment":"scroll","background-type":"","background-media":"","overlay-type":"","overlay-color":"","overlay-opacity":"","overlay-gradient":""},"tablet":{"background-color":"var(--ast-global-color-5)","background-image":"","background-repeat":"repeat","background-position":"center center","background-size":"auto","background-attachment":"scroll","background-type":"","background-media":"","overlay-type":"","overlay-color":"","overlay-opacity":"","overlay-gradient":""},"mobile":{"background-color":"var(--ast-global-color-5)","background-image":"","background-repeat":"repeat","background-position":"center center","background-size":"auto","background-attachment":"scroll","background-type":"","background-media":"","overlay-type":"","overlay-color":"","overlay-opacity":"","overlay-gradient":""}}},"product_brand":[],"product_cat":[81],"product_tag":[164],"class_list":{"0":"post-5336","1":"product","2":"type-product","3":"status-publish","4":"has-post-thumbnail","6":"product_cat-special-goods-cleaning-and-maintenance-series","7":"product_tag-adhesive-remover","8":"desktop-align-center","9":"tablet-align-left","10":"mobile-align-left","11":"ast-product-gallery-layout-horizontal-slider","12":"ast-product-gallery-with-no-image","13":"ast-product-tabs-layout-horizontal","15":"first","16":"instock","17":"featured","18":"shipping-taxable","19":"product-type-simple"},"aioseo_notices":[],"uagb_featured_image_src":{"full":["https:\/\/williamweir.com\/wp-content\/uploads\/2024\/10\/\u9664\u80f6\u5242.jpg",800,800,false],"thumbnail":["https:\/\/williamweir.com\/wp-content\/uploads\/2024\/10\/\u9664\u80f6\u5242-300x300.jpg",300,300,true],"medium":["https:\/\/williamweir.com\/wp-content\/uploads\/2024\/10\/\u9664\u80f6\u5242-600x600.jpg",600,600,true],"medium_large":["https:\/\/williamweir.com\/wp-content\/uploads\/2024\/10\/\u9664\u80f6\u5242-768x768.jpg",768,768,true],"large":["https:\/\/williamweir.com\/wp-content\/uploads\/2024\/10\/\u9664\u80f6\u5242.jpg",800,800,false],"1536x1536":["https:\/\/williamweir.com\/wp-content\/uploads\/2024\/10\/\u9664\u80f6\u5242.jpg",800,800,false],"2048x2048":["https:\/\/williamweir.com\/wp-content\/uploads\/2024\/10\/\u9664\u80f6\u5242.jpg",800,800,false],"trp-custom-language-flag":["https:\/\/williamweir.com\/wp-content\/uploads\/2024\/10\/\u9664\u80f6\u5242-12x12.jpg",12,12,true],"woocommerce_thumbnail":["https:\/\/williamweir.com\/wp-content\/uploads\/2024\/10\/\u9664\u80f6\u5242-600x600.jpg",600,600,true],"woocommerce_single":["https:\/\/williamweir.com\/wp-content\/uploads\/2024\/10\/\u9664\u80f6\u5242-600x600.jpg",600,600,true],"woocommerce_gallery_thumbnail":["https:\/\/williamweir.com\/wp-content\/uploads\/2024\/10\/\u9664\u80f6\u5242-100x100.jpg",100,100,true]},"uagb_author_info":{"display_name":"wlwer","author_link":"https:\/\/williamweir.com\/fr\/author\/"},"uagb_comment_info":0,"uagb_excerpt":"Our factory provides OEM\/ODM processing services, we can tailor products for you; Our MOQ is low, generally the minimum quantity is 1000 bottles can be produced; Our products are inexpensive, excellent product quality, in line with any national laws and regulations and customer needs! \u00a0 \u00a0 \u00a0 We also offer the following services \u00a0 Cross-border\u2026","_links":{"self":[{"href":"https:\/\/williamweir.com\/fr\/wp-json\/wp\/v2\/product\/5336"}],"collection":[{"href":"https:\/\/williamweir.com\/fr\/wp-json\/wp\/v2\/product"}],"about":[{"href":"https:\/\/williamweir.com\/fr\/wp-json\/wp\/v2\/types\/product"}],"version-history":[{"count":5,"href":"https:\/\/williamweir.com\/fr\/wp-json\/wp\/v2\/product\/5336\/revisions"}],"predecessor-version":[{"id":8286,"href":"https:\/\/williamweir.com\/fr\/wp-json\/wp\/v2\/product\/5336\/revisions\/8286"}],"wp:featuredmedia":[{"embeddable":true,"href":"https:\/\/williamweir.com\/fr\/wp-json\/wp\/v2\/media\/5337"}],"wp:attachment":[{"href":"https:\/\/williamweir.com\/fr\/wp-json\/wp\/v2\/media?parent=5336"}],"wp:term":[{"taxonomy":"product_brand","embeddable":true,"href":"https:\/\/williamweir.com\/fr\/wp-json\/wp\/v2\/product_brand?post=5336"},{"taxonomy":"product_cat","embeddable":true,"href":"https:\/\/williamweir.com\/fr\/wp-json\/wp\/v2\/product_cat?post=5336"},{"taxonomy":"product_tag","embeddable":true,"href":"https:\/\/williamweir.com\/fr\/wp-json\/wp\/v2\/product_tag?post=5336"}],"curies":[{"name":"wp","href":"https:\/\/api.w.org\/{rel}","templated":true}]}}