{"id":5333,"date":"2024-10-30T06:21:15","date_gmt":"2024-10-30T06:21:15","guid":{"rendered":"https:\/\/williamweir.com\/?post_type=product&#038;p=5333"},"modified":"2025-05-24T01:46:07","modified_gmt":"2025-05-24T01:46:07","slug":"refrigerator-defrosting-and-deicing-agent","status":"publish","type":"product","link":"https:\/\/williamweir.com\/fr\/produit\/refrigerator-defrosting-and-deicing-agent\/","title":{"rendered":"Agent de d\u00e9givrage et de d\u00e9gla\u00e7age du r\u00e9frig\u00e9rateur"},"content":{"rendered":"<p align=\"justify\"><strong>Code produit<\/strong><strong>\uff1a<\/strong><strong>2<\/strong><strong>813<\/strong><\/p>\n<p><strong>I. Pr\u00e9sentation du produit<\/strong><\/p>\n<p>Ce produit est un produit pratique sp\u00e9cialement con\u00e7u pour \u00e9liminer rapidement les couches de glace dans les r\u00e9frig\u00e9rateurs. Il peut dissoudre efficacement la couche de glace et permettre au r\u00e9frig\u00e9rateur de retrouver rapidement une fonction de refroidissement normale, ce qui vous permet d'\u00e9conomiser du temps et de l'\u00e9nergie.<\/p>\n<p><strong>II. Caract\u00e9ristiques du produit<\/strong><\/p>\n<ol>\n<li>D\u00e9givrage efficace : La formule unique peut p\u00e9n\u00e9trer rapidement dans la couche de glace, r\u00e9duire rapidement le point de cong\u00e9lation de la glace, faire fondre rapidement la couche de glace et r\u00e9duire consid\u00e9rablement le temps de d\u00e9gla\u00e7age.<\/li>\n<li>S\u00fbr et inoffensif : Il utilise des ingr\u00e9dients sans danger pour le corps humain et les mat\u00e9riaux internes du r\u00e9frig\u00e9rateur. Il n'endommagera pas les aliments, la paroi interne du r\u00e9frig\u00e9rateur et d'autres composants, et peut \u00eatre utilis\u00e9 en toute confiance.<\/li>\n<li>Odeur fra\u00eeche : il d\u00e9gage une l\u00e9g\u00e8re odeur fra\u00eeche. Pendant le processus de d\u00e9givrage, il ne produira pas d'odeur \u00e2cre et d\u00e9sagr\u00e9able, ce qui vous apportera une bonne exp\u00e9rience d'utilisation.<\/li>\n<li>Pratique \u00e0 utiliser : La conception de l'a\u00e9rosol permet une utilisation simple et pratique. Il suffit de pulv\u00e9riser le produit uniform\u00e9ment sur la couche de glace en la visant, puis de commencer le travail de d\u00e9gla\u00e7age.<\/li>\n<\/ol>\n<p><strong>III. M\u00e9thodes d'utilisation<\/strong><\/p>\n<ol>\n<li>Tout d'abord, sortez les aliments du r\u00e9frig\u00e9rateur et rangez-les correctement, puis \u00e9teignez le r\u00e9frig\u00e9rateur.<\/li>\n<li>Tenez la bombe de d\u00e9givrage, maintenez le corps de la bouteille \u00e0 la verticale et pulv\u00e9risez-la uniform\u00e9ment sur la surface de la couche de glace \u00e0 une distance d'environ 15 \u00e0 20 centim\u00e8tres de la couche de glace afin d'assurer une couverture compl\u00e8te de la couche de glace.<\/li>\n<li>Attendez quelques minutes pour que le spray d\u00e9givrant joue pleinement son r\u00f4le, et la couche de glace commencera \u00e0 fondre progressivement.<\/li>\n<li>Pour les couches de glace plus \u00e9paisses, vous pouvez vaporiser le produit de d\u00e9givrage plusieurs fois et retirer d\u00e9licatement les blocs de glace d\u00e9tach\u00e9s \u00e0 l'aide d'un grattoir en plastique ou d'un outil souple, mais veillez \u00e0 ne pas rayer la paroi int\u00e9rieure du r\u00e9frig\u00e9rateur.<\/li>\n<li>Lorsque la couche de glace est compl\u00e8tement \u00e9limin\u00e9e, essuyez l'int\u00e9rieur du r\u00e9frig\u00e9rateur avec un chiffon propre et humide pour \u00e9liminer l'humidit\u00e9 r\u00e9siduelle et le spray de d\u00e9givrage, puis s\u00e9chez-le avec un chiffon sec.<\/li>\n<\/ol>\n<p><strong>IV. Les pr\u00e9cautions \u00e0 prendre<\/strong><\/p>\n<ol>\n<li>\u00c9viter le contact avec les yeux : En cas de contact accidentel avec les yeux, rincer imm\u00e9diatement et abondamment \u00e0 l'eau claire et consulter rapidement un m\u00e9decin.<\/li>\n<li>Tenir \u00e0 l'\u00e9cart des enfants : Placez l'a\u00e9rosol de d\u00e9givrage dans un endroit inaccessible aux enfants afin d'\u00e9viter qu'ils ne le prennent par erreur et ne l'utilisent \u00e0 mauvais escient.<\/li>\n<li>Pr\u00e9venir l'ingestion accidentelle : Le spray d\u00e9givrant n'est pas comestible et doit \u00eatre \u00e9vit\u00e9 d'\u00eatre ing\u00e9r\u00e9 accidentellement.<\/li>\n<li>\u00c9viter les temp\u00e9ratures \u00e9lev\u00e9es et les sources de feu : L'a\u00e9rosol de d\u00e9givrage doit \u00eatre stock\u00e9 dans un endroit frais et sec, \u00e0 l'\u00e9cart des temp\u00e9ratures \u00e9lev\u00e9es et des sources de feu, afin d'\u00e9viter tout danger.<br \/>\nNe pas utiliser lorsque le r\u00e9frig\u00e9rateur est en marche : Vous devez d'abord \u00e9teindre le r\u00e9frig\u00e9rateur. Une fois le d\u00e9givrage termin\u00e9 et nettoy\u00e9, remettez le r\u00e9frig\u00e9rateur sous tension.<\/li>\n<\/ol>\n<p>&nbsp;<\/p>","protected":false},"excerpt":{"rendered":"<p>Notre usine fournit des services de traitement OEM\/ODM, nous pouvons concevoir des produits sur mesure pour vous ; Notre MOQ est faible, g\u00e9n\u00e9ralement la quantit\u00e9 minimale est de 1000 bouteilles peuvent \u00eatre produites ; Nos produits sont peu co\u00fbteux, d'excellente qualit\u00e9, en conformit\u00e9 avec toutes les lois et r\u00e9glementations nationales et les besoins des clients !<\/p>\n<h3><strong>\u00a0 \u00a0 \u00a0 Nous proposons \u00e9galement les services suivants<\/strong><\/h3>\n<h4><strong><img decoding=\"async\" class=\"emoji\" role=\"img\" draggable=\"false\" src=\"https:\/\/s.w.org\/images\/core\/emoji\/15.0.3\/svg\/2714.svg\" alt=\"\u2714\" \/>\u00a0 Source transfrontali\u00e8re\u00a0 \u00a0 \u00a0 \u00a0 \u00a0\u00a0<img decoding=\"async\" class=\"emoji\" role=\"img\" draggable=\"false\" src=\"https:\/\/s.w.org\/images\/core\/emoji\/15.0.3\/svg\/2714.svg\" alt=\"\u2714\" \/>\u00a0 Personnalisation du support<\/strong><\/h4>\n<h4><strong><img decoding=\"async\" class=\"emoji\" role=\"img\" draggable=\"false\" src=\"https:\/\/s.w.org\/images\/core\/emoji\/15.0.3\/svg\/2714.svg\" alt=\"\u2714\" \/>\u00a0 Usine source\u00a0 \u00a0 \u00a0 \u00a0 \u00a0 \u00a0 \u00a0 \u00a0 \u00a0 \u00a0 \u00a0 \u00a0<img decoding=\"async\" class=\"emoji\" role=\"img\" draggable=\"false\" src=\"https:\/\/s.w.org\/images\/core\/emoji\/15.0.3\/svg\/2714.svg\" alt=\"\u2714\" \/>\u00a0 D\u00e9veloppement de produits<\/strong><\/h4>\n<h4><strong><img decoding=\"async\" class=\"emoji\" role=\"img\" draggable=\"false\" src=\"https:\/\/s.w.org\/images\/core\/emoji\/15.0.3\/svg\/2714.svg\" alt=\"\u2714\" \/>\u00a0 Adaptation \u00e0 l'\u00e9chantillon\u00a0 \u00a0 \u00a0 \u00a0 \u00a0 \u00a0 \u00a0 \u00a0 \u00a0 \u00a0\u00a0<img decoding=\"async\" class=\"emoji\" role=\"img\" draggable=\"false\" src=\"https:\/\/s.w.org\/images\/core\/emoji\/15.0.3\/svg\/2714.svg\" alt=\"\u2714\" \/>\u00a0 Autorisation de la marque<\/p>\n<p><\/strong><\/h4>\n<h2 style=\"text-align: left;\"><strong>Questions ou commentaires ? <\/strong><\/h2>\n<h2 style=\"text-align: left;\"><strong>wlwer@williamweir.com<\/strong><\/h2>\n<h4><strong>\u00a0<\/strong><\/h4>","protected":false},"featured_media":5334,"template":"","meta":{"_uag_custom_page_level_css":"","site-sidebar-layout":"default","site-content-layout":"","ast-site-content-layout":"default","site-content-style":"default","site-sidebar-style":"default","ast-global-header-display":"","ast-banner-title-visibility":"","ast-main-header-display":"","ast-hfb-above-header-display":"","ast-hfb-below-header-display":"","ast-hfb-mobile-header-display":"","site-post-title":"","ast-breadcrumbs-content":"","ast-featured-img":"","footer-sml-layout":"","theme-transparent-header-meta":"default","adv-header-id-meta":"","stick-header-meta":"","header-above-stick-meta":"","header-main-stick-meta":"","header-below-stick-meta":"","astra-migrate-meta-layouts":"set","ast-page-background-enabled":"default","ast-page-background-meta":{"desktop":{"background-color":"","background-image":"","background-repeat":"repeat","background-position":"center center","background-size":"auto","background-attachment":"scroll","background-type":"","background-media":"","overlay-type":"","overlay-color":"","overlay-opacity":"","overlay-gradient":""},"tablet":{"background-color":"","background-image":"","background-repeat":"repeat","background-position":"center center","background-size":"auto","background-attachment":"scroll","background-type":"","background-media":"","overlay-type":"","overlay-color":"","overlay-opacity":"","overlay-gradient":""},"mobile":{"background-color":"","background-image":"","background-repeat":"repeat","background-position":"center center","background-size":"auto","background-attachment":"scroll","background-type":"","background-media":"","overlay-type":"","overlay-color":"","overlay-opacity":"","overlay-gradient":""}},"ast-content-background-meta":{"desktop":{"background-color":"var(--ast-global-color-5)","background-image":"","background-repeat":"repeat","background-position":"center center","background-size":"auto","background-attachment":"scroll","background-type":"","background-media":"","overlay-type":"","overlay-color":"","overlay-opacity":"","overlay-gradient":""},"tablet":{"background-color":"var(--ast-global-color-5)","background-image":"","background-repeat":"repeat","background-position":"center center","background-size":"auto","background-attachment":"scroll","background-type":"","background-media":"","overlay-type":"","overlay-color":"","overlay-opacity":"","overlay-gradient":""},"mobile":{"background-color":"var(--ast-global-color-5)","background-image":"","background-repeat":"repeat","background-position":"center center","background-size":"auto","background-attachment":"scroll","background-type":"","background-media":"","overlay-type":"","overlay-color":"","overlay-opacity":"","overlay-gradient":""}}},"product_brand":[],"product_cat":[80],"product_tag":[161,162,163],"class_list":{"0":"post-5333","1":"product","2":"type-product","3":"status-publish","4":"has-post-thumbnail","6":"product_cat-snow-melting-and-deicing-agent","7":"product_tag-deicing-agent","8":"product_tag-refrigerator-deicing-agent","9":"product_tag-snow-melting-agent","10":"desktop-align-center","11":"tablet-align-left","12":"mobile-align-left","13":"ast-product-gallery-layout-horizontal-slider","14":"ast-product-gallery-with-no-image","15":"ast-product-tabs-layout-horizontal","17":"first","18":"instock","19":"shipping-taxable","20":"product-type-simple"},"aioseo_notices":[],"uagb_featured_image_src":{"full":["https:\/\/williamweir.com\/wp-content\/uploads\/2024\/10\/120ml\u51b0\u7bb1\u9664\u971c\u9664\u51b0\u5242.jpg",800,800,false],"thumbnail":["https:\/\/williamweir.com\/wp-content\/uploads\/2024\/10\/120ml\u51b0\u7bb1\u9664\u971c\u9664\u51b0\u5242-300x300.jpg",300,300,true],"medium":["https:\/\/williamweir.com\/wp-content\/uploads\/2024\/10\/120ml\u51b0\u7bb1\u9664\u971c\u9664\u51b0\u5242-600x600.jpg",600,600,true],"medium_large":["https:\/\/williamweir.com\/wp-content\/uploads\/2024\/10\/120ml\u51b0\u7bb1\u9664\u971c\u9664\u51b0\u5242-768x768.jpg",768,768,true],"large":["https:\/\/williamweir.com\/wp-content\/uploads\/2024\/10\/120ml\u51b0\u7bb1\u9664\u971c\u9664\u51b0\u5242.jpg",800,800,false],"1536x1536":["https:\/\/williamweir.com\/wp-content\/uploads\/2024\/10\/120ml\u51b0\u7bb1\u9664\u971c\u9664\u51b0\u5242.jpg",800,800,false],"2048x2048":["https:\/\/williamweir.com\/wp-content\/uploads\/2024\/10\/120ml\u51b0\u7bb1\u9664\u971c\u9664\u51b0\u5242.jpg",800,800,false],"trp-custom-language-flag":["https:\/\/williamweir.com\/wp-content\/uploads\/2024\/10\/120ml\u51b0\u7bb1\u9664\u971c\u9664\u51b0\u5242-12x12.jpg",12,12,true],"woocommerce_thumbnail":["https:\/\/williamweir.com\/wp-content\/uploads\/2024\/10\/120ml\u51b0\u7bb1\u9664\u971c\u9664\u51b0\u5242-600x600.jpg",600,600,true],"woocommerce_single":["https:\/\/williamweir.com\/wp-content\/uploads\/2024\/10\/120ml\u51b0\u7bb1\u9664\u971c\u9664\u51b0\u5242-600x600.jpg",600,600,true],"woocommerce_gallery_thumbnail":["https:\/\/williamweir.com\/wp-content\/uploads\/2024\/10\/120ml\u51b0\u7bb1\u9664\u971c\u9664\u51b0\u5242-100x100.jpg",100,100,true]},"uagb_author_info":{"display_name":"wlwer","author_link":"https:\/\/williamweir.com\/fr\/author\/"},"uagb_comment_info":0,"uagb_excerpt":"Our factory provides OEM\/ODM processing services, we can tailor products for you; Our MOQ is low, generally the minimum quantity is 1000 bottles can be produced; Our products are inexpensive, excellent product quality, in line with any national laws and regulations and customer needs! \u00a0 \u00a0 \u00a0 We also offer the following services \u00a0 Cross-border\u2026","_links":{"self":[{"href":"https:\/\/williamweir.com\/fr\/wp-json\/wp\/v2\/product\/5333"}],"collection":[{"href":"https:\/\/williamweir.com\/fr\/wp-json\/wp\/v2\/product"}],"about":[{"href":"https:\/\/williamweir.com\/fr\/wp-json\/wp\/v2\/types\/product"}],"version-history":[{"count":5,"href":"https:\/\/williamweir.com\/fr\/wp-json\/wp\/v2\/product\/5333\/revisions"}],"predecessor-version":[{"id":8287,"href":"https:\/\/williamweir.com\/fr\/wp-json\/wp\/v2\/product\/5333\/revisions\/8287"}],"wp:featuredmedia":[{"embeddable":true,"href":"https:\/\/williamweir.com\/fr\/wp-json\/wp\/v2\/media\/5334"}],"wp:attachment":[{"href":"https:\/\/williamweir.com\/fr\/wp-json\/wp\/v2\/media?parent=5333"}],"wp:term":[{"taxonomy":"product_brand","embeddable":true,"href":"https:\/\/williamweir.com\/fr\/wp-json\/wp\/v2\/product_brand?post=5333"},{"taxonomy":"product_cat","embeddable":true,"href":"https:\/\/williamweir.com\/fr\/wp-json\/wp\/v2\/product_cat?post=5333"},{"taxonomy":"product_tag","embeddable":true,"href":"https:\/\/williamweir.com\/fr\/wp-json\/wp\/v2\/product_tag?post=5333"}],"curies":[{"name":"wp","href":"https:\/\/api.w.org\/{rel}","templated":true}]}}