{"id":5311,"date":"2024-10-30T05:27:04","date_gmt":"2024-10-30T05:27:04","guid":{"rendered":"https:\/\/williamweir.com\/?post_type=product&#038;p=5311"},"modified":"2025-05-24T01:47:43","modified_gmt":"2025-05-24T01:47:43","slug":"fishing-rod-care-oil","status":"publish","type":"product","link":"https:\/\/williamweir.com\/fr\/produit\/fishing-rod-care-oil\/","title":{"rendered":"Huile d'entretien pour cannes \u00e0 p\u00eache"},"content":{"rendered":"<p align=\"justify\"><strong>Code produit<\/strong><strong>\uff1a<\/strong><strong>2455<\/strong><\/p>\n<p><strong>I. Pr\u00e9sentation du produit<\/strong><\/p>\n<p>Ce produit est un produit d'entretien de haute qualit\u00e9 sp\u00e9cialement con\u00e7u pour les amateurs de p\u00eache. Il est utilis\u00e9 pour entretenir et r\u00e9parer les cannes \u00e0 p\u00eache afin qu'elles conservent leurs performances et leur aspect.<\/p>\n<p><strong>II. Caract\u00e9ristiques du produit<\/strong><\/p>\n<ol>\n<li>Anti-corrosion : Emp\u00eache efficacement l'\u00e9rosion des cannes \u00e0 p\u00eache par l'humidit\u00e9, le sel et d'autres substances corrosives, et prolonge la dur\u00e9e de vie des cannes \u00e0 p\u00eache.<\/li>\n<li>Lubrifier les articulations : Les articulations des cannes \u00e0 p\u00eache tournent plus facilement et r\u00e9duisent l'usure et les blocages.<\/li>\n<li>Prot\u00e9ger la surface de la peinture : Forme un film protecteur sur la surface des cannes \u00e0 p\u00eache pour \u00e9viter les rayures et la d\u00e9coloration de la peinture.<\/li>\n<li>Am\u00e9liore la r\u00e9sistance : Aide \u00e0 maintenir l'\u00e9lasticit\u00e9 et la r\u00e9sistance des cannes \u00e0 p\u00eache et am\u00e9liore la force et la durabilit\u00e9 des cannes \u00e0 p\u00eache.<\/li>\n<li>Respectueux de l'environnement et s\u00fbr : Fabriqu\u00e9 \u00e0 partir de mat\u00e9riaux respectueux de l'environnement, sans danger pour le corps humain et l'environnement.<\/li>\n<\/ol>\n<p><strong>III. M\u00e9thodes d'utilisation<\/strong><\/p>\n<ol>\n<li>Avant d'utiliser la canne \u00e0 p\u00eache, appliquez uniform\u00e9ment l'huile d'entretien sur la surface de la canne \u00e0 p\u00eache, en particulier sur les articulations et les endroits facilement us\u00e9s.<\/li>\n<li>Essuyez d\u00e9licatement avec un chiffon propre pour faire p\u00e9n\u00e9trer l'huile d'entretien dans le mat\u00e9riau de la canne \u00e0 p\u00eache.<\/li>\n<li>Pour les cannes \u00e0 p\u00eache qui n'ont pas \u00e9t\u00e9 utilis\u00e9es depuis longtemps, vous pouvez appliquer de nouveau l'huile d'entretien avant de les utiliser afin de garantir leur bon \u00e9tat.<\/li>\n<li>Apr\u00e8s chaque p\u00eache, rincez la canne \u00e0 p\u00eache \u00e0 l'eau claire pour \u00e9liminer le sel et la salet\u00e9, puis s\u00e9chez-la et appliquez de l'huile d'entretien.<\/li>\n<\/ol>\n<p><strong>IV. Les pr\u00e9cautions \u00e0 prendre<\/strong><\/p>\n<ol>\n<li>\u00c9viter tout contact de l'huile d'entretien avec les yeux. En cas de contact accidentel, rincer imm\u00e9diatement \u00e0 l'eau claire.<\/li>\n<li>Conserver dans un endroit frais et sec, en \u00e9vitant la lumi\u00e8re directe du soleil et les environnements \u00e0 haute temp\u00e9rature.<\/li>\n<li>Ne laissez pas les enfants entrer en contact avec l'huile d'entretien afin d'\u00e9viter les accidents.<\/li>\n<li>Lors de l'utilisation, veuillez suivre les instructions et ne pas utiliser trop d'huile d'entretien pour \u00e9viter d'affecter les performances de la canne \u00e0 p\u00eache.<\/li>\n<\/ol>","protected":false},"excerpt":{"rendered":"<p>Notre usine fournit des services de traitement OEM\/ODM, nous pouvons concevoir des produits sur mesure pour vous ; Notre MOQ est faible, g\u00e9n\u00e9ralement la quantit\u00e9 minimale est de 1000 bouteilles peuvent \u00eatre produites ; Nos produits sont peu co\u00fbteux, d'excellente qualit\u00e9, en conformit\u00e9 avec toutes les lois et r\u00e9glementations nationales et les besoins des clients !<\/p>\n<p>Nous proposons \u00e9galement les services suivants<br \/>\n\u2714 Source transfrontali\u00e8re \u2714 Prise en charge de la personnalisation<br \/>\n\u2714 Usine de production \u2714 D\u00e9veloppement de produits<br \/>\n\u2714 Adaptation \u00e0 l'\u00e9chantillon \u2714 Autorisation de la marque<\/p>\n<h2 style=\"text-align: left;\"><strong>Questions ou commentaires ? <\/strong><\/h2>\n<h2 style=\"text-align: left;\"><strong>wlwer@williamweir.com<\/strong><\/h2>","protected":false},"featured_media":5312,"template":"","meta":{"_uag_custom_page_level_css":"","site-sidebar-layout":"default","site-content-layout":"","ast-site-content-layout":"default","site-content-style":"default","site-sidebar-style":"default","ast-global-header-display":"","ast-banner-title-visibility":"","ast-main-header-display":"","ast-hfb-above-header-display":"","ast-hfb-below-header-display":"","ast-hfb-mobile-header-display":"","site-post-title":"","ast-breadcrumbs-content":"","ast-featured-img":"","footer-sml-layout":"","theme-transparent-header-meta":"default","adv-header-id-meta":"","stick-header-meta":"","header-above-stick-meta":"","header-main-stick-meta":"","header-below-stick-meta":"","astra-migrate-meta-layouts":"set","ast-page-background-enabled":"default","ast-page-background-meta":{"desktop":{"background-color":"","background-image":"","background-repeat":"repeat","background-position":"center center","background-size":"auto","background-attachment":"scroll","background-type":"","background-media":"","overlay-type":"","overlay-color":"","overlay-opacity":"","overlay-gradient":""},"tablet":{"background-color":"","background-image":"","background-repeat":"repeat","background-position":"center center","background-size":"auto","background-attachment":"scroll","background-type":"","background-media":"","overlay-type":"","overlay-color":"","overlay-opacity":"","overlay-gradient":""},"mobile":{"background-color":"","background-image":"","background-repeat":"repeat","background-position":"center center","background-size":"auto","background-attachment":"scroll","background-type":"","background-media":"","overlay-type":"","overlay-color":"","overlay-opacity":"","overlay-gradient":""}},"ast-content-background-meta":{"desktop":{"background-color":"var(--ast-global-color-5)","background-image":"","background-repeat":"repeat","background-position":"center center","background-size":"auto","background-attachment":"scroll","background-type":"","background-media":"","overlay-type":"","overlay-color":"","overlay-opacity":"","overlay-gradient":""},"tablet":{"background-color":"var(--ast-global-color-5)","background-image":"","background-repeat":"repeat","background-position":"center center","background-size":"auto","background-attachment":"scroll","background-type":"","background-media":"","overlay-type":"","overlay-color":"","overlay-opacity":"","overlay-gradient":""},"mobile":{"background-color":"var(--ast-global-color-5)","background-image":"","background-repeat":"repeat","background-position":"center center","background-size":"auto","background-attachment":"scroll","background-type":"","background-media":"","overlay-type":"","overlay-color":"","overlay-opacity":"","overlay-gradient":""}}},"product_brand":[],"product_cat":[78],"product_tag":[148,151,145],"class_list":{"0":"post-5311","1":"product","2":"type-product","3":"status-publish","4":"has-post-thumbnail","6":"product_cat-lubricating-oil-care-oil-series","7":"product_tag-care-oil","8":"product_tag-fishing-rod-care-oil","9":"product_tag-maintenance-oil","10":"desktop-align-center","11":"tablet-align-left","12":"mobile-align-left","13":"ast-product-gallery-layout-horizontal-slider","14":"ast-product-gallery-with-no-image","15":"ast-product-tabs-layout-horizontal","17":"first","18":"instock","19":"shipping-taxable","20":"product-type-simple"},"aioseo_notices":[],"uagb_featured_image_src":{"full":["https:\/\/williamweir.com\/wp-content\/uploads\/2024\/10\/\u9c7c\u7aff\u4fdd\u517b\u6cb9.jpg",800,800,false],"thumbnail":["https:\/\/williamweir.com\/wp-content\/uploads\/2024\/10\/\u9c7c\u7aff\u4fdd\u517b\u6cb9-300x300.jpg",300,300,true],"medium":["https:\/\/williamweir.com\/wp-content\/uploads\/2024\/10\/\u9c7c\u7aff\u4fdd\u517b\u6cb9-600x600.jpg",600,600,true],"medium_large":["https:\/\/williamweir.com\/wp-content\/uploads\/2024\/10\/\u9c7c\u7aff\u4fdd\u517b\u6cb9-768x768.jpg",768,768,true],"large":["https:\/\/williamweir.com\/wp-content\/uploads\/2024\/10\/\u9c7c\u7aff\u4fdd\u517b\u6cb9.jpg",800,800,false],"1536x1536":["https:\/\/williamweir.com\/wp-content\/uploads\/2024\/10\/\u9c7c\u7aff\u4fdd\u517b\u6cb9.jpg",800,800,false],"2048x2048":["https:\/\/williamweir.com\/wp-content\/uploads\/2024\/10\/\u9c7c\u7aff\u4fdd\u517b\u6cb9.jpg",800,800,false],"trp-custom-language-flag":["https:\/\/williamweir.com\/wp-content\/uploads\/2024\/10\/\u9c7c\u7aff\u4fdd\u517b\u6cb9-12x12.jpg",12,12,true],"woocommerce_thumbnail":["https:\/\/williamweir.com\/wp-content\/uploads\/2024\/10\/\u9c7c\u7aff\u4fdd\u517b\u6cb9-600x600.jpg",600,600,true],"woocommerce_single":["https:\/\/williamweir.com\/wp-content\/uploads\/2024\/10\/\u9c7c\u7aff\u4fdd\u517b\u6cb9-600x600.jpg",600,600,true],"woocommerce_gallery_thumbnail":["https:\/\/williamweir.com\/wp-content\/uploads\/2024\/10\/\u9c7c\u7aff\u4fdd\u517b\u6cb9-100x100.jpg",100,100,true]},"uagb_author_info":{"display_name":"wlwer","author_link":"https:\/\/williamweir.com\/fr\/author\/"},"uagb_comment_info":0,"uagb_excerpt":"Our factory provides OEM\/ODM processing services, we can tailor products for you; Our MOQ is low, generally the minimum quantity is 1000 bottles can be produced; Our products are inexpensive, excellent product quality, in line with any national laws and regulations and customer needs! We also offer the following services \u2714\u00a0 Cross-border source\u00a0 \u00a0 \u00a0\u2026","_links":{"self":[{"href":"https:\/\/williamweir.com\/fr\/wp-json\/wp\/v2\/product\/5311"}],"collection":[{"href":"https:\/\/williamweir.com\/fr\/wp-json\/wp\/v2\/product"}],"about":[{"href":"https:\/\/williamweir.com\/fr\/wp-json\/wp\/v2\/types\/product"}],"version-history":[{"count":5,"href":"https:\/\/williamweir.com\/fr\/wp-json\/wp\/v2\/product\/5311\/revisions"}],"predecessor-version":[{"id":8293,"href":"https:\/\/williamweir.com\/fr\/wp-json\/wp\/v2\/product\/5311\/revisions\/8293"}],"wp:featuredmedia":[{"embeddable":true,"href":"https:\/\/williamweir.com\/fr\/wp-json\/wp\/v2\/media\/5312"}],"wp:attachment":[{"href":"https:\/\/williamweir.com\/fr\/wp-json\/wp\/v2\/media?parent=5311"}],"wp:term":[{"taxonomy":"product_brand","embeddable":true,"href":"https:\/\/williamweir.com\/fr\/wp-json\/wp\/v2\/product_brand?post=5311"},{"taxonomy":"product_cat","embeddable":true,"href":"https:\/\/williamweir.com\/fr\/wp-json\/wp\/v2\/product_cat?post=5311"},{"taxonomy":"product_tag","embeddable":true,"href":"https:\/\/williamweir.com\/fr\/wp-json\/wp\/v2\/product_tag?post=5311"}],"curies":[{"name":"wp","href":"https:\/\/api.w.org\/{rel}","templated":true}]}}