{"id":5305,"date":"2024-10-30T05:15:43","date_gmt":"2024-10-30T05:15:43","guid":{"rendered":"https:\/\/williamweir.com\/?post_type=product&#038;p=5305"},"modified":"2025-05-24T01:48:18","modified_gmt":"2025-05-24T01:48:18","slug":"treadmill-lubricating-oil","status":"publish","type":"product","link":"https:\/\/williamweir.com\/fr\/produit\/treadmill-lubricating-oil\/","title":{"rendered":"Tapis de course Huile de lubrification"},"content":{"rendered":"<p align=\"justify\"><strong>Code produit<\/strong><strong>\uff1a<\/strong><strong>2479<\/strong><\/p>\n<p><strong>I. Pr\u00e9sentation du produit<\/strong><\/p>\n<p>Ce produit est une huile lubrifiante de haute qualit\u00e9 sp\u00e9cialement con\u00e7ue pour les tapis roulants. Il vise \u00e0 assurer le bon fonctionnement des tapis roulants, \u00e0 r\u00e9duire l'usure et \u00e0 prolonger la dur\u00e9e de vie des tapis roulants.<\/p>\n<p><strong>II. Caract\u00e9ristiques du produit<\/strong><\/p>\n<ol>\n<li>Lubrification \u00e0 haute efficacit\u00e9 : Contient des ingr\u00e9dients lubrifiants sp\u00e9ciaux qui peuvent former un film d'huile uniforme entre la bande de roulement et la planche de roulement du tapis de course, r\u00e9duisant efficacement le coefficient de frottement et rendant le processus de roulement plus fluide.<\/li>\n<li>Anti-usure : R\u00e9duit l'usure entre la bande de roulement et la planche de roulement, prot\u00e8ge les composants cl\u00e9s du tapis roulant et prolonge la dur\u00e9e de vie du tapis roulant.<\/li>\n<li>R\u00e9sistance aux temp\u00e9ratures \u00e9lev\u00e9es : Dans l'environnement \u00e0 haute temp\u00e9rature g\u00e9n\u00e9r\u00e9 pendant le fonctionnement du tapis roulant, il peut encore maintenir une performance de lubrification stable et ne tombera pas en panne \u00e0 cause de la temp\u00e9rature \u00e9lev\u00e9e.<\/li>\n<li>Forte compatibilit\u00e9 : Convient \u00e0 diff\u00e9rents types de tapis de course, y compris les tapis de course domestiques et commerciaux.<\/li>\n<\/ol>\n<p><strong>III. M\u00e9thodes d'utilisation<\/strong><\/p>\n<ol>\n<li>Mettre le tapis roulant hors tension pour s'assurer qu'il est \u00e0 l'arr\u00eat.<\/li>\n<li>Essuyez la surface de la courroie et du marchepied avec un chiffon propre pour enlever la poussi\u00e8re et les d\u00e9bris.<\/li>\n<li>D\u00e9posez une quantit\u00e9 appropri\u00e9e d'huile lubrifiante pour tapis de course uniform\u00e9ment au centre de la bande de roulement.<\/li>\n<li>Mettez le tapis de course en marche, r\u00e9glez-le sur le mode de fonctionnement \u00e0 basse vitesse et laissez la bande de roulement fonctionner pendant quelques minutes pour r\u00e9partir uniform\u00e9ment l'huile lubrifiante entre la bande de roulement et la planche de roulement.<\/li>\n<li>Arr\u00eatez le tapis roulant et essuyez \u00e0 nouveau la surface de la bande de roulement avec un chiffon propre pour \u00e9liminer l'exc\u00e8s d'huile lubrifiante.<\/li>\n<\/ol>\n<p><strong>IV. Les pr\u00e9cautions \u00e0 prendre<\/strong><\/p>\n<ol>\n<li>Veuillez lire attentivement le manuel du produit avant de l'utiliser et utiliser l'huile lubrifiante de mani\u00e8re correcte.<\/li>\n<li>N'utilisez pas trop d'huile de lubrification pour \u00e9viter de faire patiner la courroie de transmission.<\/li>\n<li>Conservez-le dans un endroit o\u00f9 les enfants ne peuvent pas l'atteindre facilement afin d'\u00e9viter toute ingestion accidentelle.<\/li>\n<\/ol>","protected":false},"excerpt":{"rendered":"<p>Notre usine fournit des services de traitement OEM\/ODM, nous pouvons concevoir des produits sur mesure pour vous ; Notre MOQ est faible, g\u00e9n\u00e9ralement la quantit\u00e9 minimale est de 1000 bouteilles peuvent \u00eatre produites ; Nos produits sont peu co\u00fbteux, d'excellente qualit\u00e9, en conformit\u00e9 avec toutes les lois et r\u00e9glementations nationales et les besoins des clients !<\/p>\n<p>Nous proposons \u00e9galement les services suivants<br \/>\n\u2714 Source transfrontali\u00e8re \u2714 Prise en charge de la personnalisation<br \/>\n\u2714 Usine de production \u2714 D\u00e9veloppement de produits<br \/>\n\u2714 Adaptation \u00e0 l'\u00e9chantillon \u2714 Autorisation de la marque<\/p>\n<h2 style=\"text-align: left;\"><strong>Questions ou commentaires ? <\/strong><\/h2>\n<h2 style=\"text-align: left;\"><strong>wlwer@williamweir.com<\/strong><\/h2>","protected":false},"featured_media":5306,"template":"","meta":{"_uag_custom_page_level_css":"","site-sidebar-layout":"default","site-content-layout":"","ast-site-content-layout":"default","site-content-style":"default","site-sidebar-style":"default","ast-global-header-display":"","ast-banner-title-visibility":"","ast-main-header-display":"","ast-hfb-above-header-display":"","ast-hfb-below-header-display":"","ast-hfb-mobile-header-display":"","site-post-title":"","ast-breadcrumbs-content":"","ast-featured-img":"","footer-sml-layout":"","theme-transparent-header-meta":"default","adv-header-id-meta":"","stick-header-meta":"","header-above-stick-meta":"","header-main-stick-meta":"","header-below-stick-meta":"","astra-migrate-meta-layouts":"set","ast-page-background-enabled":"default","ast-page-background-meta":{"desktop":{"background-color":"","background-image":"","background-repeat":"repeat","background-position":"center center","background-size":"auto","background-attachment":"scroll","background-type":"","background-media":"","overlay-type":"","overlay-color":"","overlay-opacity":"","overlay-gradient":""},"tablet":{"background-color":"","background-image":"","background-repeat":"repeat","background-position":"center center","background-size":"auto","background-attachment":"scroll","background-type":"","background-media":"","overlay-type":"","overlay-color":"","overlay-opacity":"","overlay-gradient":""},"mobile":{"background-color":"","background-image":"","background-repeat":"repeat","background-position":"center center","background-size":"auto","background-attachment":"scroll","background-type":"","background-media":"","overlay-type":"","overlay-color":"","overlay-opacity":"","overlay-gradient":""}},"ast-content-background-meta":{"desktop":{"background-color":"var(--ast-global-color-5)","background-image":"","background-repeat":"repeat","background-position":"center center","background-size":"auto","background-attachment":"scroll","background-type":"","background-media":"","overlay-type":"","overlay-color":"","overlay-opacity":"","overlay-gradient":""},"tablet":{"background-color":"var(--ast-global-color-5)","background-image":"","background-repeat":"repeat","background-position":"center center","background-size":"auto","background-attachment":"scroll","background-type":"","background-media":"","overlay-type":"","overlay-color":"","overlay-opacity":"","overlay-gradient":""},"mobile":{"background-color":"var(--ast-global-color-5)","background-image":"","background-repeat":"repeat","background-position":"center center","background-size":"auto","background-attachment":"scroll","background-type":"","background-media":"","overlay-type":"","overlay-color":"","overlay-opacity":"","overlay-gradient":""}}},"product_brand":[],"product_cat":[78],"product_tag":[148,150,145],"class_list":{"0":"post-5305","1":"product","2":"type-product","3":"status-publish","4":"has-post-thumbnail","6":"product_cat-lubricating-oil-care-oil-series","7":"product_tag-care-oil","8":"product_tag-lubricating-oil","9":"product_tag-maintenance-oil","10":"desktop-align-center","11":"tablet-align-left","12":"mobile-align-left","13":"ast-product-gallery-layout-horizontal-slider","14":"ast-product-gallery-with-no-image","15":"ast-product-tabs-layout-horizontal","17":"first","18":"instock","19":"shipping-taxable","20":"product-type-simple"},"aioseo_notices":[],"uagb_featured_image_src":{"full":["https:\/\/williamweir.com\/wp-content\/uploads\/2024\/10\/\u8dd1\u6b65\u673a\u6da6\u6ed1\u6cb9.jpg",800,800,false],"thumbnail":["https:\/\/williamweir.com\/wp-content\/uploads\/2024\/10\/\u8dd1\u6b65\u673a\u6da6\u6ed1\u6cb9-300x300.jpg",300,300,true],"medium":["https:\/\/williamweir.com\/wp-content\/uploads\/2024\/10\/\u8dd1\u6b65\u673a\u6da6\u6ed1\u6cb9-600x600.jpg",600,600,true],"medium_large":["https:\/\/williamweir.com\/wp-content\/uploads\/2024\/10\/\u8dd1\u6b65\u673a\u6da6\u6ed1\u6cb9-768x768.jpg",768,768,true],"large":["https:\/\/williamweir.com\/wp-content\/uploads\/2024\/10\/\u8dd1\u6b65\u673a\u6da6\u6ed1\u6cb9.jpg",800,800,false],"1536x1536":["https:\/\/williamweir.com\/wp-content\/uploads\/2024\/10\/\u8dd1\u6b65\u673a\u6da6\u6ed1\u6cb9.jpg",800,800,false],"2048x2048":["https:\/\/williamweir.com\/wp-content\/uploads\/2024\/10\/\u8dd1\u6b65\u673a\u6da6\u6ed1\u6cb9.jpg",800,800,false],"trp-custom-language-flag":["https:\/\/williamweir.com\/wp-content\/uploads\/2024\/10\/\u8dd1\u6b65\u673a\u6da6\u6ed1\u6cb9-12x12.jpg",12,12,true],"woocommerce_thumbnail":["https:\/\/williamweir.com\/wp-content\/uploads\/2024\/10\/\u8dd1\u6b65\u673a\u6da6\u6ed1\u6cb9-600x600.jpg",600,600,true],"woocommerce_single":["https:\/\/williamweir.com\/wp-content\/uploads\/2024\/10\/\u8dd1\u6b65\u673a\u6da6\u6ed1\u6cb9-600x600.jpg",600,600,true],"woocommerce_gallery_thumbnail":["https:\/\/williamweir.com\/wp-content\/uploads\/2024\/10\/\u8dd1\u6b65\u673a\u6da6\u6ed1\u6cb9-100x100.jpg",100,100,true]},"uagb_author_info":{"display_name":"wlwer","author_link":"https:\/\/williamweir.com\/fr\/author\/"},"uagb_comment_info":0,"uagb_excerpt":"Our factory provides OEM\/ODM processing services, we can tailor products for you; Our MOQ is low, generally the minimum quantity is 1000 bottles can be produced; Our products are inexpensive, excellent product quality, in line with any national laws and regulations and customer needs! We also offer the following services \u2714\u00a0 Cross-border source\u00a0 \u00a0 \u00a0\u2026","_links":{"self":[{"href":"https:\/\/williamweir.com\/fr\/wp-json\/wp\/v2\/product\/5305"}],"collection":[{"href":"https:\/\/williamweir.com\/fr\/wp-json\/wp\/v2\/product"}],"about":[{"href":"https:\/\/williamweir.com\/fr\/wp-json\/wp\/v2\/types\/product"}],"version-history":[{"count":4,"href":"https:\/\/williamweir.com\/fr\/wp-json\/wp\/v2\/product\/5305\/revisions"}],"predecessor-version":[{"id":8295,"href":"https:\/\/williamweir.com\/fr\/wp-json\/wp\/v2\/product\/5305\/revisions\/8295"}],"wp:featuredmedia":[{"embeddable":true,"href":"https:\/\/williamweir.com\/fr\/wp-json\/wp\/v2\/media\/5306"}],"wp:attachment":[{"href":"https:\/\/williamweir.com\/fr\/wp-json\/wp\/v2\/media?parent=5305"}],"wp:term":[{"taxonomy":"product_brand","embeddable":true,"href":"https:\/\/williamweir.com\/fr\/wp-json\/wp\/v2\/product_brand?post=5305"},{"taxonomy":"product_cat","embeddable":true,"href":"https:\/\/williamweir.com\/fr\/wp-json\/wp\/v2\/product_cat?post=5305"},{"taxonomy":"product_tag","embeddable":true,"href":"https:\/\/williamweir.com\/fr\/wp-json\/wp\/v2\/product_tag?post=5305"}],"curies":[{"name":"wp","href":"https:\/\/api.w.org\/{rel}","templated":true}]}}