{"id":5295,"date":"2024-10-30T05:02:05","date_gmt":"2024-10-30T05:02:05","guid":{"rendered":"https:\/\/williamweir.com\/?post_type=product&#038;p=5295"},"modified":"2025-05-24T01:48:38","modified_gmt":"2025-05-24T01:48:38","slug":"guitar-care-orange-oil","status":"publish","type":"product","link":"https:\/\/williamweir.com\/fr\/produit\/guitar-care-orange-oil\/","title":{"rendered":"Guitar Care Huile d'orange"},"content":{"rendered":"<p align=\"justify\"><strong>Code produit<\/strong><strong>\uff1a<\/strong><strong>2<\/strong><strong>820<\/strong><\/p>\n<p><strong>I. Pr\u00e9sentation du produit<\/strong><\/p>\n<p>Ce produit est un produit d'entretien de haute qualit\u00e9 sp\u00e9cialement con\u00e7u pour l'entretien des guitares. Il utilise un extrait naturel d'huile d'orange, qui est doux et non irritant. Il peut nettoyer et prot\u00e9ger efficacement la surface en bois de la guitare, la maintenir en bon \u00e9tat et lui conf\u00e9rer une belle sonorit\u00e9.<\/p>\n<p><strong>II. Caract\u00e9ristiques du produit<\/strong><\/p>\n<ol>\n<li>Nettoyage et d\u00e9contamination : Il permet d'\u00e9liminer la poussi\u00e8re, les taches et les empreintes digitales sur la surface de la guitare, ce qui lui donne un aspect propre et net.<\/li>\n<li>Nourrir le bois : Les nutriments contenus dans l'huile d'orange peuvent p\u00e9n\u00e9trer dans les fibres du bois, compl\u00e9ter l'humidit\u00e9 et l'huile du bois, emp\u00eacher le bois de se dess\u00e9cher et de se fissurer, et maintenir la flexibilit\u00e9 et la stabilit\u00e9 du bois.<\/li>\n<li>Ajouter du lustre : Restaure le lustre naturel de la surface de la guitare, rehausse la beaut\u00e9 de la guitare et la fait briller d'un nouvel \u00e9clat.<\/li>\n<li>Anti-oxydation : Forme un film protecteur pour r\u00e9sister \u00e0 l'\u00e9rosion de l'oxyg\u00e8ne et de l'humidit\u00e9 de l'air sur la guitare et retarde le processus de vieillissement de la guitare.<\/li>\n<li>Naturel et respectueux de l'environnement : l'huile d'orange naturelle \u00e9tant l'ingr\u00e9dient principal, elle ne contient pas de produits chimiques nocifs et est s\u00fbre et inoffensive pour les guitares et les utilisateurs.<\/li>\n<\/ol>\n<p><strong>III. M\u00e9thodes d'utilisation<\/strong><\/p>\n<ol>\n<li>Avant utilisation, agiter d\u00e9licatement l'huile de soin \u00e0 l'orange.<\/li>\n<li>Versez une petite quantit\u00e9 d'huile d'orange sur un chiffon propre et doux.<\/li>\n<li>Essuyez la surface de la guitare en effectuant de l\u00e9gers mouvements circulaires, y compris le corps, le manche et la t\u00eate de la guitare, afin d'assurer une r\u00e9partition uniforme de l'huile d'orange.<\/li>\n<li>Pour certaines taches tenaces, vous pouvez augmenter l\u00e9g\u00e8rement la force d'essuyage, mais veillez \u00e0 ne pas exercer une force excessive et \u00e0 ne pas endommager la surface de la guitare.<\/li>\n<li>Apr\u00e8s avoir essuy\u00e9 la guitare, utilisez un autre chiffon propre pour enlever l'exc\u00e8s d'huile d'orange et garder la surface de la guitare s\u00e8che.<\/li>\n<\/ol>\n<p><strong>IV. Les pr\u00e9cautions \u00e0 prendre<\/strong><\/p>\n<ol>\n<li>\u00c9vitez de l'utiliser \u00e0 la lumi\u00e8re directe du soleil ou dans des environnements \u00e0 haute temp\u00e9rature pour ne pas affecter l'effet de soin.<\/li>\n<li>Veuillez placer le produit dans un endroit o\u00f9 les enfants et les animaux domestiques ne peuvent pas l'atteindre facilement afin d'\u00e9viter toute ingestion ou contact accidentel.<\/li>\n<li>Si de l'huile d'orange s'\u00e9coule accidentellement dans la caisse de r\u00e9sonance ou dans d'autres structures internes de la guitare, elle doit \u00eatre absorb\u00e9e \u00e0 temps \u00e0 l'aide d'un chiffon propre.<\/li>\n<li>Veillez \u00e0 respecter la quantit\u00e9 appropri\u00e9e lors de l'utilisation. Une trop grande quantit\u00e9 d'huile d'orange peut rendre la surface de la guitare trop grasse.<\/li>\n<li>Utilisez l'huile d'orange pour guitare r\u00e9guli\u00e8rement, mais pas trop souvent. En g\u00e9n\u00e9ral, il est recommand\u00e9 de l'utiliser une fois tous les 2 \u00e0 3 mois.<\/li>\n<\/ol>","protected":false},"excerpt":{"rendered":"<p>Notre usine fournit des services de traitement OEM\/ODM, nous pouvons concevoir des produits sur mesure pour vous ; Notre MOQ est faible, g\u00e9n\u00e9ralement la quantit\u00e9 minimale est de 1000 bouteilles peuvent \u00eatre produites ; Nos produits sont peu co\u00fbteux, d'excellente qualit\u00e9, en conformit\u00e9 avec toutes les lois et r\u00e9glementations nationales et les besoins des clients !<\/p>\n<p>Nous proposons \u00e9galement les services suivants<br \/>\n\u2714 Source transfrontali\u00e8re \u2714 Prise en charge de la personnalisation<br \/>\n\u2714 Usine de production \u2714 D\u00e9veloppement de produits<br \/>\n\u2714 Adaptation \u00e0 l'\u00e9chantillon \u2714 Autorisation de la marque<\/p>\n<h2 style=\"text-align: left;\"><strong>Questions ou commentaires ? <\/strong><\/h2>\n<h2 style=\"text-align: left;\"><strong>wlwer@williamweir.com<\/strong><\/h2>","protected":false},"featured_media":5296,"template":"","meta":{"_uag_custom_page_level_css":"","site-sidebar-layout":"default","site-content-layout":"","ast-site-content-layout":"default","site-content-style":"default","site-sidebar-style":"default","ast-global-header-display":"","ast-banner-title-visibility":"","ast-main-header-display":"","ast-hfb-above-header-display":"","ast-hfb-below-header-display":"","ast-hfb-mobile-header-display":"","site-post-title":"","ast-breadcrumbs-content":"","ast-featured-img":"","footer-sml-layout":"","theme-transparent-header-meta":"default","adv-header-id-meta":"","stick-header-meta":"","header-above-stick-meta":"","header-main-stick-meta":"","header-below-stick-meta":"","astra-migrate-meta-layouts":"set","ast-page-background-enabled":"default","ast-page-background-meta":{"desktop":{"background-color":"","background-image":"","background-repeat":"repeat","background-position":"center center","background-size":"auto","background-attachment":"scroll","background-type":"","background-media":"","overlay-type":"","overlay-color":"","overlay-opacity":"","overlay-gradient":""},"tablet":{"background-color":"","background-image":"","background-repeat":"repeat","background-position":"center center","background-size":"auto","background-attachment":"scroll","background-type":"","background-media":"","overlay-type":"","overlay-color":"","overlay-opacity":"","overlay-gradient":""},"mobile":{"background-color":"","background-image":"","background-repeat":"repeat","background-position":"center center","background-size":"auto","background-attachment":"scroll","background-type":"","background-media":"","overlay-type":"","overlay-color":"","overlay-opacity":"","overlay-gradient":""}},"ast-content-background-meta":{"desktop":{"background-color":"var(--ast-global-color-5)","background-image":"","background-repeat":"repeat","background-position":"center center","background-size":"auto","background-attachment":"scroll","background-type":"","background-media":"","overlay-type":"","overlay-color":"","overlay-opacity":"","overlay-gradient":""},"tablet":{"background-color":"var(--ast-global-color-5)","background-image":"","background-repeat":"repeat","background-position":"center center","background-size":"auto","background-attachment":"scroll","background-type":"","background-media":"","overlay-type":"","overlay-color":"","overlay-opacity":"","overlay-gradient":""},"mobile":{"background-color":"var(--ast-global-color-5)","background-image":"","background-repeat":"repeat","background-position":"center center","background-size":"auto","background-attachment":"scroll","background-type":"","background-media":"","overlay-type":"","overlay-color":"","overlay-opacity":"","overlay-gradient":""}}},"product_brand":[],"product_cat":[81],"product_tag":[148,146,147,149],"class_list":{"0":"post-5295","1":"product","2":"type-product","3":"status-publish","4":"has-post-thumbnail","6":"product_cat-special-goods-cleaning-and-maintenance-series","7":"product_tag-care-oil","8":"product_tag-guitar-care-oil","9":"product_tag-instrument-care-oil","10":"product_tag-natural-orange-oil","11":"desktop-align-center","12":"tablet-align-left","13":"mobile-align-left","14":"ast-product-gallery-layout-horizontal-slider","15":"ast-product-gallery-with-no-image","16":"ast-product-tabs-layout-horizontal","18":"first","19":"instock","20":"featured","21":"shipping-taxable","22":"product-type-simple"},"aioseo_notices":[],"uagb_featured_image_src":{"full":["https:\/\/williamweir.com\/wp-content\/uploads\/2024\/10\/120ml\u5409\u4ed6\u62a4\u7406\u6a59\u6cb9.jpg",800,800,false],"thumbnail":["https:\/\/williamweir.com\/wp-content\/uploads\/2024\/10\/120ml\u5409\u4ed6\u62a4\u7406\u6a59\u6cb9-300x300.jpg",300,300,true],"medium":["https:\/\/williamweir.com\/wp-content\/uploads\/2024\/10\/120ml\u5409\u4ed6\u62a4\u7406\u6a59\u6cb9-600x600.jpg",600,600,true],"medium_large":["https:\/\/williamweir.com\/wp-content\/uploads\/2024\/10\/120ml\u5409\u4ed6\u62a4\u7406\u6a59\u6cb9-768x768.jpg",768,768,true],"large":["https:\/\/williamweir.com\/wp-content\/uploads\/2024\/10\/120ml\u5409\u4ed6\u62a4\u7406\u6a59\u6cb9.jpg",800,800,false],"1536x1536":["https:\/\/williamweir.com\/wp-content\/uploads\/2024\/10\/120ml\u5409\u4ed6\u62a4\u7406\u6a59\u6cb9.jpg",800,800,false],"2048x2048":["https:\/\/williamweir.com\/wp-content\/uploads\/2024\/10\/120ml\u5409\u4ed6\u62a4\u7406\u6a59\u6cb9.jpg",800,800,false],"trp-custom-language-flag":["https:\/\/williamweir.com\/wp-content\/uploads\/2024\/10\/120ml\u5409\u4ed6\u62a4\u7406\u6a59\u6cb9-12x12.jpg",12,12,true],"woocommerce_thumbnail":["https:\/\/williamweir.com\/wp-content\/uploads\/2024\/10\/120ml\u5409\u4ed6\u62a4\u7406\u6a59\u6cb9-600x600.jpg",600,600,true],"woocommerce_single":["https:\/\/williamweir.com\/wp-content\/uploads\/2024\/10\/120ml\u5409\u4ed6\u62a4\u7406\u6a59\u6cb9-600x600.jpg",600,600,true],"woocommerce_gallery_thumbnail":["https:\/\/williamweir.com\/wp-content\/uploads\/2024\/10\/120ml\u5409\u4ed6\u62a4\u7406\u6a59\u6cb9-100x100.jpg",100,100,true]},"uagb_author_info":{"display_name":"wlwer","author_link":"https:\/\/williamweir.com\/fr\/author\/"},"uagb_comment_info":0,"uagb_excerpt":"Our factory provides OEM\/ODM processing services, we can tailor products for you; Our MOQ is low, generally the minimum quantity is 1000 bottles can be produced; Our products are inexpensive, excellent product quality, in line with any national laws and regulations and customer needs! We also offer the following services \u2714\u00a0 Cross-border source\u00a0 \u00a0 \u00a0\u2026","_links":{"self":[{"href":"https:\/\/williamweir.com\/fr\/wp-json\/wp\/v2\/product\/5295"}],"collection":[{"href":"https:\/\/williamweir.com\/fr\/wp-json\/wp\/v2\/product"}],"about":[{"href":"https:\/\/williamweir.com\/fr\/wp-json\/wp\/v2\/types\/product"}],"version-history":[{"count":5,"href":"https:\/\/williamweir.com\/fr\/wp-json\/wp\/v2\/product\/5295\/revisions"}],"predecessor-version":[{"id":8298,"href":"https:\/\/williamweir.com\/fr\/wp-json\/wp\/v2\/product\/5295\/revisions\/8298"}],"wp:featuredmedia":[{"embeddable":true,"href":"https:\/\/williamweir.com\/fr\/wp-json\/wp\/v2\/media\/5296"}],"wp:attachment":[{"href":"https:\/\/williamweir.com\/fr\/wp-json\/wp\/v2\/media?parent=5295"}],"wp:term":[{"taxonomy":"product_brand","embeddable":true,"href":"https:\/\/williamweir.com\/fr\/wp-json\/wp\/v2\/product_brand?post=5295"},{"taxonomy":"product_cat","embeddable":true,"href":"https:\/\/williamweir.com\/fr\/wp-json\/wp\/v2\/product_cat?post=5295"},{"taxonomy":"product_tag","embeddable":true,"href":"https:\/\/williamweir.com\/fr\/wp-json\/wp\/v2\/product_tag?post=5295"}],"curies":[{"name":"wp","href":"https:\/\/api.w.org\/{rel}","templated":true}]}}