{"id":5289,"date":"2024-10-30T04:52:59","date_gmt":"2024-10-30T04:52:59","guid":{"rendered":"https:\/\/williamweir.com\/?post_type=product&#038;p=5289"},"modified":"2025-05-24T01:48:49","modified_gmt":"2025-05-24T01:48:49","slug":"car-glass-oil-film-cleaner","status":"publish","type":"product","link":"https:\/\/williamweir.com\/fr\/produit\/car-glass-oil-film-cleaner\/","title":{"rendered":"Nettoyant pour film d'huile sur les vitres de voiture"},"content":{"rendered":"<p align=\"justify\"><strong>Code produit<\/strong><strong>\uff1a<\/strong><strong>2424<\/strong><\/p>\n<p><strong>I. Pr\u00e9sentation du produit<\/strong><\/p>\n<p>Ce produit est un produit de nettoyage tr\u00e8s efficace sp\u00e9cialement con\u00e7u pour \u00e9liminer le film d'huile sur les vitres de voiture. Il peut \u00e9liminer efficacement les impuret\u00e9s telles que les taches d'huile, les taches d'eau et la poussi\u00e8re sur la surface du verre, redonner au verre de la voiture sa clart\u00e9 et sa transparence, et am\u00e9liorer la clart\u00e9 et la s\u00e9curit\u00e9 de la vision de la conduite.<\/p>\n<p><strong>II. Caract\u00e9ristiques du produit<\/strong><\/p>\n<ol>\n<li>Elimination puissante des pellicules d'huile : Contient une formule de nettoyage unique capable de d\u00e9composer et d'\u00e9liminer rapidement les films d'huile tenaces sur les vitres de voiture. Qu'il s'agisse de films d'huile provenant des gaz d'\u00e9chappement, de taches d'huile \u00e9clabouss\u00e9es ou d'autres sources de pollution, il est facile d'y rem\u00e9dier.<\/li>\n<li>Nettoyage en profondeur : Il peut non seulement \u00e9liminer le film d'huile sur la surface, mais aussi nettoyer en profondeur la salet\u00e9 dans les pores du verre, rendant la surface du verre plus propre et plus lisse.<\/li>\n<li>S\u00fbr et inoffensif : Adopte une formule douce et respectueuse de l'environnement, non corrosive pour les vitres de voiture et inoffensive pour le corps humain et l'environnement. Utilisez-le en toute confiance.<\/li>\n<li>Facile \u00e0 utiliser : Utilisation pratique, aucune comp\u00e9tence professionnelle n'est requise. Les propri\u00e9taires de voitures ordinaires peuvent facilement effectuer le travail de nettoyage.<\/li>\n<\/ol>\n<p><strong>III. M\u00e9thodes d'utilisation<\/strong><\/p>\n<ol>\n<li>Secouez le flacon de nettoyant pour bien m\u00e9langer le produit. Vaporisez une quantit\u00e9 appropri\u00e9e de nettoyant uniform\u00e9ment sur la surface vitr\u00e9e de la voiture.<\/li>\n<li>Essuyez d\u00e9licatement la surface du verre avec une \u00e9ponge propre ou un chiffon doux, en effectuant des mouvements circulaires pour que le nettoyant entre pleinement en contact avec le film d'huile et agisse sur celui-ci. Pour les films d'huile tenaces, vous pouvez augmenter la force et la dur\u00e9e d'essuyage de mani\u00e8re appropri\u00e9e.<\/li>\n<li>Apr\u00e8s l'essuyage, rincez la surface du verre \u00e0 l'eau claire pour \u00e9liminer compl\u00e8tement les r\u00e9sidus de nettoyant et de salet\u00e9.<\/li>\n<li>Enfin, s\u00e9chez la surface du verre \u00e0 l'aide d'un chiffon propre et sec pour lui redonner son aspect sec et sa clart\u00e9.<\/li>\n<\/ol>\n<p><strong>IV. Les pr\u00e9cautions \u00e0 prendre<\/strong><\/p>\n<ol>\n<li>Avant utilisation, il est recommand\u00e9 d'effectuer un test local dans un petit coin de la vitre de la voiture afin d'observer s'il y a des r\u00e9actions ind\u00e9sirables telles que la d\u00e9coloration et les rayures.<\/li>\n<li>\u00c9vitez de l'utiliser en plein soleil ou \u00e0 des temp\u00e9ratures \u00e9lev\u00e9es afin d'\u00e9viter que le nettoyant ne s'\u00e9vapore rapidement et n'affecte l'effet de nettoyage.<\/li>\n<li>Apr\u00e8s utilisation, veuillez refermer le flacon de nettoyant et le conserver dans un endroit frais et sec, hors de port\u00e9e des enfants.<\/li>\n<\/ol>","protected":false},"excerpt":{"rendered":"<p>Notre usine fournit des services de traitement OEM\/ODM, nous pouvons concevoir des produits sur mesure pour vous ; Notre MOQ est faible, g\u00e9n\u00e9ralement la quantit\u00e9 minimale est de 1000 bouteilles peuvent \u00eatre produites ; Nos produits sont peu co\u00fbteux, d'excellente qualit\u00e9, en conformit\u00e9 avec toutes les lois et r\u00e9glementations nationales et les besoins des clients !<\/p>\n<p>Nous proposons \u00e9galement les services suivants<br \/>\n\u2714 Source transfrontali\u00e8re \u2714 Prise en charge de la personnalisation<br \/>\n\u2714 Usine de production \u2714 D\u00e9veloppement de produits<br \/>\n\u2714 Adaptation \u00e0 l'\u00e9chantillon \u2714 Autorisation de la marque<\/p>\n<h2 style=\"text-align: left;\"><strong>Questions ou commentaires ? <\/strong><\/h2>\n<h2 style=\"text-align: left;\"><strong>wlwer@williamweir.com<\/strong><\/h2>","protected":false},"featured_media":5290,"template":"","meta":{"_uag_custom_page_level_css":"","site-sidebar-layout":"default","site-content-layout":"","ast-site-content-layout":"default","site-content-style":"default","site-sidebar-style":"default","ast-global-header-display":"","ast-banner-title-visibility":"","ast-main-header-display":"","ast-hfb-above-header-display":"","ast-hfb-below-header-display":"","ast-hfb-mobile-header-display":"","site-post-title":"","ast-breadcrumbs-content":"","ast-featured-img":"","footer-sml-layout":"","theme-transparent-header-meta":"default","adv-header-id-meta":"","stick-header-meta":"","header-above-stick-meta":"","header-main-stick-meta":"","header-below-stick-meta":"","astra-migrate-meta-layouts":"set","ast-page-background-enabled":"default","ast-page-background-meta":{"desktop":{"background-color":"","background-image":"","background-repeat":"repeat","background-position":"center center","background-size":"auto","background-attachment":"scroll","background-type":"","background-media":"","overlay-type":"","overlay-color":"","overlay-opacity":"","overlay-gradient":""},"tablet":{"background-color":"","background-image":"","background-repeat":"repeat","background-position":"center center","background-size":"auto","background-attachment":"scroll","background-type":"","background-media":"","overlay-type":"","overlay-color":"","overlay-opacity":"","overlay-gradient":""},"mobile":{"background-color":"","background-image":"","background-repeat":"repeat","background-position":"center center","background-size":"auto","background-attachment":"scroll","background-type":"","background-media":"","overlay-type":"","overlay-color":"","overlay-opacity":"","overlay-gradient":""}},"ast-content-background-meta":{"desktop":{"background-color":"var(--ast-global-color-5)","background-image":"","background-repeat":"repeat","background-position":"center center","background-size":"auto","background-attachment":"scroll","background-type":"","background-media":"","overlay-type":"","overlay-color":"","overlay-opacity":"","overlay-gradient":""},"tablet":{"background-color":"var(--ast-global-color-5)","background-image":"","background-repeat":"repeat","background-position":"center center","background-size":"auto","background-attachment":"scroll","background-type":"","background-media":"","overlay-type":"","overlay-color":"","overlay-opacity":"","overlay-gradient":""},"mobile":{"background-color":"var(--ast-global-color-5)","background-image":"","background-repeat":"repeat","background-position":"center center","background-size":"auto","background-attachment":"scroll","background-type":"","background-media":"","overlay-type":"","overlay-color":"","overlay-opacity":"","overlay-gradient":""}}},"product_brand":[],"product_cat":[77],"product_tag":[141,142],"class_list":{"0":"post-5289","1":"product","2":"type-product","3":"status-publish","4":"has-post-thumbnail","6":"product_cat-car-cleaning-and-maintenance","7":"product_tag-glass-cleaner","8":"product_tag-oil-film-cleaner","9":"desktop-align-center","10":"tablet-align-left","11":"mobile-align-left","12":"ast-product-gallery-layout-horizontal-slider","13":"ast-product-gallery-with-no-image","14":"ast-product-tabs-layout-horizontal","16":"first","17":"instock","18":"shipping-taxable","19":"product-type-simple"},"aioseo_notices":[],"uagb_featured_image_src":{"full":["https:\/\/williamweir.com\/wp-content\/uploads\/2024\/10\/\u73bb\u7483\u6cb9\u819c\u6e05\u6d01\u52425.jpg",800,800,false],"thumbnail":["https:\/\/williamweir.com\/wp-content\/uploads\/2024\/10\/\u73bb\u7483\u6cb9\u819c\u6e05\u6d01\u52425-300x300.jpg",300,300,true],"medium":["https:\/\/williamweir.com\/wp-content\/uploads\/2024\/10\/\u73bb\u7483\u6cb9\u819c\u6e05\u6d01\u52425-600x600.jpg",600,600,true],"medium_large":["https:\/\/williamweir.com\/wp-content\/uploads\/2024\/10\/\u73bb\u7483\u6cb9\u819c\u6e05\u6d01\u52425-768x768.jpg",768,768,true],"large":["https:\/\/williamweir.com\/wp-content\/uploads\/2024\/10\/\u73bb\u7483\u6cb9\u819c\u6e05\u6d01\u52425.jpg",800,800,false],"1536x1536":["https:\/\/williamweir.com\/wp-content\/uploads\/2024\/10\/\u73bb\u7483\u6cb9\u819c\u6e05\u6d01\u52425.jpg",800,800,false],"2048x2048":["https:\/\/williamweir.com\/wp-content\/uploads\/2024\/10\/\u73bb\u7483\u6cb9\u819c\u6e05\u6d01\u52425.jpg",800,800,false],"trp-custom-language-flag":["https:\/\/williamweir.com\/wp-content\/uploads\/2024\/10\/\u73bb\u7483\u6cb9\u819c\u6e05\u6d01\u52425-12x12.jpg",12,12,true],"woocommerce_thumbnail":["https:\/\/williamweir.com\/wp-content\/uploads\/2024\/10\/\u73bb\u7483\u6cb9\u819c\u6e05\u6d01\u52425-600x600.jpg",600,600,true],"woocommerce_single":["https:\/\/williamweir.com\/wp-content\/uploads\/2024\/10\/\u73bb\u7483\u6cb9\u819c\u6e05\u6d01\u52425-600x600.jpg",600,600,true],"woocommerce_gallery_thumbnail":["https:\/\/williamweir.com\/wp-content\/uploads\/2024\/10\/\u73bb\u7483\u6cb9\u819c\u6e05\u6d01\u52425-100x100.jpg",100,100,true]},"uagb_author_info":{"display_name":"wlwer","author_link":"https:\/\/williamweir.com\/fr\/author\/"},"uagb_comment_info":0,"uagb_excerpt":"Our factory provides OEM\/ODM processing services, we can tailor products for you; Our MOQ is low, generally the minimum quantity is 1000 bottles can be produced; Our products are inexpensive, excellent product quality, in line with any national laws and regulations and customer needs! We also offer the following services \u2714\u00a0 Cross-border source\u00a0 \u00a0 \u00a0\u2026","_links":{"self":[{"href":"https:\/\/williamweir.com\/fr\/wp-json\/wp\/v2\/product\/5289"}],"collection":[{"href":"https:\/\/williamweir.com\/fr\/wp-json\/wp\/v2\/product"}],"about":[{"href":"https:\/\/williamweir.com\/fr\/wp-json\/wp\/v2\/types\/product"}],"version-history":[{"count":5,"href":"https:\/\/williamweir.com\/fr\/wp-json\/wp\/v2\/product\/5289\/revisions"}],"predecessor-version":[{"id":8300,"href":"https:\/\/williamweir.com\/fr\/wp-json\/wp\/v2\/product\/5289\/revisions\/8300"}],"wp:featuredmedia":[{"embeddable":true,"href":"https:\/\/williamweir.com\/fr\/wp-json\/wp\/v2\/media\/5290"}],"wp:attachment":[{"href":"https:\/\/williamweir.com\/fr\/wp-json\/wp\/v2\/media?parent=5289"}],"wp:term":[{"taxonomy":"product_brand","embeddable":true,"href":"https:\/\/williamweir.com\/fr\/wp-json\/wp\/v2\/product_brand?post=5289"},{"taxonomy":"product_cat","embeddable":true,"href":"https:\/\/williamweir.com\/fr\/wp-json\/wp\/v2\/product_cat?post=5289"},{"taxonomy":"product_tag","embeddable":true,"href":"https:\/\/williamweir.com\/fr\/wp-json\/wp\/v2\/product_tag?post=5289"}],"curies":[{"name":"wp","href":"https:\/\/api.w.org\/{rel}","templated":true}]}}