{"id":5286,"date":"2024-10-30T04:47:30","date_gmt":"2024-10-30T04:47:30","guid":{"rendered":"https:\/\/williamweir.com\/?post_type=product&#038;p=5286"},"modified":"2025-05-24T01:48:54","modified_gmt":"2025-05-24T01:48:54","slug":"glass-cleaner","status":"publish","type":"product","link":"https:\/\/williamweir.com\/fr\/produit\/glass-cleaner\/","title":{"rendered":"Nettoyant pour vitres"},"content":{"rendered":"<p align=\"justify\"><strong>Code produit<\/strong><strong>\uff1a<\/strong><strong>2523<\/strong><\/p>\n<p><strong>I. Caract\u00e9ristiques du produit<\/strong><br \/>\nAnti-gel, anti-poussi\u00e8re, anti-bu\u00e9e et anti-statique. Il permet de garder le verre clair comme du cristal pendant longtemps. Il n'est pas n\u00e9cessaire de le rincer \u00e0 l'eau. Il se nettoie d'un seul coup d'\u00e9ponge et ne laisse pas de traces ou de taches d'eau.<br \/>\n<strong>II. Champ d'application<\/strong><br \/>\nCe produit peut \u00eatre utilis\u00e9 sur les miroirs, les verres, les vitres, les vitres de voiture, les \u00e9crans de t\u00e9l\u00e9vision et tout autre verre. Il peut essuyer toutes sortes de surfaces lisses : verrerie, carreaux de c\u00e9ramique, cristaux, acier inoxydable, cuir artificiel, plastiques et autres surfaces dures.<br \/>\n<strong>III. Instructions d'utilisation<\/strong><br \/>\nApr\u00e8s avoir r\u00e9gl\u00e9 la buse pour obtenir une forme de jet ou de ligne droite, pulv\u00e9riser uniform\u00e9ment. Essuyez ensuite l'objet avec un chiffon sec. Pour un meilleur effet, vous pouvez essuyer l'objet avec du papier de soie sec avant de le pulv\u00e9riser.<br \/>\n<strong>IV. Les pr\u00e9cautions \u00e0 prendre<\/strong><br \/>\nTenir hors de port\u00e9e des enfants.<br \/>\nEn cas de projection accidentelle dans les yeux, rincer abondamment \u00e0 l'eau et se rendre \u00e0 l'h\u00f4pital.<\/p>","protected":false},"excerpt":{"rendered":"<p>Notre usine fournit des services de traitement OEM\/ODM, nous pouvons concevoir des produits sur mesure pour vous ; Notre MOQ est faible, g\u00e9n\u00e9ralement la quantit\u00e9 minimale est de 1000 bouteilles peuvent \u00eatre produites ; Nos produits sont peu co\u00fbteux, d'excellente qualit\u00e9, en conformit\u00e9 avec toutes les lois et r\u00e9glementations nationales et les besoins des clients !<\/p>\n<p>Nous proposons \u00e9galement les services suivants<br \/>\n\u2714 Source transfrontali\u00e8re \u2714 Prise en charge de la personnalisation<br \/>\n\u2714 Usine de production \u2714 D\u00e9veloppement de produits<br \/>\n\u2714 Adaptation \u00e0 l'\u00e9chantillon \u2714 Autorisation de la marque<\/p>\n<h2 style=\"text-align: left;\"><strong>Questions ou commentaires ? <\/strong><\/h2>\n<h2 style=\"text-align: left;\"><strong>wlwer@williamweir.com<\/strong><\/h2>","protected":false},"featured_media":5287,"template":"","meta":{"_uag_custom_page_level_css":"","site-sidebar-layout":"default","site-content-layout":"","ast-site-content-layout":"default","site-content-style":"default","site-sidebar-style":"default","ast-global-header-display":"","ast-banner-title-visibility":"","ast-main-header-display":"","ast-hfb-above-header-display":"","ast-hfb-below-header-display":"","ast-hfb-mobile-header-display":"","site-post-title":"","ast-breadcrumbs-content":"","ast-featured-img":"","footer-sml-layout":"","theme-transparent-header-meta":"default","adv-header-id-meta":"","stick-header-meta":"","header-above-stick-meta":"","header-main-stick-meta":"","header-below-stick-meta":"","astra-migrate-meta-layouts":"set","ast-page-background-enabled":"default","ast-page-background-meta":{"desktop":{"background-color":"","background-image":"","background-repeat":"repeat","background-position":"center center","background-size":"auto","background-attachment":"scroll","background-type":"","background-media":"","overlay-type":"","overlay-color":"","overlay-opacity":"","overlay-gradient":""},"tablet":{"background-color":"","background-image":"","background-repeat":"repeat","background-position":"center center","background-size":"auto","background-attachment":"scroll","background-type":"","background-media":"","overlay-type":"","overlay-color":"","overlay-opacity":"","overlay-gradient":""},"mobile":{"background-color":"","background-image":"","background-repeat":"repeat","background-position":"center center","background-size":"auto","background-attachment":"scroll","background-type":"","background-media":"","overlay-type":"","overlay-color":"","overlay-opacity":"","overlay-gradient":""}},"ast-content-background-meta":{"desktop":{"background-color":"var(--ast-global-color-5)","background-image":"","background-repeat":"repeat","background-position":"center center","background-size":"auto","background-attachment":"scroll","background-type":"","background-media":"","overlay-type":"","overlay-color":"","overlay-opacity":"","overlay-gradient":""},"tablet":{"background-color":"var(--ast-global-color-5)","background-image":"","background-repeat":"repeat","background-position":"center center","background-size":"auto","background-attachment":"scroll","background-type":"","background-media":"","overlay-type":"","overlay-color":"","overlay-opacity":"","overlay-gradient":""},"mobile":{"background-color":"var(--ast-global-color-5)","background-image":"","background-repeat":"repeat","background-position":"center center","background-size":"auto","background-attachment":"scroll","background-type":"","background-media":"","overlay-type":"","overlay-color":"","overlay-opacity":"","overlay-gradient":""}}},"product_brand":[],"product_cat":[74],"product_tag":[143,141,142],"class_list":{"0":"post-5286","1":"product","2":"type-product","3":"status-publish","4":"has-post-thumbnail","6":"product_cat-household-cleaning-series","7":"product_tag-concentrated-cleaner","8":"product_tag-glass-cleaner","9":"product_tag-oil-film-cleaner","10":"desktop-align-center","11":"tablet-align-left","12":"mobile-align-left","13":"ast-product-gallery-layout-horizontal-slider","14":"ast-product-gallery-with-no-image","15":"ast-product-tabs-layout-horizontal","17":"first","18":"instock","19":"shipping-taxable","20":"product-type-simple"},"aioseo_notices":[],"uagb_featured_image_src":{"full":["https:\/\/williamweir.com\/wp-content\/uploads\/2024\/10\/\u73bb\u7483\u6e05\u6d01\u5242100ml.jpg",800,800,false],"thumbnail":["https:\/\/williamweir.com\/wp-content\/uploads\/2024\/10\/\u73bb\u7483\u6e05\u6d01\u5242100ml-300x300.jpg",300,300,true],"medium":["https:\/\/williamweir.com\/wp-content\/uploads\/2024\/10\/\u73bb\u7483\u6e05\u6d01\u5242100ml-600x600.jpg",600,600,true],"medium_large":["https:\/\/williamweir.com\/wp-content\/uploads\/2024\/10\/\u73bb\u7483\u6e05\u6d01\u5242100ml-768x768.jpg",768,768,true],"large":["https:\/\/williamweir.com\/wp-content\/uploads\/2024\/10\/\u73bb\u7483\u6e05\u6d01\u5242100ml.jpg",800,800,false],"1536x1536":["https:\/\/williamweir.com\/wp-content\/uploads\/2024\/10\/\u73bb\u7483\u6e05\u6d01\u5242100ml.jpg",800,800,false],"2048x2048":["https:\/\/williamweir.com\/wp-content\/uploads\/2024\/10\/\u73bb\u7483\u6e05\u6d01\u5242100ml.jpg",800,800,false],"trp-custom-language-flag":["https:\/\/williamweir.com\/wp-content\/uploads\/2024\/10\/\u73bb\u7483\u6e05\u6d01\u5242100ml-12x12.jpg",12,12,true],"woocommerce_thumbnail":["https:\/\/williamweir.com\/wp-content\/uploads\/2024\/10\/\u73bb\u7483\u6e05\u6d01\u5242100ml-600x600.jpg",600,600,true],"woocommerce_single":["https:\/\/williamweir.com\/wp-content\/uploads\/2024\/10\/\u73bb\u7483\u6e05\u6d01\u5242100ml-600x600.jpg",600,600,true],"woocommerce_gallery_thumbnail":["https:\/\/williamweir.com\/wp-content\/uploads\/2024\/10\/\u73bb\u7483\u6e05\u6d01\u5242100ml-100x100.jpg",100,100,true]},"uagb_author_info":{"display_name":"wlwer","author_link":"https:\/\/williamweir.com\/fr\/author\/"},"uagb_comment_info":0,"uagb_excerpt":"Our factory provides OEM\/ODM processing services, we can tailor products for you; Our MOQ is low, generally the minimum quantity is 1000 bottles can be produced; Our products are inexpensive, excellent product quality, in line with any national laws and regulations and customer needs! We also offer the following services \u2714\u00a0 Cross-border source\u00a0 \u00a0 \u00a0\u2026","_links":{"self":[{"href":"https:\/\/williamweir.com\/fr\/wp-json\/wp\/v2\/product\/5286"}],"collection":[{"href":"https:\/\/williamweir.com\/fr\/wp-json\/wp\/v2\/product"}],"about":[{"href":"https:\/\/williamweir.com\/fr\/wp-json\/wp\/v2\/types\/product"}],"version-history":[{"count":5,"href":"https:\/\/williamweir.com\/fr\/wp-json\/wp\/v2\/product\/5286\/revisions"}],"predecessor-version":[{"id":8301,"href":"https:\/\/williamweir.com\/fr\/wp-json\/wp\/v2\/product\/5286\/revisions\/8301"}],"wp:featuredmedia":[{"embeddable":true,"href":"https:\/\/williamweir.com\/fr\/wp-json\/wp\/v2\/media\/5287"}],"wp:attachment":[{"href":"https:\/\/williamweir.com\/fr\/wp-json\/wp\/v2\/media?parent=5286"}],"wp:term":[{"taxonomy":"product_brand","embeddable":true,"href":"https:\/\/williamweir.com\/fr\/wp-json\/wp\/v2\/product_brand?post=5286"},{"taxonomy":"product_cat","embeddable":true,"href":"https:\/\/williamweir.com\/fr\/wp-json\/wp\/v2\/product_cat?post=5286"},{"taxonomy":"product_tag","embeddable":true,"href":"https:\/\/williamweir.com\/fr\/wp-json\/wp\/v2\/product_tag?post=5286"}],"curies":[{"name":"wp","href":"https:\/\/api.w.org\/{rel}","templated":true}]}}