{"id":5280,"date":"2024-10-30T04:34:04","date_gmt":"2024-10-30T04:34:04","guid":{"rendered":"https:\/\/williamweir.com\/?post_type=product&#038;p=5280"},"modified":"2025-05-24T01:49:05","modified_gmt":"2025-05-24T01:49:05","slug":"wood-care-beeswax","status":"publish","type":"product","link":"https:\/\/williamweir.com\/fr\/produit\/wood-care-beeswax\/","title":{"rendered":"Cire d'abeille pour l'entretien du bois"},"content":{"rendered":"<p><strong><span class=\"15\">Code produit\uff1a<\/span><\/strong><strong><span class=\"15\">0048<\/span><\/strong><\/p>\n<p><strong>I. Pr\u00e9sentation du produit<\/strong><\/p>\n<p>Ce produit est un produit d'entretien de haute qualit\u00e9 soigneusement con\u00e7u pour tous les types de meubles et de produits en bois. La cire d'abeille naturelle s\u00e9lectionn\u00e9e, combin\u00e9e \u00e0 une technologie avanc\u00e9e, est destin\u00e9e \u00e0 fournir une excellente protection et \u00e0 nourrir la surface en bois, en r\u00e9v\u00e9lant la beaut\u00e9 naturelle et le charme durable du bois.<\/p>\n<p><strong>II. Caract\u00e9ristiques du produit<\/strong><\/p>\n<ol>\n<li>Nourrit en profondeur : La cire d'abeille naturelle peut p\u00e9n\u00e9trer profond\u00e9ment dans les fibres du bois, compl\u00e9ter l'huile et retenir l'humidit\u00e9 du bois, emp\u00eacher le bois de s\u00e9cher et de se fissurer, et maintenir la flexibilit\u00e9 du bois.<\/li>\n<li>Am\u00e9liorer l'\u00e9clat : Donner aux meubles en bois un \u00e9clat chaud et naturel, mettre en valeur la texture et la couleur du bois, et rendre les meubles plus beaux et plus mobiles.<\/li>\n<li>Imperm\u00e9able et r\u00e9sistant \u00e0 l'humidit\u00e9 : Forme un film protecteur sur la surface du bois pour bloquer efficacement l'invasion de l'humidit\u00e9 et r\u00e9duire les dommages caus\u00e9s au bois par un environnement humide.<\/li>\n<li>Anti-salissures et r\u00e9sistance \u00e0 l'usure : am\u00e9lioration de la capacit\u00e9 anti-salissures du bois, qui n'est pas facilement contamin\u00e9 par la poussi\u00e8re et les taches, et en m\u00eame temps am\u00e9lioration de la r\u00e9sistance \u00e0 l'usure du bois et prolongation de la dur\u00e9e de vie des meubles.<\/li>\n<li>S\u00fbr et respectueux de l'environnement : Fabriqu\u00e9e \u00e0 partir de cire d'abeille naturelle, elle est non toxique, inodore et non irritante, respectueuse du corps humain et de l'environnement, et peut \u00eatre utilis\u00e9e en toute confiance.<\/li>\n<li>Largement applicable : Applicable \u00e0 divers meubles en bois massif, planchers en bois, objets artisanaux en bois, etc.<\/li>\n<\/ol>\n<p><strong>III. M\u00e9thodes d'utilisation<\/strong><\/p>\n<ol>\n<li>Nettoyer la surface : Avant l'utilisation, assurez-vous que la surface en bois est propre et s\u00e8che, sans impuret\u00e9s telles que la poussi\u00e8re et les taches d'huile. Vous pouvez l'essuyer doucement avec un chiffon doux et sec.<\/li>\n<li>Appliquer la cire d'abeille : Prenez une quantit\u00e9 appropri\u00e9e de cire d'abeille et appliquez-la uniform\u00e9ment sur la surface en bois. Vous pouvez utiliser un chiffon doux ou une \u00e9ponge pour l'appliquer afin de vous assurer que la cire d'abeille est uniform\u00e9ment recouverte.<\/li>\n<li>Essuyer et polir : Une fois que la cire d'abeille est l\u00e9g\u00e8rement s\u00e8che, essuyez doucement la surface en bois avec un chiffon doux et propre pour la polir et lui donner un aspect lisse et brillant.<\/li>\n<\/ol>\n<p><strong>IV. Les pr\u00e9cautions \u00e0 prendre<\/strong><\/p>\n<ol>\n<li>\u00c9vitez d'utiliser ce produit dans un environnement humide ou \u00e0 haute temp\u00e9rature afin de ne pas affecter l'effet de l'entretien.<\/li>\n<li>Ne pas appliquer la cire d'abeille sur des surfaces non bois\u00e9es afin d'\u00e9viter toute pollution.<\/li>\n<li>En cas de contact accidentel avec les yeux ou la peau pendant l'utilisation, rincer imm\u00e9diatement \u00e0 l'eau claire et consulter rapidement un m\u00e9decin.<\/li>\n<li>Conservez ce produit dans un endroit frais et sec, \u00e0 l'\u00e9cart des sources de chaleur et des enfants.<\/li>\n<\/ol>\n<p>&nbsp;<\/p>","protected":false},"excerpt":{"rendered":"<p>Notre usine fournit des services de traitement OEM\/ODM, nous pouvons concevoir des produits sur mesure pour vous ; Notre MOQ est faible, g\u00e9n\u00e9ralement la quantit\u00e9 minimale est de 1000 bouteilles peuvent \u00eatre produites ; Nos produits sont peu co\u00fbteux, d'excellente qualit\u00e9, en conformit\u00e9 avec toutes les lois et r\u00e9glementations nationales et les besoins des clients !<\/p>\n<p>Nous proposons \u00e9galement les services suivants<br \/>\n\u2714 Source transfrontali\u00e8re \u2714 Prise en charge de la personnalisation<br \/>\n\u2714 Usine de production \u2714 D\u00e9veloppement de produits<br \/>\n\u2714 Adaptation \u00e0 l'\u00e9chantillon \u2714 Autorisation de la marque<\/p>\n<h2 style=\"text-align: left;\"><strong>Questions ou commentaires ? <\/strong><\/h2>\n<h2 style=\"text-align: left;\"><strong>wlwer@williamweir.com<\/strong><\/h2>\n<p>&nbsp;<\/p>","protected":false},"featured_media":5281,"template":"","meta":{"_uag_custom_page_level_css":"","site-sidebar-layout":"default","site-content-layout":"","ast-site-content-layout":"default","site-content-style":"default","site-sidebar-style":"default","ast-global-header-display":"","ast-banner-title-visibility":"","ast-main-header-display":"","ast-hfb-above-header-display":"","ast-hfb-below-header-display":"","ast-hfb-mobile-header-display":"","site-post-title":"","ast-breadcrumbs-content":"","ast-featured-img":"","footer-sml-layout":"","theme-transparent-header-meta":"default","adv-header-id-meta":"","stick-header-meta":"","header-above-stick-meta":"","header-main-stick-meta":"","header-below-stick-meta":"","astra-migrate-meta-layouts":"set","ast-page-background-enabled":"default","ast-page-background-meta":{"desktop":{"background-color":"","background-image":"","background-repeat":"repeat","background-position":"center center","background-size":"auto","background-attachment":"scroll","background-type":"","background-media":"","overlay-type":"","overlay-color":"","overlay-opacity":"","overlay-gradient":""},"tablet":{"background-color":"","background-image":"","background-repeat":"repeat","background-position":"center center","background-size":"auto","background-attachment":"scroll","background-type":"","background-media":"","overlay-type":"","overlay-color":"","overlay-opacity":"","overlay-gradient":""},"mobile":{"background-color":"","background-image":"","background-repeat":"repeat","background-position":"center center","background-size":"auto","background-attachment":"scroll","background-type":"","background-media":"","overlay-type":"","overlay-color":"","overlay-opacity":"","overlay-gradient":""}},"ast-content-background-meta":{"desktop":{"background-color":"var(--ast-global-color-5)","background-image":"","background-repeat":"repeat","background-position":"center center","background-size":"auto","background-attachment":"scroll","background-type":"","background-media":"","overlay-type":"","overlay-color":"","overlay-opacity":"","overlay-gradient":""},"tablet":{"background-color":"var(--ast-global-color-5)","background-image":"","background-repeat":"repeat","background-position":"center center","background-size":"auto","background-attachment":"scroll","background-type":"","background-media":"","overlay-type":"","overlay-color":"","overlay-opacity":"","overlay-gradient":""},"mobile":{"background-color":"var(--ast-global-color-5)","background-image":"","background-repeat":"repeat","background-position":"center center","background-size":"auto","background-attachment":"scroll","background-type":"","background-media":"","overlay-type":"","overlay-color":"","overlay-opacity":"","overlay-gradient":""}}},"product_brand":[],"product_cat":[71],"product_tag":[85,86,84],"class_list":{"0":"post-5280","1":"product","2":"type-product","3":"status-publish","4":"has-post-thumbnail","6":"product_cat-maintenance-polishing-of-wood-products","7":"product_tag-furniture-care","8":"product_tag-natural-beeswax","9":"product_tag-wood-care","10":"desktop-align-center","11":"tablet-align-left","12":"mobile-align-left","13":"ast-product-gallery-layout-horizontal-slider","14":"ast-product-gallery-with-no-image","15":"ast-product-tabs-layout-horizontal","17":"first","18":"instock","19":"shipping-taxable","20":"product-type-simple"},"aioseo_notices":[],"uagb_featured_image_src":{"full":["https:\/\/williamweir.com\/wp-content\/uploads\/2024\/10\/\u77e5\u5fae\u7f8e\u65b0\u680780g\u8702\u87211-e1730262459574.jpg",706,706,false],"thumbnail":["https:\/\/williamweir.com\/wp-content\/uploads\/2024\/10\/\u77e5\u5fae\u7f8e\u65b0\u680780g\u8702\u87211-e1730262459574-300x300.jpg",300,300,true],"medium":["https:\/\/williamweir.com\/wp-content\/uploads\/2024\/10\/\u77e5\u5fae\u7f8e\u65b0\u680780g\u8702\u87211-e1730262459574-600x600.jpg",600,600,true],"medium_large":["https:\/\/williamweir.com\/wp-content\/uploads\/2024\/10\/\u77e5\u5fae\u7f8e\u65b0\u680780g\u8702\u87211-768x768.jpg",768,768,true],"large":["https:\/\/williamweir.com\/wp-content\/uploads\/2024\/10\/\u77e5\u5fae\u7f8e\u65b0\u680780g\u8702\u87211-e1730262459574.jpg",706,706,false],"1536x1536":["https:\/\/williamweir.com\/wp-content\/uploads\/2024\/10\/\u77e5\u5fae\u7f8e\u65b0\u680780g\u8702\u87211-e1730262459574.jpg",706,706,false],"2048x2048":["https:\/\/williamweir.com\/wp-content\/uploads\/2024\/10\/\u77e5\u5fae\u7f8e\u65b0\u680780g\u8702\u87211-e1730262459574.jpg",706,706,false],"trp-custom-language-flag":["https:\/\/williamweir.com\/wp-content\/uploads\/2024\/10\/\u77e5\u5fae\u7f8e\u65b0\u680780g\u8702\u87211-e1730262459574-12x12.jpg",12,12,true],"woocommerce_thumbnail":["https:\/\/williamweir.com\/wp-content\/uploads\/2024\/10\/\u77e5\u5fae\u7f8e\u65b0\u680780g\u8702\u87211-e1730262459574-600x600.jpg",600,600,true],"woocommerce_single":["https:\/\/williamweir.com\/wp-content\/uploads\/2024\/10\/\u77e5\u5fae\u7f8e\u65b0\u680780g\u8702\u87211-e1730262459574-600x600.jpg",600,600,true],"woocommerce_gallery_thumbnail":["https:\/\/williamweir.com\/wp-content\/uploads\/2024\/10\/\u77e5\u5fae\u7f8e\u65b0\u680780g\u8702\u87211-e1730262459574-100x100.jpg",100,100,true]},"uagb_author_info":{"display_name":"wlwer","author_link":"https:\/\/williamweir.com\/fr\/author\/"},"uagb_comment_info":0,"uagb_excerpt":"Our factory provides OEM\/ODM processing services, we can tailor products for you; Our MOQ is low, generally the minimum quantity is 1000 bottles can be produced; Our products are inexpensive, excellent product quality, in line with any national laws and regulations and customer needs! We also offer the following services \u2714\u00a0 Cross-border source\u00a0 \u00a0 \u00a0\u2026","_links":{"self":[{"href":"https:\/\/williamweir.com\/fr\/wp-json\/wp\/v2\/product\/5280"}],"collection":[{"href":"https:\/\/williamweir.com\/fr\/wp-json\/wp\/v2\/product"}],"about":[{"href":"https:\/\/williamweir.com\/fr\/wp-json\/wp\/v2\/types\/product"}],"version-history":[{"count":4,"href":"https:\/\/williamweir.com\/fr\/wp-json\/wp\/v2\/product\/5280\/revisions"}],"predecessor-version":[{"id":8303,"href":"https:\/\/williamweir.com\/fr\/wp-json\/wp\/v2\/product\/5280\/revisions\/8303"}],"wp:featuredmedia":[{"embeddable":true,"href":"https:\/\/williamweir.com\/fr\/wp-json\/wp\/v2\/media\/5281"}],"wp:attachment":[{"href":"https:\/\/williamweir.com\/fr\/wp-json\/wp\/v2\/media?parent=5280"}],"wp:term":[{"taxonomy":"product_brand","embeddable":true,"href":"https:\/\/williamweir.com\/fr\/wp-json\/wp\/v2\/product_brand?post=5280"},{"taxonomy":"product_cat","embeddable":true,"href":"https:\/\/williamweir.com\/fr\/wp-json\/wp\/v2\/product_cat?post=5280"},{"taxonomy":"product_tag","embeddable":true,"href":"https:\/\/williamweir.com\/fr\/wp-json\/wp\/v2\/product_tag?post=5280"}],"curies":[{"name":"wp","href":"https:\/\/api.w.org\/{rel}","templated":true}]}}