{"id":5267,"date":"2024-10-30T02:58:47","date_gmt":"2024-10-30T02:58:47","guid":{"rendered":"https:\/\/williamweir.com\/?post_type=product&#038;p=5267"},"modified":"2025-05-24T01:49:27","modified_gmt":"2025-05-24T01:49:27","slug":"leather-maintains-cream","status":"publish","type":"product","link":"https:\/\/williamweir.com\/fr\/produit\/leather-maintains-cream\/","title":{"rendered":"Le cuir maintient la cr\u00e8me"},"content":{"rendered":"<p><strong><span class=\"15\">Code produit\uff1a<\/span><\/strong><strong><span class=\"15\">0475<\/span><\/strong><\/p>\n<p><strong>I. Pr\u00e9sentation du produit<\/strong><\/p>\n<p>Cette cr\u00e8me d'entretien du cuir est un produit d'entretien professionnel sp\u00e9cialement con\u00e7u pour divers produits en cuir. Apr\u00e8s des recherches et un d\u00e9veloppement minutieux, elle adopte des mati\u00e8res premi\u00e8res de haute qualit\u00e9 et une technologie de pointe, ce qui permet d'entretenir efficacement le cuir, de le garder doux et brillant et de prolonger sa dur\u00e9e de vie.<\/p>\n<p><strong>II. Caract\u00e9ristiques du produit<\/strong><\/p>\n<ol>\n<li>Nourrit en profondeur : Riche en huiles naturelles et en nutriments, il peut p\u00e9n\u00e9trer profond\u00e9ment dans les fibres du cuir, le nourrir suffisamment et l'emp\u00eacher de se dess\u00e9cher et de se craqueler.<\/li>\n<li>Redonne de l'\u00e9clat : R\u00e9pare efficacement les fines rayures et abrasions de la surface du cuir, redonne au cuir son \u00e9clat et sa texture d'origine et redonne aux produits en cuir un aspect neuf.<\/li>\n<li>Imperm\u00e9able et r\u00e9sistant \u00e0 l'humidit\u00e9 : Forme un film protecteur sur la surface du cuir, qui poss\u00e8de de bonnes propri\u00e9t\u00e9s d'imperm\u00e9abilit\u00e9 et de r\u00e9sistance \u00e0 l'humidit\u00e9 et emp\u00eache l'\u00e9rosion du cuir par l'humidit\u00e9.<\/li>\n<li>Anti-salissures et anti-poussi\u00e8re : Il peut r\u00e9sister \u00e0 l'adh\u00e9sion de polluants tels que la poussi\u00e8re et les taches, ce qui rend le cuir facile \u00e0 nettoyer et \u00e0 garder propre.<\/li>\n<li>Largement applicable : Convient \u00e0 divers mat\u00e9riaux en cuir tels que la peau de vache, la peau de mouton, la peau de porc, etc., et peut \u00eatre utilis\u00e9 pour l'entretien des produits en cuir tels que les chaussures en cuir, les sacs en cuir, les v\u00eatements en cuir et les canap\u00e9s en cuir.<\/li>\n<li>Odeur agr\u00e9able : le produit est l\u00e9g\u00e8rement parfum\u00e9 et ne laisse pas d'odeur \u00e2cre apr\u00e8s utilisation.<\/li>\n<\/ol>\n<p><strong>III. M\u00e9thodes d'utilisation<\/strong><\/p>\n<ol>\n<li>Nettoyer le cuir : Avant l'utilisation, essuyez d'abord la surface du cuir avec un chiffon doux et propre pour enlever la poussi\u00e8re et les taches. Si la surface du cuir pr\u00e9sente des taches tenaces, vous pouvez utiliser un nettoyant sp\u00e9cial pour le cuir.<\/li>\n<li>Appliquer la cr\u00e8me d'entretien : Prenez une quantit\u00e9 appropri\u00e9e de cr\u00e8me d'entretien du cuir et appliquez-la uniform\u00e9ment sur la surface du cuir. Vous pouvez utiliser un chiffon doux ou une \u00e9ponge pour l'application. Veillez \u00e0 exercer une force uniforme lors de l'application afin que la cr\u00e8me d'entretien puisse couvrir enti\u00e8rement la surface du cuir.<\/li>\n<li>Masser pour absorber : Massez doucement la surface du cuir avec vos doigts pour aider la cr\u00e8me de soin \u00e0 p\u00e9n\u00e9trer et \u00e0 mieux s'absorber. Le temps de massage peut \u00eatre ajust\u00e9 en fonction de la mati\u00e8re et de la s\u00e9cheresse du cuir.<\/li>\n<li>Traitement de polissage : Une fois la cr\u00e8me d'entretien compl\u00e8tement absorb\u00e9e, utilisez un chiffon doux et propre pour polir la surface du cuir et lui donner un aspect lisse et brillant.<\/li>\n<\/ol>\n<p><strong>IV. Les pr\u00e9cautions \u00e0 prendre<\/strong><\/p>\n<ol>\n<li>\u00c9vitez d'appliquer la cr\u00e8me d'entretien sur les coutures et les accessoires m\u00e9talliques du cuir afin de ne pas affecter l'aspect et la dur\u00e9e de vie du cuir.<\/li>\n<li>En cas de dommages ou d'abrasions graves sur la surface du cuir, il est recommand\u00e9 d'effectuer d'abord un traitement de r\u00e9paration, puis d'utiliser la cr\u00e8me d'entretien pour la maintenance.<\/li>\n<li>Veuillez conserver ce produit dans un endroit frais et sec, en \u00e9vitant la lumi\u00e8re directe du soleil et les environnements \u00e0 haute temp\u00e9rature.<\/li>\n<li>Tenez-le \u00e9loign\u00e9 des enfants et des animaux domestiques afin d'\u00e9viter toute ingestion accidentelle.<\/li>\n<\/ol>","protected":false},"excerpt":{"rendered":"<p>Notre usine fournit des services de traitement OEM\/ODM, nous pouvons concevoir des produits sur mesure pour vous ; Notre MOQ est faible, g\u00e9n\u00e9ralement la quantit\u00e9 minimale est de 1000 bouteilles peuvent \u00eatre produites ; Nos produits sont peu co\u00fbteux, d'excellente qualit\u00e9, en conformit\u00e9 avec toutes les lois et r\u00e9glementations nationales et les besoins des clients !<\/p>\n<p>Nous proposons \u00e9galement les services suivants<br \/>\n\u2714 Source transfrontali\u00e8re \u2714 Prise en charge de la personnalisation<br \/>\n\u2714 Usine de production \u2714 D\u00e9veloppement de produits<br \/>\n\u2714 Adaptation \u00e0 l'\u00e9chantillon \u2714 Autorisation de la marque<\/p>\n<h2 style=\"text-align: left;\"><strong>Questions ou commentaires ? <\/strong><\/h2>\n<h2 style=\"text-align: left;\"><strong>wlwer@williamweir.com<\/strong><\/h2>\n<p>&nbsp;<\/p>","protected":false},"featured_media":5268,"template":"","meta":{"_uag_custom_page_level_css":"","site-sidebar-layout":"default","site-content-layout":"","ast-site-content-layout":"default","site-content-style":"default","site-sidebar-style":"default","ast-global-header-display":"","ast-banner-title-visibility":"","ast-main-header-display":"","ast-hfb-above-header-display":"","ast-hfb-below-header-display":"","ast-hfb-mobile-header-display":"","site-post-title":"","ast-breadcrumbs-content":"","ast-featured-img":"","footer-sml-layout":"","theme-transparent-header-meta":"default","adv-header-id-meta":"","stick-header-meta":"","header-above-stick-meta":"","header-main-stick-meta":"","header-below-stick-meta":"","astra-migrate-meta-layouts":"set","ast-page-background-enabled":"default","ast-page-background-meta":{"desktop":{"background-color":"","background-image":"","background-repeat":"repeat","background-position":"center center","background-size":"auto","background-attachment":"scroll","background-type":"","background-media":"","overlay-type":"","overlay-color":"","overlay-opacity":"","overlay-gradient":""},"tablet":{"background-color":"","background-image":"","background-repeat":"repeat","background-position":"center center","background-size":"auto","background-attachment":"scroll","background-type":"","background-media":"","overlay-type":"","overlay-color":"","overlay-opacity":"","overlay-gradient":""},"mobile":{"background-color":"","background-image":"","background-repeat":"repeat","background-position":"center center","background-size":"auto","background-attachment":"scroll","background-type":"","background-media":"","overlay-type":"","overlay-color":"","overlay-opacity":"","overlay-gradient":""}},"ast-content-background-meta":{"desktop":{"background-color":"var(--ast-global-color-5)","background-image":"","background-repeat":"repeat","background-position":"center center","background-size":"auto","background-attachment":"scroll","background-type":"","background-media":"","overlay-type":"","overlay-color":"","overlay-opacity":"","overlay-gradient":""},"tablet":{"background-color":"var(--ast-global-color-5)","background-image":"","background-repeat":"repeat","background-position":"center center","background-size":"auto","background-attachment":"scroll","background-type":"","background-media":"","overlay-type":"","overlay-color":"","overlay-opacity":"","overlay-gradient":""},"mobile":{"background-color":"var(--ast-global-color-5)","background-image":"","background-repeat":"repeat","background-position":"center center","background-size":"auto","background-attachment":"scroll","background-type":"","background-media":"","overlay-type":"","overlay-color":"","overlay-opacity":"","overlay-gradient":""}}},"product_brand":[],"product_cat":[75],"product_tag":[137,135,136],"class_list":{"0":"post-5267","1":"product","2":"type-product","3":"status-publish","4":"has-post-thumbnail","6":"product_cat-leather-cleaning-and-maintenance","7":"product_tag-leather-cream","8":"product_tag-leather-maintenance","9":"product_tag-leather-shoes-maintenance","10":"desktop-align-center","11":"tablet-align-left","12":"mobile-align-left","13":"ast-product-gallery-layout-horizontal-slider","14":"ast-product-tabs-layout-horizontal","16":"first","17":"instock","18":"shipping-taxable","19":"product-type-simple"},"aioseo_notices":[],"uagb_featured_image_src":{"full":["https:\/\/williamweir.com\/wp-content\/uploads\/2024\/10\/\u4e3b\u56fe-\u767d.jpg",800,800,false],"thumbnail":["https:\/\/williamweir.com\/wp-content\/uploads\/2024\/10\/\u4e3b\u56fe-\u767d-300x300.jpg",300,300,true],"medium":["https:\/\/williamweir.com\/wp-content\/uploads\/2024\/10\/\u4e3b\u56fe-\u767d-600x600.jpg",600,600,true],"medium_large":["https:\/\/williamweir.com\/wp-content\/uploads\/2024\/10\/\u4e3b\u56fe-\u767d-768x768.jpg",768,768,true],"large":["https:\/\/williamweir.com\/wp-content\/uploads\/2024\/10\/\u4e3b\u56fe-\u767d.jpg",800,800,false],"1536x1536":["https:\/\/williamweir.com\/wp-content\/uploads\/2024\/10\/\u4e3b\u56fe-\u767d.jpg",800,800,false],"2048x2048":["https:\/\/williamweir.com\/wp-content\/uploads\/2024\/10\/\u4e3b\u56fe-\u767d.jpg",800,800,false],"trp-custom-language-flag":["https:\/\/williamweir.com\/wp-content\/uploads\/2024\/10\/\u4e3b\u56fe-\u767d-12x12.jpg",12,12,true],"woocommerce_thumbnail":["https:\/\/williamweir.com\/wp-content\/uploads\/2024\/10\/\u4e3b\u56fe-\u767d-600x600.jpg",600,600,true],"woocommerce_single":["https:\/\/williamweir.com\/wp-content\/uploads\/2024\/10\/\u4e3b\u56fe-\u767d-600x600.jpg",600,600,true],"woocommerce_gallery_thumbnail":["https:\/\/williamweir.com\/wp-content\/uploads\/2024\/10\/\u4e3b\u56fe-\u767d-100x100.jpg",100,100,true]},"uagb_author_info":{"display_name":"wlwer","author_link":"https:\/\/williamweir.com\/fr\/author\/"},"uagb_comment_info":0,"uagb_excerpt":"Our factory provides OEM\/ODM processing services, we can tailor products for you; Our MOQ is low, generally the minimum quantity is 1000 bottles can be produced; Our products are inexpensive, excellent product quality, in line with any national laws and regulations and customer needs! We also offer the following services \u2714\u00a0 Cross-border source\u00a0 \u00a0 \u00a0\u2026","_links":{"self":[{"href":"https:\/\/williamweir.com\/fr\/wp-json\/wp\/v2\/product\/5267"}],"collection":[{"href":"https:\/\/williamweir.com\/fr\/wp-json\/wp\/v2\/product"}],"about":[{"href":"https:\/\/williamweir.com\/fr\/wp-json\/wp\/v2\/types\/product"}],"version-history":[{"count":4,"href":"https:\/\/williamweir.com\/fr\/wp-json\/wp\/v2\/product\/5267\/revisions"}],"predecessor-version":[{"id":8307,"href":"https:\/\/williamweir.com\/fr\/wp-json\/wp\/v2\/product\/5267\/revisions\/8307"}],"wp:featuredmedia":[{"embeddable":true,"href":"https:\/\/williamweir.com\/fr\/wp-json\/wp\/v2\/media\/5268"}],"wp:attachment":[{"href":"https:\/\/williamweir.com\/fr\/wp-json\/wp\/v2\/media?parent=5267"}],"wp:term":[{"taxonomy":"product_brand","embeddable":true,"href":"https:\/\/williamweir.com\/fr\/wp-json\/wp\/v2\/product_brand?post=5267"},{"taxonomy":"product_cat","embeddable":true,"href":"https:\/\/williamweir.com\/fr\/wp-json\/wp\/v2\/product_cat?post=5267"},{"taxonomy":"product_tag","embeddable":true,"href":"https:\/\/williamweir.com\/fr\/wp-json\/wp\/v2\/product_tag?post=5267"}],"curies":[{"name":"wp","href":"https:\/\/api.w.org\/{rel}","templated":true}]}}