{"id":14902,"date":"2026-04-22T06:30:49","date_gmt":"2026-04-22T06:30:49","guid":{"rendered":"https:\/\/williamweir.com\/?post_type=product&#038;p=14902"},"modified":"2026-04-22T06:30:49","modified_gmt":"2026-04-22T06:30:49","slug":"heavy-oil-stain-cleaner","status":"publish","type":"product","link":"https:\/\/williamweir.com\/fr\/produit\/heavy-oil-stain-cleaner\/","title":{"rendered":"Heavy oil stain cleaner"},"content":{"rendered":"<ol>\n<li><strong><b> Product Introduction:<\/b><\/strong><strong><b><br \/>\n<\/b><\/strong>Ce produit est un puissant produit de nettoyage pour \u00e9liminer les taches d'huile. Il est sp\u00e9cialement con\u00e7u pour les taches d'huile tenaces dans les cuisines, les restaurants et autres lieux. Qu'il s'agisse de taches d'huile sur les surfaces des appareils de cuisine tels que les cuisini\u00e8res, les hottes et les fours, ou de taches d'huile sur des surfaces telles que les carrelages et les comptoirs en acier inoxydable, elles peuvent \u00eatre facilement \u00e9limin\u00e9es, ce qui rend votre travail de nettoyage plus efficace et plus pratique.<\/li>\n<\/ol>\n<ol>\n<li><strong><b> Product Features:<\/b><\/strong><\/li>\n<\/ol>\n<ol>\n<li>D\u00e9contamination puissante : Adoptant une formule de nettoyage avanc\u00e9e, il peut rapidement d\u00e9composer les taches d'huile et les s\u00e9parer de la surface, avec un effet de nettoyage remarquable.<\/li>\n<li>S\u00fbr et respectueux de l'environnement : il ne contient pas de substances chimiques nocives, il est inoffensif pour le corps humain et l'environnement, et son utilisation est s\u00fbre et fiable.<\/li>\n<li>Large gamme d'applications : Il convient au nettoyage des taches d'huile sur les surfaces de divers mat\u00e9riaux, tels que l'acier inoxydable, les carreaux, le verre, le plastique, etc.<\/li>\n<li>Pratique et facile \u00e0 utiliser : Il suffit de vaporiser le nettoyant sur la surface tach\u00e9e d'huile, puis de l'essuyer avec un chiffon apr\u00e8s une courte p\u00e9riode. Il n'est pas n\u00e9cessaire de frotter durement.<\/li>\n<\/ol>\n<p><strong><b>III. M\u00e9thode d'utilisation :<\/b><\/strong><\/p>\n<ol>\n<li>Tout d'abord, nettoyez la poussi\u00e8re et les salet\u00e9s sur la surface tach\u00e9e d'huile.<\/li>\n<li>Vaporisez le nettoyant pour taches d'huile uniform\u00e9ment \u00e0 une distance d'environ 15 \u00e0 20 centim\u00e8tres de la surface tach\u00e9e d'huile.<\/li>\n<li>Attendez 3 \u00e0 5 minutes pour que le nettoyant d\u00e9compose compl\u00e8tement les taches d'huile.<\/li>\n<li>Essuyez la surface tach\u00e9e d'huile avec un chiffon ou une \u00e9ponge propre. Si les taches sont tenaces, vous pouvez les essuyer avec une force appropri\u00e9e ou r\u00e9p\u00e9ter les \u00e9tapes ci-dessus.<\/li>\n<li>Apr\u00e8s le nettoyage, rincez \u00e0 l'eau claire ou s\u00e9chez avec un chiffon propre.<\/li>\n<\/ol>\n<ol>\n<li><strong><b> Precautions:<\/b><\/strong><\/li>\n<\/ol>\n<ol>\n<li>Veuillez le placer dans un endroit que les enfants ne peuvent pas atteindre facilement.<\/li>\n<li>\u00c9viter tout contact avec les yeux et la peau. En cas de contact accidentel, rincer imm\u00e9diatement et abondamment \u00e0 l'eau claire.<\/li>\n<li>Pour les surfaces de mat\u00e9riaux sensibles, veuillez d'abord effectuer un essai sur un endroit peu visible. Apr\u00e8s avoir v\u00e9rifi\u00e9 qu'il n'y a pas de r\u00e9action ind\u00e9sirable, utilisez-le sur une grande surface.<\/li>\n<li>Veuillez le conserver dans un endroit frais et sec et \u00e9viter la lumi\u00e8re directe du soleil.<\/li>\n<\/ol>","protected":false},"excerpt":{"rendered":"<p>Notre usine fournit des services de traitement OEM\/ODM, nous pouvons concevoir des produits sur mesure pour vous ; Notre MOQ est faible, g\u00e9n\u00e9ralement la quantit\u00e9 minimale est de 1000 bouteilles peuvent \u00eatre produites ; Nos produits sont peu co\u00fbteux, d'excellente qualit\u00e9, en conformit\u00e9 avec toutes les lois et r\u00e9glementations nationales et les besoins des clients !<\/p>\n<h3><strong>\u00a0 \u00a0 \u00a0 Nous proposons \u00e9galement les services suivants<\/strong><\/h3>\n<h4><strong><img decoding=\"async\" class=\"emoji\" role=\"img\" draggable=\"false\" src=\"https:\/\/s.w.org\/images\/core\/emoji\/15.0.3\/svg\/2714.svg\" alt=\"\u2714\" \/>\u00a0 Source transfrontali\u00e8re\u00a0 \u00a0 \u00a0 \u00a0 \u00a0\u00a0<img decoding=\"async\" class=\"emoji\" role=\"img\" draggable=\"false\" src=\"https:\/\/s.w.org\/images\/core\/emoji\/15.0.3\/svg\/2714.svg\" alt=\"\u2714\" \/>\u00a0 Personnalisation du support<\/strong><\/h4>\n<h4><strong><img decoding=\"async\" class=\"emoji\" role=\"img\" draggable=\"false\" src=\"https:\/\/s.w.org\/images\/core\/emoji\/15.0.3\/svg\/2714.svg\" alt=\"\u2714\" \/>\u00a0 Usine source\u00a0 \u00a0 \u00a0 \u00a0 \u00a0 \u00a0 \u00a0 \u00a0 \u00a0 \u00a0 \u00a0 \u00a0<img decoding=\"async\" class=\"emoji\" role=\"img\" draggable=\"false\" src=\"https:\/\/s.w.org\/images\/core\/emoji\/15.0.3\/svg\/2714.svg\" alt=\"\u2714\" \/>\u00a0 D\u00e9veloppement de produits<\/strong><\/h4>\n<h4><strong><img decoding=\"async\" class=\"emoji\" role=\"img\" draggable=\"false\" src=\"https:\/\/s.w.org\/images\/core\/emoji\/15.0.3\/svg\/2714.svg\" alt=\"\u2714\" \/>\u00a0 Adaptation \u00e0 l'\u00e9chantillon\u00a0 \u00a0 \u00a0 \u00a0 \u00a0 \u00a0 \u00a0 \u00a0 \u00a0 \u00a0\u00a0<img decoding=\"async\" class=\"emoji\" role=\"img\" draggable=\"false\" src=\"https:\/\/s.w.org\/images\/core\/emoji\/15.0.3\/svg\/2714.svg\" alt=\"\u2714\" \/>\u00a0 Autorisation de la marque<\/strong><\/h4>\n<p>&nbsp;<\/p>\n<h2><strong>Questions ou commentaires ?<\/strong><\/h2>\n<h2><strong>wlwer@williamweir.com<\/strong><\/h2>","protected":false},"featured_media":14903,"template":"","meta":{"_uag_custom_page_level_css":"","site-sidebar-layout":"default","site-content-layout":"","ast-site-content-layout":"default","site-content-style":"default","site-sidebar-style":"default","ast-global-header-display":"","ast-banner-title-visibility":"","ast-main-header-display":"","ast-hfb-above-header-display":"","ast-hfb-below-header-display":"","ast-hfb-mobile-header-display":"","site-post-title":"","ast-breadcrumbs-content":"","ast-featured-img":"","footer-sml-layout":"","theme-transparent-header-meta":"default","adv-header-id-meta":"","stick-header-meta":"","header-above-stick-meta":"","header-main-stick-meta":"","header-below-stick-meta":"","astra-migrate-meta-layouts":"set","ast-page-background-enabled":"default","ast-page-background-meta":{"desktop":{"background-color":"","background-image":"","background-repeat":"repeat","background-position":"center center","background-size":"auto","background-attachment":"scroll","background-type":"","background-media":"","overlay-type":"","overlay-color":"","overlay-opacity":"","overlay-gradient":""},"tablet":{"background-color":"","background-image":"","background-repeat":"repeat","background-position":"center center","background-size":"auto","background-attachment":"scroll","background-type":"","background-media":"","overlay-type":"","overlay-color":"","overlay-opacity":"","overlay-gradient":""},"mobile":{"background-color":"","background-image":"","background-repeat":"repeat","background-position":"center center","background-size":"auto","background-attachment":"scroll","background-type":"","background-media":"","overlay-type":"","overlay-color":"","overlay-opacity":"","overlay-gradient":""}},"ast-content-background-meta":{"desktop":{"background-color":"var(--ast-global-color-5)","background-image":"","background-repeat":"repeat","background-position":"center center","background-size":"auto","background-attachment":"scroll","background-type":"","background-media":"","overlay-type":"","overlay-color":"","overlay-opacity":"","overlay-gradient":""},"tablet":{"background-color":"var(--ast-global-color-5)","background-image":"","background-repeat":"repeat","background-position":"center center","background-size":"auto","background-attachment":"scroll","background-type":"","background-media":"","overlay-type":"","overlay-color":"","overlay-opacity":"","overlay-gradient":""},"mobile":{"background-color":"var(--ast-global-color-5)","background-image":"","background-repeat":"repeat","background-position":"center center","background-size":"auto","background-attachment":"scroll","background-type":"","background-media":"","overlay-type":"","overlay-color":"","overlay-opacity":"","overlay-gradient":""}}},"product_brand":[],"product_cat":[83],"product_tag":[],"class_list":{"0":"post-14902","1":"product","2":"type-product","3":"status-publish","4":"has-post-thumbnail","6":"product_cat-all-products","7":"desktop-align-center","8":"tablet-align-left","9":"mobile-align-left","10":"ast-product-gallery-layout-horizontal-slider","11":"ast-product-gallery-with-no-image","12":"ast-product-tabs-layout-horizontal","14":"first","15":"instock","16":"shipping-taxable","17":"product-type-simple"},"aioseo_notices":[],"uagb_featured_image_src":{"full":["https:\/\/williamweir.com\/wp-content\/uploads\/2026\/04\/\u4e3b\u56fe-5.jpg",800,800,false],"thumbnail":["https:\/\/williamweir.com\/wp-content\/uploads\/2026\/04\/\u4e3b\u56fe-5-300x300.jpg",300,300,true],"medium":["https:\/\/williamweir.com\/wp-content\/uploads\/2026\/04\/\u4e3b\u56fe-5-600x600.jpg",600,600,true],"medium_large":["https:\/\/williamweir.com\/wp-content\/uploads\/2026\/04\/\u4e3b\u56fe-5-768x768.jpg",768,768,true],"large":["https:\/\/williamweir.com\/wp-content\/uploads\/2026\/04\/\u4e3b\u56fe-5.jpg",800,800,false],"1536x1536":["https:\/\/williamweir.com\/wp-content\/uploads\/2026\/04\/\u4e3b\u56fe-5.jpg",800,800,false],"2048x2048":["https:\/\/williamweir.com\/wp-content\/uploads\/2026\/04\/\u4e3b\u56fe-5.jpg",800,800,false],"trp-custom-language-flag":["https:\/\/williamweir.com\/wp-content\/uploads\/2026\/04\/\u4e3b\u56fe-5-12x12.jpg",12,12,true],"woocommerce_thumbnail":["https:\/\/williamweir.com\/wp-content\/uploads\/2026\/04\/\u4e3b\u56fe-5-600x600.jpg",600,600,true],"woocommerce_single":["https:\/\/williamweir.com\/wp-content\/uploads\/2026\/04\/\u4e3b\u56fe-5-600x600.jpg",600,600,true],"woocommerce_gallery_thumbnail":["https:\/\/williamweir.com\/wp-content\/uploads\/2026\/04\/\u4e3b\u56fe-5-100x100.jpg",100,100,true]},"uagb_author_info":{"display_name":"wlwer","author_link":"https:\/\/williamweir.com\/fr\/author\/"},"uagb_comment_info":0,"uagb_excerpt":"Our factory provides OEM\/ODM processing services, we can tailor products for you; Our MOQ is low, generally the minimum quantity is 1000 bottles can be produced; Our products are inexpensive, excellent product quality, in line with any national laws and regulations and customer needs! \u00a0 \u00a0 \u00a0 We also offer the following services \u00a0 Cross-border\u2026","_links":{"self":[{"href":"https:\/\/williamweir.com\/fr\/wp-json\/wp\/v2\/product\/14902"}],"collection":[{"href":"https:\/\/williamweir.com\/fr\/wp-json\/wp\/v2\/product"}],"about":[{"href":"https:\/\/williamweir.com\/fr\/wp-json\/wp\/v2\/types\/product"}],"version-history":[{"count":1,"href":"https:\/\/williamweir.com\/fr\/wp-json\/wp\/v2\/product\/14902\/revisions"}],"predecessor-version":[{"id":14904,"href":"https:\/\/williamweir.com\/fr\/wp-json\/wp\/v2\/product\/14902\/revisions\/14904"}],"wp:featuredmedia":[{"embeddable":true,"href":"https:\/\/williamweir.com\/fr\/wp-json\/wp\/v2\/media\/14903"}],"wp:attachment":[{"href":"https:\/\/williamweir.com\/fr\/wp-json\/wp\/v2\/media?parent=14902"}],"wp:term":[{"taxonomy":"product_brand","embeddable":true,"href":"https:\/\/williamweir.com\/fr\/wp-json\/wp\/v2\/product_brand?post=14902"},{"taxonomy":"product_cat","embeddable":true,"href":"https:\/\/williamweir.com\/fr\/wp-json\/wp\/v2\/product_cat?post=14902"},{"taxonomy":"product_tag","embeddable":true,"href":"https:\/\/williamweir.com\/fr\/wp-json\/wp\/v2\/product_tag?post=14902"}],"curies":[{"name":"wp","href":"https:\/\/api.w.org\/{rel}","templated":true}]}}