{"id":14834,"date":"2026-04-13T07:04:22","date_gmt":"2026-04-13T07:04:22","guid":{"rendered":"https:\/\/williamweir.com\/?post_type=product&#038;p=14834"},"modified":"2026-04-13T07:04:22","modified_gmt":"2026-04-13T07:04:22","slug":"powerful-car-wash-fluid","status":"publish","type":"product","link":"https:\/\/williamweir.com\/fr\/produit\/powerful-car-wash-fluid\/","title":{"rendered":"Powerful Car Wash Fluid"},"content":{"rendered":"<p>Features:This product is specially designed to remove stubborn automotive dirt and stains. It can easily tackle dust, bird droppings, insect debris, tree sap and tar, meeting the needs of deep cleaning.<\/p>\n<p>Main ingredients: Surfactants, brighteners, chelating agents, deionized water, etc.<\/p>\n<p>Use method\uff1aRegular car washing: Take an appropriate amount of car wash liquid (about 50ml) and mix it with cold water. Use a sponge or towel to clean in different areas. Rinse thoroughly with clean water and then dry. \u200b<\/p>\n<p>Powerful car wash: When the dirt is severe, mix about 100ml of car wash liquid with cold water and follow the regular steps. \u200b<\/p>\n<p>Stubborn stain treatment: Apply the original solution directly or dip a sponge in it, let it penetrate for 3-5 minutes, then wash and dry.<\/p>\n<p>Scope of application\uff1aSuitable for surface cleaning of all vehicle models.<\/p>\n<p>Matters needing attention\uff1aWash the car in a cool, shaded area and avoid direct sunlight to prevent water spots.Ensure cleaning tools are clean and free of foreign objects to avoid scratching the car paint.Store out of the reach of children. In case of accidental contact with skin or eyes, rinse immediately with clean water and seek medical attention.<\/p>","protected":false},"excerpt":{"rendered":"<p>Notre usine fournit des services de traitement OEM\/ODM, nous pouvons concevoir des produits sur mesure pour vous ; Notre MOQ est faible, g\u00e9n\u00e9ralement la quantit\u00e9 minimale est de 1000 bouteilles peuvent \u00eatre produites ; Nos produits sont peu co\u00fbteux, d'excellente qualit\u00e9, en conformit\u00e9 avec toutes les lois et r\u00e9glementations nationales et les besoins des clients !<\/p>\n<h3><strong>\u00a0 \u00a0 \u00a0 Nous proposons \u00e9galement les services suivants<\/strong><\/h3>\n<h4><strong><img decoding=\"async\" class=\"emoji\" role=\"img\" draggable=\"false\" src=\"https:\/\/s.w.org\/images\/core\/emoji\/15.0.3\/svg\/2714.svg\" alt=\"\u2714\" \/>\u00a0 Source transfrontali\u00e8re\u00a0 \u00a0 \u00a0 \u00a0 \u00a0\u00a0<img decoding=\"async\" class=\"emoji\" role=\"img\" draggable=\"false\" src=\"https:\/\/s.w.org\/images\/core\/emoji\/15.0.3\/svg\/2714.svg\" alt=\"\u2714\" \/>\u00a0 Personnalisation du support<\/strong><\/h4>\n<h4><strong><img decoding=\"async\" class=\"emoji\" role=\"img\" draggable=\"false\" src=\"https:\/\/s.w.org\/images\/core\/emoji\/15.0.3\/svg\/2714.svg\" alt=\"\u2714\" \/>\u00a0 Usine source\u00a0 \u00a0 \u00a0 \u00a0 \u00a0 \u00a0 \u00a0 \u00a0 \u00a0 \u00a0 \u00a0 \u00a0<img decoding=\"async\" class=\"emoji\" role=\"img\" draggable=\"false\" src=\"https:\/\/s.w.org\/images\/core\/emoji\/15.0.3\/svg\/2714.svg\" alt=\"\u2714\" \/>\u00a0 D\u00e9veloppement de produits<\/strong><\/h4>\n<h4><strong><img decoding=\"async\" class=\"emoji\" role=\"img\" draggable=\"false\" src=\"https:\/\/s.w.org\/images\/core\/emoji\/15.0.3\/svg\/2714.svg\" alt=\"\u2714\" \/>\u00a0 Adaptation \u00e0 l'\u00e9chantillon\u00a0 \u00a0 \u00a0 \u00a0 \u00a0 \u00a0 \u00a0 \u00a0 \u00a0 \u00a0\u00a0<img decoding=\"async\" class=\"emoji\" role=\"img\" draggable=\"false\" src=\"https:\/\/s.w.org\/images\/core\/emoji\/15.0.3\/svg\/2714.svg\" alt=\"\u2714\" \/>\u00a0 Autorisation de la marque<\/strong><\/h4>\n<p>&nbsp;<\/p>\n<h2><strong>Questions ou commentaires ?<\/strong><\/h2>\n<h2><strong>wlwer@williamweir.com<\/strong><\/h2>","protected":false},"featured_media":14835,"template":"","meta":{"_uag_custom_page_level_css":"","site-sidebar-layout":"default","site-content-layout":"","ast-site-content-layout":"default","site-content-style":"default","site-sidebar-style":"default","ast-global-header-display":"","ast-banner-title-visibility":"","ast-main-header-display":"","ast-hfb-above-header-display":"","ast-hfb-below-header-display":"","ast-hfb-mobile-header-display":"","site-post-title":"","ast-breadcrumbs-content":"","ast-featured-img":"","footer-sml-layout":"","theme-transparent-header-meta":"default","adv-header-id-meta":"","stick-header-meta":"","header-above-stick-meta":"","header-main-stick-meta":"","header-below-stick-meta":"","astra-migrate-meta-layouts":"set","ast-page-background-enabled":"default","ast-page-background-meta":{"desktop":{"background-color":"","background-image":"","background-repeat":"repeat","background-position":"center center","background-size":"auto","background-attachment":"scroll","background-type":"","background-media":"","overlay-type":"","overlay-color":"","overlay-opacity":"","overlay-gradient":""},"tablet":{"background-color":"","background-image":"","background-repeat":"repeat","background-position":"center center","background-size":"auto","background-attachment":"scroll","background-type":"","background-media":"","overlay-type":"","overlay-color":"","overlay-opacity":"","overlay-gradient":""},"mobile":{"background-color":"","background-image":"","background-repeat":"repeat","background-position":"center center","background-size":"auto","background-attachment":"scroll","background-type":"","background-media":"","overlay-type":"","overlay-color":"","overlay-opacity":"","overlay-gradient":""}},"ast-content-background-meta":{"desktop":{"background-color":"var(--ast-global-color-5)","background-image":"","background-repeat":"repeat","background-position":"center center","background-size":"auto","background-attachment":"scroll","background-type":"","background-media":"","overlay-type":"","overlay-color":"","overlay-opacity":"","overlay-gradient":""},"tablet":{"background-color":"var(--ast-global-color-5)","background-image":"","background-repeat":"repeat","background-position":"center center","background-size":"auto","background-attachment":"scroll","background-type":"","background-media":"","overlay-type":"","overlay-color":"","overlay-opacity":"","overlay-gradient":""},"mobile":{"background-color":"var(--ast-global-color-5)","background-image":"","background-repeat":"repeat","background-position":"center center","background-size":"auto","background-attachment":"scroll","background-type":"","background-media":"","overlay-type":"","overlay-color":"","overlay-opacity":"","overlay-gradient":""}}},"product_brand":[],"product_cat":[83],"product_tag":[],"class_list":{"0":"post-14834","1":"product","2":"type-product","3":"status-publish","4":"has-post-thumbnail","6":"product_cat-all-products","7":"desktop-align-center","8":"tablet-align-left","9":"mobile-align-left","10":"ast-product-gallery-layout-horizontal-slider","11":"ast-product-gallery-with-no-image","12":"ast-product-tabs-layout-horizontal","14":"first","15":"instock","16":"shipping-taxable","17":"product-type-simple"},"aioseo_notices":[],"uagb_featured_image_src":{"full":["https:\/\/williamweir.com\/wp-content\/uploads\/2026\/04\/\u6d17\u8f66\u6db2.png",2094,2094,false],"thumbnail":["https:\/\/williamweir.com\/wp-content\/uploads\/2026\/04\/\u6d17\u8f66\u6db2-300x300.png",300,300,true],"medium":["https:\/\/williamweir.com\/wp-content\/uploads\/2026\/04\/\u6d17\u8f66\u6db2-600x600.png",600,600,true],"medium_large":["https:\/\/williamweir.com\/wp-content\/uploads\/2026\/04\/\u6d17\u8f66\u6db2-768x768.png",768,768,true],"large":["https:\/\/williamweir.com\/wp-content\/uploads\/2026\/04\/\u6d17\u8f66\u6db2-1024x1024.png",1024,1024,true],"1536x1536":["https:\/\/williamweir.com\/wp-content\/uploads\/2026\/04\/\u6d17\u8f66\u6db2-1536x1536.png",1536,1536,true],"2048x2048":["https:\/\/williamweir.com\/wp-content\/uploads\/2026\/04\/\u6d17\u8f66\u6db2-2048x2048.png",2048,2048,true],"trp-custom-language-flag":["https:\/\/williamweir.com\/wp-content\/uploads\/2026\/04\/\u6d17\u8f66\u6db2-12x12.png",12,12,true],"woocommerce_thumbnail":["https:\/\/williamweir.com\/wp-content\/uploads\/2026\/04\/\u6d17\u8f66\u6db2-600x600.png",600,600,true],"woocommerce_single":["https:\/\/williamweir.com\/wp-content\/uploads\/2026\/04\/\u6d17\u8f66\u6db2-600x600.png",600,600,true],"woocommerce_gallery_thumbnail":["https:\/\/williamweir.com\/wp-content\/uploads\/2026\/04\/\u6d17\u8f66\u6db2-100x100.png",100,100,true]},"uagb_author_info":{"display_name":"wlwer","author_link":"https:\/\/williamweir.com\/fr\/author\/"},"uagb_comment_info":0,"uagb_excerpt":"Our factory provides OEM\/ODM processing services, we can tailor products for you; Our MOQ is low, generally the minimum quantity is 1000 bottles can be produced; Our products are inexpensive, excellent product quality, in line with any national laws and regulations and customer needs! \u00a0 \u00a0 \u00a0 We also offer the following services \u00a0 Cross-border\u2026","_links":{"self":[{"href":"https:\/\/williamweir.com\/fr\/wp-json\/wp\/v2\/product\/14834"}],"collection":[{"href":"https:\/\/williamweir.com\/fr\/wp-json\/wp\/v2\/product"}],"about":[{"href":"https:\/\/williamweir.com\/fr\/wp-json\/wp\/v2\/types\/product"}],"version-history":[{"count":1,"href":"https:\/\/williamweir.com\/fr\/wp-json\/wp\/v2\/product\/14834\/revisions"}],"predecessor-version":[{"id":14836,"href":"https:\/\/williamweir.com\/fr\/wp-json\/wp\/v2\/product\/14834\/revisions\/14836"}],"wp:featuredmedia":[{"embeddable":true,"href":"https:\/\/williamweir.com\/fr\/wp-json\/wp\/v2\/media\/14835"}],"wp:attachment":[{"href":"https:\/\/williamweir.com\/fr\/wp-json\/wp\/v2\/media?parent=14834"}],"wp:term":[{"taxonomy":"product_brand","embeddable":true,"href":"https:\/\/williamweir.com\/fr\/wp-json\/wp\/v2\/product_brand?post=14834"},{"taxonomy":"product_cat","embeddable":true,"href":"https:\/\/williamweir.com\/fr\/wp-json\/wp\/v2\/product_cat?post=14834"},{"taxonomy":"product_tag","embeddable":true,"href":"https:\/\/williamweir.com\/fr\/wp-json\/wp\/v2\/product_tag?post=14834"}],"curies":[{"name":"wp","href":"https:\/\/api.w.org\/{rel}","templated":true}]}}