{"id":14755,"date":"2025-11-27T07:50:00","date_gmt":"2025-11-27T07:50:00","guid":{"rendered":"https:\/\/williamweir.com\/?post_type=product&#038;p=14755"},"modified":"2025-11-27T07:50:00","modified_gmt":"2025-11-27T07:50:00","slug":"wood-wax-oil-4","status":"publish","type":"product","link":"https:\/\/williamweir.com\/fr\/produit\/wood-wax-oil-4\/","title":{"rendered":"Huile de cire de bois"},"content":{"rendered":"<p><strong>Code produit\uff1a<\/strong><strong>3186<\/strong><\/p>\n<ol>\n<li><strong><b> Product Overview<\/b><\/strong><\/li>\n<\/ol>\n<p>&nbsp;<\/p>\n<p>This product is of food contact grade and is specially designed as a maintenance item for wooden furniture and wood products. It can effectively nourish and protect wood, keeping it naturally beautiful and in good condition.<\/p>\n<ol>\n<li><strong><b> Main Components<\/b><\/strong><\/li>\n<\/ol>\n<p>&nbsp;<\/p>\n<p>Food-grade beeswax, microcrystalline wax, natural oils, etc.<\/p>\n<p><strong><b>III. Caract\u00e9ristiques du produit<\/b><\/strong><\/p>\n<p>&nbsp;<\/p>\n<ol>\n<li>Nourrir le bois : P\u00e9n\u00e8tre profond\u00e9ment dans les fibres du bois pour le nourrir et pr\u00e9venir le dess\u00e8chement et la fissuration.<\/li>\n<li>Protection de la surface : Forme un film protecteur sur la surface du bois pour r\u00e9sister efficacement \u00e0 l'humidit\u00e9, aux taches et \u00e0 l'abrasion.<\/li>\n<li>Am\u00e9lioration de l'\u00e9clat : La surface du bois pr\u00e9sente un \u00e9clat naturel et doux, ce qui rehausse la beaut\u00e9 des produits en bois.<\/li>\n<li>Respectueux de l'environnement et s\u00fbr : Adoptant des ingr\u00e9dients naturels, il ne contient pas de substances nocives et est inoffensif pour le corps humain et l'environnement.<\/li>\n<li>Facile \u00e0 utiliser : L'op\u00e9ration est simple et peut \u00eatre appliqu\u00e9e par frottement et essuyage.<\/li>\n<\/ol>\n<p>&nbsp;<\/p>\n<ol>\n<li><strong><b> Champ d'application<\/b><\/strong><\/li>\n<\/ol>\n<p>&nbsp;<\/p>\n<p>Convient \u00e0 divers produits en bois tels que les meubles en bois massif, les planchers en bois et les objets artisanaux en bois.<\/p>\n<p>&nbsp;<\/p>\n<ol>\n<li><strong><b> M\u00e9thode d'utilisation<\/b><\/strong><\/li>\n<\/ol>\n<p>&nbsp;<\/p>\n<ol>\n<li>Nettoyez d'abord la surface des produits en bois pour enlever la poussi\u00e8re et les taches.<\/li>\n<li>Tremper une quantit\u00e9 appropri\u00e9e d'huile de cire dans un chiffon doux ou une \u00e9ponge propre et l'\u00e9taler uniform\u00e9ment sur la surface des produits en bois.<\/li>\n<li>Attendez quelques minutes pour permettre \u00e0 l'huile de cire de p\u00e9n\u00e9trer compl\u00e8tement dans le bois.<\/li>\n<li>Essuyez et polissez d\u00e9licatement la surface des produits en bois \u00e0 l'aide d'un chiffon doux et propre afin d'\u00e9liminer l'exc\u00e8s d'huile de cire et de rendre le lustre plus uniforme.<\/li>\n<\/ol>\n<p>&nbsp;<\/p>\n<ol>\n<li><strong><b> Pr\u00e9cautions<\/b><\/strong><\/li>\n<\/ol>\n<p>&nbsp;<\/p>\n<ol>\n<li>Veuillez faire un essai sur une zone peu visible avant utilisation afin de vous assurer qu'il n'y a pas de r\u00e9actions ind\u00e9sirables.<\/li>\n<li>\u00c9vitez de l'utiliser \u00e0 des temp\u00e9ratures \u00e9lev\u00e9es, dans un environnement humide ou en plein soleil.<\/li>\n<li>En cas de contact accidentel avec les yeux, rincer imm\u00e9diatement \u00e0 l'eau claire.<\/li>\n<li>Veuillez conserver le produit scell\u00e9 dans un endroit frais et sec, hors de port\u00e9e des enfants.<\/li>\n<\/ol>\n<p>&nbsp;<\/p>","protected":false},"excerpt":{"rendered":"<p>Notre usine fournit des services de traitement OEM\/ODM, nous pouvons concevoir des produits sur mesure pour vous ; Notre MOQ est faible, g\u00e9n\u00e9ralement la quantit\u00e9 minimale est de 1000 bouteilles peuvent \u00eatre produites ; Nos produits sont peu co\u00fbteux, d'excellente qualit\u00e9, en conformit\u00e9 avec toutes les lois et r\u00e9glementations nationales et les besoins des clients !<\/p>\n<h3><strong>\u00a0 \u00a0 \u00a0 Nous proposons \u00e9galement les services suivants<\/strong><\/h3>\n<h4><strong><img decoding=\"async\" class=\"emoji\" role=\"img\" draggable=\"false\" src=\"https:\/\/s.w.org\/images\/core\/emoji\/15.0.3\/svg\/2714.svg\" alt=\"\u2714\" \/>\u00a0 Source transfrontali\u00e8re\u00a0 \u00a0 \u00a0 \u00a0 \u00a0\u00a0<img decoding=\"async\" class=\"emoji\" role=\"img\" draggable=\"false\" src=\"https:\/\/s.w.org\/images\/core\/emoji\/15.0.3\/svg\/2714.svg\" alt=\"\u2714\" \/>\u00a0 Personnalisation du support<\/strong><\/h4>\n<h4><strong><img decoding=\"async\" class=\"emoji\" role=\"img\" draggable=\"false\" src=\"https:\/\/s.w.org\/images\/core\/emoji\/15.0.3\/svg\/2714.svg\" alt=\"\u2714\" \/>\u00a0 Usine source\u00a0 \u00a0 \u00a0 \u00a0 \u00a0 \u00a0 \u00a0 \u00a0 \u00a0 \u00a0 \u00a0 \u00a0<img decoding=\"async\" class=\"emoji\" role=\"img\" draggable=\"false\" src=\"https:\/\/s.w.org\/images\/core\/emoji\/15.0.3\/svg\/2714.svg\" alt=\"\u2714\" \/>\u00a0 D\u00e9veloppement de produits<\/strong><\/h4>\n<h4><strong><img decoding=\"async\" class=\"emoji\" role=\"img\" draggable=\"false\" src=\"https:\/\/s.w.org\/images\/core\/emoji\/15.0.3\/svg\/2714.svg\" alt=\"\u2714\" \/>\u00a0 Adaptation \u00e0 l'\u00e9chantillon\u00a0 \u00a0 \u00a0 \u00a0 \u00a0 \u00a0 \u00a0 \u00a0 \u00a0 \u00a0\u00a0<img decoding=\"async\" class=\"emoji\" role=\"img\" draggable=\"false\" src=\"https:\/\/s.w.org\/images\/core\/emoji\/15.0.3\/svg\/2714.svg\" alt=\"\u2714\" \/>\u00a0 Autorisation de la marque<\/strong><\/h4>\n<p>&nbsp;<\/p>\n<h2><strong>Questions ou commentaires ?<\/strong><\/h2>\n<h2><strong>wlwer@williamweir.com<\/strong><\/h2>","protected":false},"featured_media":14756,"template":"","meta":{"_uag_custom_page_level_css":"","site-sidebar-layout":"default","site-content-layout":"","ast-site-content-layout":"default","site-content-style":"default","site-sidebar-style":"default","ast-global-header-display":"","ast-banner-title-visibility":"","ast-main-header-display":"","ast-hfb-above-header-display":"","ast-hfb-below-header-display":"","ast-hfb-mobile-header-display":"","site-post-title":"","ast-breadcrumbs-content":"","ast-featured-img":"","footer-sml-layout":"","theme-transparent-header-meta":"default","adv-header-id-meta":"","stick-header-meta":"","header-above-stick-meta":"","header-main-stick-meta":"","header-below-stick-meta":"","astra-migrate-meta-layouts":"set","ast-page-background-enabled":"default","ast-page-background-meta":{"desktop":{"background-color":"","background-image":"","background-repeat":"repeat","background-position":"center center","background-size":"auto","background-attachment":"scroll","background-type":"","background-media":"","overlay-type":"","overlay-color":"","overlay-opacity":"","overlay-gradient":""},"tablet":{"background-color":"","background-image":"","background-repeat":"repeat","background-position":"center center","background-size":"auto","background-attachment":"scroll","background-type":"","background-media":"","overlay-type":"","overlay-color":"","overlay-opacity":"","overlay-gradient":""},"mobile":{"background-color":"","background-image":"","background-repeat":"repeat","background-position":"center center","background-size":"auto","background-attachment":"scroll","background-type":"","background-media":"","overlay-type":"","overlay-color":"","overlay-opacity":"","overlay-gradient":""}},"ast-content-background-meta":{"desktop":{"background-color":"var(--ast-global-color-5)","background-image":"","background-repeat":"repeat","background-position":"center center","background-size":"auto","background-attachment":"scroll","background-type":"","background-media":"","overlay-type":"","overlay-color":"","overlay-opacity":"","overlay-gradient":""},"tablet":{"background-color":"var(--ast-global-color-5)","background-image":"","background-repeat":"repeat","background-position":"center center","background-size":"auto","background-attachment":"scroll","background-type":"","background-media":"","overlay-type":"","overlay-color":"","overlay-opacity":"","overlay-gradient":""},"mobile":{"background-color":"var(--ast-global-color-5)","background-image":"","background-repeat":"repeat","background-position":"center center","background-size":"auto","background-attachment":"scroll","background-type":"","background-media":"","overlay-type":"","overlay-color":"","overlay-opacity":"","overlay-gradient":""}}},"product_brand":[],"product_cat":[83],"product_tag":[],"class_list":{"0":"post-14755","1":"product","2":"type-product","3":"status-publish","4":"has-post-thumbnail","6":"product_cat-all-products","7":"desktop-align-center","8":"tablet-align-left","9":"mobile-align-left","10":"ast-product-gallery-layout-horizontal-slider","11":"ast-product-gallery-with-no-image","12":"ast-product-tabs-layout-horizontal","14":"first","15":"instock","16":"shipping-taxable","17":"product-type-simple"},"aioseo_notices":[],"uagb_featured_image_src":{"full":["https:\/\/williamweir.com\/wp-content\/uploads\/2025\/11\/\u98df\u54c1\u7ea7\u6728\u8721\u6cb9.jpg",800,800,false],"thumbnail":["https:\/\/williamweir.com\/wp-content\/uploads\/2025\/11\/\u98df\u54c1\u7ea7\u6728\u8721\u6cb9-300x300.jpg",300,300,true],"medium":["https:\/\/williamweir.com\/wp-content\/uploads\/2025\/11\/\u98df\u54c1\u7ea7\u6728\u8721\u6cb9-600x600.jpg",600,600,true],"medium_large":["https:\/\/williamweir.com\/wp-content\/uploads\/2025\/11\/\u98df\u54c1\u7ea7\u6728\u8721\u6cb9-768x768.jpg",768,768,true],"large":["https:\/\/williamweir.com\/wp-content\/uploads\/2025\/11\/\u98df\u54c1\u7ea7\u6728\u8721\u6cb9.jpg",800,800,false],"1536x1536":["https:\/\/williamweir.com\/wp-content\/uploads\/2025\/11\/\u98df\u54c1\u7ea7\u6728\u8721\u6cb9.jpg",800,800,false],"2048x2048":["https:\/\/williamweir.com\/wp-content\/uploads\/2025\/11\/\u98df\u54c1\u7ea7\u6728\u8721\u6cb9.jpg",800,800,false],"trp-custom-language-flag":["https:\/\/williamweir.com\/wp-content\/uploads\/2025\/11\/\u98df\u54c1\u7ea7\u6728\u8721\u6cb9-12x12.jpg",12,12,true],"woocommerce_thumbnail":["https:\/\/williamweir.com\/wp-content\/uploads\/2025\/11\/\u98df\u54c1\u7ea7\u6728\u8721\u6cb9-600x600.jpg",600,600,true],"woocommerce_single":["https:\/\/williamweir.com\/wp-content\/uploads\/2025\/11\/\u98df\u54c1\u7ea7\u6728\u8721\u6cb9-600x600.jpg",600,600,true],"woocommerce_gallery_thumbnail":["https:\/\/williamweir.com\/wp-content\/uploads\/2025\/11\/\u98df\u54c1\u7ea7\u6728\u8721\u6cb9-100x100.jpg",100,100,true]},"uagb_author_info":{"display_name":"wlwer","author_link":"https:\/\/williamweir.com\/fr\/author\/"},"uagb_comment_info":0,"uagb_excerpt":"Our factory provides OEM\/ODM processing services, we can tailor products for you; Our MOQ is low, generally the minimum quantity is 1000 bottles can be produced; Our products are inexpensive, excellent product quality, in line with any national laws and regulations and customer needs! \u00a0 \u00a0 \u00a0 We also offer the following services \u00a0 Cross-border\u2026","_links":{"self":[{"href":"https:\/\/williamweir.com\/fr\/wp-json\/wp\/v2\/product\/14755"}],"collection":[{"href":"https:\/\/williamweir.com\/fr\/wp-json\/wp\/v2\/product"}],"about":[{"href":"https:\/\/williamweir.com\/fr\/wp-json\/wp\/v2\/types\/product"}],"version-history":[{"count":1,"href":"https:\/\/williamweir.com\/fr\/wp-json\/wp\/v2\/product\/14755\/revisions"}],"predecessor-version":[{"id":14757,"href":"https:\/\/williamweir.com\/fr\/wp-json\/wp\/v2\/product\/14755\/revisions\/14757"}],"wp:featuredmedia":[{"embeddable":true,"href":"https:\/\/williamweir.com\/fr\/wp-json\/wp\/v2\/media\/14756"}],"wp:attachment":[{"href":"https:\/\/williamweir.com\/fr\/wp-json\/wp\/v2\/media?parent=14755"}],"wp:term":[{"taxonomy":"product_brand","embeddable":true,"href":"https:\/\/williamweir.com\/fr\/wp-json\/wp\/v2\/product_brand?post=14755"},{"taxonomy":"product_cat","embeddable":true,"href":"https:\/\/williamweir.com\/fr\/wp-json\/wp\/v2\/product_cat?post=14755"},{"taxonomy":"product_tag","embeddable":true,"href":"https:\/\/williamweir.com\/fr\/wp-json\/wp\/v2\/product_tag?post=14755"}],"curies":[{"name":"wp","href":"https:\/\/api.w.org\/{rel}","templated":true}]}}