{"id":14749,"date":"2025-11-27T07:44:18","date_gmt":"2025-11-27T07:44:18","guid":{"rendered":"https:\/\/williamweir.com\/?post_type=product&#038;p=14749"},"modified":"2025-11-27T07:45:16","modified_gmt":"2025-11-27T07:45:16","slug":"door-lock-lubricant","status":"publish","type":"product","link":"https:\/\/williamweir.com\/fr\/produit\/door-lock-lubricant\/","title":{"rendered":"Door lock lubricant"},"content":{"rendered":"<ol>\n<li><strong><b> Pr\u00e9sentation du produit<\/b><\/strong><\/li>\n<\/ol>\n<p>&nbsp;<\/p>\n<p>Ce produit est une huile lubrifiante haute performance sp\u00e9cialement con\u00e7ue pour les serrures de portes et de fen\u00eatres. Il peut r\u00e9duire efficacement la friction entre le cylindre de la serrure et le corps de la serrure, assurer l'ouverture et la fermeture en douceur des serrures de portes et de fen\u00eatres et prolonger la dur\u00e9e de vie des serrures.<\/p>\n<p>&nbsp;<\/p>\n<ol>\n<li><strong><b> Caract\u00e9ristiques du produit<\/b><\/strong><\/li>\n<\/ol>\n<p>&nbsp;<\/p>\n<ol>\n<li>Excellente performance de lubrification : Contient des ingr\u00e9dients lubrifiants sp\u00e9ciaux capables de former un film lubrifiant durable sur la surface m\u00e9tallique, de r\u00e9duire le coefficient de frottement et de rendre le fonctionnement des serrures de portes et de fen\u00eatres facile et sans effort.<\/li>\n<li>Protection contre la rouille : Emp\u00eache les parties m\u00e9talliques des serrures de rouiller et de se corroder, et pr\u00e9serve l'aspect et les performances des serrures.<\/li>\n<li>Adaptabilit\u00e9 aux basses temp\u00e9ratures : Il conserve une bonne fluidit\u00e9 dans les environnements \u00e0 basse temp\u00e9rature, ce qui permet d'utiliser normalement les serrures de portes et de fen\u00eatres par temps froid.<\/li>\n<li>S\u00fbr et respectueux de l'environnement : Adopte une formule de protection de l'environnement non toxique et inodore, inoffensive pour le corps humain et l'environnement.<\/li>\n<\/ol>\n<p>&nbsp;<\/p>\n<p><strong><b>III. M\u00e9thodes d'utilisation<\/b><\/strong><\/p>\n<p>&nbsp;<\/p>\n<ol>\n<li>Tout d'abord, nettoyez la serrure de la porte et de la fen\u00eatre pour enlever la poussi\u00e8re et la salet\u00e9 de la surface.<\/li>\n<li>Verser uniform\u00e9ment l'huile de lubrification dans le cylindre de serrure.<\/li>\n<li>Tournez doucement la cl\u00e9 ou actionnez la serrure pour que l'huile lubrifiante se r\u00e9partisse enti\u00e8rement sur toutes les pi\u00e8ces.<\/li>\n<li>Pour les serrures qui n'ont pas \u00e9t\u00e9 utilis\u00e9es depuis longtemps ou qui sont fortement bloqu\u00e9es, les \u00e9tapes ci-dessus peuvent \u00eatre r\u00e9p\u00e9t\u00e9es plusieurs fois pour obtenir un meilleur effet lubrifiant.<\/li>\n<\/ol>\n<p>&nbsp;<\/p>\n<ol>\n<li><strong><b> Pr\u00e9cautions<\/b><\/strong><\/li>\n<\/ol>\n<p>&nbsp;<\/p>\n<ol>\n<li>Conservez-le dans un endroit o\u00f9 les enfants ne peuvent pas l'atteindre facilement afin d'\u00e9viter toute ingestion accidentelle.<\/li>\n<li>Ne l'utilisez pas \u00e0 proximit\u00e9 d'une source de feu pour \u00e9viter tout danger.<\/li>\n<li>Si l'huile lubrifiante s'\u00e9coule accidentellement sur le sol ou sur d'autres objets, elle doit \u00eatre nettoy\u00e9e \u00e0 temps pour \u00e9viter tout risque de glissade ou de pollution.<\/li>\n<li>V\u00e9rifier r\u00e9guli\u00e8rement l'\u00e9tat de lubrification des serrures de portes et de fen\u00eatres et remettre de l'huile de lubrification \u00e0 temps si n\u00e9cessaire.<\/li>\n<\/ol>\n<p>&nbsp;<\/p>","protected":false},"excerpt":{"rendered":"<p>Notre usine fournit des services de traitement OEM\/ODM, nous pouvons concevoir des produits sur mesure pour vous ; Notre MOQ est faible, g\u00e9n\u00e9ralement la quantit\u00e9 minimale est de 1000 bouteilles peuvent \u00eatre produites ; Nos produits sont peu co\u00fbteux, d'excellente qualit\u00e9, en conformit\u00e9 avec toutes les lois et r\u00e9glementations nationales et les besoins des clients !<\/p>\n<h3><strong>\u00a0 \u00a0 \u00a0 Nous proposons \u00e9galement les services suivants<\/strong><\/h3>\n<h4><strong><img decoding=\"async\" class=\"emoji\" role=\"img\" draggable=\"false\" src=\"https:\/\/s.w.org\/images\/core\/emoji\/15.0.3\/svg\/2714.svg\" alt=\"\u2714\" \/>\u00a0 Source transfrontali\u00e8re\u00a0 \u00a0 \u00a0 \u00a0 \u00a0\u00a0<img decoding=\"async\" class=\"emoji\" role=\"img\" draggable=\"false\" src=\"https:\/\/s.w.org\/images\/core\/emoji\/15.0.3\/svg\/2714.svg\" alt=\"\u2714\" \/>\u00a0 Personnalisation du support<\/strong><\/h4>\n<h4><strong><img decoding=\"async\" class=\"emoji\" role=\"img\" draggable=\"false\" src=\"https:\/\/s.w.org\/images\/core\/emoji\/15.0.3\/svg\/2714.svg\" alt=\"\u2714\" \/>\u00a0 Usine source\u00a0 \u00a0 \u00a0 \u00a0 \u00a0 \u00a0 \u00a0 \u00a0 \u00a0 \u00a0 \u00a0 \u00a0<img decoding=\"async\" class=\"emoji\" role=\"img\" draggable=\"false\" src=\"https:\/\/s.w.org\/images\/core\/emoji\/15.0.3\/svg\/2714.svg\" alt=\"\u2714\" \/>\u00a0 D\u00e9veloppement de produits<\/strong><\/h4>\n<h4><strong><img decoding=\"async\" class=\"emoji\" role=\"img\" draggable=\"false\" src=\"https:\/\/s.w.org\/images\/core\/emoji\/15.0.3\/svg\/2714.svg\" alt=\"\u2714\" \/>\u00a0 Adaptation \u00e0 l'\u00e9chantillon\u00a0 \u00a0 \u00a0 \u00a0 \u00a0 \u00a0 \u00a0 \u00a0 \u00a0 \u00a0\u00a0<img decoding=\"async\" class=\"emoji\" role=\"img\" draggable=\"false\" src=\"https:\/\/s.w.org\/images\/core\/emoji\/15.0.3\/svg\/2714.svg\" alt=\"\u2714\" \/>\u00a0 Autorisation de la marque<\/strong><\/h4>\n<p>&nbsp;<\/p>\n<h2><strong>Questions ou commentaires ?<\/strong><\/h2>\n<h2><strong>wlwer@williamweir.com<\/strong><\/h2>","protected":false},"featured_media":14750,"template":"","meta":{"_uag_custom_page_level_css":"","site-sidebar-layout":"default","site-content-layout":"","ast-site-content-layout":"default","site-content-style":"default","site-sidebar-style":"default","ast-global-header-display":"","ast-banner-title-visibility":"","ast-main-header-display":"","ast-hfb-above-header-display":"","ast-hfb-below-header-display":"","ast-hfb-mobile-header-display":"","site-post-title":"","ast-breadcrumbs-content":"","ast-featured-img":"","footer-sml-layout":"","theme-transparent-header-meta":"default","adv-header-id-meta":"","stick-header-meta":"","header-above-stick-meta":"","header-main-stick-meta":"","header-below-stick-meta":"","astra-migrate-meta-layouts":"set","ast-page-background-enabled":"default","ast-page-background-meta":{"desktop":{"background-color":"","background-image":"","background-repeat":"repeat","background-position":"center center","background-size":"auto","background-attachment":"scroll","background-type":"","background-media":"","overlay-type":"","overlay-color":"","overlay-opacity":"","overlay-gradient":""},"tablet":{"background-color":"","background-image":"","background-repeat":"repeat","background-position":"center center","background-size":"auto","background-attachment":"scroll","background-type":"","background-media":"","overlay-type":"","overlay-color":"","overlay-opacity":"","overlay-gradient":""},"mobile":{"background-color":"","background-image":"","background-repeat":"repeat","background-position":"center center","background-size":"auto","background-attachment":"scroll","background-type":"","background-media":"","overlay-type":"","overlay-color":"","overlay-opacity":"","overlay-gradient":""}},"ast-content-background-meta":{"desktop":{"background-color":"var(--ast-global-color-5)","background-image":"","background-repeat":"repeat","background-position":"center center","background-size":"auto","background-attachment":"scroll","background-type":"","background-media":"","overlay-type":"","overlay-color":"","overlay-opacity":"","overlay-gradient":""},"tablet":{"background-color":"var(--ast-global-color-5)","background-image":"","background-repeat":"repeat","background-position":"center center","background-size":"auto","background-attachment":"scroll","background-type":"","background-media":"","overlay-type":"","overlay-color":"","overlay-opacity":"","overlay-gradient":""},"mobile":{"background-color":"var(--ast-global-color-5)","background-image":"","background-repeat":"repeat","background-position":"center center","background-size":"auto","background-attachment":"scroll","background-type":"","background-media":"","overlay-type":"","overlay-color":"","overlay-opacity":"","overlay-gradient":""}}},"product_brand":[],"product_cat":[83],"product_tag":[],"class_list":{"0":"post-14749","1":"product","2":"type-product","3":"status-publish","4":"has-post-thumbnail","6":"product_cat-all-products","7":"desktop-align-center","8":"tablet-align-left","9":"mobile-align-left","10":"ast-product-gallery-layout-horizontal-slider","11":"ast-product-gallery-with-no-image","12":"ast-product-tabs-layout-horizontal","14":"first","15":"instock","16":"shipping-taxable","17":"product-type-simple"},"aioseo_notices":[],"uagb_featured_image_src":{"full":["https:\/\/williamweir.com\/wp-content\/uploads\/2025\/11\/\u95e8\u9501\u6da6\u6ed1\u6cb9.jpg",800,800,false],"thumbnail":["https:\/\/williamweir.com\/wp-content\/uploads\/2025\/11\/\u95e8\u9501\u6da6\u6ed1\u6cb9-300x300.jpg",300,300,true],"medium":["https:\/\/williamweir.com\/wp-content\/uploads\/2025\/11\/\u95e8\u9501\u6da6\u6ed1\u6cb9-600x600.jpg",600,600,true],"medium_large":["https:\/\/williamweir.com\/wp-content\/uploads\/2025\/11\/\u95e8\u9501\u6da6\u6ed1\u6cb9-768x768.jpg",768,768,true],"large":["https:\/\/williamweir.com\/wp-content\/uploads\/2025\/11\/\u95e8\u9501\u6da6\u6ed1\u6cb9.jpg",800,800,false],"1536x1536":["https:\/\/williamweir.com\/wp-content\/uploads\/2025\/11\/\u95e8\u9501\u6da6\u6ed1\u6cb9.jpg",800,800,false],"2048x2048":["https:\/\/williamweir.com\/wp-content\/uploads\/2025\/11\/\u95e8\u9501\u6da6\u6ed1\u6cb9.jpg",800,800,false],"trp-custom-language-flag":["https:\/\/williamweir.com\/wp-content\/uploads\/2025\/11\/\u95e8\u9501\u6da6\u6ed1\u6cb9-12x12.jpg",12,12,true],"woocommerce_thumbnail":["https:\/\/williamweir.com\/wp-content\/uploads\/2025\/11\/\u95e8\u9501\u6da6\u6ed1\u6cb9-600x600.jpg",600,600,true],"woocommerce_single":["https:\/\/williamweir.com\/wp-content\/uploads\/2025\/11\/\u95e8\u9501\u6da6\u6ed1\u6cb9-600x600.jpg",600,600,true],"woocommerce_gallery_thumbnail":["https:\/\/williamweir.com\/wp-content\/uploads\/2025\/11\/\u95e8\u9501\u6da6\u6ed1\u6cb9-100x100.jpg",100,100,true]},"uagb_author_info":{"display_name":"wlwer","author_link":"https:\/\/williamweir.com\/fr\/author\/"},"uagb_comment_info":0,"uagb_excerpt":"Our factory provides OEM\/ODM processing services, we can tailor products for you; Our MOQ is low, generally the minimum quantity is 1000 bottles can be produced; Our products are inexpensive, excellent product quality, in line with any national laws and regulations and customer needs! \u00a0 \u00a0 \u00a0 We also offer the following services \u00a0 Cross-border\u2026","_links":{"self":[{"href":"https:\/\/williamweir.com\/fr\/wp-json\/wp\/v2\/product\/14749"}],"collection":[{"href":"https:\/\/williamweir.com\/fr\/wp-json\/wp\/v2\/product"}],"about":[{"href":"https:\/\/williamweir.com\/fr\/wp-json\/wp\/v2\/types\/product"}],"version-history":[{"count":1,"href":"https:\/\/williamweir.com\/fr\/wp-json\/wp\/v2\/product\/14749\/revisions"}],"predecessor-version":[{"id":14751,"href":"https:\/\/williamweir.com\/fr\/wp-json\/wp\/v2\/product\/14749\/revisions\/14751"}],"wp:featuredmedia":[{"embeddable":true,"href":"https:\/\/williamweir.com\/fr\/wp-json\/wp\/v2\/media\/14750"}],"wp:attachment":[{"href":"https:\/\/williamweir.com\/fr\/wp-json\/wp\/v2\/media?parent=14749"}],"wp:term":[{"taxonomy":"product_brand","embeddable":true,"href":"https:\/\/williamweir.com\/fr\/wp-json\/wp\/v2\/product_brand?post=14749"},{"taxonomy":"product_cat","embeddable":true,"href":"https:\/\/williamweir.com\/fr\/wp-json\/wp\/v2\/product_cat?post=14749"},{"taxonomy":"product_tag","embeddable":true,"href":"https:\/\/williamweir.com\/fr\/wp-json\/wp\/v2\/product_tag?post=14749"}],"curies":[{"name":"wp","href":"https:\/\/api.w.org\/{rel}","templated":true}]}}