{"id":14582,"date":"2025-07-30T05:38:42","date_gmt":"2025-07-30T05:38:42","guid":{"rendered":"https:\/\/williamweir.com\/?post_type=product&#038;p=14582"},"modified":"2025-07-30T05:39:08","modified_gmt":"2025-07-30T05:39:08","slug":"formaldehyde-remover-4","status":"publish","type":"product","link":"https:\/\/williamweir.com\/fr\/produit\/formaldehyde-remover-4\/","title":{"rendered":"Dissolvant de formald\u00e9hyde"},"content":{"rendered":"<h3><strong>Commodity code: 2196<\/strong><\/h3>\n<p><strong><b>Pr\u00e9sentation du produit<\/b><\/strong><\/p>\n<p>Ce produit est un produit respectueux de l'environnement sp\u00e9cialement utilis\u00e9 pour \u00e9liminer la pollution int\u00e9rieure par le formald\u00e9hyde. Apr\u00e8s une recherche et un d\u00e9veloppement scientifiques et des tests stricts, il peut r\u00e9duire efficacement la teneur en formald\u00e9hyde \u00e0 l'int\u00e9rieur des b\u00e2timents et cr\u00e9er un environnement de vie sain et s\u00fbr pour vous et votre famille.<\/p>\n<p><strong><b>Caract\u00e9ristiques du produit<\/b><\/strong><\/p>\n<ol>\n<li>\u00c9limination efficace du formald\u00e9hyde : Adoptant une technologie avanc\u00e9e d'\u00e9limination du formald\u00e9hyde, il peut r\u00e9agir rapidement avec le formald\u00e9hyde et \u00e9liminer efficacement le formald\u00e9hyde dans l'air et \u00e0 la surface des objets, avec un taux \u00e9lev\u00e9 d'\u00e9limination du formald\u00e9hyde.<\/li>\n<li>S\u00fbr et respectueux de l'environnement : les principaux composants du produit sont des extraits de plantes naturelles, non toxiques, inoffensifs et non irritants, respectueux du corps humain et de l'environnement.<\/li>\n<li>Large gamme d'applications : Il convient \u00e0 divers espaces int\u00e9rieurs, tels que les maisons, les bureaux, les \u00e9coles, les h\u00f4pitaux, les h\u00f4tels, etc. Il peut \u00e9galement \u00eatre utilis\u00e9 pour \u00e9liminer le formald\u00e9hyde des mat\u00e9riaux de d\u00e9coration tels que les meubles, les panneaux, les papiers peints et les tapis.<\/li>\n<li>Durable et efficace : Il pr\u00e9sente une bonne stabilit\u00e9 et une bonne durabilit\u00e9. Apr\u00e8s une utilisation, il peut jouer un r\u00f4le continu dans l'\u00e9limination du formald\u00e9hyde et r\u00e9duire efficacement le rebond du formald\u00e9hyde.<\/li>\n<li>Pratique \u00e0 utiliser : Le produit est sous forme liquide et peut \u00eatre utilis\u00e9 par pulv\u00e9risation, brossage, etc. L'op\u00e9ration est simple et facile \u00e0 construire.<\/li>\n<\/ol>\n<p><strong><b>Usage Methods<\/b><\/strong><\/p>\n<ol>\n<li>Purification de l'air : Vaporiser uniform\u00e9ment ce produit dans l'air int\u00e9rieur. La quantit\u00e9 utilis\u00e9e peut \u00eatre augment\u00e9e ou diminu\u00e9e en fonction du degr\u00e9 de pollution de l'air int\u00e9rieur par le formald\u00e9hyde. Apr\u00e8s la pulv\u00e9risation, maintenir la ventilation int\u00e9rieure pour permettre au produit de jouer pleinement son r\u00f4le.<\/li>\n<li>Elimination du formald\u00e9hyde pour les meubles : Avant l'utilisation, essuyer la poussi\u00e8re et les taches sur la surface du meuble. Ensuite, vaporisez ou brossez ce produit uniform\u00e9ment sur la surface du meuble, en particulier au niveau des joints et des trous des panneaux et des autres sources de d\u00e9gagement de formald\u00e9hyde, et laissez le produit s\u00e9cher naturellement.<\/li>\n<li>Pulv\u00e9risation r\u00e9guli\u00e8re de r\u00e9approvisionnement : La lib\u00e9ration de formald\u00e9hyde \u00e9tant un processus \u00e0 long terme, il est recommand\u00e9 d'utiliser r\u00e9guli\u00e8rement ce produit pour la pulv\u00e9risation de r\u00e9approvisionnement afin de maintenir un bon effet d'\u00e9limination du formald\u00e9hyde.<\/li>\n<\/ol>\n<p><strong><b>Pr\u00e9cautions<\/b><\/strong><\/p>\n<ol>\n<li>Avant de l'utiliser, veuillez d'abord proc\u00e9der \u00e0 un essai sur une petite surface afin d'observer s'il y a des r\u00e9actions ind\u00e9sirables telles que des allergies et de la corrosion. En cas d'anomalie, cessez imm\u00e9diatement de l'utiliser et consultez un professionnel.<\/li>\n<li>Ce produit doit \u00eatre stock\u00e9 dans un endroit frais, sec et ventil\u00e9, en \u00e9vitant la lumi\u00e8re directe du soleil et les environnements \u00e0 haute temp\u00e9rature.<\/li>\n<li>Veuillez placer ce produit dans un endroit o\u00f9 les enfants ne peuvent pas l'atteindre facilement afin d'\u00e9viter toute ingestion accidentelle.<\/li>\n<li>En cours d'utilisation, si le produit \u00e9clabousse accidentellement les yeux ou la peau, rincer imm\u00e9diatement et abondamment \u00e0 l'eau claire et consulter un m\u00e9decin \u00e0 temps.<\/li>\n<li>Ce produit ne doit pas \u00eatre m\u00e9lang\u00e9 avec d'autres substances chimiques afin d'\u00e9viter d'affecter l'effet d'\u00e9limination du formald\u00e9hyde ou de provoquer des r\u00e9actions ind\u00e9sirables.<\/li>\n<\/ol>","protected":false},"excerpt":{"rendered":"<p>Notre usine fournit des services de traitement OEM\/ODM, nous pouvons concevoir des produits sur mesure pour vous ; Notre MOQ est faible, g\u00e9n\u00e9ralement la quantit\u00e9 minimale est de 1000 bouteilles peuvent \u00eatre produites ; Nos produits sont peu co\u00fbteux, d'excellente qualit\u00e9, en conformit\u00e9 avec toutes les lois et r\u00e9glementations nationales et les besoins des clients !<\/p>\n<h3><strong>\u00a0 \u00a0 \u00a0 Nous proposons \u00e9galement les services suivants<\/strong><\/h3>\n<h4><strong><img decoding=\"async\" class=\"emoji\" role=\"img\" draggable=\"false\" src=\"https:\/\/s.w.org\/images\/core\/emoji\/15.0.3\/svg\/2714.svg\" alt=\"\u2714\" \/>\u00a0 Source transfrontali\u00e8re\u00a0 \u00a0 \u00a0 \u00a0 \u00a0\u00a0<img decoding=\"async\" class=\"emoji\" role=\"img\" draggable=\"false\" src=\"https:\/\/s.w.org\/images\/core\/emoji\/15.0.3\/svg\/2714.svg\" alt=\"\u2714\" \/>\u00a0 Personnalisation du support<\/strong><\/h4>\n<h4><strong><img decoding=\"async\" class=\"emoji\" role=\"img\" draggable=\"false\" src=\"https:\/\/s.w.org\/images\/core\/emoji\/15.0.3\/svg\/2714.svg\" alt=\"\u2714\" \/>\u00a0 Usine source\u00a0 \u00a0 \u00a0 \u00a0 \u00a0 \u00a0 \u00a0 \u00a0 \u00a0 \u00a0 \u00a0 \u00a0<img decoding=\"async\" class=\"emoji\" role=\"img\" draggable=\"false\" src=\"https:\/\/s.w.org\/images\/core\/emoji\/15.0.3\/svg\/2714.svg\" alt=\"\u2714\" \/>\u00a0 D\u00e9veloppement de produits<\/strong><\/h4>\n<h4><strong><img decoding=\"async\" class=\"emoji\" role=\"img\" draggable=\"false\" src=\"https:\/\/s.w.org\/images\/core\/emoji\/15.0.3\/svg\/2714.svg\" alt=\"\u2714\" \/>\u00a0 Adaptation \u00e0 l'\u00e9chantillon\u00a0 \u00a0 \u00a0 \u00a0 \u00a0 \u00a0 \u00a0 \u00a0 \u00a0 \u00a0\u00a0<img decoding=\"async\" class=\"emoji\" role=\"img\" draggable=\"false\" src=\"https:\/\/s.w.org\/images\/core\/emoji\/15.0.3\/svg\/2714.svg\" alt=\"\u2714\" \/>\u00a0 Autorisation de la marque<br \/>\n<\/strong><\/h4>\n<h2><strong>Questions ou commentaires ?<\/strong><\/h2>\n<h2><strong>wlwer@williamweir.com<\/strong><\/h2>","protected":false},"featured_media":14583,"template":"","meta":{"_uag_custom_page_level_css":"","site-sidebar-layout":"default","site-content-layout":"","ast-site-content-layout":"default","site-content-style":"default","site-sidebar-style":"default","ast-global-header-display":"","ast-banner-title-visibility":"","ast-main-header-display":"","ast-hfb-above-header-display":"","ast-hfb-below-header-display":"","ast-hfb-mobile-header-display":"","site-post-title":"","ast-breadcrumbs-content":"","ast-featured-img":"","footer-sml-layout":"","theme-transparent-header-meta":"default","adv-header-id-meta":"","stick-header-meta":"","header-above-stick-meta":"","header-main-stick-meta":"","header-below-stick-meta":"","astra-migrate-meta-layouts":"set","ast-page-background-enabled":"default","ast-page-background-meta":{"desktop":{"background-color":"","background-image":"","background-repeat":"repeat","background-position":"center center","background-size":"auto","background-attachment":"scroll","background-type":"","background-media":"","overlay-type":"","overlay-color":"","overlay-opacity":"","overlay-gradient":""},"tablet":{"background-color":"","background-image":"","background-repeat":"repeat","background-position":"center center","background-size":"auto","background-attachment":"scroll","background-type":"","background-media":"","overlay-type":"","overlay-color":"","overlay-opacity":"","overlay-gradient":""},"mobile":{"background-color":"","background-image":"","background-repeat":"repeat","background-position":"center center","background-size":"auto","background-attachment":"scroll","background-type":"","background-media":"","overlay-type":"","overlay-color":"","overlay-opacity":"","overlay-gradient":""}},"ast-content-background-meta":{"desktop":{"background-color":"var(--ast-global-color-5)","background-image":"","background-repeat":"repeat","background-position":"center center","background-size":"auto","background-attachment":"scroll","background-type":"","background-media":"","overlay-type":"","overlay-color":"","overlay-opacity":"","overlay-gradient":""},"tablet":{"background-color":"var(--ast-global-color-5)","background-image":"","background-repeat":"repeat","background-position":"center center","background-size":"auto","background-attachment":"scroll","background-type":"","background-media":"","overlay-type":"","overlay-color":"","overlay-opacity":"","overlay-gradient":""},"mobile":{"background-color":"var(--ast-global-color-5)","background-image":"","background-repeat":"repeat","background-position":"center center","background-size":"auto","background-attachment":"scroll","background-type":"","background-media":"","overlay-type":"","overlay-color":"","overlay-opacity":"","overlay-gradient":""}}},"product_brand":[],"product_cat":[83,74],"product_tag":[],"class_list":{"0":"post-14582","1":"product","2":"type-product","3":"status-publish","4":"has-post-thumbnail","6":"product_cat-all-products","7":"product_cat-household-cleaning-series","8":"desktop-align-center","9":"tablet-align-left","10":"mobile-align-left","11":"ast-product-gallery-layout-horizontal-slider","12":"ast-product-gallery-with-no-image","13":"ast-product-tabs-layout-horizontal","15":"first","16":"instock","17":"shipping-taxable","18":"product-type-simple"},"aioseo_notices":[],"uagb_featured_image_src":{"full":["https:\/\/williamweir.com\/wp-content\/uploads\/2025\/07\/\u4e3b\u56fe-10-3.jpg",800,800,false],"thumbnail":["https:\/\/williamweir.com\/wp-content\/uploads\/2025\/07\/\u4e3b\u56fe-10-3-300x300.jpg",300,300,true],"medium":["https:\/\/williamweir.com\/wp-content\/uploads\/2025\/07\/\u4e3b\u56fe-10-3-600x600.jpg",600,600,true],"medium_large":["https:\/\/williamweir.com\/wp-content\/uploads\/2025\/07\/\u4e3b\u56fe-10-3-768x768.jpg",768,768,true],"large":["https:\/\/williamweir.com\/wp-content\/uploads\/2025\/07\/\u4e3b\u56fe-10-3.jpg",800,800,false],"1536x1536":["https:\/\/williamweir.com\/wp-content\/uploads\/2025\/07\/\u4e3b\u56fe-10-3.jpg",800,800,false],"2048x2048":["https:\/\/williamweir.com\/wp-content\/uploads\/2025\/07\/\u4e3b\u56fe-10-3.jpg",800,800,false],"trp-custom-language-flag":["https:\/\/williamweir.com\/wp-content\/uploads\/2025\/07\/\u4e3b\u56fe-10-3-12x12.jpg",12,12,true],"woocommerce_thumbnail":["https:\/\/williamweir.com\/wp-content\/uploads\/2025\/07\/\u4e3b\u56fe-10-3-600x600.jpg",600,600,true],"woocommerce_single":["https:\/\/williamweir.com\/wp-content\/uploads\/2025\/07\/\u4e3b\u56fe-10-3-600x600.jpg",600,600,true],"woocommerce_gallery_thumbnail":["https:\/\/williamweir.com\/wp-content\/uploads\/2025\/07\/\u4e3b\u56fe-10-3-100x100.jpg",100,100,true]},"uagb_author_info":{"display_name":"wlwer","author_link":"https:\/\/williamweir.com\/fr\/author\/"},"uagb_comment_info":0,"uagb_excerpt":"Our factory provides OEM\/ODM processing services, we can tailor products for you; Our MOQ is low, generally the minimum quantity is 1000 bottles can be produced; Our products are inexpensive, excellent product quality, in line with any national laws and regulations and customer needs! \u00a0 \u00a0 \u00a0 We also offer the following services \u00a0 Cross-border\u2026","_links":{"self":[{"href":"https:\/\/williamweir.com\/fr\/wp-json\/wp\/v2\/product\/14582"}],"collection":[{"href":"https:\/\/williamweir.com\/fr\/wp-json\/wp\/v2\/product"}],"about":[{"href":"https:\/\/williamweir.com\/fr\/wp-json\/wp\/v2\/types\/product"}],"version-history":[{"count":2,"href":"https:\/\/williamweir.com\/fr\/wp-json\/wp\/v2\/product\/14582\/revisions"}],"predecessor-version":[{"id":14585,"href":"https:\/\/williamweir.com\/fr\/wp-json\/wp\/v2\/product\/14582\/revisions\/14585"}],"wp:featuredmedia":[{"embeddable":true,"href":"https:\/\/williamweir.com\/fr\/wp-json\/wp\/v2\/media\/14583"}],"wp:attachment":[{"href":"https:\/\/williamweir.com\/fr\/wp-json\/wp\/v2\/media?parent=14582"}],"wp:term":[{"taxonomy":"product_brand","embeddable":true,"href":"https:\/\/williamweir.com\/fr\/wp-json\/wp\/v2\/product_brand?post=14582"},{"taxonomy":"product_cat","embeddable":true,"href":"https:\/\/williamweir.com\/fr\/wp-json\/wp\/v2\/product_cat?post=14582"},{"taxonomy":"product_tag","embeddable":true,"href":"https:\/\/williamweir.com\/fr\/wp-json\/wp\/v2\/product_tag?post=14582"}],"curies":[{"name":"wp","href":"https:\/\/api.w.org\/{rel}","templated":true}]}}