{"id":14539,"date":"2025-05-16T07:32:14","date_gmt":"2025-05-16T07:32:14","guid":{"rendered":"https:\/\/williamweir.com\/?post_type=product&#038;p=14539"},"modified":"2025-05-24T01:00:42","modified_gmt":"2025-05-24T01:00:42","slug":"leather-care-cream","status":"publish","type":"product","link":"https:\/\/williamweir.com\/fr\/produit\/leather-care-cream\/","title":{"rendered":"Cr\u00e8me d'entretien du cuir"},"content":{"rendered":"<h3><strong>Commodity code: 3094<\/strong><\/h3>\n<p><strong><b>Caract\u00e9ristiques du produit<\/b><\/strong><\/p>\n<ol>\n<li>Hydratant et nourrissant : hydrate et soigne le cuir en profondeur, le rendant doux, lisse et \u00e9lastique.<\/li>\n<li>Anti-salissures et anti-poussi\u00e8re : Forme un film protecteur sur la surface du cuir pour emp\u00eacher efficacement l'adh\u00e9rence des taches et de la poussi\u00e8re.<\/li>\n<li>R\u00e9paration des dommages : Les produits ont un certain effet r\u00e9parateur sur les rayures et les abrasions l\u00e9g\u00e8res, et prolongent la dur\u00e9e de vie du cuir.<\/li>\n<li>Am\u00e9liorer la couleur et la brillance : Rend la couleur du cuir plus vive et la brillance plus \u00e9lev\u00e9e, ce qui am\u00e9liore l'esth\u00e9tique du cuir.<\/li>\n<li>S\u00fbr et respectueux de l'environnement : Les ingr\u00e9dients utilis\u00e9s sont naturels et ne contiennent pas de substances nocives. Ils sont s\u00fbrs et inoffensifs pour l'homme et l'environnement.<\/li>\n<\/ol>\n<p><strong><b> Scope of application<\/b><\/strong><strong><b><br \/>\n<\/b><\/strong>Convient \u00e0 divers produits en cuir tels que les chaussures en cuir, les v\u00eatements en cuir, les sacs en cuir, les canap\u00e9s en cuir, etc.<\/p>\n<p><strong><b>Usage method<\/b><\/strong><\/p>\n<ol>\n<li>Nettoyer le cuir : Utilisez un chiffon doux et propre pour essuyer la surface du cuir afin d'\u00e9liminer la poussi\u00e8re et les taches.<\/li>\n<li>Appliquer la cr\u00e8me d'entretien : Prenez une quantit\u00e9 appropri\u00e9e de cr\u00e8me d'entretien du cuir et appliquez-la uniform\u00e9ment sur la surface du cuir. Vous pouvez utiliser un chiffon doux ou une \u00e9ponge pour l'appliquer.<\/li>\n<li>Masser pour absorber : Masser doucement le cuir avec les doigts ou un chiffon doux pour faire p\u00e9n\u00e9trer compl\u00e8tement la cr\u00e8me d'entretien dans le cuir.<\/li>\n<li>Traitement de polissage : Une fois la cr\u00e8me d'entretien enti\u00e8rement absorb\u00e9e, utilisez un chiffon doux et propre pour polir la surface du cuir afin de la rendre plus lisse et plus brillante.<\/li>\n<\/ol>\n<p><strong><b> Pr\u00e9cautions<\/b><\/strong><\/p>\n<ol>\n<li>\u00c9viter tout contact avec les yeux et la bouche. En cas de contact accidentel, rincer imm\u00e9diatement et abondamment \u00e0 l'eau et consulter rapidement un m\u00e9decin.<\/li>\n<li>Veuillez placer le produit dans un endroit o\u00f9 les enfants ne peuvent pas facilement y acc\u00e9der afin d'\u00e9viter qu'ils ne le mangent par erreur.<\/li>\n<li>Diff\u00e9rents types de cuir peuvent n\u00e9cessiter diff\u00e9rentes m\u00e9thodes d'entretien. Veuillez choisir le produit d'entretien appropri\u00e9 en fonction du mat\u00e9riau et de l'\u00e9tat du cuir.<\/li>\n<li>Le produit doit \u00eatre stock\u00e9 dans un endroit frais et sec, \u00e0 l'abri de la lumi\u00e8re directe du soleil et des temp\u00e9ratures \u00e9lev\u00e9es, afin de ne pas affecter ses performances et sa dur\u00e9e de conservation.<\/li>\n<\/ol>","protected":false},"excerpt":{"rendered":"<p>Notre usine fournit des services de traitement OEM\/ODM, nous pouvons concevoir des produits sur mesure pour vous ; Notre MOQ est faible, g\u00e9n\u00e9ralement la quantit\u00e9 minimale est de 1000 bouteilles peuvent \u00eatre produites ; Nos produits sont peu co\u00fbteux, d'excellente qualit\u00e9, en conformit\u00e9 avec toutes les lois et r\u00e9glementations nationales et les besoins des clients !<\/p>\n<h3><strong>\u00a0 \u00a0 \u00a0 Nous proposons \u00e9galement les services suivants<\/strong><\/h3>\n<h4><strong><img decoding=\"async\" class=\"emoji\" role=\"img\" draggable=\"false\" src=\"https:\/\/s.w.org\/images\/core\/emoji\/15.0.3\/svg\/2714.svg\" alt=\"\u2714\" \/>\u00a0 Source transfrontali\u00e8re\u00a0 \u00a0 \u00a0 \u00a0 \u00a0\u00a0<img decoding=\"async\" class=\"emoji\" role=\"img\" draggable=\"false\" src=\"https:\/\/s.w.org\/images\/core\/emoji\/15.0.3\/svg\/2714.svg\" alt=\"\u2714\" \/>\u00a0 Personnalisation du support<\/strong><\/h4>\n<h4><strong><img decoding=\"async\" class=\"emoji\" role=\"img\" draggable=\"false\" src=\"https:\/\/s.w.org\/images\/core\/emoji\/15.0.3\/svg\/2714.svg\" alt=\"\u2714\" \/>\u00a0 Usine source\u00a0 \u00a0 \u00a0 \u00a0 \u00a0 \u00a0 \u00a0 \u00a0 \u00a0 \u00a0 \u00a0 \u00a0<img decoding=\"async\" class=\"emoji\" role=\"img\" draggable=\"false\" src=\"https:\/\/s.w.org\/images\/core\/emoji\/15.0.3\/svg\/2714.svg\" alt=\"\u2714\" \/>\u00a0 D\u00e9veloppement de produits<\/strong><\/h4>\n<h4><strong><img decoding=\"async\" class=\"emoji\" role=\"img\" draggable=\"false\" src=\"https:\/\/s.w.org\/images\/core\/emoji\/15.0.3\/svg\/2714.svg\" alt=\"\u2714\" \/>\u00a0 Adaptation \u00e0 l'\u00e9chantillon\u00a0 \u00a0 \u00a0 \u00a0 \u00a0 \u00a0 \u00a0 \u00a0 \u00a0 \u00a0\u00a0<img decoding=\"async\" class=\"emoji\" role=\"img\" draggable=\"false\" src=\"https:\/\/s.w.org\/images\/core\/emoji\/15.0.3\/svg\/2714.svg\" alt=\"\u2714\" \/>\u00a0 Autorisation de la marque<br \/>\n<\/strong><\/h4>\n<h2><strong>Questions ou commentaires ?<\/strong><\/h2>\n<h2><strong>wlwer@williamweir.com<\/strong><\/h2>","protected":false},"featured_media":14540,"template":"","meta":{"_uag_custom_page_level_css":"","site-sidebar-layout":"default","site-content-layout":"","ast-site-content-layout":"default","site-content-style":"default","site-sidebar-style":"default","ast-global-header-display":"","ast-banner-title-visibility":"","ast-main-header-display":"","ast-hfb-above-header-display":"","ast-hfb-below-header-display":"","ast-hfb-mobile-header-display":"","site-post-title":"","ast-breadcrumbs-content":"","ast-featured-img":"","footer-sml-layout":"","theme-transparent-header-meta":"default","adv-header-id-meta":"","stick-header-meta":"","header-above-stick-meta":"","header-main-stick-meta":"","header-below-stick-meta":"","astra-migrate-meta-layouts":"set","ast-page-background-enabled":"default","ast-page-background-meta":{"desktop":{"background-color":"","background-image":"","background-repeat":"repeat","background-position":"center center","background-size":"auto","background-attachment":"scroll","background-type":"","background-media":"","overlay-type":"","overlay-color":"","overlay-opacity":"","overlay-gradient":""},"tablet":{"background-color":"","background-image":"","background-repeat":"repeat","background-position":"center center","background-size":"auto","background-attachment":"scroll","background-type":"","background-media":"","overlay-type":"","overlay-color":"","overlay-opacity":"","overlay-gradient":""},"mobile":{"background-color":"","background-image":"","background-repeat":"repeat","background-position":"center center","background-size":"auto","background-attachment":"scroll","background-type":"","background-media":"","overlay-type":"","overlay-color":"","overlay-opacity":"","overlay-gradient":""}},"ast-content-background-meta":{"desktop":{"background-color":"var(--ast-global-color-5)","background-image":"","background-repeat":"repeat","background-position":"center center","background-size":"auto","background-attachment":"scroll","background-type":"","background-media":"","overlay-type":"","overlay-color":"","overlay-opacity":"","overlay-gradient":""},"tablet":{"background-color":"var(--ast-global-color-5)","background-image":"","background-repeat":"repeat","background-position":"center center","background-size":"auto","background-attachment":"scroll","background-type":"","background-media":"","overlay-type":"","overlay-color":"","overlay-opacity":"","overlay-gradient":""},"mobile":{"background-color":"var(--ast-global-color-5)","background-image":"","background-repeat":"repeat","background-position":"center center","background-size":"auto","background-attachment":"scroll","background-type":"","background-media":"","overlay-type":"","overlay-color":"","overlay-opacity":"","overlay-gradient":""}}},"product_brand":[],"product_cat":[83,75],"product_tag":[],"class_list":{"0":"post-14539","1":"product","2":"type-product","3":"status-publish","4":"has-post-thumbnail","6":"product_cat-all-products","7":"product_cat-leather-cleaning-and-maintenance","8":"desktop-align-center","9":"tablet-align-left","10":"mobile-align-left","11":"ast-product-gallery-layout-horizontal-slider","12":"ast-product-gallery-with-no-image","13":"ast-product-tabs-layout-horizontal","15":"first","16":"instock","17":"shipping-taxable","18":"product-type-simple"},"aioseo_notices":[],"uagb_featured_image_src":{"full":["https:\/\/williamweir.com\/wp-content\/uploads\/2025\/05\/\u767d\u5e95\u56fe.jpg",1181,1181,false],"thumbnail":["https:\/\/williamweir.com\/wp-content\/uploads\/2025\/05\/\u767d\u5e95\u56fe-300x300.jpg",300,300,true],"medium":["https:\/\/williamweir.com\/wp-content\/uploads\/2025\/05\/\u767d\u5e95\u56fe-600x600.jpg",600,600,true],"medium_large":["https:\/\/williamweir.com\/wp-content\/uploads\/2025\/05\/\u767d\u5e95\u56fe-768x768.jpg",768,768,true],"large":["https:\/\/williamweir.com\/wp-content\/uploads\/2025\/05\/\u767d\u5e95\u56fe-1024x1024.jpg",1024,1024,true],"1536x1536":["https:\/\/williamweir.com\/wp-content\/uploads\/2025\/05\/\u767d\u5e95\u56fe.jpg",1181,1181,false],"2048x2048":["https:\/\/williamweir.com\/wp-content\/uploads\/2025\/05\/\u767d\u5e95\u56fe.jpg",1181,1181,false],"trp-custom-language-flag":["https:\/\/williamweir.com\/wp-content\/uploads\/2025\/05\/\u767d\u5e95\u56fe-12x12.jpg",12,12,true],"woocommerce_thumbnail":["https:\/\/williamweir.com\/wp-content\/uploads\/2025\/05\/\u767d\u5e95\u56fe-600x600.jpg",600,600,true],"woocommerce_single":["https:\/\/williamweir.com\/wp-content\/uploads\/2025\/05\/\u767d\u5e95\u56fe-600x600.jpg",600,600,true],"woocommerce_gallery_thumbnail":["https:\/\/williamweir.com\/wp-content\/uploads\/2025\/05\/\u767d\u5e95\u56fe-100x100.jpg",100,100,true]},"uagb_author_info":{"display_name":"wlwer","author_link":"https:\/\/williamweir.com\/fr\/author\/"},"uagb_comment_info":0,"uagb_excerpt":"Our factory provides OEM\/ODM processing services, we can tailor products for you; Our MOQ is low, generally the minimum quantity is 1000 bottles can be produced; Our products are inexpensive, excellent product quality, in line with any national laws and regulations and customer needs! \u00a0 \u00a0 \u00a0 We also offer the following services \u00a0 Cross-border\u2026","_links":{"self":[{"href":"https:\/\/williamweir.com\/fr\/wp-json\/wp\/v2\/product\/14539"}],"collection":[{"href":"https:\/\/williamweir.com\/fr\/wp-json\/wp\/v2\/product"}],"about":[{"href":"https:\/\/williamweir.com\/fr\/wp-json\/wp\/v2\/types\/product"}],"version-history":[{"count":1,"href":"https:\/\/williamweir.com\/fr\/wp-json\/wp\/v2\/product\/14539\/revisions"}],"predecessor-version":[{"id":14541,"href":"https:\/\/williamweir.com\/fr\/wp-json\/wp\/v2\/product\/14539\/revisions\/14541"}],"wp:featuredmedia":[{"embeddable":true,"href":"https:\/\/williamweir.com\/fr\/wp-json\/wp\/v2\/media\/14540"}],"wp:attachment":[{"href":"https:\/\/williamweir.com\/fr\/wp-json\/wp\/v2\/media?parent=14539"}],"wp:term":[{"taxonomy":"product_brand","embeddable":true,"href":"https:\/\/williamweir.com\/fr\/wp-json\/wp\/v2\/product_brand?post=14539"},{"taxonomy":"product_cat","embeddable":true,"href":"https:\/\/williamweir.com\/fr\/wp-json\/wp\/v2\/product_cat?post=14539"},{"taxonomy":"product_tag","embeddable":true,"href":"https:\/\/williamweir.com\/fr\/wp-json\/wp\/v2\/product_tag?post=14539"}],"curies":[{"name":"wp","href":"https:\/\/api.w.org\/{rel}","templated":true}]}}