{"id":14536,"date":"2025-05-16T07:29:26","date_gmt":"2025-05-16T07:29:26","guid":{"rendered":"https:\/\/williamweir.com\/?post_type=product&#038;p=14536"},"modified":"2025-05-24T01:00:51","modified_gmt":"2025-05-24T01:00:51","slug":"pot-bottom-dirt-cleaning-gel","status":"publish","type":"product","link":"https:\/\/williamweir.com\/fr\/produit\/pot-bottom-dirt-cleaning-gel\/","title":{"rendered":"Gel nettoyant pour fond de casserole"},"content":{"rendered":"<h3><strong>Commodity code: 3162<\/strong><\/h3>\n<p><strong><b>Product Overview<\/b><\/strong><br \/>\nThe Soot Cleaner Gel is a high-efficiency cleaning product specially designed for stubborn stains such as black soot and oil residue on pot bottoms. It quickly decomposes and removes various tough stains, restoring cookware to a clean state.<\/p>\n<p><strong><b>Ingr\u00e9dients du produit<\/b><\/strong><br \/>\nSurfactants, alkaline substances, corrosion inhibitors, deionized water, etc.<\/p>\n<p><strong><b>Instructions d'utilisation<\/b><\/strong><\/p>\n<ol>\n<li>Apply an appropriate amount of the cleaning gel evenly to the sooty pot bottom, then cover it with plastic wrap.<\/li>\n<li>Let the gel sit on the pot bottom for about 12 hours, depending on the severity of the soot, to allow full reaction with the stains.<\/li>\n<li>Gently scrub the pot bottom with a scouring pad or brush. For stubborn stains, increase scrubbing intensity appropriately or reapply the gel.<\/li>\n<li>After scrubbing, rinse the pot bottom thoroughly with water to ensure no gel residue remains.<\/li>\n<\/ol>\n<p><strong><b>Application Scope<\/b><\/strong><br \/>\nSuitable for common cookware such as stainless steel pots, enamel pots, ceramic pots, and non-stick pans. It can also be used to clean oily surfaces like stove tops and range hood exteriors.<\/p>\n<p><strong><b>Pr\u00e9cautions<\/b><\/strong><\/p>\n<ol>\n<li>Wear gloves when using. If skin irritation occurs, rinse immediately with water.<\/li>\n<li>Avoid contact with eyes and mouth. In case of accidental contact, flush with plenty of water immediately. Seek medical attention if discomfort persists.<\/li>\n<li>Keep out of reach of children to prevent accidental ingestion.<\/li>\n<li>Do not use on hot pots. Apply the gel only after the cookware has cooled to avoid hazards and ensure cleaning effectiveness.<\/li>\n<li>Do not mix the cleaning gel with other cleaning agents to prevent chemical reactions that may affect cleaning performance or damage the cookware.<\/li>\n<\/ol>","protected":false},"excerpt":{"rendered":"<p>Notre usine fournit des services de traitement OEM\/ODM, nous pouvons concevoir des produits sur mesure pour vous ; Notre MOQ est faible, g\u00e9n\u00e9ralement la quantit\u00e9 minimale est de 1000 bouteilles peuvent \u00eatre produites ; Nos produits sont peu co\u00fbteux, d'excellente qualit\u00e9, en conformit\u00e9 avec toutes les lois et r\u00e9glementations nationales et les besoins des clients !<\/p>\n<h3><strong>\u00a0 \u00a0 \u00a0 Nous proposons \u00e9galement les services suivants<\/strong><\/h3>\n<h4><strong><img decoding=\"async\" class=\"emoji\" role=\"img\" draggable=\"false\" src=\"https:\/\/s.w.org\/images\/core\/emoji\/15.0.3\/svg\/2714.svg\" alt=\"\u2714\" \/>\u00a0 Source transfrontali\u00e8re\u00a0 \u00a0 \u00a0 \u00a0 \u00a0\u00a0<img decoding=\"async\" class=\"emoji\" role=\"img\" draggable=\"false\" src=\"https:\/\/s.w.org\/images\/core\/emoji\/15.0.3\/svg\/2714.svg\" alt=\"\u2714\" \/>\u00a0 Personnalisation du support<\/strong><\/h4>\n<h4><strong><img decoding=\"async\" class=\"emoji\" role=\"img\" draggable=\"false\" src=\"https:\/\/s.w.org\/images\/core\/emoji\/15.0.3\/svg\/2714.svg\" alt=\"\u2714\" \/>\u00a0 Usine source\u00a0 \u00a0 \u00a0 \u00a0 \u00a0 \u00a0 \u00a0 \u00a0 \u00a0 \u00a0 \u00a0 \u00a0<img decoding=\"async\" class=\"emoji\" role=\"img\" draggable=\"false\" src=\"https:\/\/s.w.org\/images\/core\/emoji\/15.0.3\/svg\/2714.svg\" alt=\"\u2714\" \/>\u00a0 D\u00e9veloppement de produits<\/strong><\/h4>\n<h4><strong><img decoding=\"async\" class=\"emoji\" role=\"img\" draggable=\"false\" src=\"https:\/\/s.w.org\/images\/core\/emoji\/15.0.3\/svg\/2714.svg\" alt=\"\u2714\" \/>\u00a0 Adaptation \u00e0 l'\u00e9chantillon\u00a0 \u00a0 \u00a0 \u00a0 \u00a0 \u00a0 \u00a0 \u00a0 \u00a0 \u00a0\u00a0<img decoding=\"async\" class=\"emoji\" role=\"img\" draggable=\"false\" src=\"https:\/\/s.w.org\/images\/core\/emoji\/15.0.3\/svg\/2714.svg\" alt=\"\u2714\" \/>\u00a0 Autorisation de la marque<br \/>\n<\/strong><\/h4>\n<h2><strong>Questions ou commentaires ?<\/strong><\/h2>\n<h2><strong>wlwer@williamweir.com<\/strong><\/h2>","protected":false},"featured_media":14537,"template":"","meta":{"_uag_custom_page_level_css":"","site-sidebar-layout":"default","site-content-layout":"","ast-site-content-layout":"default","site-content-style":"default","site-sidebar-style":"default","ast-global-header-display":"","ast-banner-title-visibility":"","ast-main-header-display":"","ast-hfb-above-header-display":"","ast-hfb-below-header-display":"","ast-hfb-mobile-header-display":"","site-post-title":"","ast-breadcrumbs-content":"","ast-featured-img":"","footer-sml-layout":"","theme-transparent-header-meta":"default","adv-header-id-meta":"","stick-header-meta":"","header-above-stick-meta":"","header-main-stick-meta":"","header-below-stick-meta":"","astra-migrate-meta-layouts":"set","ast-page-background-enabled":"default","ast-page-background-meta":{"desktop":{"background-color":"","background-image":"","background-repeat":"repeat","background-position":"center center","background-size":"auto","background-attachment":"scroll","background-type":"","background-media":"","overlay-type":"","overlay-color":"","overlay-opacity":"","overlay-gradient":""},"tablet":{"background-color":"","background-image":"","background-repeat":"repeat","background-position":"center center","background-size":"auto","background-attachment":"scroll","background-type":"","background-media":"","overlay-type":"","overlay-color":"","overlay-opacity":"","overlay-gradient":""},"mobile":{"background-color":"","background-image":"","background-repeat":"repeat","background-position":"center center","background-size":"auto","background-attachment":"scroll","background-type":"","background-media":"","overlay-type":"","overlay-color":"","overlay-opacity":"","overlay-gradient":""}},"ast-content-background-meta":{"desktop":{"background-color":"var(--ast-global-color-5)","background-image":"","background-repeat":"repeat","background-position":"center center","background-size":"auto","background-attachment":"scroll","background-type":"","background-media":"","overlay-type":"","overlay-color":"","overlay-opacity":"","overlay-gradient":""},"tablet":{"background-color":"var(--ast-global-color-5)","background-image":"","background-repeat":"repeat","background-position":"center center","background-size":"auto","background-attachment":"scroll","background-type":"","background-media":"","overlay-type":"","overlay-color":"","overlay-opacity":"","overlay-gradient":""},"mobile":{"background-color":"var(--ast-global-color-5)","background-image":"","background-repeat":"repeat","background-position":"center center","background-size":"auto","background-attachment":"scroll","background-type":"","background-media":"","overlay-type":"","overlay-color":"","overlay-opacity":"","overlay-gradient":""}}},"product_brand":[],"product_cat":[83,81],"product_tag":[],"class_list":{"0":"post-14536","1":"product","2":"type-product","3":"status-publish","4":"has-post-thumbnail","6":"product_cat-all-products","7":"product_cat-special-goods-cleaning-and-maintenance-series","8":"desktop-align-center","9":"tablet-align-left","10":"mobile-align-left","11":"ast-product-gallery-layout-horizontal-slider","12":"ast-product-gallery-with-no-image","13":"ast-product-tabs-layout-horizontal","15":"first","16":"instock","17":"shipping-taxable","18":"product-type-simple"},"aioseo_notices":[],"uagb_featured_image_src":{"full":["https:\/\/williamweir.com\/wp-content\/uploads\/2025\/05\/\u9505\u5e95\u6c61\u57a2\u6e05\u6d01\u51dd\u80f6.jpg",800,800,false],"thumbnail":["https:\/\/williamweir.com\/wp-content\/uploads\/2025\/05\/\u9505\u5e95\u6c61\u57a2\u6e05\u6d01\u51dd\u80f6-300x300.jpg",300,300,true],"medium":["https:\/\/williamweir.com\/wp-content\/uploads\/2025\/05\/\u9505\u5e95\u6c61\u57a2\u6e05\u6d01\u51dd\u80f6-600x600.jpg",600,600,true],"medium_large":["https:\/\/williamweir.com\/wp-content\/uploads\/2025\/05\/\u9505\u5e95\u6c61\u57a2\u6e05\u6d01\u51dd\u80f6-768x768.jpg",768,768,true],"large":["https:\/\/williamweir.com\/wp-content\/uploads\/2025\/05\/\u9505\u5e95\u6c61\u57a2\u6e05\u6d01\u51dd\u80f6.jpg",800,800,false],"1536x1536":["https:\/\/williamweir.com\/wp-content\/uploads\/2025\/05\/\u9505\u5e95\u6c61\u57a2\u6e05\u6d01\u51dd\u80f6.jpg",800,800,false],"2048x2048":["https:\/\/williamweir.com\/wp-content\/uploads\/2025\/05\/\u9505\u5e95\u6c61\u57a2\u6e05\u6d01\u51dd\u80f6.jpg",800,800,false],"trp-custom-language-flag":["https:\/\/williamweir.com\/wp-content\/uploads\/2025\/05\/\u9505\u5e95\u6c61\u57a2\u6e05\u6d01\u51dd\u80f6-12x12.jpg",12,12,true],"woocommerce_thumbnail":["https:\/\/williamweir.com\/wp-content\/uploads\/2025\/05\/\u9505\u5e95\u6c61\u57a2\u6e05\u6d01\u51dd\u80f6-600x600.jpg",600,600,true],"woocommerce_single":["https:\/\/williamweir.com\/wp-content\/uploads\/2025\/05\/\u9505\u5e95\u6c61\u57a2\u6e05\u6d01\u51dd\u80f6-600x600.jpg",600,600,true],"woocommerce_gallery_thumbnail":["https:\/\/williamweir.com\/wp-content\/uploads\/2025\/05\/\u9505\u5e95\u6c61\u57a2\u6e05\u6d01\u51dd\u80f6-100x100.jpg",100,100,true]},"uagb_author_info":{"display_name":"wlwer","author_link":"https:\/\/williamweir.com\/fr\/author\/"},"uagb_comment_info":0,"uagb_excerpt":"Our factory provides OEM\/ODM processing services, we can tailor products for you; Our MOQ is low, generally the minimum quantity is 1000 bottles can be produced; Our products are inexpensive, excellent product quality, in line with any national laws and regulations and customer needs! \u00a0 \u00a0 \u00a0 We also offer the following services \u00a0 Cross-border\u2026","_links":{"self":[{"href":"https:\/\/williamweir.com\/fr\/wp-json\/wp\/v2\/product\/14536"}],"collection":[{"href":"https:\/\/williamweir.com\/fr\/wp-json\/wp\/v2\/product"}],"about":[{"href":"https:\/\/williamweir.com\/fr\/wp-json\/wp\/v2\/types\/product"}],"version-history":[{"count":1,"href":"https:\/\/williamweir.com\/fr\/wp-json\/wp\/v2\/product\/14536\/revisions"}],"predecessor-version":[{"id":14538,"href":"https:\/\/williamweir.com\/fr\/wp-json\/wp\/v2\/product\/14536\/revisions\/14538"}],"wp:featuredmedia":[{"embeddable":true,"href":"https:\/\/williamweir.com\/fr\/wp-json\/wp\/v2\/media\/14537"}],"wp:attachment":[{"href":"https:\/\/williamweir.com\/fr\/wp-json\/wp\/v2\/media?parent=14536"}],"wp:term":[{"taxonomy":"product_brand","embeddable":true,"href":"https:\/\/williamweir.com\/fr\/wp-json\/wp\/v2\/product_brand?post=14536"},{"taxonomy":"product_cat","embeddable":true,"href":"https:\/\/williamweir.com\/fr\/wp-json\/wp\/v2\/product_cat?post=14536"},{"taxonomy":"product_tag","embeddable":true,"href":"https:\/\/williamweir.com\/fr\/wp-json\/wp\/v2\/product_tag?post=14536"}],"curies":[{"name":"wp","href":"https:\/\/api.w.org\/{rel}","templated":true}]}}