{"id":14514,"date":"2025-05-16T07:01:31","date_gmt":"2025-05-16T07:01:31","guid":{"rendered":"https:\/\/williamweir.com\/?post_type=product&#038;p=14514"},"modified":"2025-05-24T01:02:13","modified_gmt":"2025-05-24T01:02:13","slug":"white-shoe-foam-cleaner-4","status":"publish","type":"product","link":"https:\/\/williamweir.com\/fr\/produit\/white-shoe-foam-cleaner-4\/","title":{"rendered":"Mousse nettoyante pour chaussures blanches"},"content":{"rendered":"<p><strong>Code produit<\/strong><strong>\uff1a<\/strong><strong>3117<\/strong><\/p>\n<p><strong><b> Pr\u00e9sentation du produit<\/b><\/strong><\/p>\n<p>Ce produit est un produit de nettoyage tr\u00e8s efficace sp\u00e9cialement con\u00e7u pour nettoyer les chaussures de sport blanches, les chaussures d\u00e9contract\u00e9es, etc. Il permet d'\u00e9liminer rapidement les taches \u00e0 la surface des chaussures et de redonner aux chaussures blanches leur blancheur et leur \u00e9clat d'origine.<\/p>\n<p><strong><b> Caract\u00e9ristiques du produit<\/b><\/strong><\/p>\n<ol>\n<li>D\u00e9contamination puissante : Contient des ingr\u00e9dients nettoyants tr\u00e8s efficaces et peut \u00e9liminer efficacement diverses taches courantes telles que la poussi\u00e8re, la boue et les taches d'huile, redonnant ainsi aux chaussures un aspect neuf.<\/li>\n<li>Formule douce : Adopte une formule de nettoyage douce et n'endommage pas le mat\u00e9riau de la chaussure. Il peut \u00eatre utilis\u00e9 en toute s\u00e9curit\u00e9 sur le cuir, la toile ou les mat\u00e9riaux en maille.<\/li>\n<li>Pratique et rapide : Facile \u00e0 utiliser, sans \u00e9tapes compliqu\u00e9es. Il suffit de vaporiser ou d'essuyer l\u00e9g\u00e8rement pour nettoyer rapidement les chaussures.<\/li>\n<li>Odeur fra\u00eeche : il \u00e9met un parfum frais, \u00e9limine l'odeur particuli\u00e8re des chaussures et leur conf\u00e8re une odeur agr\u00e9able.<\/li>\n<\/ol>\n<p><strong><b>Usage Methods<\/b><\/strong><\/p>\n<ol>\n<li>Pour les taches l\u00e9g\u00e8res : Vaporisez le nettoyant sur la zone tach\u00e9e de la surface de la chaussure et essuyez-la d\u00e9licatement avec un chiffon doux et propre ou une brosse.<\/li>\n<li>Pour les taches importantes : Commencez par nettoyer la poussi\u00e8re et les autres d\u00e9bris sur la surface de la chaussure. Ensuite, vaporisez uniform\u00e9ment le nettoyant sur la zone tach\u00e9e. Apr\u00e8s quelques minutes, frottez vigoureusement \u00e0 l'aide d'une brosse. Enfin, rincez \u00e0 l'eau claire ou essuyez avec un chiffon humide.<\/li>\n<\/ol>\n<p><strong><b> Pr\u00e9cautions<\/b><\/strong><\/p>\n<ol>\n<li>Avant de l'utiliser, effectuez un test sur une petite surface de la chaussure afin de vous assurer qu'il n'aura pas d'effet n\u00e9gatif sur la chaussure.<\/li>\n<li>\u00c9viter tout contact avec les yeux et la peau. En cas de contact accidentel, rincer imm\u00e9diatement et abondamment \u00e0 l'eau claire.<\/li>\n<li>Veuillez placer le produit dans un endroit o\u00f9 les enfants ne peuvent pas l'atteindre facilement.<\/li>\n<li>Veuillez le conserver dans un endroit frais et sec, \u00e0 l'abri de la lumi\u00e8re directe du soleil.<\/li>\n<\/ol>","protected":false},"excerpt":{"rendered":"<p>Product code\uff1a3117 Product Introduction This product is a highly efficient cleaning product specially designed for cleaning white sports shoes, casual shoes, etc. It can quickly remove stains on the shoe surface and restore white shoes to their original whiteness and brightness. Product Features Powerful decontamination: Contains highly efficient cleaning ingredients and can effectively remove various [&hellip;]<\/p>","protected":false},"featured_media":14515,"template":"","meta":{"_uag_custom_page_level_css":"","site-sidebar-layout":"default","site-content-layout":"","ast-site-content-layout":"default","site-content-style":"default","site-sidebar-style":"default","ast-global-header-display":"","ast-banner-title-visibility":"","ast-main-header-display":"","ast-hfb-above-header-display":"","ast-hfb-below-header-display":"","ast-hfb-mobile-header-display":"","site-post-title":"","ast-breadcrumbs-content":"","ast-featured-img":"","footer-sml-layout":"","theme-transparent-header-meta":"default","adv-header-id-meta":"","stick-header-meta":"","header-above-stick-meta":"","header-main-stick-meta":"","header-below-stick-meta":"","astra-migrate-meta-layouts":"set","ast-page-background-enabled":"default","ast-page-background-meta":{"desktop":{"background-color":"","background-image":"","background-repeat":"repeat","background-position":"center center","background-size":"auto","background-attachment":"scroll","background-type":"","background-media":"","overlay-type":"","overlay-color":"","overlay-opacity":"","overlay-gradient":""},"tablet":{"background-color":"","background-image":"","background-repeat":"repeat","background-position":"center center","background-size":"auto","background-attachment":"scroll","background-type":"","background-media":"","overlay-type":"","overlay-color":"","overlay-opacity":"","overlay-gradient":""},"mobile":{"background-color":"","background-image":"","background-repeat":"repeat","background-position":"center center","background-size":"auto","background-attachment":"scroll","background-type":"","background-media":"","overlay-type":"","overlay-color":"","overlay-opacity":"","overlay-gradient":""}},"ast-content-background-meta":{"desktop":{"background-color":"var(--ast-global-color-5)","background-image":"","background-repeat":"repeat","background-position":"center center","background-size":"auto","background-attachment":"scroll","background-type":"","background-media":"","overlay-type":"","overlay-color":"","overlay-opacity":"","overlay-gradient":""},"tablet":{"background-color":"var(--ast-global-color-5)","background-image":"","background-repeat":"repeat","background-position":"center center","background-size":"auto","background-attachment":"scroll","background-type":"","background-media":"","overlay-type":"","overlay-color":"","overlay-opacity":"","overlay-gradient":""},"mobile":{"background-color":"var(--ast-global-color-5)","background-image":"","background-repeat":"repeat","background-position":"center center","background-size":"auto","background-attachment":"scroll","background-type":"","background-media":"","overlay-type":"","overlay-color":"","overlay-opacity":"","overlay-gradient":""}}},"product_brand":[],"product_cat":[83,70],"product_tag":[],"class_list":{"0":"post-14514","1":"product","2":"type-product","3":"status-publish","4":"has-post-thumbnail","6":"product_cat-all-products","7":"product_cat-foam-cleaner-series","8":"desktop-align-center","9":"tablet-align-left","10":"mobile-align-left","11":"ast-product-gallery-layout-horizontal-slider","12":"ast-product-gallery-with-no-image","13":"ast-product-tabs-layout-horizontal","15":"first","16":"instock","17":"shipping-taxable","18":"product-type-simple"},"aioseo_notices":[],"uagb_featured_image_src":{"full":["https:\/\/williamweir.com\/wp-content\/uploads\/2025\/05\/\u5c0f\u767d\u978b\u65b0\u6807.png",800,800,false],"thumbnail":["https:\/\/williamweir.com\/wp-content\/uploads\/2025\/05\/\u5c0f\u767d\u978b\u65b0\u6807-300x300.png",300,300,true],"medium":["https:\/\/williamweir.com\/wp-content\/uploads\/2025\/05\/\u5c0f\u767d\u978b\u65b0\u6807-600x600.png",600,600,true],"medium_large":["https:\/\/williamweir.com\/wp-content\/uploads\/2025\/05\/\u5c0f\u767d\u978b\u65b0\u6807-768x768.png",768,768,true],"large":["https:\/\/williamweir.com\/wp-content\/uploads\/2025\/05\/\u5c0f\u767d\u978b\u65b0\u6807.png",800,800,false],"1536x1536":["https:\/\/williamweir.com\/wp-content\/uploads\/2025\/05\/\u5c0f\u767d\u978b\u65b0\u6807.png",800,800,false],"2048x2048":["https:\/\/williamweir.com\/wp-content\/uploads\/2025\/05\/\u5c0f\u767d\u978b\u65b0\u6807.png",800,800,false],"trp-custom-language-flag":["https:\/\/williamweir.com\/wp-content\/uploads\/2025\/05\/\u5c0f\u767d\u978b\u65b0\u6807-12x12.png",12,12,true],"woocommerce_thumbnail":["https:\/\/williamweir.com\/wp-content\/uploads\/2025\/05\/\u5c0f\u767d\u978b\u65b0\u6807-600x600.png",600,600,true],"woocommerce_single":["https:\/\/williamweir.com\/wp-content\/uploads\/2025\/05\/\u5c0f\u767d\u978b\u65b0\u6807-600x600.png",600,600,true],"woocommerce_gallery_thumbnail":["https:\/\/williamweir.com\/wp-content\/uploads\/2025\/05\/\u5c0f\u767d\u978b\u65b0\u6807-100x100.png",100,100,true]},"uagb_author_info":{"display_name":"wlwer","author_link":"https:\/\/williamweir.com\/fr\/author\/"},"uagb_comment_info":0,"uagb_excerpt":"Product code\uff1a3117 Product Introduction This product is a highly efficient cleaning product specially designed for cleaning white sports shoes, casual shoes, etc. It can quickly remove stains on the shoe surface and restore white shoes to their original whiteness and brightness. Product Features Powerful decontamination: Contains highly efficient cleaning ingredients and can effectively remove various\u2026","_links":{"self":[{"href":"https:\/\/williamweir.com\/fr\/wp-json\/wp\/v2\/product\/14514"}],"collection":[{"href":"https:\/\/williamweir.com\/fr\/wp-json\/wp\/v2\/product"}],"about":[{"href":"https:\/\/williamweir.com\/fr\/wp-json\/wp\/v2\/types\/product"}],"version-history":[{"count":2,"href":"https:\/\/williamweir.com\/fr\/wp-json\/wp\/v2\/product\/14514\/revisions"}],"predecessor-version":[{"id":14518,"href":"https:\/\/williamweir.com\/fr\/wp-json\/wp\/v2\/product\/14514\/revisions\/14518"}],"wp:featuredmedia":[{"embeddable":true,"href":"https:\/\/williamweir.com\/fr\/wp-json\/wp\/v2\/media\/14515"}],"wp:attachment":[{"href":"https:\/\/williamweir.com\/fr\/wp-json\/wp\/v2\/media?parent=14514"}],"wp:term":[{"taxonomy":"product_brand","embeddable":true,"href":"https:\/\/williamweir.com\/fr\/wp-json\/wp\/v2\/product_brand?post=14514"},{"taxonomy":"product_cat","embeddable":true,"href":"https:\/\/williamweir.com\/fr\/wp-json\/wp\/v2\/product_cat?post=14514"},{"taxonomy":"product_tag","embeddable":true,"href":"https:\/\/williamweir.com\/fr\/wp-json\/wp\/v2\/product_tag?post=14514"}],"curies":[{"name":"wp","href":"https:\/\/api.w.org\/{rel}","templated":true}]}}