{"id":14508,"date":"2025-05-16T06:46:40","date_gmt":"2025-05-16T06:46:40","guid":{"rendered":"https:\/\/williamweir.com\/?post_type=product&#038;p=14508"},"modified":"2025-05-24T01:02:27","modified_gmt":"2025-05-24T01:02:27","slug":"wood-care-essential-oil","status":"publish","type":"product","link":"https:\/\/williamweir.com\/fr\/produit\/wood-care-essential-oil\/","title":{"rendered":"Huile essentielle pour le soin du bois"},"content":{"rendered":"<h3><strong>Commodity code: 0345<\/strong><\/h3>\n<p><strong><b>Product Introduction:<\/b><\/strong><strong><b><br \/>\n<\/b><\/strong>Ce produit est un produit d'entretien et de maintenance de haute qualit\u00e9 sp\u00e9cialement con\u00e7u pour les meubles en bois et les produits en bois. Il permet d'entretenir efficacement diverses surfaces en bois, de les garder naturelles et belles, et de prolonger la dur\u00e9e de vie des articles en bois.<\/p>\n<p><strong><b> Product Features:<\/b><\/strong><\/p>\n<ol>\n<li>Nourrit en profondeur : Riche en ingr\u00e9dients nourrissants tels que les huiles naturelles, il peut p\u00e9n\u00e9trer profond\u00e9ment \u00e0 l'int\u00e9rieur du bois, apporter l'humidit\u00e9 et les nutriments dont le bois a besoin et emp\u00eacher le bois de se dess\u00e9cher et de se fissurer.<\/li>\n<li>Excellente protection : Forme un film protecteur solide sur la surface en bois pour r\u00e9sister efficacement \u00e0 l'usure quotidienne, aux rayures et \u00e0 l'invasion de la poussi\u00e8re et des taches.<\/li>\n<li>Am\u00e9liorer l'\u00e9clat : Les surfaces en bois pr\u00e9sentent un \u00e9clat chaud et brillant, ce qui rehausse la beaut\u00e9 des meubles en bois et conf\u00e8re une atmosph\u00e8re chaleureuse \u00e0 l'environnement domestique.<\/li>\n<li>S\u00fbr et respectueux de l'environnement : il ne contient pas de produits chimiques nocifs, est inoffensif pour le corps humain et l'environnement et peut \u00eatre utilis\u00e9 en toute s\u00e9curit\u00e9 et en toute confiance.<\/li>\n<li>Largement applicable : Convient aux articles en bois de diff\u00e9rents mat\u00e9riaux, tels que divers bois massifs et bois artificiels.<\/li>\n<\/ol>\n<p><strong><b>Usage Method:<\/b><\/strong><\/p>\n<ol>\n<li>Tout d'abord, nettoyez la surface en bois pour enlever la poussi\u00e8re et les d\u00e9bris.<\/li>\n<li>Appliquer une quantit\u00e9 appropri\u00e9e de cire d'entretien pour bois \u00e0 l'aide d'un chiffon doux ou d'une \u00e9ponge.<\/li>\n<li>Appliquer uniform\u00e9ment sur la surface en bois et essuyer dans le sens des veines du bois.<\/li>\n<li>Attendez un certain temps pour permettre \u00e0 la cire d'entretien de p\u00e9n\u00e9trer compl\u00e8tement et de s\u00e9cher.<\/li>\n<li>Essuyez et polissez doucement avec un chiffon doux et propre pour enlever l'exc\u00e8s de cire d'entretien et rendre la surface du bois lisse et brillante.<\/li>\n<\/ol>\n<p><strong><b> Precautions:<\/b><\/strong><\/p>\n<ol>\n<li>Veuillez le placer dans un endroit que les enfants ne peuvent pas atteindre facilement.<\/li>\n<li>Avant de l'utiliser, veuillez d'abord proc\u00e9der \u00e0 un essai sur un endroit peu visible. Apr\u00e8s avoir v\u00e9rifi\u00e9 qu'il n'y a pas de r\u00e9action ind\u00e9sirable, utilisez-le sur une grande surface.<\/li>\n<li>\u00c9viter l'utilisation et le stockage \u00e0 des temp\u00e9ratures \u00e9lev\u00e9es, \u00e0 la lumi\u00e8re directe du soleil ou dans des environnements humides.<\/li>\n<li>En cas de contact accidentel avec les yeux ou la peau, rincez imm\u00e9diatement et abondamment \u00e0 l'eau claire.<\/li>\n<\/ol>","protected":false},"excerpt":{"rendered":"<p>Commodity code: 0345 Product Introduction: This product is a high-quality maintenance and care product specially designed for wooden furniture and wood products. It can effectively care for various wooden surfaces, keep them natural and beautiful, and extend the service life of wooden items. Product Features: Deep nourishment: Rich in nourishing ingredients such as natural oils, [&hellip;]<\/p>","protected":false},"featured_media":14509,"template":"","meta":{"_uag_custom_page_level_css":"","site-sidebar-layout":"default","site-content-layout":"","ast-site-content-layout":"default","site-content-style":"default","site-sidebar-style":"default","ast-global-header-display":"","ast-banner-title-visibility":"","ast-main-header-display":"","ast-hfb-above-header-display":"","ast-hfb-below-header-display":"","ast-hfb-mobile-header-display":"","site-post-title":"","ast-breadcrumbs-content":"","ast-featured-img":"","footer-sml-layout":"","theme-transparent-header-meta":"default","adv-header-id-meta":"","stick-header-meta":"","header-above-stick-meta":"","header-main-stick-meta":"","header-below-stick-meta":"","astra-migrate-meta-layouts":"set","ast-page-background-enabled":"default","ast-page-background-meta":{"desktop":{"background-color":"","background-image":"","background-repeat":"repeat","background-position":"center center","background-size":"auto","background-attachment":"scroll","background-type":"","background-media":"","overlay-type":"","overlay-color":"","overlay-opacity":"","overlay-gradient":""},"tablet":{"background-color":"","background-image":"","background-repeat":"repeat","background-position":"center center","background-size":"auto","background-attachment":"scroll","background-type":"","background-media":"","overlay-type":"","overlay-color":"","overlay-opacity":"","overlay-gradient":""},"mobile":{"background-color":"","background-image":"","background-repeat":"repeat","background-position":"center center","background-size":"auto","background-attachment":"scroll","background-type":"","background-media":"","overlay-type":"","overlay-color":"","overlay-opacity":"","overlay-gradient":""}},"ast-content-background-meta":{"desktop":{"background-color":"var(--ast-global-color-5)","background-image":"","background-repeat":"repeat","background-position":"center center","background-size":"auto","background-attachment":"scroll","background-type":"","background-media":"","overlay-type":"","overlay-color":"","overlay-opacity":"","overlay-gradient":""},"tablet":{"background-color":"var(--ast-global-color-5)","background-image":"","background-repeat":"repeat","background-position":"center center","background-size":"auto","background-attachment":"scroll","background-type":"","background-media":"","overlay-type":"","overlay-color":"","overlay-opacity":"","overlay-gradient":""},"mobile":{"background-color":"var(--ast-global-color-5)","background-image":"","background-repeat":"repeat","background-position":"center center","background-size":"auto","background-attachment":"scroll","background-type":"","background-media":"","overlay-type":"","overlay-color":"","overlay-opacity":"","overlay-gradient":""}}},"product_brand":[],"product_cat":[83,71],"product_tag":[],"class_list":{"0":"post-14508","1":"product","2":"type-product","3":"status-publish","4":"has-post-thumbnail","6":"product_cat-all-products","7":"product_cat-maintenance-polishing-of-wood-products","8":"desktop-align-center","9":"tablet-align-left","10":"mobile-align-left","11":"ast-product-gallery-layout-horizontal-slider","12":"ast-product-gallery-with-no-image","13":"ast-product-tabs-layout-horizontal","15":"first","16":"instock","17":"shipping-taxable","18":"product-type-simple"},"aioseo_notices":[],"uagb_featured_image_src":{"full":["https:\/\/williamweir.com\/wp-content\/uploads\/2025\/05\/\u6728\u8d28\u62a4\u7406\u7cbe\u6cb9.jpg",800,800,false],"thumbnail":["https:\/\/williamweir.com\/wp-content\/uploads\/2025\/05\/\u6728\u8d28\u62a4\u7406\u7cbe\u6cb9-300x300.jpg",300,300,true],"medium":["https:\/\/williamweir.com\/wp-content\/uploads\/2025\/05\/\u6728\u8d28\u62a4\u7406\u7cbe\u6cb9-600x600.jpg",600,600,true],"medium_large":["https:\/\/williamweir.com\/wp-content\/uploads\/2025\/05\/\u6728\u8d28\u62a4\u7406\u7cbe\u6cb9-768x768.jpg",768,768,true],"large":["https:\/\/williamweir.com\/wp-content\/uploads\/2025\/05\/\u6728\u8d28\u62a4\u7406\u7cbe\u6cb9.jpg",800,800,false],"1536x1536":["https:\/\/williamweir.com\/wp-content\/uploads\/2025\/05\/\u6728\u8d28\u62a4\u7406\u7cbe\u6cb9.jpg",800,800,false],"2048x2048":["https:\/\/williamweir.com\/wp-content\/uploads\/2025\/05\/\u6728\u8d28\u62a4\u7406\u7cbe\u6cb9.jpg",800,800,false],"trp-custom-language-flag":["https:\/\/williamweir.com\/wp-content\/uploads\/2025\/05\/\u6728\u8d28\u62a4\u7406\u7cbe\u6cb9-12x12.jpg",12,12,true],"woocommerce_thumbnail":["https:\/\/williamweir.com\/wp-content\/uploads\/2025\/05\/\u6728\u8d28\u62a4\u7406\u7cbe\u6cb9-600x600.jpg",600,600,true],"woocommerce_single":["https:\/\/williamweir.com\/wp-content\/uploads\/2025\/05\/\u6728\u8d28\u62a4\u7406\u7cbe\u6cb9-600x600.jpg",600,600,true],"woocommerce_gallery_thumbnail":["https:\/\/williamweir.com\/wp-content\/uploads\/2025\/05\/\u6728\u8d28\u62a4\u7406\u7cbe\u6cb9-100x100.jpg",100,100,true]},"uagb_author_info":{"display_name":"wlwer","author_link":"https:\/\/williamweir.com\/fr\/author\/"},"uagb_comment_info":0,"uagb_excerpt":"Commodity code: 0345 Product Introduction: This product is a high-quality maintenance and care product specially designed for wooden furniture and wood products. It can effectively care for various wooden surfaces, keep them natural and beautiful, and extend the service life of wooden items. Product Features: Deep nourishment: Rich in nourishing ingredients such as natural oils,\u2026","_links":{"self":[{"href":"https:\/\/williamweir.com\/fr\/wp-json\/wp\/v2\/product\/14508"}],"collection":[{"href":"https:\/\/williamweir.com\/fr\/wp-json\/wp\/v2\/product"}],"about":[{"href":"https:\/\/williamweir.com\/fr\/wp-json\/wp\/v2\/types\/product"}],"version-history":[{"count":1,"href":"https:\/\/williamweir.com\/fr\/wp-json\/wp\/v2\/product\/14508\/revisions"}],"predecessor-version":[{"id":14510,"href":"https:\/\/williamweir.com\/fr\/wp-json\/wp\/v2\/product\/14508\/revisions\/14510"}],"wp:featuredmedia":[{"embeddable":true,"href":"https:\/\/williamweir.com\/fr\/wp-json\/wp\/v2\/media\/14509"}],"wp:attachment":[{"href":"https:\/\/williamweir.com\/fr\/wp-json\/wp\/v2\/media?parent=14508"}],"wp:term":[{"taxonomy":"product_brand","embeddable":true,"href":"https:\/\/williamweir.com\/fr\/wp-json\/wp\/v2\/product_brand?post=14508"},{"taxonomy":"product_cat","embeddable":true,"href":"https:\/\/williamweir.com\/fr\/wp-json\/wp\/v2\/product_cat?post=14508"},{"taxonomy":"product_tag","embeddable":true,"href":"https:\/\/williamweir.com\/fr\/wp-json\/wp\/v2\/product_tag?post=14508"}],"curies":[{"name":"wp","href":"https:\/\/api.w.org\/{rel}","templated":true}]}}