{"id":14504,"date":"2025-05-16T06:36:32","date_gmt":"2025-05-16T06:36:32","guid":{"rendered":"https:\/\/williamweir.com\/?post_type=product&#038;p=14504"},"modified":"2025-05-24T01:02:35","modified_gmt":"2025-05-24T01:02:35","slug":"floor-cleaner-6","status":"publish","type":"product","link":"https:\/\/williamweir.com\/fr\/produit\/floor-cleaner-6\/","title":{"rendered":"Nettoyeur de sol"},"content":{"rendered":"<h3><strong>Commodity code: 2868<\/strong><\/h3>\n<p><strong><b>Product Introduction:<\/b><\/strong><strong><b><br \/>\n<\/b><\/strong>Ce produit est tr\u00e8s efficace et a \u00e9t\u00e9 sp\u00e9cialement con\u00e7u pour nettoyer diff\u00e9rents types de sols. Qu'il s'agisse de sols en bois massif, de sols composites, de sols stratifi\u00e9s ou de mat\u00e9riaux tels que le carrelage, il permet un nettoyage en profondeur et redonne au sol un aspect propre et brillant.<\/p>\n<p><strong><b> Product Features:<\/b><\/strong><\/p>\n<ol>\n<li>D\u00e9contamination puissante : Il peut \u00e9liminer rapidement les taches, la poussi\u00e8re, les taches d'huile, etc. sur le sol, avec un effet de nettoyage remarquable.<\/li>\n<li>St\u00e9rilisation et d\u00e9sinfection : \u00c9limine efficacement les bact\u00e9ries et les virus pr\u00e9sents sur le sol, prot\u00e9geant ainsi l'environnement domestique.<\/li>\n<li>Prot\u00e8ge le sol : Contient des ingr\u00e9dients protecteurs sp\u00e9ciaux, qui peuvent prot\u00e9ger la surface du sol pendant le nettoyage et pr\u00e9venir l'usure et les rayures.<\/li>\n<li>Odeur fra\u00eeche : il \u00e9met une agr\u00e9able odeur fra\u00eeche, rendant l'espace nettoy\u00e9 plus confortable et agr\u00e9able.<\/li>\n<li>Pratique et facile \u00e0 utiliser : Il est simple et pratique \u00e0 utiliser. Il suffit de suivre les instructions pour l'utiliser.<\/li>\n<\/ol>\n<p><strong><b>\u00a0Usage Method:<\/b><\/strong><\/p>\n<ol>\n<li>En fonction de la surface du sol et du degr\u00e9 de salissure, verser une quantit\u00e9 appropri\u00e9e de produit de nettoyage des sols dans de l'eau propre pour la diluer.<\/li>\n<li>Trempez une serpilli\u00e8re ou un outil de nettoyage dans la solution nettoyante dilu\u00e9e et essuyez le sol.<\/li>\n<li>Pour les taches tenaces, vous pouvez augmenter de mani\u00e8re appropri\u00e9e la quantit\u00e9 de nettoyant ou le temps de s\u00e9jour, puis essuyer vigoureusement.<\/li>\n<li>Apr\u00e8s le nettoyage, rincez soigneusement le sol \u00e0 l'eau claire pour vous assurer qu'il n'y a pas de r\u00e9sidus de produit nettoyant.<\/li>\n<\/ol>\n<p><strong><b> Precautions:<\/b><\/strong><\/p>\n<ol>\n<li>Veuillez le placer dans un endroit que les enfants ne peuvent pas atteindre facilement.<\/li>\n<li>\u00c9viter tout contact avec les yeux et la peau. En cas de contact accidentel, rincer imm\u00e9diatement et abondamment \u00e0 l'eau claire.<\/li>\n<li>Les sols de mat\u00e9riaux diff\u00e9rents peuvent avoir des exigences de nettoyage diff\u00e9rentes. Veuillez lire le mode d'emploi du produit ou faire un essai dans un endroit peu visible avant de l'utiliser.<\/li>\n<li>Veuillez le conserver dans un endroit frais et sec et \u00e9viter la lumi\u00e8re directe du soleil.<\/li>\n<\/ol>","protected":false},"excerpt":{"rendered":"<p>Notre usine fournit des services de traitement OEM\/ODM, nous pouvons concevoir des produits sur mesure pour vous ; Notre MOQ est faible, g\u00e9n\u00e9ralement la quantit\u00e9 minimale est de 1000 bouteilles peuvent \u00eatre produites ; Nos produits sont peu co\u00fbteux, d'excellente qualit\u00e9, en conformit\u00e9 avec toutes les lois et r\u00e9glementations nationales et les besoins des clients !<\/p>\n<h3><strong>\u00a0 \u00a0 \u00a0 Nous proposons \u00e9galement les services suivants<\/strong><\/h3>\n<h4><strong><img decoding=\"async\" class=\"emoji\" role=\"img\" draggable=\"false\" src=\"https:\/\/s.w.org\/images\/core\/emoji\/15.0.3\/svg\/2714.svg\" alt=\"\u2714\" \/>\u00a0 Source transfrontali\u00e8re\u00a0 \u00a0 \u00a0 \u00a0 \u00a0\u00a0<img decoding=\"async\" class=\"emoji\" role=\"img\" draggable=\"false\" src=\"https:\/\/s.w.org\/images\/core\/emoji\/15.0.3\/svg\/2714.svg\" alt=\"\u2714\" \/>\u00a0 Personnalisation du support<\/strong><\/h4>\n<h4><strong><img decoding=\"async\" class=\"emoji\" role=\"img\" draggable=\"false\" src=\"https:\/\/s.w.org\/images\/core\/emoji\/15.0.3\/svg\/2714.svg\" alt=\"\u2714\" \/>\u00a0 Usine source\u00a0 \u00a0 \u00a0 \u00a0 \u00a0 \u00a0 \u00a0 \u00a0 \u00a0 \u00a0 \u00a0 \u00a0<img decoding=\"async\" class=\"emoji\" role=\"img\" draggable=\"false\" src=\"https:\/\/s.w.org\/images\/core\/emoji\/15.0.3\/svg\/2714.svg\" alt=\"\u2714\" \/>\u00a0 D\u00e9veloppement de produits<\/strong><\/h4>\n<h4><strong><img decoding=\"async\" class=\"emoji\" role=\"img\" draggable=\"false\" src=\"https:\/\/s.w.org\/images\/core\/emoji\/15.0.3\/svg\/2714.svg\" alt=\"\u2714\" \/>\u00a0 Adaptation \u00e0 l'\u00e9chantillon\u00a0 \u00a0 \u00a0 \u00a0 \u00a0 \u00a0 \u00a0 \u00a0 \u00a0 \u00a0\u00a0<img decoding=\"async\" class=\"emoji\" role=\"img\" draggable=\"false\" src=\"https:\/\/s.w.org\/images\/core\/emoji\/15.0.3\/svg\/2714.svg\" alt=\"\u2714\" \/>\u00a0 Autorisation de la marque<br \/>\n<\/strong><\/h4>\n<h2><strong>Questions ou commentaires ?<\/strong><\/h2>\n<h2><strong>wlwer@williamweir.com<\/strong><\/h2>","protected":false},"featured_media":14505,"template":"","meta":{"_uag_custom_page_level_css":"","site-sidebar-layout":"default","site-content-layout":"","ast-site-content-layout":"default","site-content-style":"default","site-sidebar-style":"default","ast-global-header-display":"","ast-banner-title-visibility":"","ast-main-header-display":"","ast-hfb-above-header-display":"","ast-hfb-below-header-display":"","ast-hfb-mobile-header-display":"","site-post-title":"","ast-breadcrumbs-content":"","ast-featured-img":"","footer-sml-layout":"","theme-transparent-header-meta":"default","adv-header-id-meta":"","stick-header-meta":"","header-above-stick-meta":"","header-main-stick-meta":"","header-below-stick-meta":"","astra-migrate-meta-layouts":"set","ast-page-background-enabled":"default","ast-page-background-meta":{"desktop":{"background-color":"","background-image":"","background-repeat":"repeat","background-position":"center center","background-size":"auto","background-attachment":"scroll","background-type":"","background-media":"","overlay-type":"","overlay-color":"","overlay-opacity":"","overlay-gradient":""},"tablet":{"background-color":"","background-image":"","background-repeat":"repeat","background-position":"center center","background-size":"auto","background-attachment":"scroll","background-type":"","background-media":"","overlay-type":"","overlay-color":"","overlay-opacity":"","overlay-gradient":""},"mobile":{"background-color":"","background-image":"","background-repeat":"repeat","background-position":"center center","background-size":"auto","background-attachment":"scroll","background-type":"","background-media":"","overlay-type":"","overlay-color":"","overlay-opacity":"","overlay-gradient":""}},"ast-content-background-meta":{"desktop":{"background-color":"var(--ast-global-color-5)","background-image":"","background-repeat":"repeat","background-position":"center center","background-size":"auto","background-attachment":"scroll","background-type":"","background-media":"","overlay-type":"","overlay-color":"","overlay-opacity":"","overlay-gradient":""},"tablet":{"background-color":"var(--ast-global-color-5)","background-image":"","background-repeat":"repeat","background-position":"center center","background-size":"auto","background-attachment":"scroll","background-type":"","background-media":"","overlay-type":"","overlay-color":"","overlay-opacity":"","overlay-gradient":""},"mobile":{"background-color":"var(--ast-global-color-5)","background-image":"","background-repeat":"repeat","background-position":"center center","background-size":"auto","background-attachment":"scroll","background-type":"","background-media":"","overlay-type":"","overlay-color":"","overlay-opacity":"","overlay-gradient":""}}},"product_brand":[],"product_cat":[83,74],"product_tag":[],"class_list":{"0":"post-14504","1":"product","2":"type-product","3":"status-publish","4":"has-post-thumbnail","6":"product_cat-all-products","7":"product_cat-household-cleaning-series","8":"desktop-align-center","9":"tablet-align-left","10":"mobile-align-left","11":"ast-product-gallery-layout-horizontal-slider","12":"ast-product-tabs-layout-horizontal","14":"first","15":"instock","16":"shipping-taxable","17":"product-type-simple"},"aioseo_notices":[],"uagb_featured_image_src":{"full":["https:\/\/williamweir.com\/wp-content\/uploads\/2025\/05\/\u5730\u677f\u6e05\u6d01\u5242-\u6a59\u9999\u578b.jpg",800,800,false],"thumbnail":["https:\/\/williamweir.com\/wp-content\/uploads\/2025\/05\/\u5730\u677f\u6e05\u6d01\u5242-\u6a59\u9999\u578b-300x300.jpg",300,300,true],"medium":["https:\/\/williamweir.com\/wp-content\/uploads\/2025\/05\/\u5730\u677f\u6e05\u6d01\u5242-\u6a59\u9999\u578b-600x600.jpg",600,600,true],"medium_large":["https:\/\/williamweir.com\/wp-content\/uploads\/2025\/05\/\u5730\u677f\u6e05\u6d01\u5242-\u6a59\u9999\u578b-768x768.jpg",768,768,true],"large":["https:\/\/williamweir.com\/wp-content\/uploads\/2025\/05\/\u5730\u677f\u6e05\u6d01\u5242-\u6a59\u9999\u578b.jpg",800,800,false],"1536x1536":["https:\/\/williamweir.com\/wp-content\/uploads\/2025\/05\/\u5730\u677f\u6e05\u6d01\u5242-\u6a59\u9999\u578b.jpg",800,800,false],"2048x2048":["https:\/\/williamweir.com\/wp-content\/uploads\/2025\/05\/\u5730\u677f\u6e05\u6d01\u5242-\u6a59\u9999\u578b.jpg",800,800,false],"trp-custom-language-flag":["https:\/\/williamweir.com\/wp-content\/uploads\/2025\/05\/\u5730\u677f\u6e05\u6d01\u5242-\u6a59\u9999\u578b-12x12.jpg",12,12,true],"woocommerce_thumbnail":["https:\/\/williamweir.com\/wp-content\/uploads\/2025\/05\/\u5730\u677f\u6e05\u6d01\u5242-\u6a59\u9999\u578b-600x600.jpg",600,600,true],"woocommerce_single":["https:\/\/williamweir.com\/wp-content\/uploads\/2025\/05\/\u5730\u677f\u6e05\u6d01\u5242-\u6a59\u9999\u578b-600x600.jpg",600,600,true],"woocommerce_gallery_thumbnail":["https:\/\/williamweir.com\/wp-content\/uploads\/2025\/05\/\u5730\u677f\u6e05\u6d01\u5242-\u6a59\u9999\u578b-100x100.jpg",100,100,true]},"uagb_author_info":{"display_name":"wlwer","author_link":"https:\/\/williamweir.com\/fr\/author\/"},"uagb_comment_info":0,"uagb_excerpt":"Our factory provides OEM\/ODM processing services, we can tailor products for you; Our MOQ is low, generally the minimum quantity is 1000 bottles can be produced; Our products are inexpensive, excellent product quality, in line with any national laws and regulations and customer needs! \u00a0 \u00a0 \u00a0 We also offer the following services \u00a0 Cross-border\u2026","_links":{"self":[{"href":"https:\/\/williamweir.com\/fr\/wp-json\/wp\/v2\/product\/14504"}],"collection":[{"href":"https:\/\/williamweir.com\/fr\/wp-json\/wp\/v2\/product"}],"about":[{"href":"https:\/\/williamweir.com\/fr\/wp-json\/wp\/v2\/types\/product"}],"version-history":[{"count":1,"href":"https:\/\/williamweir.com\/fr\/wp-json\/wp\/v2\/product\/14504\/revisions"}],"predecessor-version":[{"id":14507,"href":"https:\/\/williamweir.com\/fr\/wp-json\/wp\/v2\/product\/14504\/revisions\/14507"}],"wp:featuredmedia":[{"embeddable":true,"href":"https:\/\/williamweir.com\/fr\/wp-json\/wp\/v2\/media\/14505"}],"wp:attachment":[{"href":"https:\/\/williamweir.com\/fr\/wp-json\/wp\/v2\/media?parent=14504"}],"wp:term":[{"taxonomy":"product_brand","embeddable":true,"href":"https:\/\/williamweir.com\/fr\/wp-json\/wp\/v2\/product_brand?post=14504"},{"taxonomy":"product_cat","embeddable":true,"href":"https:\/\/williamweir.com\/fr\/wp-json\/wp\/v2\/product_cat?post=14504"},{"taxonomy":"product_tag","embeddable":true,"href":"https:\/\/williamweir.com\/fr\/wp-json\/wp\/v2\/product_tag?post=14504"}],"curies":[{"name":"wp","href":"https:\/\/api.w.org\/{rel}","templated":true}]}}