{"id":14491,"date":"2025-05-16T06:06:26","date_gmt":"2025-05-16T06:06:26","guid":{"rendered":"https:\/\/williamweir.com\/?post_type=product&#038;p=14491"},"modified":"2025-05-24T01:02:57","modified_gmt":"2025-05-24T01:02:57","slug":"scale-remover","status":"publish","type":"product","link":"https:\/\/williamweir.com\/fr\/produit\/scale-remover\/","title":{"rendered":"D\u00e9tartreur"},"content":{"rendered":"<h3><strong>Commodity code: 2912<\/strong><\/h3>\n<p><strong><b>1.Product Features<\/b><\/strong><\/p>\n<ol>\n<li>D\u00e9tartrage puissant : Il permet d'\u00e9liminer rapidement et efficacement divers d\u00e9p\u00f4ts et taches, notamment les d\u00e9p\u00f4ts dans les \u00e9quipements tels que les bouilloires, les distributeurs d'eau et les pommeaux de douche.<\/li>\n<li>S\u00fbr et respectueux de l'environnement : Adoptant des mati\u00e8res premi\u00e8res de qualit\u00e9 alimentaire, il est inoffensif pour le corps humain et ne pollue pas l'environnement.<\/li>\n<li>Doux et non irritant : Il n'endommage pas la surface de l'\u00e9quipement et convient \u00e0 de nombreux mat\u00e9riaux.<\/li>\n<li>Pratique et facile \u00e0 utiliser : Il suffit de dissoudre le d\u00e9tartrant dans l'eau et de suivre les instructions.<\/li>\n<li>\u00c9conomique et abordable : Le co\u00fbt est \u00e9lev\u00e9 et un seul flacon peut \u00eatre utilis\u00e9 plusieurs fois.<\/li>\n<\/ol>\n<p><strong><b>2.Scope of application<\/b><\/strong><strong><b><br \/>\n<\/b><\/strong>Convient \u00e0 divers \u00e9quipements n\u00e9cessitant un d\u00e9tartrage dans des lieux tels que les maisons, les h\u00f4tels et les restaurants, comme les bouilloires, les cafeti\u00e8res, les chauffe-eau, les machines \u00e0 laver, les toilettes, etc.<\/p>\n<p><strong><b>3. Usage method<\/b><\/strong><\/p>\n<ol>\n<li>According to the size of the equipment and the severity of the scale, take an appropriate amount of descaling agent and put it in a container.<\/li>\n<li>Ajoutez une quantit\u00e9 appropri\u00e9e d'eau chaude et remuez r\u00e9guli\u00e8rement pour dissoudre compl\u00e8tement le d\u00e9tartrant.<\/li>\n<li>Immergez l'\u00e9quipement \u00e0 d\u00e9tartrer dans la solution ou versez la solution dans l'\u00e9quipement pour vous assurer que la partie entartr\u00e9e est compl\u00e8tement immerg\u00e9e dans la solution.<\/li>\n<li>Laisser tremper pendant un certain temps (g\u00e9n\u00e9ralement de 15 minutes \u00e0 plusieurs heures en fonction de la gravit\u00e9 du tartre).<\/li>\n<li>Rincer l'\u00e9quipement \u00e0 l'eau claire pour \u00e9liminer le d\u00e9tartrant r\u00e9siduel et le tartre.<\/li>\n<\/ol>\n<p><strong><b>4.Precautions<\/b><\/strong><\/p>\n<ol>\n<li>\u00c9viter le contact avec les yeux et la peau. En cas de contact accidentel, rincer imm\u00e9diatement et abondamment \u00e0 l'eau et consulter rapidement un m\u00e9decin.<\/li>\n<li>Veuillez placer le produit dans un endroit o\u00f9 les enfants ne peuvent pas facilement y acc\u00e9der afin d'\u00e9viter qu'ils ne le mangent par erreur.<\/li>\n<li>En cours d'utilisation, si vous constatez que l'appareil est endommag\u00e9 ou pr\u00e9sente des anomalies, arr\u00eatez imm\u00e9diatement de l'utiliser et v\u00e9rifiez l'appareil.<\/li>\n<li>Les m\u00e9thodes de d\u00e9tartrage peuvent varier d'un appareil \u00e0 l'autre. Il convient de proc\u00e9der selon les instructions de l'appareil et la situation r\u00e9elle.<\/li>\n<li>Le produit doit \u00eatre stock\u00e9 dans un endroit frais et sec, \u00e0 l'abri de la lumi\u00e8re directe du soleil et des temp\u00e9ratures \u00e9lev\u00e9es, afin de ne pas affecter ses performances et sa dur\u00e9e de conservation.<\/li>\n<\/ol>","protected":false},"excerpt":{"rendered":"<p>Notre usine fournit des services de traitement OEM\/ODM, nous pouvons concevoir des produits sur mesure pour vous ; Notre MOQ est faible, g\u00e9n\u00e9ralement la quantit\u00e9 minimale est de 1000 bouteilles peuvent \u00eatre produites ; Nos produits sont peu co\u00fbteux, d'excellente qualit\u00e9, en conformit\u00e9 avec toutes les lois et r\u00e9glementations nationales et les besoins des clients !<\/p>\n<h3><strong>\u00a0 \u00a0 \u00a0 Nous proposons \u00e9galement les services suivants<\/strong><\/h3>\n<h4><strong><img decoding=\"async\" class=\"emoji\" role=\"img\" draggable=\"false\" src=\"https:\/\/s.w.org\/images\/core\/emoji\/15.0.3\/svg\/2714.svg\" alt=\"\u2714\" \/>\u00a0 Source transfrontali\u00e8re\u00a0 \u00a0 \u00a0 \u00a0 \u00a0\u00a0<img decoding=\"async\" class=\"emoji\" role=\"img\" draggable=\"false\" src=\"https:\/\/s.w.org\/images\/core\/emoji\/15.0.3\/svg\/2714.svg\" alt=\"\u2714\" \/>\u00a0 Personnalisation du support<\/strong><\/h4>\n<h4><strong><img decoding=\"async\" class=\"emoji\" role=\"img\" draggable=\"false\" src=\"https:\/\/s.w.org\/images\/core\/emoji\/15.0.3\/svg\/2714.svg\" alt=\"\u2714\" \/>\u00a0 Usine source\u00a0 \u00a0 \u00a0 \u00a0 \u00a0 \u00a0 \u00a0 \u00a0 \u00a0 \u00a0 \u00a0 \u00a0<img decoding=\"async\" class=\"emoji\" role=\"img\" draggable=\"false\" src=\"https:\/\/s.w.org\/images\/core\/emoji\/15.0.3\/svg\/2714.svg\" alt=\"\u2714\" \/>\u00a0 D\u00e9veloppement de produits<\/strong><\/h4>\n<h4><strong><img decoding=\"async\" class=\"emoji\" role=\"img\" draggable=\"false\" src=\"https:\/\/s.w.org\/images\/core\/emoji\/15.0.3\/svg\/2714.svg\" alt=\"\u2714\" \/>\u00a0 Adaptation \u00e0 l'\u00e9chantillon\u00a0 \u00a0 \u00a0 \u00a0 \u00a0 \u00a0 \u00a0 \u00a0 \u00a0 \u00a0\u00a0<img decoding=\"async\" class=\"emoji\" role=\"img\" draggable=\"false\" src=\"https:\/\/s.w.org\/images\/core\/emoji\/15.0.3\/svg\/2714.svg\" alt=\"\u2714\" \/>\u00a0 Autorisation de la marque<br \/>\n<\/strong><\/h4>\n<h2><strong>Questions ou commentaires ?<\/strong><\/h2>\n<h2><strong>wlwer@williamweir.com<\/strong><\/h2>","protected":false},"featured_media":14492,"template":"","meta":{"_uag_custom_page_level_css":"","site-sidebar-layout":"default","site-content-layout":"","ast-site-content-layout":"default","site-content-style":"default","site-sidebar-style":"default","ast-global-header-display":"","ast-banner-title-visibility":"","ast-main-header-display":"","ast-hfb-above-header-display":"","ast-hfb-below-header-display":"","ast-hfb-mobile-header-display":"","site-post-title":"","ast-breadcrumbs-content":"","ast-featured-img":"","footer-sml-layout":"","theme-transparent-header-meta":"default","adv-header-id-meta":"","stick-header-meta":"","header-above-stick-meta":"","header-main-stick-meta":"","header-below-stick-meta":"","astra-migrate-meta-layouts":"set","ast-page-background-enabled":"default","ast-page-background-meta":{"desktop":{"background-color":"","background-image":"","background-repeat":"repeat","background-position":"center center","background-size":"auto","background-attachment":"scroll","background-type":"","background-media":"","overlay-type":"","overlay-color":"","overlay-opacity":"","overlay-gradient":""},"tablet":{"background-color":"","background-image":"","background-repeat":"repeat","background-position":"center center","background-size":"auto","background-attachment":"scroll","background-type":"","background-media":"","overlay-type":"","overlay-color":"","overlay-opacity":"","overlay-gradient":""},"mobile":{"background-color":"","background-image":"","background-repeat":"repeat","background-position":"center center","background-size":"auto","background-attachment":"scroll","background-type":"","background-media":"","overlay-type":"","overlay-color":"","overlay-opacity":"","overlay-gradient":""}},"ast-content-background-meta":{"desktop":{"background-color":"var(--ast-global-color-5)","background-image":"","background-repeat":"repeat","background-position":"center center","background-size":"auto","background-attachment":"scroll","background-type":"","background-media":"","overlay-type":"","overlay-color":"","overlay-opacity":"","overlay-gradient":""},"tablet":{"background-color":"var(--ast-global-color-5)","background-image":"","background-repeat":"repeat","background-position":"center center","background-size":"auto","background-attachment":"scroll","background-type":"","background-media":"","overlay-type":"","overlay-color":"","overlay-opacity":"","overlay-gradient":""},"mobile":{"background-color":"var(--ast-global-color-5)","background-image":"","background-repeat":"repeat","background-position":"center center","background-size":"auto","background-attachment":"scroll","background-type":"","background-media":"","overlay-type":"","overlay-color":"","overlay-opacity":"","overlay-gradient":""}}},"product_brand":[],"product_cat":[83,74],"product_tag":[],"class_list":{"0":"post-14491","1":"product","2":"type-product","3":"status-publish","4":"has-post-thumbnail","6":"product_cat-all-products","7":"product_cat-household-cleaning-series","8":"desktop-align-center","9":"tablet-align-left","10":"mobile-align-left","11":"ast-product-gallery-layout-horizontal-slider","12":"ast-product-gallery-with-no-image","13":"ast-product-tabs-layout-horizontal","15":"first","16":"instock","17":"shipping-taxable","18":"product-type-simple"},"aioseo_notices":[],"uagb_featured_image_src":{"full":["https:\/\/williamweir.com\/wp-content\/uploads\/2025\/05\/\u6c34\u57a2\u6e05\u9664\u5242-800.jpg",800,800,false],"thumbnail":["https:\/\/williamweir.com\/wp-content\/uploads\/2025\/05\/\u6c34\u57a2\u6e05\u9664\u5242-800-300x300.jpg",300,300,true],"medium":["https:\/\/williamweir.com\/wp-content\/uploads\/2025\/05\/\u6c34\u57a2\u6e05\u9664\u5242-800-600x600.jpg",600,600,true],"medium_large":["https:\/\/williamweir.com\/wp-content\/uploads\/2025\/05\/\u6c34\u57a2\u6e05\u9664\u5242-800-768x768.jpg",768,768,true],"large":["https:\/\/williamweir.com\/wp-content\/uploads\/2025\/05\/\u6c34\u57a2\u6e05\u9664\u5242-800.jpg",800,800,false],"1536x1536":["https:\/\/williamweir.com\/wp-content\/uploads\/2025\/05\/\u6c34\u57a2\u6e05\u9664\u5242-800.jpg",800,800,false],"2048x2048":["https:\/\/williamweir.com\/wp-content\/uploads\/2025\/05\/\u6c34\u57a2\u6e05\u9664\u5242-800.jpg",800,800,false],"trp-custom-language-flag":["https:\/\/williamweir.com\/wp-content\/uploads\/2025\/05\/\u6c34\u57a2\u6e05\u9664\u5242-800-12x12.jpg",12,12,true],"woocommerce_thumbnail":["https:\/\/williamweir.com\/wp-content\/uploads\/2025\/05\/\u6c34\u57a2\u6e05\u9664\u5242-800-600x600.jpg",600,600,true],"woocommerce_single":["https:\/\/williamweir.com\/wp-content\/uploads\/2025\/05\/\u6c34\u57a2\u6e05\u9664\u5242-800-600x600.jpg",600,600,true],"woocommerce_gallery_thumbnail":["https:\/\/williamweir.com\/wp-content\/uploads\/2025\/05\/\u6c34\u57a2\u6e05\u9664\u5242-800-100x100.jpg",100,100,true]},"uagb_author_info":{"display_name":"wlwer","author_link":"https:\/\/williamweir.com\/fr\/author\/"},"uagb_comment_info":0,"uagb_excerpt":"Our factory provides OEM\/ODM processing services, we can tailor products for you; Our MOQ is low, generally the minimum quantity is 1000 bottles can be produced; Our products are inexpensive, excellent product quality, in line with any national laws and regulations and customer needs! \u00a0 \u00a0 \u00a0 We also offer the following services \u00a0 Cross-border\u2026","_links":{"self":[{"href":"https:\/\/williamweir.com\/fr\/wp-json\/wp\/v2\/product\/14491"}],"collection":[{"href":"https:\/\/williamweir.com\/fr\/wp-json\/wp\/v2\/product"}],"about":[{"href":"https:\/\/williamweir.com\/fr\/wp-json\/wp\/v2\/types\/product"}],"version-history":[{"count":3,"href":"https:\/\/williamweir.com\/fr\/wp-json\/wp\/v2\/product\/14491\/revisions"}],"predecessor-version":[{"id":14496,"href":"https:\/\/williamweir.com\/fr\/wp-json\/wp\/v2\/product\/14491\/revisions\/14496"}],"wp:featuredmedia":[{"embeddable":true,"href":"https:\/\/williamweir.com\/fr\/wp-json\/wp\/v2\/media\/14492"}],"wp:attachment":[{"href":"https:\/\/williamweir.com\/fr\/wp-json\/wp\/v2\/media?parent=14491"}],"wp:term":[{"taxonomy":"product_brand","embeddable":true,"href":"https:\/\/williamweir.com\/fr\/wp-json\/wp\/v2\/product_brand?post=14491"},{"taxonomy":"product_cat","embeddable":true,"href":"https:\/\/williamweir.com\/fr\/wp-json\/wp\/v2\/product_cat?post=14491"},{"taxonomy":"product_tag","embeddable":true,"href":"https:\/\/williamweir.com\/fr\/wp-json\/wp\/v2\/product_tag?post=14491"}],"curies":[{"name":"wp","href":"https:\/\/api.w.org\/{rel}","templated":true}]}}