{"id":14438,"date":"2025-04-19T01:19:38","date_gmt":"2025-04-19T01:19:38","guid":{"rendered":"https:\/\/williamweir.com\/?post_type=product&#038;p=14438"},"modified":"2025-05-24T01:05:38","modified_gmt":"2025-05-24T01:05:38","slug":"cleaning-agent-interior","status":"publish","type":"product","link":"https:\/\/williamweir.com\/fr\/produit\/cleaning-agent-interior\/","title":{"rendered":"Produit de nettoyage int\u00e9rieur"},"content":{"rendered":"<p><strong>Commodity code: 2974<\/strong><\/p>\n<p><strong><b>Caract\u00e9ristiques du produit<\/b><\/strong><\/p>\n<ol>\n<li>Nettoyage puissant : Il peut \u00e9liminer rapidement diverses taches sur la surface de l'int\u00e9rieur des voitures, notamment la poussi\u00e8re, les taches d'huile, les taches de boisson, etc.<\/li>\n<li>St\u00e9rilisation et d\u00e9sodorisation : Tue efficacement les bact\u00e9ries et les moisissures, \u00e9limine les odeurs et assure un environnement sain \u00e0 l'int\u00e9rieur de la voiture.<\/li>\n<li>Entretien de l'int\u00e9rieur : Contient des ingr\u00e9dients d'entretien qui peuvent prot\u00e9ger les mat\u00e9riaux int\u00e9rieurs et prolonger leur dur\u00e9e de vie.<\/li>\n<li>S\u00fbr et respectueux de l'environnement : Adopte une formule respectueuse de l'environnement et ne contient pas de substances nocives, ce qui est inoffensif pour l'homme et l'environnement int\u00e9rieur de la voiture.<\/li>\n<li>Pratique \u00e0 utiliser : Il suffit de vaporiser le nettoyant sur la zone \u00e0 nettoyer, puis de l'essuyer avec un chiffon propre.<\/li>\n<\/ol>\n<p><strong><b> Scope of application<\/b><\/strong><strong><b><br \/>\n<\/b><\/strong>Convient \u00e0 divers mat\u00e9riaux pour l'int\u00e9rieur des voitures, tels que le cuir, le plastique, le tissu, etc.<\/p>\n<p><strong><b>\u00a0Usage method<\/b><\/strong><\/p>\n<ol>\n<li>Tout d'abord, nettoyez les objets divers dans la voiture pour vous assurer qu'il n'y a pas d'obstacles dans la zone de nettoyage.<\/li>\n<li>Ensuite, secouez bien le nettoyant pour int\u00e9rieur de voiture et vaporisez-le uniform\u00e9ment \u00e0 une distance d'environ 15 \u00e0 20 centim\u00e8tres de la zone \u00e0 nettoyer.<\/li>\n<li>Attendez quelques minutes pour laisser le nettoyant jouer pleinement son r\u00f4le et dissoudre les taches.<\/li>\n<li>Essuyez d\u00e9licatement la zone de nettoyage avec un chiffon ou une \u00e9ponge propre pour enlever les taches et le produit de nettoyage.<\/li>\n<li>Pour les taches tenaces, les \u00e9tapes de pulv\u00e9risation et d'essuyage peuvent \u00eatre r\u00e9p\u00e9t\u00e9es.<\/li>\n<li>Apr\u00e8s le nettoyage, ouvrez les fen\u00eatres de la voiture pour faire circuler l'air et \u00e9liminer l'odeur du nettoyant.<\/li>\n<\/ol>\n<p><strong><b> Pr\u00e9cautions<\/b><\/strong><\/p>\n<ol>\n<li>\u00c9viter tout contact avec les yeux et la bouche. En cas de contact accidentel, rincer imm\u00e9diatement et abondamment \u00e0 l'eau et consulter rapidement un m\u00e9decin.<\/li>\n<li>Veuillez placer le produit dans un endroit o\u00f9 les enfants ne peuvent pas facilement y acc\u00e9der afin d'\u00e9viter qu'ils ne le mangent par erreur.<\/li>\n<li>Si des sympt\u00f4mes allergiques ou d'autres sympt\u00f4mes inconfortables apparaissent sur la peau pendant l'utilisation, cessez imm\u00e9diatement d'utiliser le produit et consultez un m\u00e9decin.<\/li>\n<li>Le produit doit \u00eatre stock\u00e9 dans un endroit frais et sec, \u00e0 l'abri de la lumi\u00e8re directe du soleil et des temp\u00e9ratures \u00e9lev\u00e9es, afin de ne pas affecter ses performances et sa dur\u00e9e de conservation.<\/li>\n<\/ol>","protected":false},"excerpt":{"rendered":"<p>Notre usine fournit des services de traitement OEM\/ODM, nous pouvons concevoir des produits sur mesure pour vous ; Notre MOQ est faible, g\u00e9n\u00e9ralement la quantit\u00e9 minimale est de 1000 bouteilles peuvent \u00eatre produites ; Nos produits sont peu co\u00fbteux, d'excellente qualit\u00e9, en conformit\u00e9 avec toutes les lois et r\u00e9glementations nationales et les besoins des clients !<\/p>\n<h3><strong>\u00a0 \u00a0 \u00a0 Nous proposons \u00e9galement les services suivants<\/strong><\/h3>\n<h4><strong><img decoding=\"async\" class=\"emoji\" role=\"img\" draggable=\"false\" src=\"https:\/\/s.w.org\/images\/core\/emoji\/15.0.3\/svg\/2714.svg\" alt=\"\u2714\" \/>\u00a0 Source transfrontali\u00e8re\u00a0 \u00a0 \u00a0 \u00a0 \u00a0\u00a0<img decoding=\"async\" class=\"emoji\" role=\"img\" draggable=\"false\" src=\"https:\/\/s.w.org\/images\/core\/emoji\/15.0.3\/svg\/2714.svg\" alt=\"\u2714\" \/>\u00a0 Personnalisation du support<\/strong><\/h4>\n<h4><strong><img decoding=\"async\" class=\"emoji\" role=\"img\" draggable=\"false\" src=\"https:\/\/s.w.org\/images\/core\/emoji\/15.0.3\/svg\/2714.svg\" alt=\"\u2714\" \/>\u00a0 Usine source\u00a0 \u00a0 \u00a0 \u00a0 \u00a0 \u00a0 \u00a0 \u00a0 \u00a0 \u00a0 \u00a0 \u00a0<img decoding=\"async\" class=\"emoji\" role=\"img\" draggable=\"false\" src=\"https:\/\/s.w.org\/images\/core\/emoji\/15.0.3\/svg\/2714.svg\" alt=\"\u2714\" \/>\u00a0 D\u00e9veloppement de produits<\/strong><\/h4>\n<h4><strong><img decoding=\"async\" class=\"emoji\" role=\"img\" draggable=\"false\" src=\"https:\/\/s.w.org\/images\/core\/emoji\/15.0.3\/svg\/2714.svg\" alt=\"\u2714\" \/>\u00a0 Adaptation \u00e0 l'\u00e9chantillon\u00a0 \u00a0 \u00a0 \u00a0 \u00a0 \u00a0 \u00a0 \u00a0 \u00a0 \u00a0\u00a0<img decoding=\"async\" class=\"emoji\" role=\"img\" draggable=\"false\" src=\"https:\/\/s.w.org\/images\/core\/emoji\/15.0.3\/svg\/2714.svg\" alt=\"\u2714\" \/>\u00a0 Autorisation de la marque<br \/>\n<\/strong><\/h4>\n<h2><strong>Questions ou commentaires ?<\/strong><\/h2>\n<h2><strong>wlwer@williamweir.com<\/strong><\/h2>","protected":false},"featured_media":14439,"template":"","meta":{"_uag_custom_page_level_css":"","site-sidebar-layout":"default","site-content-layout":"","ast-site-content-layout":"default","site-content-style":"default","site-sidebar-style":"default","ast-global-header-display":"","ast-banner-title-visibility":"","ast-main-header-display":"","ast-hfb-above-header-display":"","ast-hfb-below-header-display":"","ast-hfb-mobile-header-display":"","site-post-title":"","ast-breadcrumbs-content":"","ast-featured-img":"","footer-sml-layout":"","theme-transparent-header-meta":"default","adv-header-id-meta":"","stick-header-meta":"","header-above-stick-meta":"","header-main-stick-meta":"","header-below-stick-meta":"","astra-migrate-meta-layouts":"set","ast-page-background-enabled":"default","ast-page-background-meta":{"desktop":{"background-color":"","background-image":"","background-repeat":"repeat","background-position":"center center","background-size":"auto","background-attachment":"scroll","background-type":"","background-media":"","overlay-type":"","overlay-color":"","overlay-opacity":"","overlay-gradient":""},"tablet":{"background-color":"","background-image":"","background-repeat":"repeat","background-position":"center center","background-size":"auto","background-attachment":"scroll","background-type":"","background-media":"","overlay-type":"","overlay-color":"","overlay-opacity":"","overlay-gradient":""},"mobile":{"background-color":"","background-image":"","background-repeat":"repeat","background-position":"center center","background-size":"auto","background-attachment":"scroll","background-type":"","background-media":"","overlay-type":"","overlay-color":"","overlay-opacity":"","overlay-gradient":""}},"ast-content-background-meta":{"desktop":{"background-color":"var(--ast-global-color-5)","background-image":"","background-repeat":"repeat","background-position":"center center","background-size":"auto","background-attachment":"scroll","background-type":"","background-media":"","overlay-type":"","overlay-color":"","overlay-opacity":"","overlay-gradient":""},"tablet":{"background-color":"var(--ast-global-color-5)","background-image":"","background-repeat":"repeat","background-position":"center center","background-size":"auto","background-attachment":"scroll","background-type":"","background-media":"","overlay-type":"","overlay-color":"","overlay-opacity":"","overlay-gradient":""},"mobile":{"background-color":"var(--ast-global-color-5)","background-image":"","background-repeat":"repeat","background-position":"center center","background-size":"auto","background-attachment":"scroll","background-type":"","background-media":"","overlay-type":"","overlay-color":"","overlay-opacity":"","overlay-gradient":""}}},"product_brand":[],"product_cat":[83,77],"product_tag":[],"class_list":{"0":"post-14438","1":"product","2":"type-product","3":"status-publish","4":"has-post-thumbnail","6":"product_cat-all-products","7":"product_cat-car-cleaning-and-maintenance","8":"desktop-align-center","9":"tablet-align-left","10":"mobile-align-left","11":"ast-product-gallery-layout-horizontal-slider","12":"ast-product-gallery-with-no-image","13":"ast-product-tabs-layout-horizontal","15":"first","16":"instock","17":"shipping-taxable","18":"product-type-simple"},"aioseo_notices":[],"uagb_featured_image_src":{"full":["https:\/\/williamweir.com\/wp-content\/uploads\/2025\/04\/\u5185\u9970\u6e05\u6d01\u52421.jpg",800,800,false],"thumbnail":["https:\/\/williamweir.com\/wp-content\/uploads\/2025\/04\/\u5185\u9970\u6e05\u6d01\u52421-300x300.jpg",300,300,true],"medium":["https:\/\/williamweir.com\/wp-content\/uploads\/2025\/04\/\u5185\u9970\u6e05\u6d01\u52421-600x600.jpg",600,600,true],"medium_large":["https:\/\/williamweir.com\/wp-content\/uploads\/2025\/04\/\u5185\u9970\u6e05\u6d01\u52421-768x768.jpg",768,768,true],"large":["https:\/\/williamweir.com\/wp-content\/uploads\/2025\/04\/\u5185\u9970\u6e05\u6d01\u52421.jpg",800,800,false],"1536x1536":["https:\/\/williamweir.com\/wp-content\/uploads\/2025\/04\/\u5185\u9970\u6e05\u6d01\u52421.jpg",800,800,false],"2048x2048":["https:\/\/williamweir.com\/wp-content\/uploads\/2025\/04\/\u5185\u9970\u6e05\u6d01\u52421.jpg",800,800,false],"trp-custom-language-flag":["https:\/\/williamweir.com\/wp-content\/uploads\/2025\/04\/\u5185\u9970\u6e05\u6d01\u52421-12x12.jpg",12,12,true],"woocommerce_thumbnail":["https:\/\/williamweir.com\/wp-content\/uploads\/2025\/04\/\u5185\u9970\u6e05\u6d01\u52421-600x600.jpg",600,600,true],"woocommerce_single":["https:\/\/williamweir.com\/wp-content\/uploads\/2025\/04\/\u5185\u9970\u6e05\u6d01\u52421-600x600.jpg",600,600,true],"woocommerce_gallery_thumbnail":["https:\/\/williamweir.com\/wp-content\/uploads\/2025\/04\/\u5185\u9970\u6e05\u6d01\u52421-100x100.jpg",100,100,true]},"uagb_author_info":{"display_name":"wlwer","author_link":"https:\/\/williamweir.com\/fr\/author\/"},"uagb_comment_info":0,"uagb_excerpt":"Our factory provides OEM\/ODM processing services, we can tailor products for you; Our MOQ is low, generally the minimum quantity is 1000 bottles can be produced; Our products are inexpensive, excellent product quality, in line with any national laws and regulations and customer needs! \u00a0 \u00a0 \u00a0 We also offer the following services \u00a0 Cross-border\u2026","_links":{"self":[{"href":"https:\/\/williamweir.com\/fr\/wp-json\/wp\/v2\/product\/14438"}],"collection":[{"href":"https:\/\/williamweir.com\/fr\/wp-json\/wp\/v2\/product"}],"about":[{"href":"https:\/\/williamweir.com\/fr\/wp-json\/wp\/v2\/types\/product"}],"version-history":[{"count":1,"href":"https:\/\/williamweir.com\/fr\/wp-json\/wp\/v2\/product\/14438\/revisions"}],"predecessor-version":[{"id":14440,"href":"https:\/\/williamweir.com\/fr\/wp-json\/wp\/v2\/product\/14438\/revisions\/14440"}],"wp:featuredmedia":[{"embeddable":true,"href":"https:\/\/williamweir.com\/fr\/wp-json\/wp\/v2\/media\/14439"}],"wp:attachment":[{"href":"https:\/\/williamweir.com\/fr\/wp-json\/wp\/v2\/media?parent=14438"}],"wp:term":[{"taxonomy":"product_brand","embeddable":true,"href":"https:\/\/williamweir.com\/fr\/wp-json\/wp\/v2\/product_brand?post=14438"},{"taxonomy":"product_cat","embeddable":true,"href":"https:\/\/williamweir.com\/fr\/wp-json\/wp\/v2\/product_cat?post=14438"},{"taxonomy":"product_tag","embeddable":true,"href":"https:\/\/williamweir.com\/fr\/wp-json\/wp\/v2\/product_tag?post=14438"}],"curies":[{"name":"wp","href":"https:\/\/api.w.org\/{rel}","templated":true}]}}