{"id":4780,"date":"2024-10-24T10:26:42","date_gmt":"2024-10-24T10:26:42","guid":{"rendered":"https:\/\/williamweir.com\/?page_id=4780"},"modified":"2024-11-03T01:38:05","modified_gmt":"2024-11-03T01:38:05","slug":"privacy-policy","status":"publish","type":"page","link":"https:\/\/williamweir.com\/fr\/privacy-policy\/","title":{"rendered":"Politique de confidentialit\u00e9"},"content":{"rendered":"<p>Qui sommes-nous ?<br>L'adresse de notre site est la suivante : <strong>https:\/\/williamweir.com<\/strong><br>commentaire<br>Texte recommand\u00e9 : Lorsqu'un visiteur laisse un commentaire, nous collectons les donn\u00e9es affich\u00e9es dans le formulaire de commentaire, ainsi que l'adresse IP du visiteur et la cha\u00eene de l'agent utilisateur du navigateur, afin de v\u00e9rifier s'il y a des commentaires ind\u00e9sirables.<br>La cha\u00eene anonymis\u00e9e (\u00e9galement appel\u00e9e \"hash\") g\u00e9n\u00e9r\u00e9e \u00e0 partir de votre adresse \u00e9lectronique peut \u00eatre fournie au service Gravatar pour confirmer que vous utilisez le service. La politique de confidentialit\u00e9 des services Gravatar est la suivante : https:\/\/automattic.com\/privacy\/ . Une fois votre commentaire approuv\u00e9, votre image de profil sera affich\u00e9e publiquement \u00e0 c\u00f4t\u00e9 de votre commentaire.<br>m\u00e9dias<br>Texte recommand\u00e9 : Si vous t\u00e9l\u00e9chargez des images sur ce site web, vous devez \u00e9viter de t\u00e9l\u00e9charger des images contenant des informations de localisation g\u00e9ographique (EXIF GPS). Les visiteurs de ce site web pourront t\u00e9l\u00e9charger et extraire des informations de localisation \u00e0 partir des images qu'il contient.<br>Cookies<br>Texte recommand\u00e9 : Si vous laissez un commentaire sur notre site, vous pouvez choisir d'utiliser des cookies pour enregistrer votre nom, votre adresse \u00e9lectronique et l'adresse de votre site web. Cela vous permet d'\u00e9viter d'avoir \u00e0 remplir \u00e0 nouveau le contenu pertinent lors de la r\u00e9daction d'un commentaire. Ces cookies seront conserv\u00e9s pendant un an.<br>Si vous visitez notre page de connexion, nous installerons un cookie temporaire pour confirmer que votre navigateur accepte les cookies. Ce cookie ne contient pas de donn\u00e9es personnelles et sera supprim\u00e9 lorsque vous fermerez votre navigateur.<br>Lorsque vous vous connectez, nous installons \u00e9galement plusieurs cookies pour enregistrer vos informations de connexion et les options d'affichage de l'\u00e9cran. Les cookies de connexion sont conserv\u00e9s pendant deux jours, tandis que les cookies relatifs aux options d'affichage de l'\u00e9cran sont conserv\u00e9s pendant un an. Si vous choisissez l'option \"Se souvenir de moi\", votre statut de connexion sera conserv\u00e9 pendant deux semaines. Si vous vous d\u00e9connectez de votre compte, les cookies utilis\u00e9s pour la connexion seront supprim\u00e9s.<br>Si vous modifiez ou publiez un article, nous enregistrons un cookie suppl\u00e9mentaire dans votre navigateur. Ce cookie ne contient pas de donn\u00e9es personnelles et enregistre uniquement l'identifiant de l'article que vous venez de modifier. Ce cookie sera conserv\u00e9 pendant un jour.<\/p><p>Texte recommand\u00e9 : Les articles de ce site peuvent contenir des contenus int\u00e9gr\u00e9s (tels que des vid\u00e9os, des images, des articles, etc.). L'int\u00e9gration de contenu provenant d'autres sites ne diff\u00e8re pas de l'acc\u00e8s direct \u00e0 ces autres sites.<br>Ces sites peuvent collecter des donn\u00e9es vous concernant, utiliser des cookies, int\u00e9grer des programmes de suivi tiers suppl\u00e9mentaires et contr\u00f4ler votre interaction avec ces contenus int\u00e9gr\u00e9s, notamment lorsque vous avez un compte sur ces sites et que vous vous y connectez.<br>Avec qui partageons-nous vos informations ?<br>Texte recommand\u00e9 : Si vous demandez une r\u00e9initialisation de votre mot de passe, votre adresse IP sera incluse dans l'e-mail de r\u00e9initialisation du mot de passe.<br>Combien de temps conservons-nous vos informations ?<br>Texte recommand\u00e9 : Si vous laissez un commentaire, celui-ci et ses m\u00e9tadonn\u00e9es seront sauvegard\u00e9s ind\u00e9finiment. Cela nous permet d'identifier et d'approuver automatiquement tout commentaire ult\u00e9rieur sans l'ajouter \u00e0 la file d'attente.<br>Pour les utilisateurs enregistr\u00e9s de ce site web, nous stockons \u00e9galement les informations personnelles fournies par l'utilisateur dans son profil. Tous les utilisateurs peuvent consulter, modifier ou supprimer leurs informations personnelles \u00e0 tout moment (\u00e0 l'exception de l'impossibilit\u00e9 de modifier leur nom d'utilisateur), et les administrateurs du site peuvent \u00e9galement consulter et modifier ces informations.<br>Quels sont les droits dont vous disposez sur vos informations ?<br>Texte recommand\u00e9 : Si vous avez un compte sur ce site ou si vous avez d\u00e9j\u00e0 laiss\u00e9 un commentaire, vous pouvez nous demander de vous fournir un fichier d'exportation de vos donn\u00e9es personnelles que nous poss\u00e9dons, qui comprend \u00e9galement toutes les donn\u00e9es que vous nous avez fournies. Vous pouvez \u00e9galement nous demander d'effacer toutes les donn\u00e9es personnelles vous concernant. Cela n'inclut pas les donn\u00e9es que nous devons conserver pour des raisons de gestion, de r\u00e9glementation ou de s\u00e9curit\u00e9.<br>O\u00f9 vos donn\u00e9es seront-elles envoy\u00e9es ?<br>Texte recommand\u00e9 : Les commentaires des visiteurs peuvent \u00eatre v\u00e9rifi\u00e9s par des services de surveillance automatique des spams.<\/p><p><\/p>","protected":false},"excerpt":{"rendered":"<p>Qui sommes-nousL'adresse de notre site est : https:\/\/williamweir.comcommentRecommended texte : Lorsqu'un visiteur laisse un commentaire, nous recueillons les donn\u00e9es affich\u00e9es dans le formulaire de commentaire, ainsi que l'adresse IP du visiteur et la cha\u00eene de l'agent utilisateur du navigateur, afin de v\u00e9rifier s'il y a des commentaires ind\u00e9sirables.La cha\u00eene anonymis\u00e9e (\u00e9galement connue sous le nom de hachage) g\u00e9n\u00e9r\u00e9e \u00e0 partir de votre adresse \u00e9lectronique peut \u00eatre fournie \u00e0 [...]<\/p>","protected":false},"author":1,"featured_media":0,"parent":0,"menu_order":0,"comment_status":"closed","ping_status":"closed","template":"","meta":{"_uag_custom_page_level_css":"","site-sidebar-layout":"default","site-content-layout":"","ast-site-content-layout":"default","site-content-style":"default","site-sidebar-style":"default","ast-global-header-display":"","ast-banner-title-visibility":"","ast-main-header-display":"","ast-hfb-above-header-display":"","ast-hfb-below-header-display":"","ast-hfb-mobile-header-display":"","site-post-title":"","ast-breadcrumbs-content":"","ast-featured-img":"","footer-sml-layout":"","theme-transparent-header-meta":"","adv-header-id-meta":"","stick-header-meta":"","header-above-stick-meta":"","header-main-stick-meta":"","header-below-stick-meta":"","astra-migrate-meta-layouts":"set","ast-page-background-enabled":"default","ast-page-background-meta":{"desktop":{"background-color":"","background-image":"","background-repeat":"repeat","background-position":"center center","background-size":"auto","background-attachment":"scroll","background-type":"","background-media":"","overlay-type":"","overlay-color":"","overlay-opacity":"","overlay-gradient":""},"tablet":{"background-color":"","background-image":"","background-repeat":"repeat","background-position":"center center","background-size":"auto","background-attachment":"scroll","background-type":"","background-media":"","overlay-type":"","overlay-color":"","overlay-opacity":"","overlay-gradient":""},"mobile":{"background-color":"","background-image":"","background-repeat":"repeat","background-position":"center center","background-size":"auto","background-attachment":"scroll","background-type":"","background-media":"","overlay-type":"","overlay-color":"","overlay-opacity":"","overlay-gradient":""}},"ast-content-background-meta":{"desktop":{"background-color":"var(--ast-global-color-5)","background-image":"","background-repeat":"repeat","background-position":"center center","background-size":"auto","background-attachment":"scroll","background-type":"","background-media":"","overlay-type":"","overlay-color":"","overlay-opacity":"","overlay-gradient":""},"tablet":{"background-color":"var(--ast-global-color-5)","background-image":"","background-repeat":"repeat","background-position":"center center","background-size":"auto","background-attachment":"scroll","background-type":"","background-media":"","overlay-type":"","overlay-color":"","overlay-opacity":"","overlay-gradient":""},"mobile":{"background-color":"var(--ast-global-color-5)","background-image":"","background-repeat":"repeat","background-position":"center center","background-size":"auto","background-attachment":"scroll","background-type":"","background-media":"","overlay-type":"","overlay-color":"","overlay-opacity":"","overlay-gradient":""}},"footnotes":""},"class_list":["post-4780","page","type-page","status-publish","hentry"],"aioseo_notices":[],"uagb_featured_image_src":{"full":false,"thumbnail":false,"medium":false,"medium_large":false,"large":false,"1536x1536":false,"2048x2048":false,"trp-custom-language-flag":false,"woocommerce_thumbnail":false,"woocommerce_single":false,"woocommerce_gallery_thumbnail":false},"uagb_author_info":{"display_name":"wlwer","author_link":"https:\/\/williamweir.com\/fr\/author\/wlwerwilliamweir-com\/"},"uagb_comment_info":0,"uagb_excerpt":"Who are weOur site address is: https:\/\/williamweir.comcommentRecommended text: When a visitor leaves a comment, we collect the data displayed in the comment form, along with the visitor&#8217;s IP address and browser&#8217;s User Agent string, to help check for spam comments.The anonymized string (also known as hash) generated from your email address may be provided to\u2026","_links":{"self":[{"href":"https:\/\/williamweir.com\/fr\/wp-json\/wp\/v2\/pages\/4780"}],"collection":[{"href":"https:\/\/williamweir.com\/fr\/wp-json\/wp\/v2\/pages"}],"about":[{"href":"https:\/\/williamweir.com\/fr\/wp-json\/wp\/v2\/types\/page"}],"author":[{"embeddable":true,"href":"https:\/\/williamweir.com\/fr\/wp-json\/wp\/v2\/users\/1"}],"replies":[{"embeddable":true,"href":"https:\/\/williamweir.com\/fr\/wp-json\/wp\/v2\/comments?post=4780"}],"version-history":[{"count":2,"href":"https:\/\/williamweir.com\/fr\/wp-json\/wp\/v2\/pages\/4780\/revisions"}],"predecessor-version":[{"id":5732,"href":"https:\/\/williamweir.com\/fr\/wp-json\/wp\/v2\/pages\/4780\/revisions\/5732"}],"wp:attachment":[{"href":"https:\/\/williamweir.com\/fr\/wp-json\/wp\/v2\/media?parent=4780"}],"curies":[{"name":"wp","href":"https:\/\/api.w.org\/{rel}","templated":true}]}}