{"id":43,"date":"2024-10-24T03:07:52","date_gmt":"2024-10-24T03:07:52","guid":{"rendered":"https:\/\/williamweir.com\/about\/"},"modified":"2024-10-29T01:51:36","modified_gmt":"2024-10-29T01:51:36","slug":"about","status":"publish","type":"page","link":"https:\/\/williamweir.com\/fr\/about\/","title":{"rendered":"A propos de"},"content":{"rendered":"<div data-elementor-type=\"wp-post\" data-elementor-id=\"43\" class=\"elementor elementor-43\" data-elementor-post-type=\"page\">\n\t\t\t\t<div class=\"elementor-element elementor-element-6d4ab35 e-con-full e-flex e-con e-parent\" data-id=\"6d4ab35\" data-element_type=\"container\">\n\t\t\t\t<div class=\"elementor-element elementor-element-9aca9d9 elementor-widget elementor-widget-image\" data-id=\"9aca9d9\" data-element_type=\"widget\" data-widget_type=\"image.default\">\n\t\t\t\t<div class=\"elementor-widget-container\">\n\t\t\t\t\t\t\t\t\t\t\t\t\t\t\t<img fetchpriority=\"high\" decoding=\"async\" width=\"1920\" height=\"500\" src=\"https:\/\/williamweir.com\/wp-content\/uploads\/2024\/10\/\u516c\u53f8\u56fe1-1.jpg\" class=\"attachment-full size-full wp-image-4899\" alt=\"\" srcset=\"https:\/\/williamweir.com\/wp-content\/uploads\/2024\/10\/\u516c\u53f8\u56fe1-1.jpg 1920w, https:\/\/williamweir.com\/wp-content\/uploads\/2024\/10\/\u516c\u53f8\u56fe1-1-600x156.jpg 600w, https:\/\/williamweir.com\/wp-content\/uploads\/2024\/10\/\u516c\u53f8\u56fe1-1-300x78.jpg 300w, https:\/\/williamweir.com\/wp-content\/uploads\/2024\/10\/\u516c\u53f8\u56fe1-1-1024x267.jpg 1024w, https:\/\/williamweir.com\/wp-content\/uploads\/2024\/10\/\u516c\u53f8\u56fe1-1-768x200.jpg 768w, https:\/\/williamweir.com\/wp-content\/uploads\/2024\/10\/\u516c\u53f8\u56fe1-1-1536x400.jpg 1536w, https:\/\/williamweir.com\/wp-content\/uploads\/2024\/10\/\u516c\u53f8\u56fe1-1-18x5.jpg 18w\" sizes=\"(max-width: 1920px) 100vw, 1920px\" \/>\t\t\t\t\t\t\t\t\t\t\t\t\t\t\t<\/div>\n\t\t\t\t<\/div>\n\t\t\t\t<\/div>\n\t\t<div class=\"elementor-element elementor-element-d6f8f8d e-con-full e-flex e-con e-parent\" data-id=\"d6f8f8d\" data-element_type=\"container\" data-settings=\"{&quot;background_background&quot;:&quot;classic&quot;}\">\n\t\t<div class=\"elementor-element elementor-element-2a11bca e-con-full e-flex e-con e-child\" data-id=\"2a11bca\" data-element_type=\"container\">\n\t\t<div class=\"elementor-element elementor-element-b4b1dc6 e-con-full e-flex e-con e-child\" data-id=\"b4b1dc6\" data-element_type=\"container\" data-settings=\"{&quot;background_background&quot;:&quot;classic&quot;}\">\n\t\t\t\t<div class=\"elementor-element elementor-element-c16320b elementor-widget-divider--view-line elementor-widget elementor-widget-divider\" data-id=\"c16320b\" data-element_type=\"widget\" data-widget_type=\"divider.default\">\n\t\t\t\t<div class=\"elementor-widget-container\">\n\t\t\t\t\t\t\t<div class=\"elementor-divider\">\n\t\t\t<span class=\"elementor-divider-separator\">\n\t\t\t\t\t\t<\/span>\n\t\t<\/div>\n\t\t\t\t\t\t<\/div>\n\t\t\t\t<\/div>\n\t\t\t\t<div class=\"elementor-element elementor-element-4ecfbe7 elementor-widget__width-initial elementor-widget elementor-widget-image-box\" data-id=\"4ecfbe7\" data-element_type=\"widget\" data-widget_type=\"image-box.default\">\n\t\t\t\t<div class=\"elementor-widget-container\">\n\t\t\t\t\t<div class=\"elementor-image-box-wrapper\"><div class=\"elementor-image-box-content\"><h2 class=\"elementor-image-box-title\">\u00c0 PROPOS DE NOUS  <\/h2><p class=\"elementor-image-box-description\">Anhui Williamweir Science &amp; Technology CO, LTD. (d\u00e9nomm\u00e9e : William weir Company), enregistr\u00e9e en 2017, capital enregistr\u00e9 de 50 millions de yuans de propri\u00e9taire unique soci\u00e9t\u00e9 \u00e0 responsabilit\u00e9 limit\u00e9e. William weir Company est un fabricant professionnel de produits chimiques quotidiens, avec un syst\u00e8me de gestion de la qualit\u00e9 complet et scientifique. Ses marques comprennent \"William weir\", \"Zhiweimei\", \"Guanpopo\", etc. La marque propose des produits tels que la cire pour l'entretien des sols, <a class=\"wpil_keyword_link\" href=\"https:\/\/williamweir.com\/fr\/produit\/stone-care-wax%ef%bc%8cmaintenance-wax\/\"   title=\"cire pour l&#039;entretien des pierres\" data-wpil-keyword-link=\"linked\"  data-wpil-monitor-id=\"2\">cire pour l'entretien des pierres<\/a>Nettoyant pour carreaux de pierre, nettoyant pour taches d'huile, nettoyant pour vitres, nettoyant pour sols, cire d'huile essentielle \u00e0 usages multiples, etc. Nettoyage et entretien de la maison, nettoyage de la salle de bains, soins personnels et autres cat\u00e9gories.<br>\n       Parmi eux, la marque \"Zhiweimei\", fond\u00e9e en 2010, existe depuis plus de 10 ans, la marque adh\u00e8re depuis plus de 10 ans \u00e0 l'objectif commercial \"professionnel, int\u00e9grit\u00e9\" et s'efforce de devenir une marque de haute qualit\u00e9 de produits d'entretien m\u00e9nager, au fil des ans pour r\u00e9aliser un d\u00e9veloppement en dents de scie. \u00c0 l'heure actuelle, les produits de la marque \"Zhiweimei\" jouissent d'une bonne r\u00e9putation sur la plateforme de commerce \u00e9lectronique et \u00e0 l'\u00e9tranger. \"Zhiweimei\" a adopt\u00e9 le mod\u00e8le d'entreprise \"marque ouverte, coop\u00e9ration, concept gagnant-gagnant\", \"se concentrer sur le nettoyage de la maison, cr\u00e9er une exp\u00e9rience pour le client\" comme mission de la marque, exploitation mini\u00e8re unique et inlassable, recherche, jusqu'\u00e0 pr\u00e9sent la marque sur la plate-forme de commerce \u00e9lectronique et \u00e0 l'\u00e9tranger a r\u00e9alis\u00e9 un bon d\u00e9veloppement ! De nombreux produits sous la marque \"Zhiweimei\" se vendent bien dans les pays \u00e9trangers, tels que la cr\u00e8me d'entretien du cuir Zhiweimei, la cire d'abeille Zhiweimei, la cire d'entretien des meubles Zhiweimei, etc.), et nous sommes convaincus que ces produits seront appr\u00e9ci\u00e9s par nos amis \u00e9trangers.<\/p><\/div><\/div>\t\t\t\t<\/div>\n\t\t\t\t<\/div>\n\t\t\t\t<\/div>\n\t\t<div class=\"elementor-element elementor-element-d8389aa e-con-full e-flex e-con e-child\" data-id=\"d8389aa\" data-element_type=\"container\" data-settings=\"{&quot;background_background&quot;:&quot;classic&quot;}\">\n\t\t\t\t<div class=\"elementor-element elementor-element-b2a172d elementor-widget elementor-widget-image\" data-id=\"b2a172d\" data-element_type=\"widget\" data-widget_type=\"image.default\">\n\t\t\t\t<div class=\"elementor-widget-container\">\n\t\t\t\t\t\t\t\t\t\t\t\t\t\t\t<img decoding=\"async\" width=\"423\" height=\"515\" src=\"https:\/\/williamweir.com\/wp-content\/uploads\/2024\/10\/gy-1.jpg\" class=\"attachment-full size-full wp-image-4900\" alt=\"\" srcset=\"https:\/\/williamweir.com\/wp-content\/uploads\/2024\/10\/gy-1.jpg 423w, https:\/\/williamweir.com\/wp-content\/uploads\/2024\/10\/gy-1-246x300.jpg 246w, https:\/\/williamweir.com\/wp-content\/uploads\/2024\/10\/gy-1-10x12.jpg 10w\" sizes=\"(max-width: 423px) 100vw, 423px\" \/>\t\t\t\t\t\t\t\t\t\t\t\t\t\t\t<\/div>\n\t\t\t\t<\/div>\n\t\t\t\t<\/div>\n\t\t\t\t<\/div>\n\t\t\t\t<\/div>\n\t\t<div class=\"elementor-element elementor-element-7e5327e e-flex e-con-boxed e-con e-parent\" data-id=\"7e5327e\" data-element_type=\"container\">\n\t\t\t\t\t<div class=\"e-con-inner\">\n\t\t<div class=\"elementor-element elementor-element-a5cd6c6 e-con-full e-flex e-con e-child\" data-id=\"a5cd6c6\" data-element_type=\"container\">\n\t\t\t\t<div class=\"elementor-element elementor-element-cb75962 elementor-position-top elementor-widget elementor-widget-image-box\" data-id=\"cb75962\" data-element_type=\"widget\" data-widget_type=\"image-box.default\">\n\t\t\t\t<div class=\"elementor-widget-container\">\n\t\t\t\t\t<div class=\"elementor-image-box-wrapper\"><figure class=\"elementor-image-box-img\"><img decoding=\"async\" width=\"120\" height=\"120\" src=\"https:\/\/williamweir.com\/wp-content\/uploads\/2018\/12\/globe-free-img.png\" class=\"attachment-full size-full wp-image-586\" alt=\"\" srcset=\"https:\/\/williamweir.com\/wp-content\/uploads\/2018\/12\/globe-free-img.png 120w, https:\/\/williamweir.com\/wp-content\/uploads\/2018\/12\/globe-free-img-100x100.png 100w\" sizes=\"(max-width: 120px) 100vw, 120px\" \/><\/figure><div class=\"elementor-image-box-content\"><h5 class=\"elementor-image-box-title\">Exp\u00e9dition dans le monde entier<\/h5><p class=\"elementor-image-box-description\">Nous prenons en charge le fret ferroviaire et maritime et proposons diverses solutions de r\u00e9duction des co\u00fbts.<\/p><\/div><\/div>\t\t\t\t<\/div>\n\t\t\t\t<\/div>\n\t\t\t\t<\/div>\n\t\t<div class=\"elementor-element elementor-element-aedde58 e-con-full e-flex e-con e-child\" data-id=\"aedde58\" data-element_type=\"container\">\n\t\t\t\t<div class=\"elementor-element elementor-element-354e72a elementor-position-top elementor-widget elementor-widget-image-box\" data-id=\"354e72a\" data-element_type=\"widget\" data-widget_type=\"image-box.default\">\n\t\t\t\t<div class=\"elementor-widget-container\">\n\t\t\t\t\t<div class=\"elementor-image-box-wrapper\"><figure class=\"elementor-image-box-img\"><img loading=\"lazy\" decoding=\"async\" width=\"120\" height=\"120\" src=\"https:\/\/williamweir.com\/wp-content\/uploads\/2018\/12\/quality-free-img.png\" class=\"attachment-full size-full wp-image-588\" alt=\"\" srcset=\"https:\/\/williamweir.com\/wp-content\/uploads\/2018\/12\/quality-free-img.png 120w, https:\/\/williamweir.com\/wp-content\/uploads\/2018\/12\/quality-free-img-100x100.png 100w\" sizes=\"(max-width: 120px) 100vw, 120px\" \/><\/figure><div class=\"elementor-image-box-content\"><h5 class=\"elementor-image-box-title\">Meilleure qualit\u00e9<\/h5><p class=\"elementor-image-box-description\">De la pr\u00e9paration des mati\u00e8res premi\u00e8res au d\u00e9veloppement des produits, en passant par la production, la mise en conserve, l'inspection de la qualit\u00e9 et la livraison, chaque processus a fait l'objet d'un contr\u00f4le de qualit\u00e9 rigoureux.<\/p><\/div><\/div>\t\t\t\t<\/div>\n\t\t\t\t<\/div>\n\t\t\t\t<\/div>\n\t\t<div class=\"elementor-element elementor-element-dbc9b68 e-con-full e-flex e-con e-child\" data-id=\"dbc9b68\" data-element_type=\"container\">\n\t\t\t\t<div class=\"elementor-element elementor-element-6bef0f0 elementor-position-top elementor-widget elementor-widget-image-box\" data-id=\"6bef0f0\" data-element_type=\"widget\" data-widget_type=\"image-box.default\">\n\t\t\t\t<div class=\"elementor-widget-container\">\n\t\t\t\t\t<div class=\"elementor-image-box-wrapper\"><figure class=\"elementor-image-box-img\"><img loading=\"lazy\" decoding=\"async\" width=\"120\" height=\"120\" src=\"https:\/\/williamweir.com\/wp-content\/uploads\/2018\/12\/tag-free-img.png\" class=\"attachment-full size-full wp-image-589\" alt=\"\" srcset=\"https:\/\/williamweir.com\/wp-content\/uploads\/2018\/12\/tag-free-img.png 120w, https:\/\/williamweir.com\/wp-content\/uploads\/2018\/12\/tag-free-img-100x100.png 100w\" sizes=\"(max-width: 120px) 100vw, 120px\" \/><\/figure><div class=\"elementor-image-box-content\"><h5 class=\"elementor-image-box-title\">Meilleures offres<\/h5><p class=\"elementor-image-box-description\">Nous sommes la source de l'usine de d\u00e9tergents chimiques quotidiens, plus de 10 ans d'exp\u00e9rience dans l'industrie, avec une ligne de production professionnelle, le prix est favorable.<\/p><\/div><\/div>\t\t\t\t<\/div>\n\t\t\t\t<\/div>\n\t\t\t\t<\/div>\n\t\t<div class=\"elementor-element elementor-element-e16ff0a e-con-full e-flex e-con e-child\" data-id=\"e16ff0a\" data-element_type=\"container\">\n\t\t\t\t<div class=\"elementor-element elementor-element-5fcddda elementor-position-top elementor-widget elementor-widget-image-box\" data-id=\"5fcddda\" data-element_type=\"widget\" data-widget_type=\"image-box.default\">\n\t\t\t\t<div class=\"elementor-widget-container\">\n\t\t\t\t\t<div class=\"elementor-image-box-wrapper\"><figure class=\"elementor-image-box-img\"><img loading=\"lazy\" decoding=\"async\" width=\"120\" height=\"120\" src=\"https:\/\/williamweir.com\/wp-content\/uploads\/2018\/12\/lock-free-img.png\" class=\"attachment-full size-full wp-image-587\" alt=\"\" srcset=\"https:\/\/williamweir.com\/wp-content\/uploads\/2018\/12\/lock-free-img.png 120w, https:\/\/williamweir.com\/wp-content\/uploads\/2018\/12\/lock-free-img-100x100.png 100w\" sizes=\"(max-width: 120px) 100vw, 120px\" \/><\/figure><div class=\"elementor-image-box-content\"><h5 class=\"elementor-image-box-title\">Paiements s\u00e9curis\u00e9s<\/h5><p class=\"elementor-image-box-description\">Nous disposons d'une gamme de m\u00e9thodes de paiement s\u00e9curis\u00e9es qui constituent une armure indestructible pour vos transactions, vous offrant ainsi une tranquillit\u00e9 d'esprit lors de chaque processus de paiement.<\/p><\/div><\/div>\t\t\t\t<\/div>\n\t\t\t\t<\/div>\n\t\t\t\t<\/div>\n\t\t\t\t\t<\/div>\n\t\t\t\t<\/div>\n\t\t\t\t<\/div>","protected":false},"excerpt":{"rendered":"<p>ABOUT US Anhui Williamweir Science &amp; Technology CO.,LTD. (referred to as: William weir Company), registered in 2017, registered capital of 50 million yuan of sole proprietorlimited liability company. William weir Company is a professional manufacturer of daily chemical products, with a complete and scientific quality management system. Its brands include &#8220;William weir&#8221;, &#8220;Zhiweimei&#8221;, &#8220;Guanpopo&#8221;, etc. [&hellip;]<\/p>","protected":false},"author":1,"featured_media":0,"parent":0,"menu_order":0,"comment_status":"closed","ping_status":"closed","template":"","meta":{"_uag_custom_page_level_css":"","site-sidebar-layout":"no-sidebar","site-content-layout":"page-builder","ast-site-content-layout":"full-width-container","site-content-style":"unboxed","site-sidebar-style":"unboxed","ast-global-header-display":"","ast-banner-title-visibility":"","ast-main-header-display":"","ast-hfb-above-header-display":"","ast-hfb-below-header-display":"","ast-hfb-mobile-header-display":"","site-post-title":"disabled","ast-breadcrumbs-content":"","ast-featured-img":"disabled","footer-sml-layout":"","theme-transparent-header-meta":"enabled","adv-header-id-meta":"","stick-header-meta":"","header-above-stick-meta":"","header-main-stick-meta":"","header-below-stick-meta":"","astra-migrate-meta-layouts":"set","ast-page-background-enabled":"default","ast-page-background-meta":{"desktop":{"background-color":"","background-image":"","background-repeat":"repeat","background-position":"center center","background-size":"auto","background-attachment":"scroll","background-type":"","background-media":"","overlay-type":"","overlay-color":"","overlay-opacity":"","overlay-gradient":""},"tablet":{"background-color":"","background-image":"","background-repeat":"repeat","background-position":"center center","background-size":"auto","background-attachment":"scroll","background-type":"","background-media":"","overlay-type":"","overlay-color":"","overlay-opacity":"","overlay-gradient":""},"mobile":{"background-color":"","background-image":"","background-repeat":"repeat","background-position":"center center","background-size":"auto","background-attachment":"scroll","background-type":"","background-media":"","overlay-type":"","overlay-color":"","overlay-opacity":"","overlay-gradient":""}},"ast-content-background-meta":{"desktop":{"background-color":"var(--ast-global-color-5)","background-image":"","background-repeat":"repeat","background-position":"center center","background-size":"auto","background-attachment":"scroll","background-type":"","background-media":"","overlay-type":"","overlay-color":"","overlay-opacity":"","overlay-gradient":""},"tablet":{"background-color":"var(--ast-global-color-5)","background-image":"","background-repeat":"repeat","background-position":"center center","background-size":"auto","background-attachment":"scroll","background-type":"","background-media":"","overlay-type":"","overlay-color":"","overlay-opacity":"","overlay-gradient":""},"mobile":{"background-color":"var(--ast-global-color-5)","background-image":"","background-repeat":"repeat","background-position":"center center","background-size":"auto","background-attachment":"scroll","background-type":"","background-media":"","overlay-type":"","overlay-color":"","overlay-opacity":"","overlay-gradient":""}},"footnotes":""},"class_list":["post-43","page","type-page","status-publish","hentry"],"aioseo_notices":[],"uagb_featured_image_src":{"full":false,"thumbnail":false,"medium":false,"medium_large":false,"large":false,"1536x1536":false,"2048x2048":false,"trp-custom-language-flag":false,"woocommerce_thumbnail":false,"woocommerce_single":false,"woocommerce_gallery_thumbnail":false},"uagb_author_info":{"display_name":"wlwer","author_link":"https:\/\/williamweir.com\/fr\/author\/wlwerwilliamweir-com\/"},"uagb_comment_info":0,"uagb_excerpt":"ABOUT US Anhui Williamweir Science &amp; Technology CO.,LTD. (referred to as: William weir Company), registered in 2017, registered capital of 50 million yuan of sole proprietorlimited liability company. William weir Company is a professional manufacturer of daily chemical products, with a complete and scientific quality management system. Its brands include &#8220;William weir&#8221;, &#8220;Zhiweimei&#8221;, &#8220;Guanpopo&#8221;, etc.\u2026","_links":{"self":[{"href":"https:\/\/williamweir.com\/fr\/wp-json\/wp\/v2\/pages\/43"}],"collection":[{"href":"https:\/\/williamweir.com\/fr\/wp-json\/wp\/v2\/pages"}],"about":[{"href":"https:\/\/williamweir.com\/fr\/wp-json\/wp\/v2\/types\/page"}],"author":[{"embeddable":true,"href":"https:\/\/williamweir.com\/fr\/wp-json\/wp\/v2\/users\/1"}],"replies":[{"embeddable":true,"href":"https:\/\/williamweir.com\/fr\/wp-json\/wp\/v2\/comments?post=43"}],"version-history":[{"count":34,"href":"https:\/\/williamweir.com\/fr\/wp-json\/wp\/v2\/pages\/43\/revisions"}],"predecessor-version":[{"id":5916,"href":"https:\/\/williamweir.com\/fr\/wp-json\/wp\/v2\/pages\/43\/revisions\/5916"}],"wp:attachment":[{"href":"https:\/\/williamweir.com\/fr\/wp-json\/wp\/v2\/media?parent=43"}],"curies":[{"name":"wp","href":"https:\/\/api.w.org\/{rel}","templated":true}]}}