{"id":5652,"date":"2024-10-31T08:58:22","date_gmt":"2024-10-31T08:58:22","guid":{"rendered":"https:\/\/williamweir.com\/?post_type=product&#038;p=5652"},"modified":"2025-05-24T01:06:18","modified_gmt":"2025-05-24T01:06:18","slug":"wood-maintenance-care-and-polishing-wax-4","status":"publish","type":"product","link":"https:\/\/williamweir.com\/es\/producto\/wood-maintenance-care-and-polishing-wax-4\/","title":{"rendered":"Cera para mantenimiento, cuidado y pulido de la madera."},"content":{"rendered":"<p>**Instrucciones de uso de la cera para madera WILLIAM WEIR.<\/p>\n<p><strong>C\u00f3digo mercanc\u00eda: 0369<\/strong><\/p>\n<p>La cera para el cuidado de la madera WILLIAM WEIR es un producto especialmente dise\u00f1ado para proteger y embellecer las superficies de madera. Puede nutrir eficazmente la madera, evitar que se seque y se agriete, y al mismo tiempo dar a las superficies de muebles de madera, suelos, etc. un color brillante y una protecci\u00f3n duradera.<\/p>\n<p><strong>II. M\u00e9todos de utilizaci\u00f3n<\/strong><\/p>\n<p>1. Preparaci\u00f3n<\/p>\n<p>- Aseg\u00farate de que la superficie de madera est\u00e9 limpia y seca. Si hay polvo o manchas, l\u00edmpiela primero con un pa\u00f1o suave y seco.<\/p>\n<p>- En el caso de superficies de madera viejas o muy desgastadas, puede utilizar primero papel de lija para lijar suavemente y eliminar las partes \u00e1speras antes de realizar los cuidados.<\/p>\n<p>2. Aplicaci\u00f3n de cera de cuidado<\/p>\n<p>- Aplique una cantidad adecuada de cera para madera en un pa\u00f1o suave y limpio.<\/p>\n<p>- Aplique la cera de cuidado uniformemente sobre la superficie de madera con movimientos circulares para asegurarse de cubrir todas las partes.<\/p>\n<p>- Para los productos de madera con tallas o dibujos complejos, puede utilizarse un cepillo peque\u00f1o para aplicar la cera de cuidado en las zonas de dif\u00edcil acceso.<\/p>\n<p>3. Pulido<\/p>\n<p>- Espere a que la cera de cuidado se seque ligeramente (normalmente entre unos minutos y diez minutos m\u00e1s o menos, dependiendo de la temperatura ambiente y la humedad).<\/p>\n<p>- Utilice un pa\u00f1o suave y limpio para frotar suavemente la superficie de madera en l\u00ednea recta para pulirla y conseguir que presente un efecto liso y brillante.<\/p>\n<p><strong>III. Precauciones<\/strong><\/p>\n<p>1. Evite utilizar la cera de cuidado en ambientes con altas temperaturas, luz solar directa o humedad.<\/p>\n<p>2. Mantener alejado de fuentes de fuego. Este producto es inflamable.<\/p>\n<p>3. Si accidentalmente entra en contacto con la piel o los ojos durante su uso, enjuague inmediatamente con agua limpia y busque ayuda m\u00e9dica.<\/p>\n<p>4. Guarde el producto en un lugar al que no puedan acceder los ni\u00f1os.<\/p>\n<p>5. Los distintos tipos de madera pueden reaccionar de forma diferente a la cera. Se recomienda hacer primero una prueba en una zona poco visible.<\/p>","protected":false},"excerpt":{"rendered":"<p>\u00a1Nuestra f\u00e1brica ofrece servicios de procesamiento OEM\/ODM, podemos adaptar productos para usted; Nuestro MOQ es bajo, generalmente la cantidad m\u00ednima es de 1000 botellas pueden ser producidas; Nuestros productos son baratos, excelente calidad del producto, en l\u00ednea con cualquier ley y reglamento nacional y las necesidades del cliente!<\/p>\n<h3><strong>\u00a0 \u00a0 \u00a0 Tambi\u00e9n ofrecemos los siguientes servicios<\/strong><\/h3>\n<h4><strong><img decoding=\"async\" class=\"emoji\" role=\"img\" draggable=\"false\" src=\"https:\/\/s.w.org\/images\/core\/emoji\/15.0.3\/svg\/2714.svg\" alt=\"\u2714\" \/>\u00a0 Fuente transfronteriza\u00a0 \u00a0 \u00a0 \u00a0 \u00a0\u00a0<img decoding=\"async\" class=\"emoji\" role=\"img\" draggable=\"false\" src=\"https:\/\/s.w.org\/images\/core\/emoji\/15.0.3\/svg\/2714.svg\" alt=\"\u2714\" \/>\u00a0 Apoyo a la personalizaci\u00f3n<\/strong><\/h4>\n<h4><strong><img decoding=\"async\" class=\"emoji\" role=\"img\" draggable=\"false\" src=\"https:\/\/s.w.org\/images\/core\/emoji\/15.0.3\/svg\/2714.svg\" alt=\"\u2714\" \/>\u00a0 Fuente f\u00e1brica\u00a0 \u00a0 \u00a0 \u00a0 \u00a0 \u00a0 \u00a0 \u00a0 \u00a0 \u00a0 \u00a0 \u00a0<img decoding=\"async\" class=\"emoji\" role=\"img\" draggable=\"false\" src=\"https:\/\/s.w.org\/images\/core\/emoji\/15.0.3\/svg\/2714.svg\" alt=\"\u2714\" \/>\u00a0 Desarrollo de productos<\/strong><\/h4>\n<h4><strong><img decoding=\"async\" class=\"emoji\" role=\"img\" draggable=\"false\" src=\"https:\/\/s.w.org\/images\/core\/emoji\/15.0.3\/svg\/2714.svg\" alt=\"\u2714\" \/>\u00a0 A la medida de la muestra\u00a0 \u00a0 \u00a0 \u00a0 \u00a0 \u00a0 \u00a0 \u00a0 \u00a0 \u00a0\u00a0<img decoding=\"async\" class=\"emoji\" role=\"img\" draggable=\"false\" src=\"https:\/\/s.w.org\/images\/core\/emoji\/15.0.3\/svg\/2714.svg\" alt=\"\u2714\" \/>\u00a0 Autorizaci\u00f3n de marca<\/strong><\/h4>\n<p>&nbsp;<\/p>\n<h2 style=\"text-align: left;\"><strong>\u00bfPreguntas o comentarios? <\/strong><\/h2>\n<h2 style=\"text-align: left;\"><strong>wlwer@williamweir.com<\/strong><\/h2>\n<h4><strong>\u00a0<\/strong><\/h4>","protected":false},"featured_media":11403,"template":"","meta":{"_uag_custom_page_level_css":"","site-sidebar-layout":"default","site-content-layout":"","ast-site-content-layout":"default","site-content-style":"default","site-sidebar-style":"default","ast-global-header-display":"","ast-banner-title-visibility":"","ast-main-header-display":"","ast-hfb-above-header-display":"","ast-hfb-below-header-display":"","ast-hfb-mobile-header-display":"","site-post-title":"","ast-breadcrumbs-content":"","ast-featured-img":"","footer-sml-layout":"","theme-transparent-header-meta":"default","adv-header-id-meta":"","stick-header-meta":"","header-above-stick-meta":"","header-main-stick-meta":"","header-below-stick-meta":"","astra-migrate-meta-layouts":"set","ast-page-background-enabled":"default","ast-page-background-meta":{"desktop":{"background-color":"","background-image":"","background-repeat":"repeat","background-position":"center center","background-size":"auto","background-attachment":"scroll","background-type":"","background-media":"","overlay-type":"","overlay-color":"","overlay-opacity":"","overlay-gradient":""},"tablet":{"background-color":"","background-image":"","background-repeat":"repeat","background-position":"center center","background-size":"auto","background-attachment":"scroll","background-type":"","background-media":"","overlay-type":"","overlay-color":"","overlay-opacity":"","overlay-gradient":""},"mobile":{"background-color":"","background-image":"","background-repeat":"repeat","background-position":"center center","background-size":"auto","background-attachment":"scroll","background-type":"","background-media":"","overlay-type":"","overlay-color":"","overlay-opacity":"","overlay-gradient":""}},"ast-content-background-meta":{"desktop":{"background-color":"var(--ast-global-color-5)","background-image":"","background-repeat":"repeat","background-position":"center center","background-size":"auto","background-attachment":"scroll","background-type":"","background-media":"","overlay-type":"","overlay-color":"","overlay-opacity":"","overlay-gradient":""},"tablet":{"background-color":"var(--ast-global-color-5)","background-image":"","background-repeat":"repeat","background-position":"center center","background-size":"auto","background-attachment":"scroll","background-type":"","background-media":"","overlay-type":"","overlay-color":"","overlay-opacity":"","overlay-gradient":""},"mobile":{"background-color":"var(--ast-global-color-5)","background-image":"","background-repeat":"repeat","background-position":"center center","background-size":"auto","background-attachment":"scroll","background-type":"","background-media":"","overlay-type":"","overlay-color":"","overlay-opacity":"","overlay-gradient":""}}},"product_brand":[],"product_cat":[71],"product_tag":[86,84],"class_list":{"0":"post-5652","1":"product","2":"type-product","3":"status-publish","4":"has-post-thumbnail","6":"product_cat-maintenance-polishing-of-wood-products","7":"product_tag-natural-beeswax","8":"product_tag-wood-care","9":"desktop-align-center","10":"tablet-align-left","11":"mobile-align-left","12":"ast-product-gallery-layout-horizontal-slider","13":"ast-product-tabs-layout-horizontal","15":"first","16":"instock","17":"featured","18":"shipping-taxable","19":"product-type-simple"},"aioseo_notices":[],"uagb_featured_image_src":{"full":["https:\/\/williamweir.com\/wp-content\/uploads\/2024\/10\/80g\u5c0f\u8702\u8721.jpg",1000,1000,false],"thumbnail":["https:\/\/williamweir.com\/wp-content\/uploads\/2024\/10\/80g\u5c0f\u8702\u8721-300x300.jpg",300,300,true],"medium":["https:\/\/williamweir.com\/wp-content\/uploads\/2024\/10\/80g\u5c0f\u8702\u8721-600x600.jpg",600,600,true],"medium_large":["https:\/\/williamweir.com\/wp-content\/uploads\/2024\/10\/80g\u5c0f\u8702\u8721-768x768.jpg",768,768,true],"large":["https:\/\/williamweir.com\/wp-content\/uploads\/2024\/10\/80g\u5c0f\u8702\u8721.jpg",1000,1000,false],"1536x1536":["https:\/\/williamweir.com\/wp-content\/uploads\/2024\/10\/80g\u5c0f\u8702\u8721.jpg",1000,1000,false],"2048x2048":["https:\/\/williamweir.com\/wp-content\/uploads\/2024\/10\/80g\u5c0f\u8702\u8721.jpg",1000,1000,false],"trp-custom-language-flag":["https:\/\/williamweir.com\/wp-content\/uploads\/2024\/10\/80g\u5c0f\u8702\u8721-12x12.jpg",12,12,true],"woocommerce_thumbnail":["https:\/\/williamweir.com\/wp-content\/uploads\/2024\/10\/80g\u5c0f\u8702\u8721-600x600.jpg",600,600,true],"woocommerce_single":["https:\/\/williamweir.com\/wp-content\/uploads\/2024\/10\/80g\u5c0f\u8702\u8721-600x600.jpg",600,600,true],"woocommerce_gallery_thumbnail":["https:\/\/williamweir.com\/wp-content\/uploads\/2024\/10\/80g\u5c0f\u8702\u8721-100x100.jpg",100,100,true]},"uagb_author_info":{"display_name":"wlwer","author_link":"https:\/\/williamweir.com\/es\/author\/"},"uagb_comment_info":0,"uagb_excerpt":"Our factory provides OEM\/ODM processing services, we can tailor products for you; Our MOQ is low, generally the minimum quantity is 1000 bottles can be produced; Our products are inexpensive, excellent product quality, in line with any national laws and regulations and customer needs! \u00a0 \u00a0 \u00a0 We also offer the following services \u00a0 Cross-border&hellip;","_links":{"self":[{"href":"https:\/\/williamweir.com\/es\/wp-json\/wp\/v2\/product\/5652"}],"collection":[{"href":"https:\/\/williamweir.com\/es\/wp-json\/wp\/v2\/product"}],"about":[{"href":"https:\/\/williamweir.com\/es\/wp-json\/wp\/v2\/types\/product"}],"version-history":[{"count":7,"href":"https:\/\/williamweir.com\/es\/wp-json\/wp\/v2\/product\/5652\/revisions"}],"predecessor-version":[{"id":8178,"href":"https:\/\/williamweir.com\/es\/wp-json\/wp\/v2\/product\/5652\/revisions\/8178"}],"wp:featuredmedia":[{"embeddable":true,"href":"https:\/\/williamweir.com\/es\/wp-json\/wp\/v2\/media\/11403"}],"wp:attachment":[{"href":"https:\/\/williamweir.com\/es\/wp-json\/wp\/v2\/media?parent=5652"}],"wp:term":[{"taxonomy":"product_brand","embeddable":true,"href":"https:\/\/williamweir.com\/es\/wp-json\/wp\/v2\/product_brand?post=5652"},{"taxonomy":"product_cat","embeddable":true,"href":"https:\/\/williamweir.com\/es\/wp-json\/wp\/v2\/product_cat?post=5652"},{"taxonomy":"product_tag","embeddable":true,"href":"https:\/\/williamweir.com\/es\/wp-json\/wp\/v2\/product_tag?post=5652"}],"curies":[{"name":"wp","href":"https:\/\/api.w.org\/{rel}","templated":true}]}}