{"id":5641,"date":"2024-10-31T08:53:16","date_gmt":"2024-10-31T08:53:16","guid":{"rendered":"https:\/\/williamweir.com\/?post_type=product&#038;p=5641"},"modified":"2025-05-24T01:12:24","modified_gmt":"2025-05-24T01:12:24","slug":"white-shoe-cleaning-cream-multi-purpose-cleaning-cream","status":"publish","type":"product","link":"https:\/\/williamweir.com\/es\/producto\/white-shoe-cleaning-cream-multi-purpose-cleaning-cream\/","title":{"rendered":"Crema limpiabotas blanca, Crema limpiabotas multiusos"},"content":{"rendered":"<p><strong>C\u00f3digo del producto: 1953<\/strong><\/p>\n<p><strong>**I. Presentaci\u00f3n del producto**<\/strong><\/p>\n<p>La crema limpiadora para calzado blanco Williamweir es un producto altamente eficaz especialmente dise\u00f1ado para la limpieza y el cuidado del calzado blanco. Se ha desarrollado cuidadosamente con f\u00f3rmulas avanzadas y materias primas de alta calidad. Tiene una gran capacidad descontaminante y puede eliminar r\u00e1pida y eficazmente diversas manchas en los zapatos blancos, como barro, manchas de aceite, manchas de sudor, etc. Al mismo tiempo, tambi\u00e9n puede cuidar los zapatos, mantenerlos blancos y brillantes y prolongar su vida \u00fatil.<\/p>\n<p><strong>**II. Ingredientes del producto**<\/strong><\/p>\n<p>Contiene principalmente tensioactivos, detergentes, abrillantadores, agentes de cuidado, etc.<\/p>\n<p><strong>**III. \u00c1mbito de aplicaci\u00f3n**<\/strong><\/p>\n<p>Es adecuado para zapatos blancos de diversos materiales, como cuero, lona, fibra sint\u00e9tica, etc. Tanto si se trata de zapatos blancos normales como de estilos como zapatos deportivos y zapatos informales, se pueden conseguir buenos efectos de limpieza.<\/p>\n<p><strong>**IV. M\u00e9todo de utilizaci\u00f3n**<\/strong><\/p>\n<p>Antes de usarlas, limpie primero el polvo y los restos de suciedad de la superficie de las zapatillas blancas. Puede pasar suavemente un pa\u00f1o seco o un cepillo suave.<br \/>\nMoje una cantidad adecuada de crema limpiadora para zapatos blancos con un pa\u00f1o o esponja limpios y apl\u00edquela uniformemente sobre la zona manchada de los zapatos. Al aplicarla, preste atenci\u00f3n a no emplear demasiada fuerza para no da\u00f1ar la superficie del zapato.<br \/>\nUtilice un cepillo suave o un pa\u00f1o h\u00famedo para frotar o limpiar suavemente la zona en la que se ha aplicado la crema limpiadora. Act\u00fae seg\u00fan la direcci\u00f3n de la textura de los zapatos para eliminar mejor las manchas. En caso de manchas persistentes, puede aumentar adecuadamente la cantidad de crema limpiadora y frotar repetidamente.<br \/>\nDespu\u00e9s de limpiar, utilice un pa\u00f1o limpio y h\u00famedo para limpiar los restos de crema limpiadora y las manchas de la superficie del zapato y, a continuaci\u00f3n, seque los zapatos con un pa\u00f1o seco o col\u00f3quelos en un lugar bien ventilado para que se sequen de forma natural.<br \/>\n<strong>**V. Precauciones**<\/strong><\/p>\n<p>Este producto es s\u00f3lo para uso externo. Evite el contacto con los ojos y la boca. Si accidentalmente entra en contacto con los ojos o la boca, enjuague inmediatamente con abundante agua y busque atenci\u00f3n m\u00e9dica a tiempo.<br \/>\nPor favor, coloque este producto en un lugar donde los ni\u00f1os no puedan alcanzarlo para evitar que lo coman o lo utilicen indebidamente por error.<br \/>\nPara algunos zapatos blancos fabricados con materiales especiales o con tratamientos especiales, como tejidos de seda, piel de ante, etc., se recomienda consultar a un profesional o hacer una prueba en una parte poco visible antes de usarlos para evitar da\u00f1os.<br \/>\nEvite almacenar este producto a altas temperaturas, bajo la luz directa del sol o en ambientes h\u00famedos para no afectar al rendimiento y la calidad del producto.<br \/>\n5. Durante el uso, si se detectan condiciones anormales como decoloraci\u00f3n, deste\u00f1ido y deformaci\u00f3n del calzado, deje de usarlo inmediatamente y consulte la opini\u00f3n de un profesional.<\/p>","protected":false},"excerpt":{"rendered":"<p>\u00a1Nuestra f\u00e1brica ofrece servicios de procesamiento OEM\/ODM, podemos adaptar productos para usted; Nuestro MOQ es bajo, generalmente la cantidad m\u00ednima es de 1000 botellas pueden ser producidas; Nuestros productos son baratos, excelente calidad del producto, en l\u00ednea con cualquier ley y reglamento nacional y las necesidades del cliente!<\/p>\n<h3><strong>\u00a0 \u00a0 \u00a0 Tambi\u00e9n ofrecemos los siguientes servicios<\/strong><\/h3>\n<h4><strong>\u2714 Fuente transfronteriza \u2714 Apoyo a la personalizaci\u00f3n<\/strong><\/h4>\n<h4><strong>\u2714 F\u00e1brica de origen \u2714 Desarrollo de productos<\/strong><\/h4>\n<h4><strong>\u2714 Adaptaci\u00f3n a la muestra \u2714 Autorizaci\u00f3n de marca<\/strong><\/h4>\n<h2 style=\"text-align: left;\"><strong>\u00bfPreguntas o comentarios? <\/strong><\/h2>\n<h2 style=\"text-align: left;\"><strong>wlwer@williamweir.com<\/strong><\/h2>","protected":false},"featured_media":5680,"template":"","meta":{"_uag_custom_page_level_css":"","site-sidebar-layout":"default","site-content-layout":"","ast-site-content-layout":"default","site-content-style":"default","site-sidebar-style":"default","ast-global-header-display":"","ast-banner-title-visibility":"","ast-main-header-display":"","ast-hfb-above-header-display":"","ast-hfb-below-header-display":"","ast-hfb-mobile-header-display":"","site-post-title":"","ast-breadcrumbs-content":"","ast-featured-img":"","footer-sml-layout":"","theme-transparent-header-meta":"default","adv-header-id-meta":"","stick-header-meta":"","header-above-stick-meta":"","header-main-stick-meta":"","header-below-stick-meta":"","astra-migrate-meta-layouts":"set","ast-page-background-enabled":"default","ast-page-background-meta":{"desktop":{"background-color":"","background-image":"","background-repeat":"repeat","background-position":"center center","background-size":"auto","background-attachment":"scroll","background-type":"","background-media":"","overlay-type":"","overlay-color":"","overlay-opacity":"","overlay-gradient":""},"tablet":{"background-color":"","background-image":"","background-repeat":"repeat","background-position":"center center","background-size":"auto","background-attachment":"scroll","background-type":"","background-media":"","overlay-type":"","overlay-color":"","overlay-opacity":"","overlay-gradient":""},"mobile":{"background-color":"","background-image":"","background-repeat":"repeat","background-position":"center center","background-size":"auto","background-attachment":"scroll","background-type":"","background-media":"","overlay-type":"","overlay-color":"","overlay-opacity":"","overlay-gradient":""}},"ast-content-background-meta":{"desktop":{"background-color":"var(--ast-global-color-5)","background-image":"","background-repeat":"repeat","background-position":"center center","background-size":"auto","background-attachment":"scroll","background-type":"","background-media":"","overlay-type":"","overlay-color":"","overlay-opacity":"","overlay-gradient":""},"tablet":{"background-color":"var(--ast-global-color-5)","background-image":"","background-repeat":"repeat","background-position":"center center","background-size":"auto","background-attachment":"scroll","background-type":"","background-media":"","overlay-type":"","overlay-color":"","overlay-opacity":"","overlay-gradient":""},"mobile":{"background-color":"var(--ast-global-color-5)","background-image":"","background-repeat":"repeat","background-position":"center center","background-size":"auto","background-attachment":"scroll","background-type":"","background-media":"","overlay-type":"","overlay-color":"","overlay-opacity":"","overlay-gradient":""}}},"product_brand":[],"product_cat":[74],"product_tag":[174,140],"class_list":{"0":"post-5641","1":"product","2":"type-product","3":"status-publish","4":"has-post-thumbnail","6":"product_cat-household-cleaning-series","7":"product_tag-multi-purpose-cleaning-cream","8":"product_tag-white-shoe-cleaner","9":"desktop-align-center","10":"tablet-align-left","11":"mobile-align-left","12":"ast-product-gallery-layout-horizontal-slider","13":"ast-product-tabs-layout-horizontal","15":"first","16":"instock","17":"shipping-taxable","18":"product-type-simple"},"aioseo_notices":[],"uagb_featured_image_src":{"full":["https:\/\/williamweir.com\/wp-content\/uploads\/2024\/10\/\u5c0f\u767d\u978b\u6e05\u6d01\u818f3.jpg",1000,1000,false],"thumbnail":["https:\/\/williamweir.com\/wp-content\/uploads\/2024\/10\/\u5c0f\u767d\u978b\u6e05\u6d01\u818f3-300x300.jpg",300,300,true],"medium":["https:\/\/williamweir.com\/wp-content\/uploads\/2024\/10\/\u5c0f\u767d\u978b\u6e05\u6d01\u818f3-600x600.jpg",600,600,true],"medium_large":["https:\/\/williamweir.com\/wp-content\/uploads\/2024\/10\/\u5c0f\u767d\u978b\u6e05\u6d01\u818f3-768x768.jpg",768,768,true],"large":["https:\/\/williamweir.com\/wp-content\/uploads\/2024\/10\/\u5c0f\u767d\u978b\u6e05\u6d01\u818f3.jpg",1000,1000,false],"1536x1536":["https:\/\/williamweir.com\/wp-content\/uploads\/2024\/10\/\u5c0f\u767d\u978b\u6e05\u6d01\u818f3.jpg",1000,1000,false],"2048x2048":["https:\/\/williamweir.com\/wp-content\/uploads\/2024\/10\/\u5c0f\u767d\u978b\u6e05\u6d01\u818f3.jpg",1000,1000,false],"trp-custom-language-flag":["https:\/\/williamweir.com\/wp-content\/uploads\/2024\/10\/\u5c0f\u767d\u978b\u6e05\u6d01\u818f3-12x12.jpg",12,12,true],"woocommerce_thumbnail":["https:\/\/williamweir.com\/wp-content\/uploads\/2024\/10\/\u5c0f\u767d\u978b\u6e05\u6d01\u818f3-600x600.jpg",600,600,true],"woocommerce_single":["https:\/\/williamweir.com\/wp-content\/uploads\/2024\/10\/\u5c0f\u767d\u978b\u6e05\u6d01\u818f3-600x600.jpg",600,600,true],"woocommerce_gallery_thumbnail":["https:\/\/williamweir.com\/wp-content\/uploads\/2024\/10\/\u5c0f\u767d\u978b\u6e05\u6d01\u818f3-100x100.jpg",100,100,true]},"uagb_author_info":{"display_name":"wlwer","author_link":"https:\/\/williamweir.com\/es\/author\/"},"uagb_comment_info":0,"uagb_excerpt":"Our factory provides OEM\/ODM processing services, we can tailor products for you; Our MOQ is low, generally the minimum quantity is 1000 bottles can be produced; Our products are inexpensive, excellent product quality, in line with any national laws and regulations and customer needs! \u00a0 \u00a0 \u00a0 We also offer the following services \u2714\u00a0 Cross-border&hellip;","_links":{"self":[{"href":"https:\/\/williamweir.com\/es\/wp-json\/wp\/v2\/product\/5641"}],"collection":[{"href":"https:\/\/williamweir.com\/es\/wp-json\/wp\/v2\/product"}],"about":[{"href":"https:\/\/williamweir.com\/es\/wp-json\/wp\/v2\/types\/product"}],"version-history":[{"count":5,"href":"https:\/\/williamweir.com\/es\/wp-json\/wp\/v2\/product\/5641\/revisions"}],"predecessor-version":[{"id":8183,"href":"https:\/\/williamweir.com\/es\/wp-json\/wp\/v2\/product\/5641\/revisions\/8183"}],"wp:featuredmedia":[{"embeddable":true,"href":"https:\/\/williamweir.com\/es\/wp-json\/wp\/v2\/media\/5680"}],"wp:attachment":[{"href":"https:\/\/williamweir.com\/es\/wp-json\/wp\/v2\/media?parent=5641"}],"wp:term":[{"taxonomy":"product_brand","embeddable":true,"href":"https:\/\/williamweir.com\/es\/wp-json\/wp\/v2\/product_brand?post=5641"},{"taxonomy":"product_cat","embeddable":true,"href":"https:\/\/williamweir.com\/es\/wp-json\/wp\/v2\/product_cat?post=5641"},{"taxonomy":"product_tag","embeddable":true,"href":"https:\/\/williamweir.com\/es\/wp-json\/wp\/v2\/product_tag?post=5641"}],"curies":[{"name":"wp","href":"https:\/\/api.w.org\/{rel}","templated":true}]}}