{"id":5638,"date":"2024-10-31T08:51:14","date_gmt":"2024-10-31T08:51:14","guid":{"rendered":"https:\/\/williamweir.com\/?post_type=product&#038;p=5638"},"modified":"2025-05-24T01:12:31","modified_gmt":"2025-05-24T01:12:31","slug":"stone-care-wax%ef%bc%8cmaintenance-wax","status":"publish","type":"product","link":"https:\/\/williamweir.com\/es\/producto\/stone-care-wax%ef%bc%8cmaintenance-wax\/","title":{"rendered":"Cera para el cuidado de la piedra"},"content":{"rendered":"<p><strong>C\u00f3digo del producto\uff1a0482<\/strong><\/p>\n<p><strong>I. Introducci\u00f3n del producto<\/strong><\/p>\n<p>Este producto es una cera de cuidado especialmente dise\u00f1ada para diversos tipos de piedra. Puede proporcionar una excelente protecci\u00f3n y efectos est\u00e9ticos para los productos de piedra, haciendo que la superficie de la piedra sea duraderamente brillante y nueva.<\/p>\n<p><strong>II. Caracter\u00edsticas del producto<\/strong><\/p>\n<p>Potente protecci\u00f3n: Forma una s\u00f3lida pel\u00edcula protectora sobre la superficie de la piedra, resistiendo eficazmente el desgaste diario, los ara\u00f1azos, las manchas y la erosi\u00f3n por sustancias qu\u00edmicas.<br \/>\nImpermeable y a prueba de humedad: Evita la penetraci\u00f3n de la humedad y evita que la piedra se decolore y se enmohezca debido a la humedad.<br \/>\nA\u00f1ade brillo: Da a la piedra un brillo natural y realza los efectos est\u00e9ticos y decorativos de la piedra.<br \/>\nDuradero: Una aplicaci\u00f3n puede mantener un buen efecto protector durante mucho tiempo.<\/p>\n<p><strong>III. Instrucciones de uso<\/strong><\/p>\n<p>Limpie a fondo las baldosas de piedra. Utilice una esponja para tomar una dosis adecuada y p\u00e1sela por la superficie de piedra.<br \/>\nUtilice una fregona especial o un trapo para aplicar uniformemente este producto sobre la piedra.<br \/>\nUna vez seca la cera (generalmente entre 15 y 20 minutos), utilice una mopa limpia o una pulidora para abrillantar.<\/p>\n<p><strong>IV. Precauciones<\/strong><\/p>\n<p>No es adecuado para trabajar a pleno sol o a altas temperaturas y en lugares polvorientos.<br \/>\nLimpie a tiempo la capa de cera seca.<br \/>\nEste producto no contiene materias primas industriales t\u00f3xicas ni disolventes. Es natural y respetuoso con el medio ambiente. Gu\u00e1rdelo en un lugar fresco, seco y ventilado.<br \/>\nSe recomienda seguir el principio de utilizar una peque\u00f1a cantidad varias veces. No camine sobre ella antes de que el suelo est\u00e9 completamente seco para evitar dejar huellas o resbalar.<\/p>","protected":false},"excerpt":{"rendered":"<p>\u00a1Nuestra f\u00e1brica ofrece servicios de procesamiento OEM\/ODM, podemos adaptar productos para usted; Nuestro MOQ es bajo, generalmente la cantidad m\u00ednima es de 1000 botellas pueden ser producidas; Nuestros productos son baratos, excelente calidad del producto, en l\u00ednea con cualquier ley y reglamento nacional y las necesidades del cliente!<\/p>\n<h3><strong>\u00a0 \u00a0 \u00a0 Tambi\u00e9n ofrecemos los siguientes servicios<\/strong><\/h3>\n<h4><strong>\u2714 Fuente transfronteriza \u2714 Apoyo a la personalizaci\u00f3n<\/strong><\/h4>\n<h4><strong>\u2714 F\u00e1brica de origen \u2714 Desarrollo de productos<\/strong><\/h4>\n<h4><strong>\u2714 Adaptaci\u00f3n a la muestra \u2714 Autorizaci\u00f3n de marca<br \/>\n<\/strong><\/h4>\n<h2 style=\"text-align: left;\"><strong>\u00bfPreguntas o comentarios? <\/strong><\/h2>\n<h2 style=\"text-align: left;\"><strong>wlwer@williamweir.com<\/strong><\/h2>\n<h4><strong>\u00a0<\/strong><\/h4>","protected":false},"featured_media":5639,"template":"","meta":{"_uag_custom_page_level_css":"","site-sidebar-layout":"default","site-content-layout":"","ast-site-content-layout":"default","site-content-style":"default","site-sidebar-style":"default","ast-global-header-display":"","ast-banner-title-visibility":"","ast-main-header-display":"","ast-hfb-above-header-display":"","ast-hfb-below-header-display":"","ast-hfb-mobile-header-display":"","site-post-title":"","ast-breadcrumbs-content":"","ast-featured-img":"","footer-sml-layout":"","theme-transparent-header-meta":"default","adv-header-id-meta":"","stick-header-meta":"","header-above-stick-meta":"","header-main-stick-meta":"","header-below-stick-meta":"","astra-migrate-meta-layouts":"set","ast-page-background-enabled":"default","ast-page-background-meta":{"desktop":{"background-color":"","background-image":"","background-repeat":"repeat","background-position":"center center","background-size":"auto","background-attachment":"scroll","background-type":"","background-media":"","overlay-type":"","overlay-color":"","overlay-opacity":"","overlay-gradient":""},"tablet":{"background-color":"","background-image":"","background-repeat":"repeat","background-position":"center center","background-size":"auto","background-attachment":"scroll","background-type":"","background-media":"","overlay-type":"","overlay-color":"","overlay-opacity":"","overlay-gradient":""},"mobile":{"background-color":"","background-image":"","background-repeat":"repeat","background-position":"center center","background-size":"auto","background-attachment":"scroll","background-type":"","background-media":"","overlay-type":"","overlay-color":"","overlay-opacity":"","overlay-gradient":""}},"ast-content-background-meta":{"desktop":{"background-color":"var(--ast-global-color-5)","background-image":"","background-repeat":"repeat","background-position":"center center","background-size":"auto","background-attachment":"scroll","background-type":"","background-media":"","overlay-type":"","overlay-color":"","overlay-opacity":"","overlay-gradient":""},"tablet":{"background-color":"var(--ast-global-color-5)","background-image":"","background-repeat":"repeat","background-position":"center center","background-size":"auto","background-attachment":"scroll","background-type":"","background-media":"","overlay-type":"","overlay-color":"","overlay-opacity":"","overlay-gradient":""},"mobile":{"background-color":"var(--ast-global-color-5)","background-image":"","background-repeat":"repeat","background-position":"center center","background-size":"auto","background-attachment":"scroll","background-type":"","background-media":"","overlay-type":"","overlay-color":"","overlay-opacity":"","overlay-gradient":""}}},"product_brand":[],"product_cat":[72],"product_tag":[177,178],"class_list":{"0":"post-5638","1":"product","2":"type-product","3":"status-publish","4":"has-post-thumbnail","6":"product_cat-stone-maintenance-and-polishing","7":"product_tag-stone-care-wax","8":"product_tag-stone-polishing-wax","9":"desktop-align-center","10":"tablet-align-left","11":"mobile-align-left","12":"ast-product-gallery-layout-horizontal-slider","13":"ast-product-gallery-with-no-image","14":"ast-product-tabs-layout-horizontal","16":"first","17":"instock","18":"featured","19":"shipping-taxable","20":"product-type-simple"},"aioseo_notices":[],"uagb_featured_image_src":{"full":["https:\/\/williamweir.com\/wp-content\/uploads\/2024\/10\/9879372.jpg",800,800,false],"thumbnail":["https:\/\/williamweir.com\/wp-content\/uploads\/2024\/10\/9879372-300x300.jpg",300,300,true],"medium":["https:\/\/williamweir.com\/wp-content\/uploads\/2024\/10\/9879372-600x600.jpg",600,600,true],"medium_large":["https:\/\/williamweir.com\/wp-content\/uploads\/2024\/10\/9879372-768x768.jpg",768,768,true],"large":["https:\/\/williamweir.com\/wp-content\/uploads\/2024\/10\/9879372.jpg",800,800,false],"1536x1536":["https:\/\/williamweir.com\/wp-content\/uploads\/2024\/10\/9879372.jpg",800,800,false],"2048x2048":["https:\/\/williamweir.com\/wp-content\/uploads\/2024\/10\/9879372.jpg",800,800,false],"trp-custom-language-flag":["https:\/\/williamweir.com\/wp-content\/uploads\/2024\/10\/9879372-12x12.jpg",12,12,true],"woocommerce_thumbnail":["https:\/\/williamweir.com\/wp-content\/uploads\/2024\/10\/9879372-600x600.jpg",600,600,true],"woocommerce_single":["https:\/\/williamweir.com\/wp-content\/uploads\/2024\/10\/9879372-600x600.jpg",600,600,true],"woocommerce_gallery_thumbnail":["https:\/\/williamweir.com\/wp-content\/uploads\/2024\/10\/9879372-100x100.jpg",100,100,true]},"uagb_author_info":{"display_name":"wlwer","author_link":"https:\/\/williamweir.com\/es\/author\/"},"uagb_comment_info":0,"uagb_excerpt":"Our factory provides OEM\/ODM processing services, we can tailor products for you; Our MOQ is low, generally the minimum quantity is 1000 bottles can be produced; Our products are inexpensive, excellent product quality, in line with any national laws and regulations and customer needs! \u00a0 \u00a0 \u00a0 We also offer the following services \u2714\u00a0 Cross-border&hellip;","_links":{"self":[{"href":"https:\/\/williamweir.com\/es\/wp-json\/wp\/v2\/product\/5638"}],"collection":[{"href":"https:\/\/williamweir.com\/es\/wp-json\/wp\/v2\/product"}],"about":[{"href":"https:\/\/williamweir.com\/es\/wp-json\/wp\/v2\/types\/product"}],"version-history":[{"count":6,"href":"https:\/\/williamweir.com\/es\/wp-json\/wp\/v2\/product\/5638\/revisions"}],"predecessor-version":[{"id":8184,"href":"https:\/\/williamweir.com\/es\/wp-json\/wp\/v2\/product\/5638\/revisions\/8184"}],"wp:featuredmedia":[{"embeddable":true,"href":"https:\/\/williamweir.com\/es\/wp-json\/wp\/v2\/media\/5639"}],"wp:attachment":[{"href":"https:\/\/williamweir.com\/es\/wp-json\/wp\/v2\/media?parent=5638"}],"wp:term":[{"taxonomy":"product_brand","embeddable":true,"href":"https:\/\/williamweir.com\/es\/wp-json\/wp\/v2\/product_brand?post=5638"},{"taxonomy":"product_cat","embeddable":true,"href":"https:\/\/williamweir.com\/es\/wp-json\/wp\/v2\/product_cat?post=5638"},{"taxonomy":"product_tag","embeddable":true,"href":"https:\/\/williamweir.com\/es\/wp-json\/wp\/v2\/product_tag?post=5638"}],"curies":[{"name":"wp","href":"https:\/\/api.w.org\/{rel}","templated":true}]}}