{"id":5631,"date":"2024-10-31T08:41:35","date_gmt":"2024-10-31T08:41:35","guid":{"rendered":"https:\/\/williamweir.com\/?post_type=product&#038;p=5631"},"modified":"2025-05-24T01:12:38","modified_gmt":"2025-05-24T01:12:38","slug":"dry-cleaning-agent-for-down-jackets","status":"publish","type":"product","link":"https:\/\/williamweir.com\/es\/producto\/dry-cleaning-agent-for-down-jackets\/","title":{"rendered":"Limpiador en seco para chaquetas de plum\u00f3n"},"content":{"rendered":"<p><strong>C\u00f3digo del producto\uff1a1441<\/strong><\/p>\n<p><strong>**I. Presentaci\u00f3n del producto**<\/strong><\/p>\n<p>El limpiador en seco para chaquetas de plum\u00f3n Williamweir es un producto de limpieza muy eficaz especialmente dise\u00f1ado para limpiar chaquetas de plum\u00f3n. Adoptando una f\u00f3rmula \u00fanica, puede eliminar r\u00e1pidamente diversas manchas en las chaquetas de plum\u00f3n, como manchas de aceite, manchas de suciedad, polvo, etc., sin da\u00f1ar el tejido y el relleno de la chaqueta de plum\u00f3n, y manteniendo el rendimiento de aislamiento t\u00e9rmico y el aspecto de la chaqueta de plum\u00f3n.<\/p>\n<p><strong>**II. Ingredientes del producto**<\/strong><\/p>\n<p>Contiene principalmente tensioactivos, detergentes, suavizantes, agua desionizada y otros ingredientes.<\/p>\n<p>**III. \u00c1mbito de aplicaci\u00f3n**<\/p>\n<p>Es adecuado para chaquetas de plum\u00f3n de diversos materiales, incluidas las chaquetas de plum\u00f3n rellenas de plum\u00f3n de ganso y de pato, as\u00ed como las chaquetas de plum\u00f3n fabricadas con tejidos como el nailon y la fibra de poli\u00e9ster.<\/p>\n<p><strong>**IV. M\u00e9todo de utilizaci\u00f3n**<\/strong><\/p>\n<p>Agite bien el limpiador en seco y, a continuaci\u00f3n, roc\u00edelo sobre la mancha de la chaqueta de plum\u00f3n a una distancia de unos 15-20 cent\u00edmetros de la mancha.<br \/>\nLimpie suavemente la zona manchada con un pa\u00f1o suave limpio o una esponja para que el producto de limpieza en seco penetre completamente y descomponga la mancha. Para manchas dif\u00edciles, puede pulverizar y limpiar varias veces repetidamente.<br \/>\nDespu\u00e9s de limpiarlo, limpie los restos de limpiador en seco con un pa\u00f1o limpio y h\u00famedo, y luego s\u00e9quelo con un pa\u00f1o seco o col\u00f3quelo en un lugar ventilado para que se seque de forma natural.<\/p>\n<p><strong>**V. Precauciones**<\/strong><\/p>\n<p>Este producto es s\u00f3lo para uso externo. Evitar el contacto con los ojos y la boca. En caso de contacto accidental, lavar inmediatamente con abundante agua y acudir al m\u00e9dico a tiempo.<br \/>\nPor favor, coloque este producto en un lugar donde los ni\u00f1os no puedan alcanzarlo para evitar que lo coman o lo utilicen indebidamente por error.<br \/>\nEn el caso de las chaquetas de plum\u00f3n con tejidos especiales o revestimientos especiales, se recomienda realizar una prueba a peque\u00f1a escala en una zona poco visible antes de su uso para confirmar que no se producen reacciones adversas antes de llevar a cabo una limpieza exhaustiva.<br \/>\nEvite almacenar este producto a altas temperaturas, bajo la luz directa del sol o en un entorno h\u00famedo para no afectar a su rendimiento.<br \/>\n5. Durante el uso, si se detectan condiciones anormales como decoloraci\u00f3n, deste\u00f1ido y deformaci\u00f3n del plum\u00f3n, deje de utilizarlo inmediatamente y consulte la opini\u00f3n de un profesional.<\/p>","protected":false},"excerpt":{"rendered":"<p>\u00a1Nuestra f\u00e1brica ofrece servicios de procesamiento OEM\/ODM, podemos adaptar productos para usted; Nuestro MOQ es bajo, generalmente la cantidad m\u00ednima es de 1000 botellas pueden ser producidas; Nuestros productos son baratos, excelente calidad del producto, en l\u00ednea con cualquier ley y reglamento nacional y las necesidades del cliente!<\/p>\n<h3><strong>\u00a0 \u00a0 \u00a0 Tambi\u00e9n ofrecemos los siguientes servicios<\/strong><\/h3>\n<h4><strong>\u2714 Fuente transfronteriza \u2714 Apoyo a la personalizaci\u00f3n<\/strong><\/h4>\n<h4><strong>\u2714 F\u00e1brica de origen \u2714 Desarrollo de productos<\/strong><\/h4>\n<h4><strong>\u2714 Adaptaci\u00f3n a la muestra \u2714 Autorizaci\u00f3n de marca<\/strong><\/h4>\n<p>&nbsp;<\/p>\n<h2 style=\"text-align: left;\"><strong>\u00bfPreguntas o comentarios? <\/strong><\/h2>\n<h2 style=\"text-align: left;\"><strong>wlwer@williamweir.com<\/strong><\/h2>\n<h4><strong>\u00a0<\/strong><\/h4>","protected":false},"featured_media":5632,"template":"","meta":{"_uag_custom_page_level_css":"","site-sidebar-layout":"default","site-content-layout":"","ast-site-content-layout":"default","site-content-style":"default","site-sidebar-style":"default","ast-global-header-display":"","ast-banner-title-visibility":"","ast-main-header-display":"","ast-hfb-above-header-display":"","ast-hfb-below-header-display":"","ast-hfb-mobile-header-display":"","site-post-title":"","ast-breadcrumbs-content":"","ast-featured-img":"","footer-sml-layout":"","theme-transparent-header-meta":"default","adv-header-id-meta":"","stick-header-meta":"","header-above-stick-meta":"","header-main-stick-meta":"","header-below-stick-meta":"","astra-migrate-meta-layouts":"set","ast-page-background-enabled":"default","ast-page-background-meta":{"desktop":{"background-color":"","background-image":"","background-repeat":"repeat","background-position":"center center","background-size":"auto","background-attachment":"scroll","background-type":"","background-media":"","overlay-type":"","overlay-color":"","overlay-opacity":"","overlay-gradient":""},"tablet":{"background-color":"","background-image":"","background-repeat":"repeat","background-position":"center center","background-size":"auto","background-attachment":"scroll","background-type":"","background-media":"","overlay-type":"","overlay-color":"","overlay-opacity":"","overlay-gradient":""},"mobile":{"background-color":"","background-image":"","background-repeat":"repeat","background-position":"center center","background-size":"auto","background-attachment":"scroll","background-type":"","background-media":"","overlay-type":"","overlay-color":"","overlay-opacity":"","overlay-gradient":""}},"ast-content-background-meta":{"desktop":{"background-color":"var(--ast-global-color-5)","background-image":"","background-repeat":"repeat","background-position":"center center","background-size":"auto","background-attachment":"scroll","background-type":"","background-media":"","overlay-type":"","overlay-color":"","overlay-opacity":"","overlay-gradient":""},"tablet":{"background-color":"var(--ast-global-color-5)","background-image":"","background-repeat":"repeat","background-position":"center center","background-size":"auto","background-attachment":"scroll","background-type":"","background-media":"","overlay-type":"","overlay-color":"","overlay-opacity":"","overlay-gradient":""},"mobile":{"background-color":"var(--ast-global-color-5)","background-image":"","background-repeat":"repeat","background-position":"center center","background-size":"auto","background-attachment":"scroll","background-type":"","background-media":"","overlay-type":"","overlay-color":"","overlay-opacity":"","overlay-gradient":""}}},"product_brand":[],"product_cat":[76],"product_tag":[182,181],"class_list":{"0":"post-5631","1":"product","2":"type-product","3":"status-publish","4":"has-post-thumbnail","6":"product_cat-laundry-care","7":"product_tag-clothing-cleaner","8":"product_tag-down-jacket-cleaner","9":"desktop-align-center","10":"tablet-align-left","11":"mobile-align-left","12":"ast-product-gallery-layout-horizontal-slider","13":"ast-product-tabs-layout-horizontal","15":"first","16":"instock","17":"featured","18":"shipping-taxable","19":"product-type-simple"},"aioseo_notices":[],"uagb_featured_image_src":{"full":["https:\/\/williamweir.com\/wp-content\/uploads\/2024\/10\/9832609.jpg",800,800,false],"thumbnail":["https:\/\/williamweir.com\/wp-content\/uploads\/2024\/10\/9832609-300x300.jpg",300,300,true],"medium":["https:\/\/williamweir.com\/wp-content\/uploads\/2024\/10\/9832609-600x600.jpg",600,600,true],"medium_large":["https:\/\/williamweir.com\/wp-content\/uploads\/2024\/10\/9832609-768x768.jpg",768,768,true],"large":["https:\/\/williamweir.com\/wp-content\/uploads\/2024\/10\/9832609.jpg",800,800,false],"1536x1536":["https:\/\/williamweir.com\/wp-content\/uploads\/2024\/10\/9832609.jpg",800,800,false],"2048x2048":["https:\/\/williamweir.com\/wp-content\/uploads\/2024\/10\/9832609.jpg",800,800,false],"trp-custom-language-flag":["https:\/\/williamweir.com\/wp-content\/uploads\/2024\/10\/9832609-12x12.jpg",12,12,true],"woocommerce_thumbnail":["https:\/\/williamweir.com\/wp-content\/uploads\/2024\/10\/9832609-600x600.jpg",600,600,true],"woocommerce_single":["https:\/\/williamweir.com\/wp-content\/uploads\/2024\/10\/9832609-600x600.jpg",600,600,true],"woocommerce_gallery_thumbnail":["https:\/\/williamweir.com\/wp-content\/uploads\/2024\/10\/9832609-100x100.jpg",100,100,true]},"uagb_author_info":{"display_name":"wlwer","author_link":"https:\/\/williamweir.com\/es\/author\/"},"uagb_comment_info":0,"uagb_excerpt":"Our factory provides OEM\/ODM processing services, we can tailor products for you; Our MOQ is low, generally the minimum quantity is 1000 bottles can be produced; Our products are inexpensive, excellent product quality, in line with any national laws and regulations and customer needs! \u00a0 \u00a0 \u00a0 We also offer the following services \u2714\u00a0 Cross-border&hellip;","_links":{"self":[{"href":"https:\/\/williamweir.com\/es\/wp-json\/wp\/v2\/product\/5631"}],"collection":[{"href":"https:\/\/williamweir.com\/es\/wp-json\/wp\/v2\/product"}],"about":[{"href":"https:\/\/williamweir.com\/es\/wp-json\/wp\/v2\/types\/product"}],"version-history":[{"count":4,"href":"https:\/\/williamweir.com\/es\/wp-json\/wp\/v2\/product\/5631\/revisions"}],"predecessor-version":[{"id":8186,"href":"https:\/\/williamweir.com\/es\/wp-json\/wp\/v2\/product\/5631\/revisions\/8186"}],"wp:featuredmedia":[{"embeddable":true,"href":"https:\/\/williamweir.com\/es\/wp-json\/wp\/v2\/media\/5632"}],"wp:attachment":[{"href":"https:\/\/williamweir.com\/es\/wp-json\/wp\/v2\/media?parent=5631"}],"wp:term":[{"taxonomy":"product_brand","embeddable":true,"href":"https:\/\/williamweir.com\/es\/wp-json\/wp\/v2\/product_brand?post=5631"},{"taxonomy":"product_cat","embeddable":true,"href":"https:\/\/williamweir.com\/es\/wp-json\/wp\/v2\/product_cat?post=5631"},{"taxonomy":"product_tag","embeddable":true,"href":"https:\/\/williamweir.com\/es\/wp-json\/wp\/v2\/product_tag?post=5631"}],"curies":[{"name":"wp","href":"https:\/\/api.w.org\/{rel}","templated":true}]}}