{"id":5624,"date":"2024-10-31T08:38:29","date_gmt":"2024-10-31T08:38:29","guid":{"rendered":"https:\/\/williamweir.com\/?post_type=product&#038;p=5624"},"modified":"2025-05-24T01:12:54","modified_gmt":"2025-05-24T01:12:54","slug":"cleaning-agent-for-washing-machine-tank","status":"publish","type":"product","link":"https:\/\/williamweir.com\/es\/producto\/cleaning-agent-for-washing-machine-tank\/","title":{"rendered":"Limpiador de cubas de lavadoras"},"content":{"rendered":"<p><strong>C\u00f3digo del producto\uff1a0949<\/strong><\/p>\n<p><strong>I. Introducci\u00f3n del producto<\/strong><\/p>\n<p>Este producto es un limpiador especialmente dise\u00f1ado para limpiar la cuba de la lavadora. Puede eliminar eficazmente la suciedad, las bacterias y los olores de la cuba de la lavadora, proporcion\u00e1ndole un entorno de lavado limpio e higi\u00e9nico.<\/p>\n<p><strong>II. Caracter\u00edsticas del producto<\/strong><\/p>\n<p>Potente descontaminaci\u00f3n: Puede descomponer r\u00e1pidamente la suciedad de la cuba de la lavadora, incluyendo sarro, manchas, moho, etc., haciendo que la cuba de la lavadora parezca nueva.<br \/>\nEliminaci\u00f3n de olores: Puede eliminar los olores en la cuba de la lavadora, haciendo que su ropa emita un olor fresco despu\u00e9s del lavado.<br \/>\nSeguro y respetuoso con el medio ambiente: no contiene productos qu\u00edmicos nocivos y es inocuo para las personas y el medio ambiente. Su uso es seguro.<br \/>\nFuncionamiento sencillo: Es f\u00e1cil de usar. Basta con verter el limpiador en la cuba de la lavadora y ponerla en marcha siguiendo el procedimiento normal de lavado.<\/p>\n<p><strong>III. Instrucciones de uso<\/strong><\/p>\n<p>Saque la ropa de la lavadora y ap\u00e1guela.<br \/>\nVierta el limpiador en la cuba de la lavadora. Generalmente, para el primer uso, son 260g, y para el uso diario, son 100g. (La dosis puede ajustarse adecuadamente seg\u00fan la capacidad de la lavadora).<br \/>\nA\u00f1ada una cantidad adecuada de agua (por lo general, el agua tibia a 40\u2103-60\u2103 tiene un mejor efecto) para que el nivel de agua alcance el nivel de agua m\u00e1s alto de la lavadora.<br \/>\nEncienda la lavadora, seleccione el programa \"lavado\" o \"lavado en remojo\". Despu\u00e9s de funcionar durante 5-10 minutos, ap\u00e1guela y d\u00e9jela en remojo durante 2-3 horas.<br \/>\nUna vez finalizado el remojo, vuelva a encender la lavadora, seleccione el programa \"lavado\" o \"aclarado\", p\u00f3ngalo en marcha una vez para descargar la suciedad y el limpiador de la lavadora.<br \/>\nUtilice un trapo limpio para limpiar el cilindro interior y la carcasa de la lavadora para eliminar los restos de suciedad y limpiador.<\/p>\n<p><strong>IV. Precauciones<\/strong><\/p>\n<p>Lea atentamente las instrucciones del producto antes de utilizarlo y util\u00edcelo de acuerdo con ellas.<br \/>\nNo mezcle el limpiador con otros limpiadores para evitar reacciones qu\u00edmicas adversas.<br \/>\nEvite que el limpiador entre en contacto con los ojos. En caso de contacto accidental, aclarar inmediatamente con agua limpia.<br \/>\nGu\u00e1rdelo en un lugar fuera del alcance de los ni\u00f1os para evitar su ingesti\u00f3n accidental.<br \/>\nLos m\u00e9todos de uso de los distintos modelos de lavadoras pueden ser diferentes. Por favor, siga el manual de instrucciones de la lavadora.<\/p>","protected":false},"excerpt":{"rendered":"<p>\u00a1Nuestra f\u00e1brica ofrece servicios de procesamiento OEM\/ODM, podemos adaptar productos para usted; Nuestro MOQ es bajo, generalmente la cantidad m\u00ednima es de 1000 botellas pueden ser producidas; Nuestros productos son baratos, excelente calidad del producto, en l\u00ednea con cualquier ley y reglamento nacional y las necesidades del cliente!<\/p>\n<h3><strong>\u00a0 \u00a0 \u00a0 Tambi\u00e9n ofrecemos los siguientes servicios<\/strong><\/h3>\n<h4><strong>\u2714 Fuente transfronteriza \u2714 Apoyo a la personalizaci\u00f3n<\/strong><\/h4>\n<h4><strong>\u2714 F\u00e1brica de origen \u2714 Desarrollo de productos<\/strong><\/h4>\n<h4><strong>\u2714 Adaptaci\u00f3n a la muestra \u2714 Autorizaci\u00f3n de marca<\/strong><\/h4>\n<p>&nbsp;<\/p>\n<h2 style=\"text-align: left;\"><strong>\u00bfPreguntas o comentarios? <\/strong><\/h2>\n<h2 style=\"text-align: left;\"><strong>wlwer@williamweir.com<\/strong><\/h2>\n<h4><strong>\u00a0<\/strong><\/h4>","protected":false},"featured_media":14407,"template":"","meta":{"_uag_custom_page_level_css":"","site-sidebar-layout":"default","site-content-layout":"","ast-site-content-layout":"default","site-content-style":"default","site-sidebar-style":"default","ast-global-header-display":"","ast-banner-title-visibility":"","ast-main-header-display":"","ast-hfb-above-header-display":"","ast-hfb-below-header-display":"","ast-hfb-mobile-header-display":"","site-post-title":"","ast-breadcrumbs-content":"","ast-featured-img":"","footer-sml-layout":"","theme-transparent-header-meta":"default","adv-header-id-meta":"","stick-header-meta":"","header-above-stick-meta":"","header-main-stick-meta":"","header-below-stick-meta":"","astra-migrate-meta-layouts":"set","ast-page-background-enabled":"default","ast-page-background-meta":{"desktop":{"background-color":"","background-image":"","background-repeat":"repeat","background-position":"center center","background-size":"auto","background-attachment":"scroll","background-type":"","background-media":"","overlay-type":"","overlay-color":"","overlay-opacity":"","overlay-gradient":""},"tablet":{"background-color":"","background-image":"","background-repeat":"repeat","background-position":"center center","background-size":"auto","background-attachment":"scroll","background-type":"","background-media":"","overlay-type":"","overlay-color":"","overlay-opacity":"","overlay-gradient":""},"mobile":{"background-color":"","background-image":"","background-repeat":"repeat","background-position":"center center","background-size":"auto","background-attachment":"scroll","background-type":"","background-media":"","overlay-type":"","overlay-color":"","overlay-opacity":"","overlay-gradient":""}},"ast-content-background-meta":{"desktop":{"background-color":"var(--ast-global-color-5)","background-image":"","background-repeat":"repeat","background-position":"center center","background-size":"auto","background-attachment":"scroll","background-type":"","background-media":"","overlay-type":"","overlay-color":"","overlay-opacity":"","overlay-gradient":""},"tablet":{"background-color":"var(--ast-global-color-5)","background-image":"","background-repeat":"repeat","background-position":"center center","background-size":"auto","background-attachment":"scroll","background-type":"","background-media":"","overlay-type":"","overlay-color":"","overlay-opacity":"","overlay-gradient":""},"mobile":{"background-color":"var(--ast-global-color-5)","background-image":"","background-repeat":"repeat","background-position":"center center","background-size":"auto","background-attachment":"scroll","background-type":"","background-media":"","overlay-type":"","overlay-color":"","overlay-opacity":"","overlay-gradient":""}}},"product_brand":[],"product_cat":[73],"product_tag":[186,185],"class_list":{"0":"post-5624","1":"product","2":"type-product","3":"status-publish","4":"has-post-thumbnail","6":"product_cat-washing-machine-sink-cleaning","7":"product_tag-washing-machine-powder","8":"product_tag-washing-machine-slot-cleaning","9":"desktop-align-center","10":"tablet-align-left","11":"mobile-align-left","12":"ast-product-gallery-layout-horizontal-slider","13":"ast-product-tabs-layout-horizontal","15":"first","16":"instock","17":"shipping-taxable","18":"product-type-simple"},"aioseo_notices":[],"uagb_featured_image_src":{"full":["https:\/\/williamweir.com\/wp-content\/uploads\/2024\/10\/\u4e3b\u56fe-4.jpg",800,800,false],"thumbnail":["https:\/\/williamweir.com\/wp-content\/uploads\/2024\/10\/\u4e3b\u56fe-4-300x300.jpg",300,300,true],"medium":["https:\/\/williamweir.com\/wp-content\/uploads\/2024\/10\/\u4e3b\u56fe-4-600x600.jpg",600,600,true],"medium_large":["https:\/\/williamweir.com\/wp-content\/uploads\/2024\/10\/\u4e3b\u56fe-4-768x768.jpg",768,768,true],"large":["https:\/\/williamweir.com\/wp-content\/uploads\/2024\/10\/\u4e3b\u56fe-4.jpg",800,800,false],"1536x1536":["https:\/\/williamweir.com\/wp-content\/uploads\/2024\/10\/\u4e3b\u56fe-4.jpg",800,800,false],"2048x2048":["https:\/\/williamweir.com\/wp-content\/uploads\/2024\/10\/\u4e3b\u56fe-4.jpg",800,800,false],"trp-custom-language-flag":["https:\/\/williamweir.com\/wp-content\/uploads\/2024\/10\/\u4e3b\u56fe-4-12x12.jpg",12,12,true],"woocommerce_thumbnail":["https:\/\/williamweir.com\/wp-content\/uploads\/2024\/10\/\u4e3b\u56fe-4-600x600.jpg",600,600,true],"woocommerce_single":["https:\/\/williamweir.com\/wp-content\/uploads\/2024\/10\/\u4e3b\u56fe-4-600x600.jpg",600,600,true],"woocommerce_gallery_thumbnail":["https:\/\/williamweir.com\/wp-content\/uploads\/2024\/10\/\u4e3b\u56fe-4-100x100.jpg",100,100,true]},"uagb_author_info":{"display_name":"wlwer","author_link":"https:\/\/williamweir.com\/es\/author\/"},"uagb_comment_info":0,"uagb_excerpt":"Our factory provides OEM\/ODM processing services, we can tailor products for you; Our MOQ is low, generally the minimum quantity is 1000 bottles can be produced; Our products are inexpensive, excellent product quality, in line with any national laws and regulations and customer needs! \u00a0 \u00a0 \u00a0 We also offer the following services \u2714\u00a0 Cross-border&hellip;","_links":{"self":[{"href":"https:\/\/williamweir.com\/es\/wp-json\/wp\/v2\/product\/5624"}],"collection":[{"href":"https:\/\/williamweir.com\/es\/wp-json\/wp\/v2\/product"}],"about":[{"href":"https:\/\/williamweir.com\/es\/wp-json\/wp\/v2\/types\/product"}],"version-history":[{"count":5,"href":"https:\/\/williamweir.com\/es\/wp-json\/wp\/v2\/product\/5624\/revisions"}],"predecessor-version":[{"id":8189,"href":"https:\/\/williamweir.com\/es\/wp-json\/wp\/v2\/product\/5624\/revisions\/8189"}],"wp:featuredmedia":[{"embeddable":true,"href":"https:\/\/williamweir.com\/es\/wp-json\/wp\/v2\/media\/14407"}],"wp:attachment":[{"href":"https:\/\/williamweir.com\/es\/wp-json\/wp\/v2\/media?parent=5624"}],"wp:term":[{"taxonomy":"product_brand","embeddable":true,"href":"https:\/\/williamweir.com\/es\/wp-json\/wp\/v2\/product_brand?post=5624"},{"taxonomy":"product_cat","embeddable":true,"href":"https:\/\/williamweir.com\/es\/wp-json\/wp\/v2\/product_cat?post=5624"},{"taxonomy":"product_tag","embeddable":true,"href":"https:\/\/williamweir.com\/es\/wp-json\/wp\/v2\/product_tag?post=5624"}],"curies":[{"name":"wp","href":"https:\/\/api.w.org\/{rel}","templated":true}]}}