{"id":5621,"date":"2024-10-31T08:37:14","date_gmt":"2024-10-31T08:37:14","guid":{"rendered":"https:\/\/williamweir.com\/?post_type=product&#038;p=5621"},"modified":"2025-05-24T01:12:59","modified_gmt":"2025-05-24T01:12:59","slug":"wood-care-orange-wax","status":"publish","type":"product","link":"https:\/\/williamweir.com\/es\/producto\/wood-care-orange-wax\/","title":{"rendered":"Cera naranja para el cuidado de la madera."},"content":{"rendered":"<p><strong>C\u00f3digo del producto\uff1a0659<\/strong><\/p>\n<p><strong>I. Introducci\u00f3n del producto<\/strong><\/p>\n<p>Este producto es una cera de naranja para el cuidado de la madera especialmente dise\u00f1ada para muebles de madera y productos de madera. Con aceite de naranja natural como ingrediente principal y combinado con una avanzada tecnolog\u00eda de formulaci\u00f3n, puede limpiar, nutrir y proteger eficazmente la superficie de madera, haciendo que sus muebles de madera brillen con lustre natural y sean duraderos.<\/p>\n<p><strong>II. Caracter\u00edsticas del producto<\/strong><\/p>\n<p>Ingredientes naturales: Rico en aceite de naranja natural, suave y no irritante, inofensivo para el ser humano y el medio ambiente.<br \/>\nPotente limpieza: Puede eliminar r\u00e1pidamente el polvo, las manchas y la suciedad de la superficie de madera, haciendo que la superficie de madera vuelva a estar limpia y ordenada.<br \/>\nNutrici\u00f3n profunda: Penetra en el interior de la madera para proporcionarle nutrici\u00f3n y humedad y evitar que se seque y agriete.<br \/>\nRevestimiento protector: Forma una pel\u00edcula protectora sobre la superficie de madera para resistir eficazmente el desgaste diario, los ara\u00f1azos y los da\u00f1os causados por los rayos ultravioleta.<br \/>\nA\u00f1ade brillo: Hace que la superficie de madera muestre un brillo natural y realza la est\u00e9tica de los muebles de madera.<br \/>\nDuradero: Un solo uso puede mantener el buen estado de los muebles de madera durante mucho tiempo.<\/p>\n<p><strong>III. Instrucciones de uso<\/strong><\/p>\n<p>Limpiar y secar los muebles; se recomienda utilizarlo junto con el limpiador de suelos Zhiweimei;<br \/>\nUtilice una esponja, un trapo o una mopa enceradora para aplicar uniformemente este producto sobre el suelo o los muebles;<br \/>\nUna vez seca la cera, utilice una toalla limpia o una fregona para encerar para limpiar y abrillantar repetidamente.<br \/>\nPara una nutrici\u00f3n profunda, se requiere un tiempo de reposo ligeramente superior, de unas 24 horas, lo que resulta beneficioso para que la cera de abeja penetre en el interior de la madera.<\/p>\n<p><strong>IV. Precauciones<\/strong><\/p>\n<p>Guarde este producto en un lugar fresco y seco, fuera del alcance de los ni\u00f1os;<br \/>\nEste producto no es comestible. Este producto natural y respetuoso con el medio ambiente tiene una superficie de aplicaci\u00f3n de unos 300 metros cuadrados;<br \/>\nAhorre el uso y siga el principio de utilizar en peque\u00f1as cantidades varias veces.<br \/>\nNo utilice cantidades excesivas, para no provocar que el producto de madera sea incapaz de absorber y hacer que la superficie quede demasiado grasienta y sea f\u00e1cil dejar huellas dactilares o pisadas.<br \/>\nSe recomienda cuidar los productos de madera una vez al mes para mantenerlos brillantes y nuevos, que no se agrieten f\u00e1cilmente, y prolongar la vida \u00fatil de los productos de madera.<\/p>","protected":false},"excerpt":{"rendered":"<p>\u00a1Nuestra f\u00e1brica ofrece servicios de procesamiento OEM\/ODM, podemos adaptar productos para usted; Nuestro MOQ es bajo, generalmente la cantidad m\u00ednima es de 1000 botellas pueden ser producidas; Nuestros productos son baratos, excelente calidad del producto, en l\u00ednea con cualquier ley y reglamento nacional y las necesidades del cliente!<\/p>\n<h3><strong>\u00a0 \u00a0 \u00a0 Tambi\u00e9n ofrecemos los siguientes servicios<\/strong><\/h3>\n<h4><strong><img decoding=\"async\" class=\"emoji\" role=\"img\" draggable=\"false\" src=\"https:\/\/s.w.org\/images\/core\/emoji\/15.0.3\/svg\/2714.svg\" alt=\"\u2714\" \/>\u00a0 Fuente transfronteriza\u00a0 \u00a0 \u00a0 \u00a0 \u00a0\u00a0<img decoding=\"async\" class=\"emoji\" role=\"img\" draggable=\"false\" src=\"https:\/\/s.w.org\/images\/core\/emoji\/15.0.3\/svg\/2714.svg\" alt=\"\u2714\" \/>\u00a0 Apoyo a la personalizaci\u00f3n<\/strong><\/h4>\n<h4><strong><img decoding=\"async\" class=\"emoji\" role=\"img\" draggable=\"false\" src=\"https:\/\/s.w.org\/images\/core\/emoji\/15.0.3\/svg\/2714.svg\" alt=\"\u2714\" \/>\u00a0 Fuente f\u00e1brica\u00a0 \u00a0 \u00a0 \u00a0 \u00a0 \u00a0 \u00a0 \u00a0 \u00a0 \u00a0 \u00a0 \u00a0<img decoding=\"async\" class=\"emoji\" role=\"img\" draggable=\"false\" src=\"https:\/\/s.w.org\/images\/core\/emoji\/15.0.3\/svg\/2714.svg\" alt=\"\u2714\" \/>\u00a0 Desarrollo de productos<\/strong><\/h4>\n<h4><strong><img decoding=\"async\" class=\"emoji\" role=\"img\" draggable=\"false\" src=\"https:\/\/s.w.org\/images\/core\/emoji\/15.0.3\/svg\/2714.svg\" alt=\"\u2714\" \/>\u00a0 A la medida de la muestra\u00a0 \u00a0 \u00a0 \u00a0 \u00a0 \u00a0 \u00a0 \u00a0 \u00a0 \u00a0\u00a0<img decoding=\"async\" class=\"emoji\" role=\"img\" draggable=\"false\" src=\"https:\/\/s.w.org\/images\/core\/emoji\/15.0.3\/svg\/2714.svg\" alt=\"\u2714\" \/>\u00a0 Autorizaci\u00f3n de marca<\/strong><\/h4>\n<p>&nbsp;<\/p>\n<h2 style=\"text-align: left;\"><strong>\u00bfPreguntas o comentarios? <\/strong><\/h2>\n<h2 style=\"text-align: left;\"><strong>wlwer@williamweir.com<\/strong><\/h2>\n<h4><strong>\u00a0<\/strong><\/h4>","protected":false},"featured_media":11371,"template":"","meta":{"_uag_custom_page_level_css":"","site-sidebar-layout":"default","site-content-layout":"","ast-site-content-layout":"default","site-content-style":"default","site-sidebar-style":"default","ast-global-header-display":"","ast-banner-title-visibility":"","ast-main-header-display":"","ast-hfb-above-header-display":"","ast-hfb-below-header-display":"","ast-hfb-mobile-header-display":"","site-post-title":"","ast-breadcrumbs-content":"","ast-featured-img":"","footer-sml-layout":"","theme-transparent-header-meta":"default","adv-header-id-meta":"","stick-header-meta":"","header-above-stick-meta":"","header-main-stick-meta":"","header-below-stick-meta":"","astra-migrate-meta-layouts":"set","ast-page-background-enabled":"default","ast-page-background-meta":{"desktop":{"background-color":"","background-image":"","background-repeat":"repeat","background-position":"center center","background-size":"auto","background-attachment":"scroll","background-type":"","background-media":"","overlay-type":"","overlay-color":"","overlay-opacity":"","overlay-gradient":""},"tablet":{"background-color":"","background-image":"","background-repeat":"repeat","background-position":"center center","background-size":"auto","background-attachment":"scroll","background-type":"","background-media":"","overlay-type":"","overlay-color":"","overlay-opacity":"","overlay-gradient":""},"mobile":{"background-color":"","background-image":"","background-repeat":"repeat","background-position":"center center","background-size":"auto","background-attachment":"scroll","background-type":"","background-media":"","overlay-type":"","overlay-color":"","overlay-opacity":"","overlay-gradient":""}},"ast-content-background-meta":{"desktop":{"background-color":"var(--ast-global-color-5)","background-image":"","background-repeat":"repeat","background-position":"center center","background-size":"auto","background-attachment":"scroll","background-type":"","background-media":"","overlay-type":"","overlay-color":"","overlay-opacity":"","overlay-gradient":""},"tablet":{"background-color":"var(--ast-global-color-5)","background-image":"","background-repeat":"repeat","background-position":"center center","background-size":"auto","background-attachment":"scroll","background-type":"","background-media":"","overlay-type":"","overlay-color":"","overlay-opacity":"","overlay-gradient":""},"mobile":{"background-color":"var(--ast-global-color-5)","background-image":"","background-repeat":"repeat","background-position":"center center","background-size":"auto","background-attachment":"scroll","background-type":"","background-media":"","overlay-type":"","overlay-color":"","overlay-opacity":"","overlay-gradient":""}}},"product_brand":[],"product_cat":[71],"product_tag":[86,84],"class_list":{"0":"post-5621","1":"product","2":"type-product","3":"status-publish","4":"has-post-thumbnail","6":"product_cat-maintenance-polishing-of-wood-products","7":"product_tag-natural-beeswax","8":"product_tag-wood-care","9":"desktop-align-center","10":"tablet-align-left","11":"mobile-align-left","12":"ast-product-gallery-layout-horizontal-slider","13":"ast-product-tabs-layout-horizontal","15":"first","16":"instock","17":"shipping-taxable","18":"product-type-simple"},"aioseo_notices":[],"uagb_featured_image_src":{"full":["https:\/\/williamweir.com\/wp-content\/uploads\/2024\/10\/1-8.jpg",1000,1000,false],"thumbnail":["https:\/\/williamweir.com\/wp-content\/uploads\/2024\/10\/1-8-300x300.jpg",300,300,true],"medium":["https:\/\/williamweir.com\/wp-content\/uploads\/2024\/10\/1-8-600x600.jpg",600,600,true],"medium_large":["https:\/\/williamweir.com\/wp-content\/uploads\/2024\/10\/1-8-768x768.jpg",768,768,true],"large":["https:\/\/williamweir.com\/wp-content\/uploads\/2024\/10\/1-8.jpg",1000,1000,false],"1536x1536":["https:\/\/williamweir.com\/wp-content\/uploads\/2024\/10\/1-8.jpg",1000,1000,false],"2048x2048":["https:\/\/williamweir.com\/wp-content\/uploads\/2024\/10\/1-8.jpg",1000,1000,false],"trp-custom-language-flag":["https:\/\/williamweir.com\/wp-content\/uploads\/2024\/10\/1-8-12x12.jpg",12,12,true],"woocommerce_thumbnail":["https:\/\/williamweir.com\/wp-content\/uploads\/2024\/10\/1-8-600x600.jpg",600,600,true],"woocommerce_single":["https:\/\/williamweir.com\/wp-content\/uploads\/2024\/10\/1-8-600x600.jpg",600,600,true],"woocommerce_gallery_thumbnail":["https:\/\/williamweir.com\/wp-content\/uploads\/2024\/10\/1-8-100x100.jpg",100,100,true]},"uagb_author_info":{"display_name":"wlwer","author_link":"https:\/\/williamweir.com\/es\/author\/"},"uagb_comment_info":0,"uagb_excerpt":"Our factory provides OEM\/ODM processing services, we can tailor products for you; Our MOQ is low, generally the minimum quantity is 1000 bottles can be produced; Our products are inexpensive, excellent product quality, in line with any national laws and regulations and customer needs! \u00a0 \u00a0 \u00a0 We also offer the following services \u00a0 Cross-border&hellip;","_links":{"self":[{"href":"https:\/\/williamweir.com\/es\/wp-json\/wp\/v2\/product\/5621"}],"collection":[{"href":"https:\/\/williamweir.com\/es\/wp-json\/wp\/v2\/product"}],"about":[{"href":"https:\/\/williamweir.com\/es\/wp-json\/wp\/v2\/types\/product"}],"version-history":[{"count":6,"href":"https:\/\/williamweir.com\/es\/wp-json\/wp\/v2\/product\/5621\/revisions"}],"predecessor-version":[{"id":8190,"href":"https:\/\/williamweir.com\/es\/wp-json\/wp\/v2\/product\/5621\/revisions\/8190"}],"wp:featuredmedia":[{"embeddable":true,"href":"https:\/\/williamweir.com\/es\/wp-json\/wp\/v2\/media\/11371"}],"wp:attachment":[{"href":"https:\/\/williamweir.com\/es\/wp-json\/wp\/v2\/media?parent=5621"}],"wp:term":[{"taxonomy":"product_brand","embeddable":true,"href":"https:\/\/williamweir.com\/es\/wp-json\/wp\/v2\/product_brand?post=5621"},{"taxonomy":"product_cat","embeddable":true,"href":"https:\/\/williamweir.com\/es\/wp-json\/wp\/v2\/product_cat?post=5621"},{"taxonomy":"product_tag","embeddable":true,"href":"https:\/\/williamweir.com\/es\/wp-json\/wp\/v2\/product_tag?post=5621"}],"curies":[{"name":"wp","href":"https:\/\/api.w.org\/{rel}","templated":true}]}}