{"id":5433,"date":"2024-10-31T07:00:05","date_gmt":"2024-10-31T07:00:05","guid":{"rendered":"https:\/\/williamweir.com\/?post_type=product&#038;p=5433"},"modified":"2025-05-24T01:42:27","modified_gmt":"2025-05-24T01:42:27","slug":"stone-wax","status":"publish","type":"product","link":"https:\/\/williamweir.com\/es\/producto\/stone-wax\/","title":{"rendered":"Cera de piedra"},"content":{"rendered":"<p><strong>C\u00f3digo del producto\uff1a2356<\/strong><\/p>\n<p><strong>I. Introducci\u00f3n del producto<\/strong><\/p>\n<p>Esta cera para piedras es un producto de cuidado de alta calidad cuidadosamente desarrollado para todo tipo de piedras. Gracias a sus avanzadas f\u00f3rmulas y a su exquisita elaboraci\u00f3n, proporciona una excelente protecci\u00f3n y efectos est\u00e9ticos a las piedras, manteniendo su superficie siempre brillante y nueva.<\/p>\n<p><strong>II. Caracter\u00edsticas del producto<\/strong><\/p>\n<p>Fuerte protecci\u00f3n: Forma una s\u00f3lida pel\u00edcula protectora sobre la superficie de la piedra, resistiendo eficazmente la erosi\u00f3n del desgaste diario, los ara\u00f1azos y las manchas, y prolongando la vida \u00fatil de las piedras.<br \/>\nMayor brillo: Confiere a las piedras un brillo profundo y duradero, realzando el grado est\u00e9tico de las piedras y haci\u00e9ndolas m\u00e1s deslumbrantes.<br \/>\nImpermeable y antiincrustante: Excelente rendimiento impermeable, evitando la penetraci\u00f3n de agua y, al mismo tiempo, impidiendo la adhesi\u00f3n de contaminantes como manchas de aceite y polvo, lo que facilita la limpieza y el mantenimiento.<br \/>\nResistente a los rayos ultravioleta: Resiste eficazmente el da\u00f1o de los rayos ultravioleta y evita que las piedras se decoloren y envejezcan debido a la exposici\u00f3n prolongada a la luz solar.<br \/>\nAmpliamente aplicable: Aplicable a varias piedras como m\u00e1rmol, granito y piedra artificial, satisfaciendo las necesidades de cuidado de diferentes tipos de piedras.<br \/>\nSeguro y respetuoso con el medio ambiente: Fabricado con materiales respetuosos con el medio ambiente, no es t\u00f3xico ni inodoro y no tiene efectos adversos en el cuerpo humano ni en el medio ambiente.<\/p>\n<p><strong>III. M\u00e9todos de utilizaci\u00f3n<\/strong><\/p>\n<p>Limpie la piedra: Antes de usarla, aseg\u00farese de que la superficie de la piedra est\u00e9 limpia y seca, sin impurezas como polvo o manchas de aceite. Para la limpieza pueden utilizarse limpiadores especiales para piedra.<br \/>\nAplique la cera de cuidado: Aplique uniformemente cera para el cuidado de la piedra sobre la superficie de la piedra. Para ello, pueden utilizarse esponjas, pa\u00f1os suaves o enceradoras. Preste atenci\u00f3n a aplicar una fuerza uniforme para garantizar un grosor moderado de la capa de cera.<br \/>\nTratamiento de pulido: Despu\u00e9s de que la cera de cuidado est\u00e9 ligeramente seca, utilice un pa\u00f1o suave y limpio o una m\u00e1quina pulidora para pulir y hacer que la superficie de la piedra presente un efecto liso y brillante.<br \/>\nMantenimiento regular: Seg\u00fan la frecuencia de uso y las condiciones ambientales de las piedras, aplique y pula regularmente cera de cuidado para mantener el buen estado de las piedras.<\/p>\n<p><strong>IV. Precauciones<\/strong><\/p>\n<p>Evite utilizar este producto en un ambiente h\u00famedo o a alta temperatura para no afectar al efecto de cuidado.<br \/>\nNo aplique la cera de cuidado sobre superficies no p\u00e9treas para evitar contaminarlas.<br \/>\nEn caso de contacto accidental con los ojos o la piel durante el uso, enjuagar inmediatamente con agua limpia y buscar atenci\u00f3n m\u00e9dica a tiempo.<br \/>\nGuarde este producto en un lugar fresco y seco, alejado de fuentes de fuego y de los ni\u00f1os.<\/p>","protected":false},"excerpt":{"rendered":"<p>\u00a1Nuestra f\u00e1brica ofrece servicios de procesamiento OEM\/ODM, podemos adaptar productos para usted; Nuestro MOQ es bajo, generalmente la cantidad m\u00ednima es de 1000 botellas pueden ser producidas; Nuestros productos son baratos, excelente calidad del producto, en l\u00ednea con cualquier ley y reglamento nacional y las necesidades del cliente!<\/p>\n<h3><strong>\u00a0 \u00a0 \u00a0 Tambi\u00e9n ofrecemos los siguientes servicios<\/strong><\/h3>\n<h4><strong><img decoding=\"async\" class=\"emoji\" role=\"img\" draggable=\"false\" src=\"https:\/\/s.w.org\/images\/core\/emoji\/15.0.3\/svg\/2714.svg\" alt=\"\u2714\" \/>\u00a0 Fuente transfronteriza\u00a0 \u00a0 \u00a0 \u00a0 \u00a0\u00a0<img decoding=\"async\" class=\"emoji\" role=\"img\" draggable=\"false\" src=\"https:\/\/s.w.org\/images\/core\/emoji\/15.0.3\/svg\/2714.svg\" alt=\"\u2714\" \/>\u00a0 Apoyo a la personalizaci\u00f3n<\/strong><\/h4>\n<h4><strong><img decoding=\"async\" class=\"emoji\" role=\"img\" draggable=\"false\" src=\"https:\/\/s.w.org\/images\/core\/emoji\/15.0.3\/svg\/2714.svg\" alt=\"\u2714\" \/>\u00a0 Fuente f\u00e1brica\u00a0 \u00a0 \u00a0 \u00a0 \u00a0 \u00a0 \u00a0 \u00a0 \u00a0 \u00a0 \u00a0 \u00a0<img decoding=\"async\" class=\"emoji\" role=\"img\" draggable=\"false\" src=\"https:\/\/s.w.org\/images\/core\/emoji\/15.0.3\/svg\/2714.svg\" alt=\"\u2714\" \/>\u00a0 Desarrollo de productos<\/strong><\/h4>\n<h4><strong><img decoding=\"async\" class=\"emoji\" role=\"img\" draggable=\"false\" src=\"https:\/\/s.w.org\/images\/core\/emoji\/15.0.3\/svg\/2714.svg\" alt=\"\u2714\" \/>\u00a0 A la medida de la muestra\u00a0 \u00a0 \u00a0 \u00a0 \u00a0 \u00a0 \u00a0 \u00a0 \u00a0 \u00a0\u00a0<img decoding=\"async\" class=\"emoji\" role=\"img\" draggable=\"false\" src=\"https:\/\/s.w.org\/images\/core\/emoji\/15.0.3\/svg\/2714.svg\" alt=\"\u2714\" \/>\u00a0 Autorizaci\u00f3n de marca<\/strong><\/h4>\n<p>&nbsp;<\/p>\n<h2 style=\"text-align: left;\"><strong>\u00bfPreguntas o comentarios? <\/strong><\/h2>\n<h2 style=\"text-align: left;\"><strong>wlwer@williamweir.com<\/strong><\/h2>\n<h4><strong>\u00a0<\/strong><\/h4>","protected":false},"featured_media":5434,"template":"","meta":{"_uag_custom_page_level_css":"","site-sidebar-layout":"default","site-content-layout":"","ast-site-content-layout":"default","site-content-style":"default","site-sidebar-style":"default","ast-global-header-display":"","ast-banner-title-visibility":"","ast-main-header-display":"","ast-hfb-above-header-display":"","ast-hfb-below-header-display":"","ast-hfb-mobile-header-display":"","site-post-title":"","ast-breadcrumbs-content":"","ast-featured-img":"","footer-sml-layout":"","theme-transparent-header-meta":"default","adv-header-id-meta":"","stick-header-meta":"","header-above-stick-meta":"","header-main-stick-meta":"","header-below-stick-meta":"","astra-migrate-meta-layouts":"set","ast-page-background-enabled":"default","ast-page-background-meta":{"desktop":{"background-color":"","background-image":"","background-repeat":"repeat","background-position":"center center","background-size":"auto","background-attachment":"scroll","background-type":"","background-media":"","overlay-type":"","overlay-color":"","overlay-opacity":"","overlay-gradient":""},"tablet":{"background-color":"","background-image":"","background-repeat":"repeat","background-position":"center center","background-size":"auto","background-attachment":"scroll","background-type":"","background-media":"","overlay-type":"","overlay-color":"","overlay-opacity":"","overlay-gradient":""},"mobile":{"background-color":"","background-image":"","background-repeat":"repeat","background-position":"center center","background-size":"auto","background-attachment":"scroll","background-type":"","background-media":"","overlay-type":"","overlay-color":"","overlay-opacity":"","overlay-gradient":""}},"ast-content-background-meta":{"desktop":{"background-color":"var(--ast-global-color-5)","background-image":"","background-repeat":"repeat","background-position":"center center","background-size":"auto","background-attachment":"scroll","background-type":"","background-media":"","overlay-type":"","overlay-color":"","overlay-opacity":"","overlay-gradient":""},"tablet":{"background-color":"var(--ast-global-color-5)","background-image":"","background-repeat":"repeat","background-position":"center center","background-size":"auto","background-attachment":"scroll","background-type":"","background-media":"","overlay-type":"","overlay-color":"","overlay-opacity":"","overlay-gradient":""},"mobile":{"background-color":"var(--ast-global-color-5)","background-image":"","background-repeat":"repeat","background-position":"center center","background-size":"auto","background-attachment":"scroll","background-type":"","background-media":"","overlay-type":"","overlay-color":"","overlay-opacity":"","overlay-gradient":""}}},"product_brand":[],"product_cat":[72],"product_tag":[177,178],"class_list":{"0":"post-5433","1":"product","2":"type-product","3":"status-publish","4":"has-post-thumbnail","6":"product_cat-stone-maintenance-and-polishing","7":"product_tag-stone-care-wax","8":"product_tag-stone-polishing-wax","9":"desktop-align-center","10":"tablet-align-left","11":"mobile-align-left","12":"ast-product-gallery-layout-horizontal-slider","13":"ast-product-gallery-with-no-image","14":"ast-product-tabs-layout-horizontal","16":"first","17":"instock","18":"shipping-taxable","19":"product-type-simple"},"aioseo_notices":[],"uagb_featured_image_src":{"full":["https:\/\/williamweir.com\/wp-content\/uploads\/2024\/10\/9911721.jpg",800,800,false],"thumbnail":["https:\/\/williamweir.com\/wp-content\/uploads\/2024\/10\/9911721-300x300.jpg",300,300,true],"medium":["https:\/\/williamweir.com\/wp-content\/uploads\/2024\/10\/9911721-600x600.jpg",600,600,true],"medium_large":["https:\/\/williamweir.com\/wp-content\/uploads\/2024\/10\/9911721-768x768.jpg",768,768,true],"large":["https:\/\/williamweir.com\/wp-content\/uploads\/2024\/10\/9911721.jpg",800,800,false],"1536x1536":["https:\/\/williamweir.com\/wp-content\/uploads\/2024\/10\/9911721.jpg",800,800,false],"2048x2048":["https:\/\/williamweir.com\/wp-content\/uploads\/2024\/10\/9911721.jpg",800,800,false],"trp-custom-language-flag":["https:\/\/williamweir.com\/wp-content\/uploads\/2024\/10\/9911721-12x12.jpg",12,12,true],"woocommerce_thumbnail":["https:\/\/williamweir.com\/wp-content\/uploads\/2024\/10\/9911721-600x600.jpg",600,600,true],"woocommerce_single":["https:\/\/williamweir.com\/wp-content\/uploads\/2024\/10\/9911721-600x600.jpg",600,600,true],"woocommerce_gallery_thumbnail":["https:\/\/williamweir.com\/wp-content\/uploads\/2024\/10\/9911721-100x100.jpg",100,100,true]},"uagb_author_info":{"display_name":"wlwer","author_link":"https:\/\/williamweir.com\/es\/author\/"},"uagb_comment_info":0,"uagb_excerpt":"Our factory provides OEM\/ODM processing services, we can tailor products for you; Our MOQ is low, generally the minimum quantity is 1000 bottles can be produced; Our products are inexpensive, excellent product quality, in line with any national laws and regulations and customer needs! \u00a0 \u00a0 \u00a0 We also offer the following services \u00a0 Cross-border&hellip;","_links":{"self":[{"href":"https:\/\/williamweir.com\/es\/wp-json\/wp\/v2\/product\/5433"}],"collection":[{"href":"https:\/\/williamweir.com\/es\/wp-json\/wp\/v2\/product"}],"about":[{"href":"https:\/\/williamweir.com\/es\/wp-json\/wp\/v2\/types\/product"}],"version-history":[{"count":5,"href":"https:\/\/williamweir.com\/es\/wp-json\/wp\/v2\/product\/5433\/revisions"}],"predecessor-version":[{"id":8259,"href":"https:\/\/williamweir.com\/es\/wp-json\/wp\/v2\/product\/5433\/revisions\/8259"}],"wp:featuredmedia":[{"embeddable":true,"href":"https:\/\/williamweir.com\/es\/wp-json\/wp\/v2\/media\/5434"}],"wp:attachment":[{"href":"https:\/\/williamweir.com\/es\/wp-json\/wp\/v2\/media?parent=5433"}],"wp:term":[{"taxonomy":"product_brand","embeddable":true,"href":"https:\/\/williamweir.com\/es\/wp-json\/wp\/v2\/product_brand?post=5433"},{"taxonomy":"product_cat","embeddable":true,"href":"https:\/\/williamweir.com\/es\/wp-json\/wp\/v2\/product_cat?post=5433"},{"taxonomy":"product_tag","embeddable":true,"href":"https:\/\/williamweir.com\/es\/wp-json\/wp\/v2\/product_tag?post=5433"}],"curies":[{"name":"wp","href":"https:\/\/api.w.org\/{rel}","templated":true}]}}