{"id":5427,"date":"2024-10-31T06:56:58","date_gmt":"2024-10-31T06:56:58","guid":{"rendered":"https:\/\/williamweir.com\/?post_type=product&#038;p=5427"},"modified":"2025-05-24T01:42:49","modified_gmt":"2025-05-24T01:42:49","slug":"active-enzyme-clothes-oil-remove","status":"publish","type":"product","link":"https:\/\/williamweir.com\/es\/producto\/active-enzyme-clothes-oil-remove\/","title":{"rendered":"Enzima activa que elimina el aceite de la ropa"},"content":{"rendered":"<p><strong>C\u00f3digo del producto\uff1a1861<\/strong><\/p>\n<p><strong>I. Caracter\u00edsticas del producto<\/strong><\/p>\n<p>El quitagrasas para ropa King puede eliminar eficazmente el aceite pesado de los tejidos. Est\u00e1 especialmente dise\u00f1ado para eliminar manchas de aceite dif\u00edciles de quitar, como aceites animales y vegetales, aceite de sopa, aceite de chile, aceite de olla caliente, aceite negro, aceite de bol\u00edgrafo, manchas de bol\u00edgrafo de colores, manchas de chicle, etc. en partes locales de los tejidos. Es seguro, respetuoso con el medio ambiente y fiable. Adem\u00e1s, es suave y profesional, no da\u00f1a la ropa y es c\u00f3modo y r\u00e1pido.<br \/>\nIngredientes del producto: tensioactivos, disolventes, agentes quelantes, agua desionizada, etc.<\/p>\n<p><strong>II. \u00c1mbito de aplicaci\u00f3n<\/strong><\/p>\n<p>Adecuado para lavar manchas dif\u00edciles de aceite en tejidos de diversos colores como algod\u00f3n, lino, seda, lana, plum\u00f3n, tejidos mixtos y fibras sint\u00e9ticas.<\/p>\n<p><strong>III. M\u00e9todo de utilizaci\u00f3n<\/strong><\/p>\n<p>Mantenga seca la zona de la ropa manchada de aceite. Deje caer este producto directamente sobre ella para que quede completamente empapada. D\u00e9jelo reposar de 5 a 10 minutos. Frote la zona manchada de aceite con la mano. Cuando el aceite salga flotando, acl\u00e1relo con agua. Ponga detergente para la ropa en agua limpia, d\u00e9jelo en remojo un rato y frote la zona manchada de aceite de la ropa para eliminar la mancha de aceite. Para las manchas de aceite que no se pueden quitar de una sola vez, repita los pasos anteriores despu\u00e9s de que la ropa est\u00e9 seca hasta que el efecto sea satisfactorio.<\/p>\n<p><strong>IV. Precauciones<\/strong><\/p>\n<p>La ropa no puede mojarse antes del tratamiento. Aseg\u00farese de que est\u00e9 seca. No puede utilizarse en prendas de piel. Despu\u00e9s de aplicar la soluci\u00f3n sin diluir, l\u00e1vela antes de media hora.<br \/>\nPara prendas sensibles y que desti\u00f1en con facilidad (como 100% algod\u00f3n puro, prendas de color seda) o prendas con revestimiento, viscosa, tejido estampado y tejido de fibra de acetato, pru\u00e9belo primero en un lugar discreto. Si no desti\u00f1e, util\u00edcela.<br \/>\nSi accidentalmente entra en contacto con los ojos, aclarar inmediatamente con abundante agua limpia. En caso de ingesti\u00f3n accidental o malestar, acuda inmediatamente al m\u00e9dico.<br \/>\nPor favor, col\u00f3quelo fuera del alcance de los ni\u00f1os. Mant\u00e9ngalo alejado de la luz y gu\u00e1rdelo herm\u00e9ticamente en un lugar fresco y seco.<\/p>","protected":false},"excerpt":{"rendered":"<p>\u00a1Nuestra f\u00e1brica ofrece servicios de procesamiento OEM\/ODM, podemos adaptar productos para usted; Nuestro MOQ es bajo, generalmente la cantidad m\u00ednima es de 1000 botellas pueden ser producidas; Nuestros productos son baratos, excelente calidad del producto, en l\u00ednea con cualquier ley y reglamento nacional y las necesidades del cliente!<\/p>\n<h3><strong>\u00a0 \u00a0 \u00a0 Tambi\u00e9n ofrecemos los siguientes servicios<\/strong><\/h3>\n<h4><strong><img decoding=\"async\" class=\"emoji\" role=\"img\" draggable=\"false\" src=\"https:\/\/s.w.org\/images\/core\/emoji\/15.0.3\/svg\/2714.svg\" alt=\"\u2714\" \/>\u00a0 Fuente transfronteriza\u00a0 \u00a0 \u00a0 \u00a0 \u00a0\u00a0<img decoding=\"async\" class=\"emoji\" role=\"img\" draggable=\"false\" src=\"https:\/\/s.w.org\/images\/core\/emoji\/15.0.3\/svg\/2714.svg\" alt=\"\u2714\" \/>\u00a0 Apoyo a la personalizaci\u00f3n<\/strong><\/h4>\n<h4><strong><img decoding=\"async\" class=\"emoji\" role=\"img\" draggable=\"false\" src=\"https:\/\/s.w.org\/images\/core\/emoji\/15.0.3\/svg\/2714.svg\" alt=\"\u2714\" \/>\u00a0 Fuente f\u00e1brica\u00a0 \u00a0 \u00a0 \u00a0 \u00a0 \u00a0 \u00a0 \u00a0 \u00a0 \u00a0 \u00a0 \u00a0<img decoding=\"async\" class=\"emoji\" role=\"img\" draggable=\"false\" src=\"https:\/\/s.w.org\/images\/core\/emoji\/15.0.3\/svg\/2714.svg\" alt=\"\u2714\" \/>\u00a0 Desarrollo de productos<\/strong><\/h4>\n<h4><strong><img decoding=\"async\" class=\"emoji\" role=\"img\" draggable=\"false\" src=\"https:\/\/s.w.org\/images\/core\/emoji\/15.0.3\/svg\/2714.svg\" alt=\"\u2714\" \/>\u00a0 A la medida de la muestra\u00a0 \u00a0 \u00a0 \u00a0 \u00a0 \u00a0 \u00a0 \u00a0 \u00a0 \u00a0\u00a0<img decoding=\"async\" class=\"emoji\" role=\"img\" draggable=\"false\" src=\"https:\/\/s.w.org\/images\/core\/emoji\/15.0.3\/svg\/2714.svg\" alt=\"\u2714\" \/>\u00a0 Autorizaci\u00f3n de marca<\/strong><\/h4>\n<p>&nbsp;<\/p>\n<h2 style=\"text-align: left;\"><strong>\u00bfPreguntas o comentarios? <\/strong><\/h2>\n<h2 style=\"text-align: left;\"><strong>wlwer@williamweir.com<\/strong><\/h2>\n<h4><strong>\u00a0<\/strong><\/h4>","protected":false},"featured_media":5428,"template":"","meta":{"_uag_custom_page_level_css":"","site-sidebar-layout":"default","site-content-layout":"","ast-site-content-layout":"default","site-content-style":"default","site-sidebar-style":"default","ast-global-header-display":"","ast-banner-title-visibility":"","ast-main-header-display":"","ast-hfb-above-header-display":"","ast-hfb-below-header-display":"","ast-hfb-mobile-header-display":"","site-post-title":"","ast-breadcrumbs-content":"","ast-featured-img":"","footer-sml-layout":"","theme-transparent-header-meta":"default","adv-header-id-meta":"","stick-header-meta":"","header-above-stick-meta":"","header-main-stick-meta":"","header-below-stick-meta":"","astra-migrate-meta-layouts":"set","ast-page-background-enabled":"default","ast-page-background-meta":{"desktop":{"background-color":"","background-image":"","background-repeat":"repeat","background-position":"center center","background-size":"auto","background-attachment":"scroll","background-type":"","background-media":"","overlay-type":"","overlay-color":"","overlay-opacity":"","overlay-gradient":""},"tablet":{"background-color":"","background-image":"","background-repeat":"repeat","background-position":"center center","background-size":"auto","background-attachment":"scroll","background-type":"","background-media":"","overlay-type":"","overlay-color":"","overlay-opacity":"","overlay-gradient":""},"mobile":{"background-color":"","background-image":"","background-repeat":"repeat","background-position":"center center","background-size":"auto","background-attachment":"scroll","background-type":"","background-media":"","overlay-type":"","overlay-color":"","overlay-opacity":"","overlay-gradient":""}},"ast-content-background-meta":{"desktop":{"background-color":"var(--ast-global-color-5)","background-image":"","background-repeat":"repeat","background-position":"center center","background-size":"auto","background-attachment":"scroll","background-type":"","background-media":"","overlay-type":"","overlay-color":"","overlay-opacity":"","overlay-gradient":""},"tablet":{"background-color":"var(--ast-global-color-5)","background-image":"","background-repeat":"repeat","background-position":"center center","background-size":"auto","background-attachment":"scroll","background-type":"","background-media":"","overlay-type":"","overlay-color":"","overlay-opacity":"","overlay-gradient":""},"mobile":{"background-color":"var(--ast-global-color-5)","background-image":"","background-repeat":"repeat","background-position":"center center","background-size":"auto","background-attachment":"scroll","background-type":"","background-media":"","overlay-type":"","overlay-color":"","overlay-opacity":"","overlay-gradient":""}}},"product_brand":[],"product_cat":[76],"product_tag":[260,179],"class_list":{"0":"post-5427","1":"product","2":"type-product","3":"status-publish","4":"has-post-thumbnail","6":"product_cat-laundry-care","7":"product_tag-clothes-grease-stain-cleaner","8":"product_tag-clothes-oil-remover","9":"desktop-align-center","10":"tablet-align-left","11":"mobile-align-left","12":"ast-product-gallery-layout-horizontal-slider","13":"ast-product-gallery-with-no-image","14":"ast-product-tabs-layout-horizontal","16":"first","17":"instock","18":"shipping-taxable","19":"product-type-simple"},"aioseo_notices":[],"uagb_featured_image_src":{"full":["https:\/\/williamweir.com\/wp-content\/uploads\/2024\/10\/9911725.jpeg",705,705,false],"thumbnail":["https:\/\/williamweir.com\/wp-content\/uploads\/2024\/10\/9911725-300x300.jpeg",300,300,true],"medium":["https:\/\/williamweir.com\/wp-content\/uploads\/2024\/10\/9911725-600x600.jpeg",600,600,true],"medium_large":["https:\/\/williamweir.com\/wp-content\/uploads\/2024\/10\/9911725.jpeg",705,705,false],"large":["https:\/\/williamweir.com\/wp-content\/uploads\/2024\/10\/9911725.jpeg",705,705,false],"1536x1536":["https:\/\/williamweir.com\/wp-content\/uploads\/2024\/10\/9911725.jpeg",705,705,false],"2048x2048":["https:\/\/williamweir.com\/wp-content\/uploads\/2024\/10\/9911725.jpeg",705,705,false],"trp-custom-language-flag":["https:\/\/williamweir.com\/wp-content\/uploads\/2024\/10\/9911725-12x12.jpeg",12,12,true],"woocommerce_thumbnail":["https:\/\/williamweir.com\/wp-content\/uploads\/2024\/10\/9911725-600x600.jpeg",600,600,true],"woocommerce_single":["https:\/\/williamweir.com\/wp-content\/uploads\/2024\/10\/9911725-600x600.jpeg",600,600,true],"woocommerce_gallery_thumbnail":["https:\/\/williamweir.com\/wp-content\/uploads\/2024\/10\/9911725-100x100.jpeg",100,100,true]},"uagb_author_info":{"display_name":"wlwer","author_link":"https:\/\/williamweir.com\/es\/author\/"},"uagb_comment_info":0,"uagb_excerpt":"Our factory provides OEM\/ODM processing services, we can tailor products for you; Our MOQ is low, generally the minimum quantity is 1000 bottles can be produced; Our products are inexpensive, excellent product quality, in line with any national laws and regulations and customer needs! \u00a0 \u00a0 \u00a0 We also offer the following services \u00a0 Cross-border&hellip;","_links":{"self":[{"href":"https:\/\/williamweir.com\/es\/wp-json\/wp\/v2\/product\/5427"}],"collection":[{"href":"https:\/\/williamweir.com\/es\/wp-json\/wp\/v2\/product"}],"about":[{"href":"https:\/\/williamweir.com\/es\/wp-json\/wp\/v2\/types\/product"}],"version-history":[{"count":4,"href":"https:\/\/williamweir.com\/es\/wp-json\/wp\/v2\/product\/5427\/revisions"}],"predecessor-version":[{"id":8262,"href":"https:\/\/williamweir.com\/es\/wp-json\/wp\/v2\/product\/5427\/revisions\/8262"}],"wp:featuredmedia":[{"embeddable":true,"href":"https:\/\/williamweir.com\/es\/wp-json\/wp\/v2\/media\/5428"}],"wp:attachment":[{"href":"https:\/\/williamweir.com\/es\/wp-json\/wp\/v2\/media?parent=5427"}],"wp:term":[{"taxonomy":"product_brand","embeddable":true,"href":"https:\/\/williamweir.com\/es\/wp-json\/wp\/v2\/product_brand?post=5427"},{"taxonomy":"product_cat","embeddable":true,"href":"https:\/\/williamweir.com\/es\/wp-json\/wp\/v2\/product_cat?post=5427"},{"taxonomy":"product_tag","embeddable":true,"href":"https:\/\/williamweir.com\/es\/wp-json\/wp\/v2\/product_tag?post=5427"}],"curies":[{"name":"wp","href":"https:\/\/api.w.org\/{rel}","templated":true}]}}