{"id":5400,"date":"2024-10-31T06:42:01","date_gmt":"2024-10-31T06:42:01","guid":{"rendered":"https:\/\/williamweir.com\/?post_type=product&#038;p=5400"},"modified":"2025-05-24T01:43:36","modified_gmt":"2025-05-24T01:43:36","slug":"car-snow-melting-and-deicing-agent","status":"publish","type":"product","link":"https:\/\/williamweir.com\/es\/producto\/car-snow-melting-and-deicing-agent\/","title":{"rendered":"Derretidor y descongelante de nieve para autom\u00f3viles"},"content":{"rendered":"<p><strong>C\u00f3digo del producto\uff1a2844<\/strong><\/p>\n<p><strong>I. Introducci\u00f3n del producto<\/strong><\/p>\n<p>Este producto es muy eficaz y est\u00e1 especialmente dise\u00f1ado para resolver el problema del hielo en el cristal del coche cuando hace fr\u00edo. Puede eliminar r\u00e1pida y eficazmente la capa de hielo en el cristal del coche, hacer que su visi\u00f3n sea clara y garantizar la seguridad en la conducci\u00f3n.<\/p>\n<p><strong>II. Caracter\u00edsticas del producto<\/strong><\/p>\n<p>Deshielo r\u00e1pido: Puede derretir r\u00e1pidamente la capa de hielo en el cristal del coche, ahorrando tiempo y mejorando la eficiencia.<br \/>\nInofensivo para el cristal: La f\u00f3rmula es suave y no causar\u00e1 ara\u00f1azos ni otros da\u00f1os en el cristal del coche.<br \/>\nPreviene la recongelaci\u00f3n: Contiene ingredientes especiales y puede evitar que el cristal se vuelva a congelar en un periodo de tiempo determinado.<br \/>\nF\u00e1cil de usar: Basta con pulverizar el descongelante sobre la superficie de cristal congelada, esperar un rato y limpiar con un trapo.<br \/>\nAdecuado para diversas condiciones meteorol\u00f3gicas: Puede hacer frente eficazmente a la situaci\u00f3n de formaci\u00f3n de hielo despu\u00e9s de nieve ligera, nieve moderada o nieve pesada.<\/p>\n<p><strong>III. M\u00e9todos de utilizaci\u00f3n<\/strong><\/p>\n<p>Antes de usarlo, arranca el motor del coche y enciende la calefacci\u00f3n para aumentar la temperatura en el interior del veh\u00edculo, lo que ayudar\u00e1 a que el agente descongelante act\u00fae mejor.<br \/>\nAgite la botella de descongelante para mezclar uniformemente el l\u00edquido.<br \/>\nPulverice el agente descongelante uniformemente sobre la superficie congelada del cristal del coche para garantizar una cobertura total.<br \/>\nEspere unos minutos para que el agente descongelante penetre completamente y derrita la capa de hielo.<br \/>\nLimpie suavemente la superficie del cristal con un trapo limpio o una bayeta para eliminar el agua helada derretida y los restos de agente descongelante.<\/p>\n<p><strong>IV. Precauciones<\/strong><\/p>\n<p>Evite el contacto con los ojos: Si el agente descongelante entra accidentalmente en contacto con los ojos, enjuague inmediatamente con abundante agua limpia y busque atenci\u00f3n m\u00e9dica a tiempo.<br \/>\nAlmacenar en un lugar de dif\u00edcil acceso para los ni\u00f1os: Evitar que los ni\u00f1os lo ingieran o entren en contacto con \u00e9l accidentalmente.<br \/>\nUtilizar seg\u00fan las instrucciones: No utilice una cantidad excesiva de agente descongelante para no afectar al efecto descongelante.<\/p>","protected":false},"excerpt":{"rendered":"<p>\u00a1Nuestra f\u00e1brica ofrece servicios de procesamiento OEM\/ODM, podemos adaptar productos para usted; Nuestro MOQ es bajo, generalmente la cantidad m\u00ednima es de 1000 botellas pueden ser producidas; Nuestros productos son baratos, excelente calidad del producto, en l\u00ednea con cualquier ley y reglamento nacional y las necesidades del cliente!<\/p>\n<h3><strong>\u00a0 \u00a0 \u00a0 Tambi\u00e9n ofrecemos los siguientes servicios<\/strong><\/h3>\n<h4><strong><img decoding=\"async\" class=\"emoji\" role=\"img\" draggable=\"false\" src=\"https:\/\/s.w.org\/images\/core\/emoji\/15.0.3\/svg\/2714.svg\" alt=\"\u2714\" \/>\u00a0 Fuente transfronteriza\u00a0 \u00a0 \u00a0 \u00a0 \u00a0\u00a0<img decoding=\"async\" class=\"emoji\" role=\"img\" draggable=\"false\" src=\"https:\/\/s.w.org\/images\/core\/emoji\/15.0.3\/svg\/2714.svg\" alt=\"\u2714\" \/>\u00a0 Apoyo a la personalizaci\u00f3n<\/strong><\/h4>\n<h4><strong><img decoding=\"async\" class=\"emoji\" role=\"img\" draggable=\"false\" src=\"https:\/\/s.w.org\/images\/core\/emoji\/15.0.3\/svg\/2714.svg\" alt=\"\u2714\" \/>\u00a0 Fuente f\u00e1brica\u00a0 \u00a0 \u00a0 \u00a0 \u00a0 \u00a0 \u00a0 \u00a0 \u00a0 \u00a0 \u00a0 \u00a0<img decoding=\"async\" class=\"emoji\" role=\"img\" draggable=\"false\" src=\"https:\/\/s.w.org\/images\/core\/emoji\/15.0.3\/svg\/2714.svg\" alt=\"\u2714\" \/>\u00a0 Desarrollo de productos<\/strong><\/h4>\n<h4><strong><img decoding=\"async\" class=\"emoji\" role=\"img\" draggable=\"false\" src=\"https:\/\/s.w.org\/images\/core\/emoji\/15.0.3\/svg\/2714.svg\" alt=\"\u2714\" \/>\u00a0 A la medida de la muestra\u00a0 \u00a0 \u00a0 \u00a0 \u00a0 \u00a0 \u00a0 \u00a0 \u00a0 \u00a0\u00a0<img decoding=\"async\" class=\"emoji\" role=\"img\" draggable=\"false\" src=\"https:\/\/s.w.org\/images\/core\/emoji\/15.0.3\/svg\/2714.svg\" alt=\"\u2714\" \/>\u00a0 Autorizaci\u00f3n de marca<\/strong><\/h4>\n<p>&nbsp;<\/p>\n<h2 style=\"text-align: left;\"><strong>\u00bfPreguntas o comentarios? <\/strong><\/h2>\n<h2 style=\"text-align: left;\"><strong>wlwer@williamweir.com<\/strong><\/h2>\n<h4><strong>\u00a0<\/strong><\/h4>","protected":false},"featured_media":5401,"template":"","meta":{"_uag_custom_page_level_css":"","site-sidebar-layout":"default","site-content-layout":"","ast-site-content-layout":"default","site-content-style":"default","site-sidebar-style":"default","ast-global-header-display":"","ast-banner-title-visibility":"","ast-main-header-display":"","ast-hfb-above-header-display":"","ast-hfb-below-header-display":"","ast-hfb-mobile-header-display":"","site-post-title":"","ast-breadcrumbs-content":"","ast-featured-img":"","footer-sml-layout":"","theme-transparent-header-meta":"default","adv-header-id-meta":"","stick-header-meta":"","header-above-stick-meta":"","header-main-stick-meta":"","header-below-stick-meta":"","astra-migrate-meta-layouts":"set","ast-page-background-enabled":"default","ast-page-background-meta":{"desktop":{"background-color":"","background-image":"","background-repeat":"repeat","background-position":"center center","background-size":"auto","background-attachment":"scroll","background-type":"","background-media":"","overlay-type":"","overlay-color":"","overlay-opacity":"","overlay-gradient":""},"tablet":{"background-color":"","background-image":"","background-repeat":"repeat","background-position":"center center","background-size":"auto","background-attachment":"scroll","background-type":"","background-media":"","overlay-type":"","overlay-color":"","overlay-opacity":"","overlay-gradient":""},"mobile":{"background-color":"","background-image":"","background-repeat":"repeat","background-position":"center center","background-size":"auto","background-attachment":"scroll","background-type":"","background-media":"","overlay-type":"","overlay-color":"","overlay-opacity":"","overlay-gradient":""}},"ast-content-background-meta":{"desktop":{"background-color":"var(--ast-global-color-5)","background-image":"","background-repeat":"repeat","background-position":"center center","background-size":"auto","background-attachment":"scroll","background-type":"","background-media":"","overlay-type":"","overlay-color":"","overlay-opacity":"","overlay-gradient":""},"tablet":{"background-color":"var(--ast-global-color-5)","background-image":"","background-repeat":"repeat","background-position":"center center","background-size":"auto","background-attachment":"scroll","background-type":"","background-media":"","overlay-type":"","overlay-color":"","overlay-opacity":"","overlay-gradient":""},"mobile":{"background-color":"var(--ast-global-color-5)","background-image":"","background-repeat":"repeat","background-position":"center center","background-size":"auto","background-attachment":"scroll","background-type":"","background-media":"","overlay-type":"","overlay-color":"","overlay-opacity":"","overlay-gradient":""}}},"product_brand":[],"product_cat":[80],"product_tag":[265],"class_list":{"0":"post-5400","1":"product","2":"type-product","3":"status-publish","4":"has-post-thumbnail","6":"product_cat-snow-melting-and-deicing-agent","7":"product_tag-snow-melting-and-deicing-agent","8":"desktop-align-center","9":"tablet-align-left","10":"mobile-align-left","11":"ast-product-gallery-layout-horizontal-slider","12":"ast-product-gallery-with-no-image","13":"ast-product-tabs-layout-horizontal","15":"first","16":"instock","17":"shipping-taxable","18":"product-type-simple"},"aioseo_notices":[],"uagb_featured_image_src":{"full":["https:\/\/williamweir.com\/wp-content\/uploads\/2024\/10\/9911751.jpg",800,800,false],"thumbnail":["https:\/\/williamweir.com\/wp-content\/uploads\/2024\/10\/9911751-300x300.jpg",300,300,true],"medium":["https:\/\/williamweir.com\/wp-content\/uploads\/2024\/10\/9911751-600x600.jpg",600,600,true],"medium_large":["https:\/\/williamweir.com\/wp-content\/uploads\/2024\/10\/9911751-768x768.jpg",768,768,true],"large":["https:\/\/williamweir.com\/wp-content\/uploads\/2024\/10\/9911751.jpg",800,800,false],"1536x1536":["https:\/\/williamweir.com\/wp-content\/uploads\/2024\/10\/9911751.jpg",800,800,false],"2048x2048":["https:\/\/williamweir.com\/wp-content\/uploads\/2024\/10\/9911751.jpg",800,800,false],"trp-custom-language-flag":["https:\/\/williamweir.com\/wp-content\/uploads\/2024\/10\/9911751-12x12.jpg",12,12,true],"woocommerce_thumbnail":["https:\/\/williamweir.com\/wp-content\/uploads\/2024\/10\/9911751-600x600.jpg",600,600,true],"woocommerce_single":["https:\/\/williamweir.com\/wp-content\/uploads\/2024\/10\/9911751-600x600.jpg",600,600,true],"woocommerce_gallery_thumbnail":["https:\/\/williamweir.com\/wp-content\/uploads\/2024\/10\/9911751-100x100.jpg",100,100,true]},"uagb_author_info":{"display_name":"wlwer","author_link":"https:\/\/williamweir.com\/es\/author\/"},"uagb_comment_info":0,"uagb_excerpt":"Our factory provides OEM\/ODM processing services, we can tailor products for you; Our MOQ is low, generally the minimum quantity is 1000 bottles can be produced; Our products are inexpensive, excellent product quality, in line with any national laws and regulations and customer needs! \u00a0 \u00a0 \u00a0 We also offer the following services \u00a0 Cross-border&hellip;","_links":{"self":[{"href":"https:\/\/williamweir.com\/es\/wp-json\/wp\/v2\/product\/5400"}],"collection":[{"href":"https:\/\/williamweir.com\/es\/wp-json\/wp\/v2\/product"}],"about":[{"href":"https:\/\/williamweir.com\/es\/wp-json\/wp\/v2\/types\/product"}],"version-history":[{"count":5,"href":"https:\/\/williamweir.com\/es\/wp-json\/wp\/v2\/product\/5400\/revisions"}],"predecessor-version":[{"id":8270,"href":"https:\/\/williamweir.com\/es\/wp-json\/wp\/v2\/product\/5400\/revisions\/8270"}],"wp:featuredmedia":[{"embeddable":true,"href":"https:\/\/williamweir.com\/es\/wp-json\/wp\/v2\/media\/5401"}],"wp:attachment":[{"href":"https:\/\/williamweir.com\/es\/wp-json\/wp\/v2\/media?parent=5400"}],"wp:term":[{"taxonomy":"product_brand","embeddable":true,"href":"https:\/\/williamweir.com\/es\/wp-json\/wp\/v2\/product_brand?post=5400"},{"taxonomy":"product_cat","embeddable":true,"href":"https:\/\/williamweir.com\/es\/wp-json\/wp\/v2\/product_cat?post=5400"},{"taxonomy":"product_tag","embeddable":true,"href":"https:\/\/williamweir.com\/es\/wp-json\/wp\/v2\/product_tag?post=5400"}],"curies":[{"name":"wp","href":"https:\/\/api.w.org\/{rel}","templated":true}]}}