{"id":5393,"date":"2024-10-31T06:36:31","date_gmt":"2024-10-31T06:36:31","guid":{"rendered":"https:\/\/williamweir.com\/?post_type=product&#038;p=5393"},"modified":"2025-05-24T01:43:47","modified_gmt":"2025-05-24T01:43:47","slug":"oil-stain-cleaning-powder","status":"publish","type":"product","link":"https:\/\/williamweir.com\/es\/producto\/oil-stain-cleaning-powder\/","title":{"rendered":"Polvo limpiador de manchas de aceite"},"content":{"rendered":"<p><strong>C\u00f3digo del producto\uff1a2691<\/strong><\/p>\n<p><strong>I. Introducci\u00f3n del producto<\/strong><\/p>\n<p>Este producto es un potente producto de limpieza para eliminar manchas. Est\u00e1 especialmente dise\u00f1ado para manchas de aceite dif\u00edciles en lugares como cocinas y f\u00e1bricas de maquinaria. Puede descomponer y eliminar r\u00e1pidamente varias manchas de aceite dif\u00edciles y devolver la limpieza a la superficie limpiada.<\/p>\n<p><strong>II. Caracter\u00edsticas del producto<\/strong><\/p>\n<p>Potente capacidad descontaminante: Rico en ingredientes descontaminantes altamente eficaces, puede penetrar r\u00e1pidamente en las manchas de aceite y descomponerlas en peque\u00f1as mol\u00e9culas, eliminando f\u00e1cilmente las manchas de aceite pesadas acumuladas durante mucho tiempo, como las de las superficies de estufas, campanas extractoras y extractores.<br \/>\nAmplia aplicabilidad: Adecuado para limpiar manchas de aceite en superficies de diversos materiales, como acero inoxidable, azulejos, vidrio, pl\u00e1stico, etc., sin causar corrosi\u00f3n ni da\u00f1ar la superficie limpiada.<br \/>\nLimpieza profunda: No s\u00f3lo puede eliminar las manchas de aceite superficiales, sino tambi\u00e9n limpiar en profundidad las manchas de aceite en huecos y rincones para garantizar una limpieza a fondo.<br \/>\nF\u00e1cil de aclarar: Despu\u00e9s de limpiar, s\u00f3lo hay que aclarar con agua limpia para eliminar completamente las manchas de aceite y los restos de polvo limpiador sin dejar ning\u00fan rastro.<\/p>\n<p><strong>III. M\u00e9todos de utilizaci\u00f3n<\/strong><\/p>\n<p>Seg\u00fan el grado de las manchas de aceite, vierta una cantidad adecuada de polvo limpiador de manchas de aceite en un recipiente, a\u00f1ada una cantidad adecuada de agua tibia y remueva uniformemente para formar una soluci\u00f3n limpiadora.<br \/>\nAplique o pulverice la soluci\u00f3n limpiadora sobre la superficie manchada de aceite para asegurarse de que las manchas de aceite entran totalmente en contacto con la soluci\u00f3n limpiadora.<br \/>\nEn caso de manchas graves de aceite, deje que la soluci\u00f3n limpiadora permanezca en la superficie entre 5 y 10 minutos para descomponer por completo las manchas de aceite.<br \/>\nUtilice herramientas como cepillos, trapos o esponjas para limpiar la superficie manchada de aceite hasta eliminarla por completo.<br \/>\nPor \u00faltimo, aclare la superficie limpiada con agua limpia para asegurarse de que no quedan restos de soluci\u00f3n limpiadora ni manchas de aceite.<\/p>\n<p><strong>IV. Precauciones<\/strong><\/p>\n<p>Se recomienda utilizar guantes para evitar el contacto directo del polvo limpiador con la piel.<br \/>\nEvitar el contacto con los ojos. Si accidentalmente entra en contacto con los ojos, l\u00e1velos inmediatamente con abundante agua limpia y acuda al m\u00e9dico a tiempo.<br \/>\nColoque el producto en un lugar al que los ni\u00f1os no puedan acceder f\u00e1cilmente.<br \/>\nAlmacenar en un lugar fresco y seco para evitar la humedad.<\/p>","protected":false},"excerpt":{"rendered":"<p>\u00a1Nuestra f\u00e1brica ofrece servicios de procesamiento OEM\/ODM, podemos adaptar productos para usted; Nuestro MOQ es bajo, generalmente la cantidad m\u00ednima es de 1000 botellas pueden ser producidas; Nuestros productos son baratos, excelente calidad del producto, en l\u00ednea con cualquier ley y reglamento nacional y las necesidades del cliente!<\/p>\n<h3><strong>\u00a0 \u00a0 \u00a0 Tambi\u00e9n ofrecemos los siguientes servicios<\/strong><\/h3>\n<h4><strong><img decoding=\"async\" class=\"emoji\" role=\"img\" draggable=\"false\" src=\"https:\/\/s.w.org\/images\/core\/emoji\/15.0.3\/svg\/2714.svg\" alt=\"\u2714\" \/>\u00a0 Fuente transfronteriza\u00a0 \u00a0 \u00a0 \u00a0 \u00a0\u00a0<img decoding=\"async\" class=\"emoji\" role=\"img\" draggable=\"false\" src=\"https:\/\/s.w.org\/images\/core\/emoji\/15.0.3\/svg\/2714.svg\" alt=\"\u2714\" \/>\u00a0 Apoyo a la personalizaci\u00f3n<\/strong><\/h4>\n<h4><strong><img decoding=\"async\" class=\"emoji\" role=\"img\" draggable=\"false\" src=\"https:\/\/s.w.org\/images\/core\/emoji\/15.0.3\/svg\/2714.svg\" alt=\"\u2714\" \/>\u00a0 Fuente f\u00e1brica\u00a0 \u00a0 \u00a0 \u00a0 \u00a0 \u00a0 \u00a0 \u00a0 \u00a0 \u00a0 \u00a0 \u00a0<img decoding=\"async\" class=\"emoji\" role=\"img\" draggable=\"false\" src=\"https:\/\/s.w.org\/images\/core\/emoji\/15.0.3\/svg\/2714.svg\" alt=\"\u2714\" \/>\u00a0 Desarrollo de productos<\/strong><\/h4>\n<h4><strong><img decoding=\"async\" class=\"emoji\" role=\"img\" draggable=\"false\" src=\"https:\/\/s.w.org\/images\/core\/emoji\/15.0.3\/svg\/2714.svg\" alt=\"\u2714\" \/>\u00a0 A la medida de la muestra\u00a0 \u00a0 \u00a0 \u00a0 \u00a0 \u00a0 \u00a0 \u00a0 \u00a0 \u00a0\u00a0<img decoding=\"async\" class=\"emoji\" role=\"img\" draggable=\"false\" src=\"https:\/\/s.w.org\/images\/core\/emoji\/15.0.3\/svg\/2714.svg\" alt=\"\u2714\" \/>\u00a0 Autorizaci\u00f3n de marca<\/strong><\/h4>\n<p>&nbsp;<\/p>\n<h2 style=\"text-align: left;\"><strong>\u00bfPreguntas o comentarios? <\/strong><\/h2>\n<h2 style=\"text-align: left;\"><strong>wlwer@williamweir.com<\/strong><\/h2>\n<p>&nbsp;<\/p>","protected":false},"featured_media":5396,"template":"","meta":{"_uag_custom_page_level_css":"","site-sidebar-layout":"default","site-content-layout":"","ast-site-content-layout":"default","site-content-style":"default","site-sidebar-style":"default","ast-global-header-display":"","ast-banner-title-visibility":"","ast-main-header-display":"","ast-hfb-above-header-display":"","ast-hfb-below-header-display":"","ast-hfb-mobile-header-display":"","site-post-title":"","ast-breadcrumbs-content":"","ast-featured-img":"","footer-sml-layout":"","theme-transparent-header-meta":"default","adv-header-id-meta":"","stick-header-meta":"","header-above-stick-meta":"","header-main-stick-meta":"","header-below-stick-meta":"","astra-migrate-meta-layouts":"set","ast-page-background-enabled":"default","ast-page-background-meta":{"desktop":{"background-color":"","background-image":"","background-repeat":"repeat","background-position":"center center","background-size":"auto","background-attachment":"scroll","background-type":"","background-media":"","overlay-type":"","overlay-color":"","overlay-opacity":"","overlay-gradient":""},"tablet":{"background-color":"","background-image":"","background-repeat":"repeat","background-position":"center center","background-size":"auto","background-attachment":"scroll","background-type":"","background-media":"","overlay-type":"","overlay-color":"","overlay-opacity":"","overlay-gradient":""},"mobile":{"background-color":"","background-image":"","background-repeat":"repeat","background-position":"center center","background-size":"auto","background-attachment":"scroll","background-type":"","background-media":"","overlay-type":"","overlay-color":"","overlay-opacity":"","overlay-gradient":""}},"ast-content-background-meta":{"desktop":{"background-color":"var(--ast-global-color-5)","background-image":"","background-repeat":"repeat","background-position":"center center","background-size":"auto","background-attachment":"scroll","background-type":"","background-media":"","overlay-type":"","overlay-color":"","overlay-opacity":"","overlay-gradient":""},"tablet":{"background-color":"var(--ast-global-color-5)","background-image":"","background-repeat":"repeat","background-position":"center center","background-size":"auto","background-attachment":"scroll","background-type":"","background-media":"","overlay-type":"","overlay-color":"","overlay-opacity":"","overlay-gradient":""},"mobile":{"background-color":"var(--ast-global-color-5)","background-image":"","background-repeat":"repeat","background-position":"center center","background-size":"auto","background-attachment":"scroll","background-type":"","background-media":"","overlay-type":"","overlay-color":"","overlay-opacity":"","overlay-gradient":""}}},"product_brand":[],"product_cat":[74],"product_tag":[267,266],"class_list":{"0":"post-5393","1":"product","2":"type-product","3":"status-publish","4":"has-post-thumbnail","6":"product_cat-household-cleaning-series","7":"product_tag-heavy-oil-cleaning-agent","8":"product_tag-oil-cleaning-powder","9":"desktop-align-center","10":"tablet-align-left","11":"mobile-align-left","12":"ast-product-gallery-layout-horizontal-slider","13":"ast-product-gallery-with-no-image","14":"ast-product-tabs-layout-horizontal","16":"first","17":"instock","18":"shipping-taxable","19":"product-type-simple"},"aioseo_notices":[],"uagb_featured_image_src":{"full":["https:\/\/williamweir.com\/wp-content\/uploads\/2024\/10\/\u4e3b\u56fe-1-2.jpg",800,800,false],"thumbnail":["https:\/\/williamweir.com\/wp-content\/uploads\/2024\/10\/\u4e3b\u56fe-1-2-300x300.jpg",300,300,true],"medium":["https:\/\/williamweir.com\/wp-content\/uploads\/2024\/10\/\u4e3b\u56fe-1-2-600x600.jpg",600,600,true],"medium_large":["https:\/\/williamweir.com\/wp-content\/uploads\/2024\/10\/\u4e3b\u56fe-1-2-768x768.jpg",768,768,true],"large":["https:\/\/williamweir.com\/wp-content\/uploads\/2024\/10\/\u4e3b\u56fe-1-2.jpg",800,800,false],"1536x1536":["https:\/\/williamweir.com\/wp-content\/uploads\/2024\/10\/\u4e3b\u56fe-1-2.jpg",800,800,false],"2048x2048":["https:\/\/williamweir.com\/wp-content\/uploads\/2024\/10\/\u4e3b\u56fe-1-2.jpg",800,800,false],"trp-custom-language-flag":["https:\/\/williamweir.com\/wp-content\/uploads\/2024\/10\/\u4e3b\u56fe-1-2-12x12.jpg",12,12,true],"woocommerce_thumbnail":["https:\/\/williamweir.com\/wp-content\/uploads\/2024\/10\/\u4e3b\u56fe-1-2-600x600.jpg",600,600,true],"woocommerce_single":["https:\/\/williamweir.com\/wp-content\/uploads\/2024\/10\/\u4e3b\u56fe-1-2-600x600.jpg",600,600,true],"woocommerce_gallery_thumbnail":["https:\/\/williamweir.com\/wp-content\/uploads\/2024\/10\/\u4e3b\u56fe-1-2-100x100.jpg",100,100,true]},"uagb_author_info":{"display_name":"wlwer","author_link":"https:\/\/williamweir.com\/es\/author\/"},"uagb_comment_info":0,"uagb_excerpt":"Our factory provides OEM\/ODM processing services, we can tailor products for you; Our MOQ is low, generally the minimum quantity is 1000 bottles can be produced; Our products are inexpensive, excellent product quality, in line with any national laws and regulations and customer needs! \u00a0 \u00a0 \u00a0 We also offer the following services \u00a0 Cross-border&hellip;","_links":{"self":[{"href":"https:\/\/williamweir.com\/es\/wp-json\/wp\/v2\/product\/5393"}],"collection":[{"href":"https:\/\/williamweir.com\/es\/wp-json\/wp\/v2\/product"}],"about":[{"href":"https:\/\/williamweir.com\/es\/wp-json\/wp\/v2\/types\/product"}],"version-history":[{"count":5,"href":"https:\/\/williamweir.com\/es\/wp-json\/wp\/v2\/product\/5393\/revisions"}],"predecessor-version":[{"id":8272,"href":"https:\/\/williamweir.com\/es\/wp-json\/wp\/v2\/product\/5393\/revisions\/8272"}],"wp:featuredmedia":[{"embeddable":true,"href":"https:\/\/williamweir.com\/es\/wp-json\/wp\/v2\/media\/5396"}],"wp:attachment":[{"href":"https:\/\/williamweir.com\/es\/wp-json\/wp\/v2\/media?parent=5393"}],"wp:term":[{"taxonomy":"product_brand","embeddable":true,"href":"https:\/\/williamweir.com\/es\/wp-json\/wp\/v2\/product_brand?post=5393"},{"taxonomy":"product_cat","embeddable":true,"href":"https:\/\/williamweir.com\/es\/wp-json\/wp\/v2\/product_cat?post=5393"},{"taxonomy":"product_tag","embeddable":true,"href":"https:\/\/williamweir.com\/es\/wp-json\/wp\/v2\/product_tag?post=5393"}],"curies":[{"name":"wp","href":"https:\/\/api.w.org\/{rel}","templated":true}]}}