{"id":5390,"date":"2024-10-31T06:32:40","date_gmt":"2024-10-31T06:32:40","guid":{"rendered":"https:\/\/williamweir.com\/?post_type=product&#038;p=5390"},"modified":"2025-05-24T01:44:48","modified_gmt":"2025-05-24T01:44:48","slug":"cashmere-silk-laundry-detergent","status":"publish","type":"product","link":"https:\/\/williamweir.com\/es\/producto\/cashmere-silk-laundry-detergent\/","title":{"rendered":"Detergente para ropa de seda de cachemira"},"content":{"rendered":"<p><strong>C\u00f3digo del producto\uff1a2042<\/strong><\/p>\n<p><strong>I. Introducci\u00f3n del producto<\/strong><\/p>\n<p>Este producto es un producto de lavado de alta gama especialmente dise\u00f1ado para los preciados tejidos de cachemira y seda. Con una f\u00f3rmula suave y materias primas de alta calidad, cuida con esmero sus prendas de cachemira y seda, manteni\u00e9ndolas suaves, lisas y brillantes en todo momento.<\/p>\n<p><strong>II. Caracter\u00edsticas del producto<\/strong><\/p>\n<p>Limpieza suave: La f\u00f3rmula es suave y puede eliminar eficazmente las manchas sin da\u00f1ar las fibras de cachemira y seda, protegiendo la textura y el color de la ropa.<br \/>\nCuidado suave: Rico en ingredientes suavizantes, hace que los tejidos de cachemira y seda sean m\u00e1s suaves despu\u00e9s del lavado y c\u00f3modos de llevar.<br \/>\nProtecci\u00f3n del color y conservaci\u00f3n de la frescura: Puede proteger el color de la ropa, evitar la decoloraci\u00f3n y mantener la ropa siempre brillante y nueva.<br \/>\nElegante fragancia: Emite una fragancia elegante, haciendo que su ropa emita un olor encantador despu\u00e9s de la limpieza.<\/p>\n<p><strong>III. \u00c1mbito de aplicaci\u00f3n<\/strong><\/p>\n<p>Adecuado para materiales delicados como cachemira, seda, lana y prendas de vestir, bufandas, chales, etc.<\/p>\n<p><strong>IV. M\u00e9todos de utilizaci\u00f3n<\/strong><\/p>\n<p>Vierta una cantidad adecuada de detergente para ropa en el agua y remueva bien.<br \/>\nIntroduce la ropa de cachemira o seda en agua y fr\u00f3tala suavemente, evitando tirar y frotar con fuerza.<br \/>\nDespu\u00e9s de dejarla en remojo durante un tiempo, acl\u00e1rela con agua hasta que no quede ning\u00fan residuo de espuma.<br \/>\nApriete suavemente la ropa para eliminar el exceso de agua y, a continuaci\u00f3n, s\u00e9quela en plano o cu\u00e9lguela en un lugar bien ventilado para que se seque.<\/p>\n<p><strong>V. Precauciones<\/strong><\/p>\n<p>Realice primero una prueba local en una zona poco visible. Despu\u00e9s de confirmar que no hay ninguna reacci\u00f3n adversa, lleve a cabo una limpieza de gran superficie.<br \/>\nEvitar mezclar con otros detergentes para no afectar al efecto de lavado.<br \/>\nGuarde este producto en un lugar fresco y seco y evite la luz solar directa.<br \/>\nMant\u00e9ngalo alejado de los ni\u00f1os para evitar su ingesti\u00f3n accidental.<\/p>","protected":false},"excerpt":{"rendered":"<p>\u00a1Nuestra f\u00e1brica ofrece servicios de procesamiento OEM\/ODM, podemos adaptar productos para usted; Nuestro MOQ es bajo, generalmente la cantidad m\u00ednima es de 1000 botellas pueden ser producidas; Nuestros productos son baratos, excelente calidad del producto, en l\u00ednea con cualquier ley y reglamento nacional y las necesidades del cliente!<\/p>\n<h3><strong>\u00a0 \u00a0 \u00a0 Tambi\u00e9n ofrecemos los siguientes servicios<\/strong><\/h3>\n<h4><strong><img decoding=\"async\" class=\"emoji\" role=\"img\" draggable=\"false\" src=\"https:\/\/s.w.org\/images\/core\/emoji\/15.0.3\/svg\/2714.svg\" alt=\"\u2714\" \/>\u00a0 Fuente transfronteriza\u00a0 \u00a0 \u00a0 \u00a0 \u00a0\u00a0<img decoding=\"async\" class=\"emoji\" role=\"img\" draggable=\"false\" src=\"https:\/\/s.w.org\/images\/core\/emoji\/15.0.3\/svg\/2714.svg\" alt=\"\u2714\" \/>\u00a0 Apoyo a la personalizaci\u00f3n<\/strong><\/h4>\n<h4><strong><img decoding=\"async\" class=\"emoji\" role=\"img\" draggable=\"false\" src=\"https:\/\/s.w.org\/images\/core\/emoji\/15.0.3\/svg\/2714.svg\" alt=\"\u2714\" \/>\u00a0 Fuente f\u00e1brica\u00a0 \u00a0 \u00a0 \u00a0 \u00a0 \u00a0 \u00a0 \u00a0 \u00a0 \u00a0 \u00a0 \u00a0<img decoding=\"async\" class=\"emoji\" role=\"img\" draggable=\"false\" src=\"https:\/\/s.w.org\/images\/core\/emoji\/15.0.3\/svg\/2714.svg\" alt=\"\u2714\" \/>\u00a0 Desarrollo de productos<\/strong><\/h4>\n<h4><strong><img decoding=\"async\" class=\"emoji\" role=\"img\" draggable=\"false\" src=\"https:\/\/s.w.org\/images\/core\/emoji\/15.0.3\/svg\/2714.svg\" alt=\"\u2714\" \/>\u00a0 A la medida de la muestra\u00a0 \u00a0 \u00a0 \u00a0 \u00a0 \u00a0 \u00a0 \u00a0 \u00a0 \u00a0\u00a0<img decoding=\"async\" class=\"emoji\" role=\"img\" draggable=\"false\" src=\"https:\/\/s.w.org\/images\/core\/emoji\/15.0.3\/svg\/2714.svg\" alt=\"\u2714\" \/>\u00a0 Autorizaci\u00f3n de marca<\/strong><\/h4>\n<p>&nbsp;<\/p>\n<h2 style=\"text-align: left;\"><strong>\u00bfPreguntas o comentarios? <\/strong><\/h2>\n<h2 style=\"text-align: left;\"><strong>wlwer@williamweir.com<\/strong><\/h2>\n<p>&nbsp;<\/p>","protected":false},"featured_media":5391,"template":"","meta":{"_uag_custom_page_level_css":"","site-sidebar-layout":"default","site-content-layout":"","ast-site-content-layout":"default","site-content-style":"default","site-sidebar-style":"default","ast-global-header-display":"","ast-banner-title-visibility":"","ast-main-header-display":"","ast-hfb-above-header-display":"","ast-hfb-below-header-display":"","ast-hfb-mobile-header-display":"","site-post-title":"","ast-breadcrumbs-content":"","ast-featured-img":"","footer-sml-layout":"","theme-transparent-header-meta":"default","adv-header-id-meta":"","stick-header-meta":"","header-above-stick-meta":"","header-main-stick-meta":"","header-below-stick-meta":"","astra-migrate-meta-layouts":"set","ast-page-background-enabled":"default","ast-page-background-meta":{"desktop":{"background-color":"","background-image":"","background-repeat":"repeat","background-position":"center center","background-size":"auto","background-attachment":"scroll","background-type":"","background-media":"","overlay-type":"","overlay-color":"","overlay-opacity":"","overlay-gradient":""},"tablet":{"background-color":"","background-image":"","background-repeat":"repeat","background-position":"center center","background-size":"auto","background-attachment":"scroll","background-type":"","background-media":"","overlay-type":"","overlay-color":"","overlay-opacity":"","overlay-gradient":""},"mobile":{"background-color":"","background-image":"","background-repeat":"repeat","background-position":"center center","background-size":"auto","background-attachment":"scroll","background-type":"","background-media":"","overlay-type":"","overlay-color":"","overlay-opacity":"","overlay-gradient":""}},"ast-content-background-meta":{"desktop":{"background-color":"var(--ast-global-color-5)","background-image":"","background-repeat":"repeat","background-position":"center center","background-size":"auto","background-attachment":"scroll","background-type":"","background-media":"","overlay-type":"","overlay-color":"","overlay-opacity":"","overlay-gradient":""},"tablet":{"background-color":"var(--ast-global-color-5)","background-image":"","background-repeat":"repeat","background-position":"center center","background-size":"auto","background-attachment":"scroll","background-type":"","background-media":"","overlay-type":"","overlay-color":"","overlay-opacity":"","overlay-gradient":""},"mobile":{"background-color":"var(--ast-global-color-5)","background-image":"","background-repeat":"repeat","background-position":"center center","background-size":"auto","background-attachment":"scroll","background-type":"","background-media":"","overlay-type":"","overlay-color":"","overlay-opacity":"","overlay-gradient":""}}},"product_brand":[],"product_cat":[76],"product_tag":[268,189],"class_list":{"0":"post-5390","1":"product","2":"type-product","3":"status-publish","4":"has-post-thumbnail","6":"product_cat-laundry-care","7":"product_tag-cashmere-silk-laundry-detergent","8":"product_tag-laundry-detergent","9":"desktop-align-center","10":"tablet-align-left","11":"mobile-align-left","12":"ast-product-gallery-layout-horizontal-slider","13":"ast-product-gallery-with-no-image","14":"ast-product-tabs-layout-horizontal","16":"first","17":"instock","18":"shipping-taxable","19":"product-type-simple"},"aioseo_notices":[],"uagb_featured_image_src":{"full":["https:\/\/williamweir.com\/wp-content\/uploads\/2024\/10\/\u4e3b\u56fe5.jpg",800,800,false],"thumbnail":["https:\/\/williamweir.com\/wp-content\/uploads\/2024\/10\/\u4e3b\u56fe5-300x300.jpg",300,300,true],"medium":["https:\/\/williamweir.com\/wp-content\/uploads\/2024\/10\/\u4e3b\u56fe5-600x600.jpg",600,600,true],"medium_large":["https:\/\/williamweir.com\/wp-content\/uploads\/2024\/10\/\u4e3b\u56fe5-768x768.jpg",768,768,true],"large":["https:\/\/williamweir.com\/wp-content\/uploads\/2024\/10\/\u4e3b\u56fe5.jpg",800,800,false],"1536x1536":["https:\/\/williamweir.com\/wp-content\/uploads\/2024\/10\/\u4e3b\u56fe5.jpg",800,800,false],"2048x2048":["https:\/\/williamweir.com\/wp-content\/uploads\/2024\/10\/\u4e3b\u56fe5.jpg",800,800,false],"trp-custom-language-flag":["https:\/\/williamweir.com\/wp-content\/uploads\/2024\/10\/\u4e3b\u56fe5-12x12.jpg",12,12,true],"woocommerce_thumbnail":["https:\/\/williamweir.com\/wp-content\/uploads\/2024\/10\/\u4e3b\u56fe5-600x600.jpg",600,600,true],"woocommerce_single":["https:\/\/williamweir.com\/wp-content\/uploads\/2024\/10\/\u4e3b\u56fe5-600x600.jpg",600,600,true],"woocommerce_gallery_thumbnail":["https:\/\/williamweir.com\/wp-content\/uploads\/2024\/10\/\u4e3b\u56fe5-100x100.jpg",100,100,true]},"uagb_author_info":{"display_name":"wlwer","author_link":"https:\/\/williamweir.com\/es\/author\/"},"uagb_comment_info":0,"uagb_excerpt":"Our factory provides OEM\/ODM processing services, we can tailor products for you; Our MOQ is low, generally the minimum quantity is 1000 bottles can be produced; Our products are inexpensive, excellent product quality, in line with any national laws and regulations and customer needs! \u00a0 \u00a0 \u00a0 We also offer the following services \u00a0 Cross-border&hellip;","_links":{"self":[{"href":"https:\/\/williamweir.com\/es\/wp-json\/wp\/v2\/product\/5390"}],"collection":[{"href":"https:\/\/williamweir.com\/es\/wp-json\/wp\/v2\/product"}],"about":[{"href":"https:\/\/williamweir.com\/es\/wp-json\/wp\/v2\/types\/product"}],"version-history":[{"count":5,"href":"https:\/\/williamweir.com\/es\/wp-json\/wp\/v2\/product\/5390\/revisions"}],"predecessor-version":[{"id":8273,"href":"https:\/\/williamweir.com\/es\/wp-json\/wp\/v2\/product\/5390\/revisions\/8273"}],"wp:featuredmedia":[{"embeddable":true,"href":"https:\/\/williamweir.com\/es\/wp-json\/wp\/v2\/media\/5391"}],"wp:attachment":[{"href":"https:\/\/williamweir.com\/es\/wp-json\/wp\/v2\/media?parent=5390"}],"wp:term":[{"taxonomy":"product_brand","embeddable":true,"href":"https:\/\/williamweir.com\/es\/wp-json\/wp\/v2\/product_brand?post=5390"},{"taxonomy":"product_cat","embeddable":true,"href":"https:\/\/williamweir.com\/es\/wp-json\/wp\/v2\/product_cat?post=5390"},{"taxonomy":"product_tag","embeddable":true,"href":"https:\/\/williamweir.com\/es\/wp-json\/wp\/v2\/product_tag?post=5390"}],"curies":[{"name":"wp","href":"https:\/\/api.w.org\/{rel}","templated":true}]}}