{"id":5383,"date":"2024-10-31T06:23:23","date_gmt":"2024-10-31T06:23:23","guid":{"rendered":"https:\/\/williamweir.com\/?post_type=product&#038;p=5383"},"modified":"2025-05-24T01:45:00","modified_gmt":"2025-05-24T01:45:00","slug":"foam-cleaner-for-fabric-200ml","status":"publish","type":"product","link":"https:\/\/williamweir.com\/es\/producto\/foam-cleaner-for-fabric-200ml\/","title":{"rendered":"Espuma limpiadora para tejidos 200ml"},"content":{"rendered":"<p><strong>Presentaci\u00f3n del producto WILLIAM WEIR Fabric Foam Cleaner<\/strong><\/p>\n<p><strong>C\u00f3digo mercanc\u00eda: 0642<\/strong><\/p>\n<p>I. Componentes principales Este producto contiene tensioactivos, detergentes, disolventes y otros ingredientes. Los tensioactivos pueden reducir la adherencia de la suciedad a la superficie del tejido, facilitando su limpieza. Los detergentes pueden descomponer eficazmente diversas manchas, como las de aceite, suciedad y caf\u00e9. Los disolventes ayudan a disolver y eliminar las manchas dif\u00edciles.<\/p>\n<p>II. Caracter\u00edsticas del producto Limpieza potente: Puede eliminar r\u00e1pidamente varias manchas en productos de tela y restaurar la tela limpia y ordenada. C\u00f3modo de usar: Este producto adopta un dise\u00f1o de cabezal de bomba tipo pulsador. Cuando est\u00e9 en uso, simplemente roc\u00ede la espuma en el \u00e1rea manchada y l\u00edmpiela con un trapo limpio despu\u00e9s de un rato. Amplia gama de aplicaciones: Puede utilizarse para limpiar diversos tejidos, como sof\u00e1s, cortinas, alfombras e interiores de coches. Suave y no da\u00f1a: Este limpiador de espuma para tejidos es relativamente suave con los materiales textiles y no causa decoloraci\u00f3n, deformaci\u00f3n ni otros da\u00f1os.<\/p>\n<p>III. M\u00e9todo de uso En primer lugar, agite la botella del limpiador para mezclar completamente la espuma. A continuaci\u00f3n, pulverice uniformemente la espuma sobre la superficie del tejido que desea limpiar. Tenga cuidado de no rociar demasiado para evitar una humedad excesiva. Espere unos minutos para que el limpiador act\u00fae por completo y disuelva las manchas. Limpie suavemente la zona manchada con un trapo o esponja limpios para eliminar las manchas y el limpiador juntos. Para manchas m\u00e1s resistentes, puedes repetir los pasos anteriores. Despu\u00e9s de limpiar, pase un pa\u00f1o limpio y h\u00famedo para eliminar los restos de limpiador.<\/p>\n<p>IV. Precauciones Antes de usarlo, es mejor realizar una prueba en una zona peque\u00f1a y en un lugar poco visible para asegurarse de que el limpiador no da\u00f1ar\u00e1 el tejido. Evite utilizar el limpiador a altas temperaturas, bajo la luz directa del sol o en ambientes h\u00famedos para no afectar al efecto de limpieza. No deje que el limpiador entre en contacto con partes sensibles como los ojos y la piel. En caso de contacto accidental, enjuague inmediatamente con agua limpia. Cuando lo guarde, col\u00f3quelo en un lugar fuera del alcance de los ni\u00f1os para evitar su ingesti\u00f3n accidental.<\/p>","protected":false},"excerpt":{"rendered":"<p>\u00a1Nuestra f\u00e1brica ofrece servicios de procesamiento OEM\/ODM, podemos adaptar productos para usted; Nuestro MOQ es bajo, generalmente la cantidad m\u00ednima es de 1000 botellas pueden ser producidas; Nuestros productos son baratos, excelente calidad del producto, en l\u00ednea con cualquier ley y reglamento nacional y las necesidades del cliente!<\/p>\n<h3><strong>\u00a0 \u00a0 \u00a0 Tambi\u00e9n ofrecemos los siguientes servicios<\/strong><\/h3>\n<h4><strong><img decoding=\"async\" class=\"emoji\" role=\"img\" draggable=\"false\" src=\"https:\/\/s.w.org\/images\/core\/emoji\/15.0.3\/svg\/2714.svg\" alt=\"\u2714\" \/>\u00a0 Fuente transfronteriza\u00a0 \u00a0 \u00a0 \u00a0 \u00a0\u00a0<img decoding=\"async\" class=\"emoji\" role=\"img\" draggable=\"false\" src=\"https:\/\/s.w.org\/images\/core\/emoji\/15.0.3\/svg\/2714.svg\" alt=\"\u2714\" \/>\u00a0 Apoyo a la personalizaci\u00f3n<\/strong><\/h4>\n<h4><strong><img decoding=\"async\" class=\"emoji\" role=\"img\" draggable=\"false\" src=\"https:\/\/s.w.org\/images\/core\/emoji\/15.0.3\/svg\/2714.svg\" alt=\"\u2714\" \/>\u00a0 Fuente f\u00e1brica\u00a0 \u00a0 \u00a0 \u00a0 \u00a0 \u00a0 \u00a0 \u00a0 \u00a0 \u00a0 \u00a0 \u00a0<img decoding=\"async\" class=\"emoji\" role=\"img\" draggable=\"false\" src=\"https:\/\/s.w.org\/images\/core\/emoji\/15.0.3\/svg\/2714.svg\" alt=\"\u2714\" \/>\u00a0 Desarrollo de productos<\/strong><\/h4>\n<h4><strong><img decoding=\"async\" class=\"emoji\" role=\"img\" draggable=\"false\" src=\"https:\/\/s.w.org\/images\/core\/emoji\/15.0.3\/svg\/2714.svg\" alt=\"\u2714\" \/>\u00a0 A la medida de la muestra\u00a0 \u00a0 \u00a0 \u00a0 \u00a0 \u00a0 \u00a0 \u00a0 \u00a0 \u00a0\u00a0<img decoding=\"async\" class=\"emoji\" role=\"img\" draggable=\"false\" src=\"https:\/\/s.w.org\/images\/core\/emoji\/15.0.3\/svg\/2714.svg\" alt=\"\u2714\" \/>\u00a0 Autorizaci\u00f3n de marca<\/strong><\/h4>\n<p>&nbsp;<\/p>\n<h2 style=\"text-align: left;\"><strong>\u00bfPreguntas o comentarios? <\/strong><\/h2>\n<h2 style=\"text-align: left;\"><strong>wlwer@williamweir.com<\/strong><\/h2>\n<h4><strong>\u00a0<\/strong><\/h4>","protected":false},"featured_media":11392,"template":"","meta":{"_uag_custom_page_level_css":"","site-sidebar-layout":"default","site-content-layout":"","ast-site-content-layout":"default","site-content-style":"default","site-sidebar-style":"default","ast-global-header-display":"","ast-banner-title-visibility":"","ast-main-header-display":"","ast-hfb-above-header-display":"","ast-hfb-below-header-display":"","ast-hfb-mobile-header-display":"","site-post-title":"","ast-breadcrumbs-content":"","ast-featured-img":"","footer-sml-layout":"","theme-transparent-header-meta":"default","adv-header-id-meta":"","stick-header-meta":"","header-above-stick-meta":"","header-main-stick-meta":"","header-below-stick-meta":"","astra-migrate-meta-layouts":"set","ast-page-background-enabled":"default","ast-page-background-meta":{"desktop":{"background-color":"","background-image":"","background-repeat":"repeat","background-position":"center center","background-size":"auto","background-attachment":"scroll","background-type":"","background-media":"","overlay-type":"","overlay-color":"","overlay-opacity":"","overlay-gradient":""},"tablet":{"background-color":"","background-image":"","background-repeat":"repeat","background-position":"center center","background-size":"auto","background-attachment":"scroll","background-type":"","background-media":"","overlay-type":"","overlay-color":"","overlay-opacity":"","overlay-gradient":""},"mobile":{"background-color":"","background-image":"","background-repeat":"repeat","background-position":"center center","background-size":"auto","background-attachment":"scroll","background-type":"","background-media":"","overlay-type":"","overlay-color":"","overlay-opacity":"","overlay-gradient":""}},"ast-content-background-meta":{"desktop":{"background-color":"var(--ast-global-color-5)","background-image":"","background-repeat":"repeat","background-position":"center center","background-size":"auto","background-attachment":"scroll","background-type":"","background-media":"","overlay-type":"","overlay-color":"","overlay-opacity":"","overlay-gradient":""},"tablet":{"background-color":"var(--ast-global-color-5)","background-image":"","background-repeat":"repeat","background-position":"center center","background-size":"auto","background-attachment":"scroll","background-type":"","background-media":"","overlay-type":"","overlay-color":"","overlay-opacity":"","overlay-gradient":""},"mobile":{"background-color":"var(--ast-global-color-5)","background-image":"","background-repeat":"repeat","background-position":"center center","background-size":"auto","background-attachment":"scroll","background-type":"","background-media":"","overlay-type":"","overlay-color":"","overlay-opacity":"","overlay-gradient":""}}},"product_brand":[],"product_cat":[70],"product_tag":[252,251],"class_list":{"0":"post-5383","1":"product","2":"type-product","3":"status-publish","4":"has-post-thumbnail","6":"product_cat-foam-cleaner-series","7":"product_tag-fabric-cleaner","8":"product_tag-fabric-dry-cleaning-agent","9":"desktop-align-center","10":"tablet-align-left","11":"mobile-align-left","12":"ast-product-gallery-layout-horizontal-slider","13":"ast-product-tabs-layout-horizontal","15":"first","16":"instock","17":"featured","18":"shipping-taxable","19":"product-type-simple"},"aioseo_notices":[],"uagb_featured_image_src":{"full":["https:\/\/williamweir.com\/wp-content\/uploads\/2024\/10\/\u5e03\u827a\u6e05\u6d01\u5242-1.jpg",1000,1000,false],"thumbnail":["https:\/\/williamweir.com\/wp-content\/uploads\/2024\/10\/\u5e03\u827a\u6e05\u6d01\u5242-1-300x300.jpg",300,300,true],"medium":["https:\/\/williamweir.com\/wp-content\/uploads\/2024\/10\/\u5e03\u827a\u6e05\u6d01\u5242-1-600x600.jpg",600,600,true],"medium_large":["https:\/\/williamweir.com\/wp-content\/uploads\/2024\/10\/\u5e03\u827a\u6e05\u6d01\u5242-1-768x768.jpg",768,768,true],"large":["https:\/\/williamweir.com\/wp-content\/uploads\/2024\/10\/\u5e03\u827a\u6e05\u6d01\u5242-1.jpg",1000,1000,false],"1536x1536":["https:\/\/williamweir.com\/wp-content\/uploads\/2024\/10\/\u5e03\u827a\u6e05\u6d01\u5242-1.jpg",1000,1000,false],"2048x2048":["https:\/\/williamweir.com\/wp-content\/uploads\/2024\/10\/\u5e03\u827a\u6e05\u6d01\u5242-1.jpg",1000,1000,false],"trp-custom-language-flag":["https:\/\/williamweir.com\/wp-content\/uploads\/2024\/10\/\u5e03\u827a\u6e05\u6d01\u5242-1-12x12.jpg",12,12,true],"woocommerce_thumbnail":["https:\/\/williamweir.com\/wp-content\/uploads\/2024\/10\/\u5e03\u827a\u6e05\u6d01\u5242-1-600x600.jpg",600,600,true],"woocommerce_single":["https:\/\/williamweir.com\/wp-content\/uploads\/2024\/10\/\u5e03\u827a\u6e05\u6d01\u5242-1-600x600.jpg",600,600,true],"woocommerce_gallery_thumbnail":["https:\/\/williamweir.com\/wp-content\/uploads\/2024\/10\/\u5e03\u827a\u6e05\u6d01\u5242-1-100x100.jpg",100,100,true]},"uagb_author_info":{"display_name":"wlwer","author_link":"https:\/\/williamweir.com\/es\/author\/"},"uagb_comment_info":0,"uagb_excerpt":"Our factory provides OEM\/ODM processing services, we can tailor products for you; Our MOQ is low, generally the minimum quantity is 1000 bottles can be produced; Our products are inexpensive, excellent product quality, in line with any national laws and regulations and customer needs! \u00a0 \u00a0 \u00a0 We also offer the following services \u00a0 Cross-border&hellip;","_links":{"self":[{"href":"https:\/\/williamweir.com\/es\/wp-json\/wp\/v2\/product\/5383"}],"collection":[{"href":"https:\/\/williamweir.com\/es\/wp-json\/wp\/v2\/product"}],"about":[{"href":"https:\/\/williamweir.com\/es\/wp-json\/wp\/v2\/types\/product"}],"version-history":[{"count":5,"href":"https:\/\/williamweir.com\/es\/wp-json\/wp\/v2\/product\/5383\/revisions"}],"predecessor-version":[{"id":8275,"href":"https:\/\/williamweir.com\/es\/wp-json\/wp\/v2\/product\/5383\/revisions\/8275"}],"wp:featuredmedia":[{"embeddable":true,"href":"https:\/\/williamweir.com\/es\/wp-json\/wp\/v2\/media\/11392"}],"wp:attachment":[{"href":"https:\/\/williamweir.com\/es\/wp-json\/wp\/v2\/media?parent=5383"}],"wp:term":[{"taxonomy":"product_brand","embeddable":true,"href":"https:\/\/williamweir.com\/es\/wp-json\/wp\/v2\/product_brand?post=5383"},{"taxonomy":"product_cat","embeddable":true,"href":"https:\/\/williamweir.com\/es\/wp-json\/wp\/v2\/product_cat?post=5383"},{"taxonomy":"product_tag","embeddable":true,"href":"https:\/\/williamweir.com\/es\/wp-json\/wp\/v2\/product_tag?post=5383"}],"curies":[{"name":"wp","href":"https:\/\/api.w.org\/{rel}","templated":true}]}}