{"id":5380,"date":"2024-10-31T06:18:54","date_gmt":"2024-10-31T06:18:54","guid":{"rendered":"https:\/\/williamweir.com\/?post_type=product&#038;p=5380"},"modified":"2025-05-24T01:47:09","modified_gmt":"2025-05-24T01:47:09","slug":"white-shoe-foam-cleaner-200ml","status":"publish","type":"product","link":"https:\/\/williamweir.com\/es\/producto\/white-shoe-foam-cleaner-200ml\/","title":{"rendered":"espuma limpiadora zapato blanco 200ml"},"content":{"rendered":"<p><strong>espuma limpiadora zapato blanco<\/strong><\/p>\n<p><strong>C\u00f3digo mercanc\u00eda: 0635<\/strong><\/p>\n<p><strong>I. Caracter\u00edsticas del producto<\/strong><\/p>\n<p>1.Descontaminaci\u00f3n potente<br \/>\noPuede eliminar eficazmente diversas manchas en zapatos blancos, como polvo, barro, manchas de aceite, manchas de sudor, etc. Su potente f\u00f3rmula limpiadora puede penetrar profundamente en las fibras del zapato, descomponer las manchas y devolver a los zapatos un estado blanco y limpio inmaculado.<br \/>\noPara las manchas dif\u00edciles en los bordes de los zapatos, el limpiador de espuma tambi\u00e9n puede ejercer excelentes efectos de limpieza. Con una suave pasada, se puede eliminar la suciedad acumulada durante mucho tiempo.<br \/>\n2.Suave y respetuoso con el calzado<br \/>\noAdopta una f\u00f3rmula suave que no da\u00f1a el material del zapato. Ya se trate de cuero, lona o malla zapatos blancos se pueden utilizar con confianza.<br \/>\noNo desti\u00f1e, deforma ni da\u00f1a la superficie del calzado, protegiendo su aspecto y vida \u00fatil.<br \/>\n3.C\u00f3modo y f\u00e1cil de usar<br \/>\noSuele presentarse en forma de spray, por lo que es c\u00f3modo y r\u00e1pido de usar. Basta con pulverizar la espuma limpiadora uniformemente sobre la superficie del zapato y, tras esperar un momento, limpiar suavemente con un cepillo o un pa\u00f1o.<br \/>\noNo necesita lavarse, lo que ahorra tiempo y esfuerzo. Es especialmente adecuado para la gente moderna ocupada o para su uso cuando se viaja.<br \/>\n4.Fresco y desodorante<br \/>\noContiene ingredientes desodorizantes que pueden eliminar eficazmente los olores de los zapatos y mantenerlos frescos.<br \/>\noPara los problemas de olor causados por el sudor de los pies o los ambientes h\u00famedos, el limpiador de espuma puede resolverlos r\u00e1pidamente, haciendo que sus pies est\u00e9n m\u00e1s c\u00f3modos.<\/p>\n<p><strong>II. M\u00e9todo de utilizaci\u00f3n<\/strong><\/p>\n<p>1.Agite bien el limpiador<br \/>\noAntes de usarlo, agite completamente el limpiador de espuma blanca para calzado para asegurarse de que los ingredientes del limpiador se mezclan uniformemente.<br \/>\n2.Pulverizar el limpiador<br \/>\noPulverice el limpiador uniformemente sobre la superficie de los zapatos blancos. Aseg\u00farate de cubrir todas las zonas que necesitan limpieza. Para zonas muy sucias, puede pulverizar m\u00e1s limpiador.<br \/>\n3.Espere un momento<br \/>\noDeje que el limpiador permanezca en la superficie del zapato durante un momento, normalmente 1-2 minutos, para permitir que los ingredientes limpiadores ejerzan plenamente sus efectos y descompongan las manchas.<br \/>\n4.Limpiar y limpiar<br \/>\noUtilice un cepillo o un pa\u00f1o limpio para limpiar suavemente la superficie del zapato para eliminar las manchas y el limpiador juntos. En caso de manchas persistentes, puede repetir la limpieza varias veces.<br \/>\noTenga cuidado de no utilizar una fuerza excesiva para evitar da\u00f1ar la superficie del zapato.<br \/>\n5.Seca los zapatos<br \/>\noDespu\u00e9s de la limpieza, coloque los zapatos en un lugar bien ventilado para que se sequen, evitando la luz solar directa. Despu\u00e9s de que los zapatos est\u00e9n completamente secos, se pueden usar.<\/p>\n<p><strong>III. Precauciones<\/strong><\/p>\n<p>1.Evitar el contacto con los ojos y la piel<br \/>\noEl limpiador de espuma blanca para calzado contiene ingredientes qu\u00edmicos. Al utilizarlo, evite el contacto con los ojos y la piel. En caso de contacto accidental, aclarar inmediatamente con agua limpia.<br \/>\n2.Mantener alejado de altas temperaturas<br \/>\noEl limpiador debe mantenerse alejado de entornos con altas temperaturas para evitar fallos en el producto.<br \/>\n3.Guardar en un lugar fresco y seco<br \/>\noEl limpiador no utilizado debe almacenarse en un lugar fresco y seco, evitando la luz solar directa y los ambientes h\u00famedos y a alta temperatura para evitar que afecte al rendimiento y la vida \u00fatil del limpiador.<br \/>\n4.Prueba en una zona poco visible<br \/>\noAntes de utilizar el limpiador, se recomienda probarlo en una zona poco visible de los zapatos para asegurarse de que el limpiador no causar\u00e1 da\u00f1os a los zapatos.<\/p>\n<p>El limpiador de espuma para zapatos blancos WILLIAM WEIR es un producto de limpieza potente, c\u00f3modo y suave que puede ayudarle a limpiar f\u00e1cilmente los zapatos blancos y mantenerlos siempre blancos y limpios. Al usarlo, solo tienes que seguir las instrucciones y prestar atenci\u00f3n a la seguridad y las precauciones para que tus zapatos blancos parezcan nuevos.<\/p>","protected":false},"excerpt":{"rendered":"<p>\u00a1Nuestra f\u00e1brica ofrece servicios de procesamiento OEM\/ODM, podemos adaptar productos para usted; Nuestro MOQ es bajo, generalmente la cantidad m\u00ednima es de 1000 botellas pueden ser producidas; Nuestros productos son baratos, excelente calidad del producto, en l\u00ednea con cualquier ley y reglamento nacional y las necesidades del cliente!<\/p>\n<h3><strong>\u00a0 \u00a0 \u00a0 Tambi\u00e9n ofrecemos los siguientes servicios<\/strong><\/h3>\n<h4><strong><img decoding=\"async\" class=\"emoji\" role=\"img\" draggable=\"false\" src=\"https:\/\/s.w.org\/images\/core\/emoji\/15.0.3\/svg\/2714.svg\" alt=\"\u2714\" \/>\u00a0 Fuente transfronteriza\u00a0 \u00a0 \u00a0 \u00a0 \u00a0\u00a0<img decoding=\"async\" class=\"emoji\" role=\"img\" draggable=\"false\" src=\"https:\/\/s.w.org\/images\/core\/emoji\/15.0.3\/svg\/2714.svg\" alt=\"\u2714\" \/>\u00a0 Apoyo a la personalizaci\u00f3n<\/strong><\/h4>\n<h4><strong><img decoding=\"async\" class=\"emoji\" role=\"img\" draggable=\"false\" src=\"https:\/\/s.w.org\/images\/core\/emoji\/15.0.3\/svg\/2714.svg\" alt=\"\u2714\" \/>\u00a0 Fuente f\u00e1brica\u00a0 \u00a0 \u00a0 \u00a0 \u00a0 \u00a0 \u00a0 \u00a0 \u00a0 \u00a0 \u00a0 \u00a0<img decoding=\"async\" class=\"emoji\" role=\"img\" draggable=\"false\" src=\"https:\/\/s.w.org\/images\/core\/emoji\/15.0.3\/svg\/2714.svg\" alt=\"\u2714\" \/>\u00a0 Desarrollo de productos<\/strong><\/h4>\n<h4><strong><img decoding=\"async\" class=\"emoji\" role=\"img\" draggable=\"false\" src=\"https:\/\/s.w.org\/images\/core\/emoji\/15.0.3\/svg\/2714.svg\" alt=\"\u2714\" \/>\u00a0 A la medida de la muestra\u00a0 \u00a0 \u00a0 \u00a0 \u00a0 \u00a0 \u00a0 \u00a0 \u00a0 \u00a0\u00a0<img decoding=\"async\" class=\"emoji\" role=\"img\" draggable=\"false\" src=\"https:\/\/s.w.org\/images\/core\/emoji\/15.0.3\/svg\/2714.svg\" alt=\"\u2714\" \/>\u00a0 Autorizaci\u00f3n de marca<\/strong><\/h4>\n<p>&nbsp;<\/p>\n<h2 style=\"text-align: left;\"><strong>\u00bfPreguntas o comentarios? <\/strong><\/h2>\n<h2 style=\"text-align: left;\"><strong>wlwer@williamweir.com<\/strong><strong>\u00a0<\/strong><\/h2>","protected":false},"featured_media":5381,"template":"","meta":{"_uag_custom_page_level_css":"","site-sidebar-layout":"default","site-content-layout":"","ast-site-content-layout":"default","site-content-style":"default","site-sidebar-style":"default","ast-global-header-display":"","ast-banner-title-visibility":"","ast-main-header-display":"","ast-hfb-above-header-display":"","ast-hfb-below-header-display":"","ast-hfb-mobile-header-display":"","site-post-title":"","ast-breadcrumbs-content":"","ast-featured-img":"","footer-sml-layout":"","theme-transparent-header-meta":"default","adv-header-id-meta":"","stick-header-meta":"","header-above-stick-meta":"","header-main-stick-meta":"","header-below-stick-meta":"","astra-migrate-meta-layouts":"set","ast-page-background-enabled":"default","ast-page-background-meta":{"desktop":{"background-color":"","background-image":"","background-repeat":"repeat","background-position":"center center","background-size":"auto","background-attachment":"scroll","background-type":"","background-media":"","overlay-type":"","overlay-color":"","overlay-opacity":"","overlay-gradient":""},"tablet":{"background-color":"","background-image":"","background-repeat":"repeat","background-position":"center center","background-size":"auto","background-attachment":"scroll","background-type":"","background-media":"","overlay-type":"","overlay-color":"","overlay-opacity":"","overlay-gradient":""},"mobile":{"background-color":"","background-image":"","background-repeat":"repeat","background-position":"center center","background-size":"auto","background-attachment":"scroll","background-type":"","background-media":"","overlay-type":"","overlay-color":"","overlay-opacity":"","overlay-gradient":""}},"ast-content-background-meta":{"desktop":{"background-color":"var(--ast-global-color-5)","background-image":"","background-repeat":"repeat","background-position":"center center","background-size":"auto","background-attachment":"scroll","background-type":"","background-media":"","overlay-type":"","overlay-color":"","overlay-opacity":"","overlay-gradient":""},"tablet":{"background-color":"var(--ast-global-color-5)","background-image":"","background-repeat":"repeat","background-position":"center center","background-size":"auto","background-attachment":"scroll","background-type":"","background-media":"","overlay-type":"","overlay-color":"","overlay-opacity":"","overlay-gradient":""},"mobile":{"background-color":"var(--ast-global-color-5)","background-image":"","background-repeat":"repeat","background-position":"center center","background-size":"auto","background-attachment":"scroll","background-type":"","background-media":"","overlay-type":"","overlay-color":"","overlay-opacity":"","overlay-gradient":""}}},"product_brand":[],"product_cat":[70],"product_tag":[139,242,241],"class_list":{"0":"post-5380","1":"product","2":"type-product","3":"status-publish","4":"has-post-thumbnail","6":"product_cat-foam-cleaner-series","7":"product_tag-foam-cleaner","8":"product_tag-shoe-cleaner","9":"product_tag-white-shoe-foam-cleaner","10":"desktop-align-center","11":"tablet-align-left","12":"mobile-align-left","13":"ast-product-gallery-layout-horizontal-slider","14":"ast-product-tabs-layout-horizontal","16":"first","17":"instock","18":"featured","19":"shipping-taxable","20":"product-type-simple"},"aioseo_notices":[],"uagb_featured_image_src":{"full":["https:\/\/williamweir.com\/wp-content\/uploads\/2024\/10\/\u767d\u978b\u6e05\u6d01\u5242-1.jpg",1000,1000,false],"thumbnail":["https:\/\/williamweir.com\/wp-content\/uploads\/2024\/10\/\u767d\u978b\u6e05\u6d01\u5242-1-300x300.jpg",300,300,true],"medium":["https:\/\/williamweir.com\/wp-content\/uploads\/2024\/10\/\u767d\u978b\u6e05\u6d01\u5242-1-600x600.jpg",600,600,true],"medium_large":["https:\/\/williamweir.com\/wp-content\/uploads\/2024\/10\/\u767d\u978b\u6e05\u6d01\u5242-1-768x768.jpg",768,768,true],"large":["https:\/\/williamweir.com\/wp-content\/uploads\/2024\/10\/\u767d\u978b\u6e05\u6d01\u5242-1.jpg",1000,1000,false],"1536x1536":["https:\/\/williamweir.com\/wp-content\/uploads\/2024\/10\/\u767d\u978b\u6e05\u6d01\u5242-1.jpg",1000,1000,false],"2048x2048":["https:\/\/williamweir.com\/wp-content\/uploads\/2024\/10\/\u767d\u978b\u6e05\u6d01\u5242-1.jpg",1000,1000,false],"trp-custom-language-flag":["https:\/\/williamweir.com\/wp-content\/uploads\/2024\/10\/\u767d\u978b\u6e05\u6d01\u5242-1-12x12.jpg",12,12,true],"woocommerce_thumbnail":["https:\/\/williamweir.com\/wp-content\/uploads\/2024\/10\/\u767d\u978b\u6e05\u6d01\u5242-1-600x600.jpg",600,600,true],"woocommerce_single":["https:\/\/williamweir.com\/wp-content\/uploads\/2024\/10\/\u767d\u978b\u6e05\u6d01\u5242-1-600x600.jpg",600,600,true],"woocommerce_gallery_thumbnail":["https:\/\/williamweir.com\/wp-content\/uploads\/2024\/10\/\u767d\u978b\u6e05\u6d01\u5242-1-100x100.jpg",100,100,true]},"uagb_author_info":{"display_name":"wlwer","author_link":"https:\/\/williamweir.com\/es\/author\/"},"uagb_comment_info":0,"uagb_excerpt":"Our factory provides OEM\/ODM processing services, we can tailor products for you; Our MOQ is low, generally the minimum quantity is 1000 bottles can be produced; Our products are inexpensive, excellent product quality, in line with any national laws and regulations and customer needs! \u00a0 \u00a0 \u00a0 We also offer the following services \u00a0 Cross-border&hellip;","_links":{"self":[{"href":"https:\/\/williamweir.com\/es\/wp-json\/wp\/v2\/product\/5380"}],"collection":[{"href":"https:\/\/williamweir.com\/es\/wp-json\/wp\/v2\/product"}],"about":[{"href":"https:\/\/williamweir.com\/es\/wp-json\/wp\/v2\/types\/product"}],"version-history":[{"count":5,"href":"https:\/\/williamweir.com\/es\/wp-json\/wp\/v2\/product\/5380\/revisions"}],"predecessor-version":[{"id":8308,"href":"https:\/\/williamweir.com\/es\/wp-json\/wp\/v2\/product\/5380\/revisions\/8308"}],"wp:featuredmedia":[{"embeddable":true,"href":"https:\/\/williamweir.com\/es\/wp-json\/wp\/v2\/media\/5381"}],"wp:attachment":[{"href":"https:\/\/williamweir.com\/es\/wp-json\/wp\/v2\/media?parent=5380"}],"wp:term":[{"taxonomy":"product_brand","embeddable":true,"href":"https:\/\/williamweir.com\/es\/wp-json\/wp\/v2\/product_brand?post=5380"},{"taxonomy":"product_cat","embeddable":true,"href":"https:\/\/williamweir.com\/es\/wp-json\/wp\/v2\/product_cat?post=5380"},{"taxonomy":"product_tag","embeddable":true,"href":"https:\/\/williamweir.com\/es\/wp-json\/wp\/v2\/product_tag?post=5380"}],"curies":[{"name":"wp","href":"https:\/\/api.w.org\/{rel}","templated":true}]}}