{"id":5342,"date":"2024-10-30T06:36:01","date_gmt":"2024-10-30T06:36:01","guid":{"rendered":"https:\/\/williamweir.com\/?post_type=product&#038;p=5342"},"modified":"2025-05-24T01:46:52","modified_gmt":"2025-05-24T01:46:52","slug":"jewelry-cleaner","status":"publish","type":"product","link":"https:\/\/williamweir.com\/es\/producto\/jewelry-cleaner\/","title":{"rendered":"Limpiador de joyas"},"content":{"rendered":"<p align=\"justify\"><strong>C\u00f3digo del producto<\/strong><strong>\uff1a<\/strong><strong>2<\/strong><strong>783<\/strong><\/p>\n<p><strong>I. Introducci\u00f3n del producto<\/strong><\/p>\n<p>Este producto es un limpiador muy eficaz especialmente dise\u00f1ado para limpiar diversos tipos de joyas. Tanto si se trata de joyas de oro, plata, diamantes, piedras preciosas o perlas, puede eliminar eficazmente la suciedad y las capas de \u00f3xido y devolver a las joyas su brillo original.<\/p>\n<p><strong>II. Caracter\u00edsticas del producto<\/strong><\/p>\n<ol>\n<li>Limpieza potente: Contiene ingredientes limpiadores especiales que pueden disolver r\u00e1pidamente la suciedad, la grasa y el polvo de la superficie de las joyas y hacer que \u00e9stas parezcan nuevas.<\/li>\n<li>F\u00f3rmula suave: Adopta una f\u00f3rmula suave que no da\u00f1a las joyas y protege el material y el brillo de las joyas.<\/li>\n<li>Elimina la oxidaci\u00f3n: Elimina eficazmente la capa de \u00f3xido de la superficie de las joyas para evitar que cambien de color y pierdan brillo.<\/li>\n<li>Ampliamente aplicable: Adecuado para joyas de diversos materiales, incluidos metales preciosos, piedras preciosas y perlas.<\/li>\n<li>C\u00f3modo y r\u00e1pido: F\u00e1cil de usar. Basta con sumergir las joyas en el limpiador o limpiarlas con \u00e9l para limpiarlas r\u00e1pidamente.<\/li>\n<\/ol>\n<p><strong>III. M\u00e9todos de utilizaci\u00f3n<\/strong><\/p>\n<ol>\n<li>M\u00e9todo de remojo: Ponga las joyas en un recipiente, vierta una cantidad adecuada de limpiador de joyas para asegurarse de que las joyas queden completamente sumergidas. El tiempo de remojo depende del grado de suciedad de la joya, generalmente entre 5 y 10 minutos. Despu\u00e9s del remojo, frote suavemente la joya con un cepillo suave, luego enju\u00e1guela con agua limpia y s\u00e9quela con un pa\u00f1o suave y limpio.<\/li>\n<li>M\u00e9todo de limpieza: Vierta una peque\u00f1a cantidad de limpiador de joyas en un pa\u00f1o suave y limpio y, a continuaci\u00f3n, limpie suavemente la superficie de las joyas. Para las zonas dif\u00edciles de limpiar, se puede utilizar un cepillo suave para la limpieza auxiliar. Despu\u00e9s de pasar el pa\u00f1o, acl\u00e1relo con agua limpia y s\u00e9quelo con un pa\u00f1o suave y limpio.<\/li>\n<\/ol>\n<p><strong>IV. Precauciones<\/strong><\/p>\n<ol>\n<li>Evite el contacto con los ojos: Si el limpiador entra accidentalmente en contacto con los ojos, enju\u00e1guelos inmediatamente con abundante agua limpia y acuda a un m\u00e9dico a tiempo.<\/li>\n<li>Mantener alejado de los ni\u00f1os: Coloque el limpiador de joyas en un lugar donde los ni\u00f1os no puedan alcanzarlo f\u00e1cilmente para evitar que los ni\u00f1os lo ingieran o entren en contacto accidentalmente.<\/li>\n<li>Util\u00edcelo siguiendo las instrucciones: Utilice el limpiador de joyas siguiendo estrictamente las instrucciones del producto. No utilice cantidades excesivas ni deje las joyas en remojo durante mucho tiempo para evitar da\u00f1arlas.<\/li>\n<li>Utilizar con precauci\u00f3n con materiales especiales: En el caso de algunas joyas fabricadas con materiales especiales, como perlas y \u00e1mbar, haga primero una prueba en una zona poco visible para confirmar que no se producen reacciones adversas antes de utilizarlas.<\/li>\n<li>Gu\u00e1rdelo en un lugar fresco y seco: Guarde el limpiador de joyas en un lugar fresco y seco, evitando la luz solar directa y los ambientes con altas temperaturas.<\/li>\n<\/ol>","protected":false},"excerpt":{"rendered":"<p>\u00a1Nuestra f\u00e1brica ofrece servicios de procesamiento OEM\/ODM, podemos adaptar productos para usted; Nuestro MOQ es bajo, generalmente la cantidad m\u00ednima es de 1000 botellas pueden ser producidas; Nuestros productos son baratos, excelente calidad del producto, en l\u00ednea con cualquier ley y reglamento nacional y las necesidades del cliente!<\/p>\n<h3><strong>\u00a0 \u00a0 \u00a0 Tambi\u00e9n ofrecemos los siguientes servicios<\/strong><\/h3>\n<h4><strong><img decoding=\"async\" class=\"emoji\" role=\"img\" draggable=\"false\" src=\"https:\/\/s.w.org\/images\/core\/emoji\/15.0.3\/svg\/2714.svg\" alt=\"\u2714\" \/>\u00a0 Fuente transfronteriza\u00a0 \u00a0 \u00a0 \u00a0 \u00a0\u00a0<img decoding=\"async\" class=\"emoji\" role=\"img\" draggable=\"false\" src=\"https:\/\/s.w.org\/images\/core\/emoji\/15.0.3\/svg\/2714.svg\" alt=\"\u2714\" \/>\u00a0 Apoyo a la personalizaci\u00f3n<\/strong><\/h4>\n<h4><strong><img decoding=\"async\" class=\"emoji\" role=\"img\" draggable=\"false\" src=\"https:\/\/s.w.org\/images\/core\/emoji\/15.0.3\/svg\/2714.svg\" alt=\"\u2714\" \/>\u00a0 Fuente f\u00e1brica\u00a0 \u00a0 \u00a0 \u00a0 \u00a0 \u00a0 \u00a0 \u00a0 \u00a0 \u00a0 \u00a0 \u00a0<img decoding=\"async\" class=\"emoji\" role=\"img\" draggable=\"false\" src=\"https:\/\/s.w.org\/images\/core\/emoji\/15.0.3\/svg\/2714.svg\" alt=\"\u2714\" \/>\u00a0 Desarrollo de productos<\/strong><\/h4>\n<h4><strong><img decoding=\"async\" class=\"emoji\" role=\"img\" draggable=\"false\" src=\"https:\/\/s.w.org\/images\/core\/emoji\/15.0.3\/svg\/2714.svg\" alt=\"\u2714\" \/>\u00a0 A la medida de la muestra\u00a0 \u00a0 \u00a0 \u00a0 \u00a0 \u00a0 \u00a0 \u00a0 \u00a0 \u00a0\u00a0<img decoding=\"async\" class=\"emoji\" role=\"img\" draggable=\"false\" src=\"https:\/\/s.w.org\/images\/core\/emoji\/15.0.3\/svg\/2714.svg\" alt=\"\u2714\" \/>\u00a0 Autorizaci\u00f3n de marca<\/strong><\/h4>\n<p>&nbsp;<\/p>\n<h2 style=\"text-align: left;\"><strong>\u00bfPreguntas o comentarios? <\/strong><\/h2>\n<h2 style=\"text-align: left;\"><strong>wlwer@williamweir.com<\/strong><\/h2>\n<h4><strong>\u00a0<\/strong><\/h4>","protected":false},"featured_media":5343,"template":"","meta":{"_uag_custom_page_level_css":"","site-sidebar-layout":"default","site-content-layout":"","ast-site-content-layout":"default","site-content-style":"default","site-sidebar-style":"default","ast-global-header-display":"","ast-banner-title-visibility":"","ast-main-header-display":"","ast-hfb-above-header-display":"","ast-hfb-below-header-display":"","ast-hfb-mobile-header-display":"","site-post-title":"","ast-breadcrumbs-content":"","ast-featured-img":"","footer-sml-layout":"","theme-transparent-header-meta":"default","adv-header-id-meta":"","stick-header-meta":"","header-above-stick-meta":"","header-main-stick-meta":"","header-below-stick-meta":"","astra-migrate-meta-layouts":"set","ast-page-background-enabled":"default","ast-page-background-meta":{"desktop":{"background-color":"","background-image":"","background-repeat":"repeat","background-position":"center center","background-size":"auto","background-attachment":"scroll","background-type":"","background-media":"","overlay-type":"","overlay-color":"","overlay-opacity":"","overlay-gradient":""},"tablet":{"background-color":"","background-image":"","background-repeat":"repeat","background-position":"center center","background-size":"auto","background-attachment":"scroll","background-type":"","background-media":"","overlay-type":"","overlay-color":"","overlay-opacity":"","overlay-gradient":""},"mobile":{"background-color":"","background-image":"","background-repeat":"repeat","background-position":"center center","background-size":"auto","background-attachment":"scroll","background-type":"","background-media":"","overlay-type":"","overlay-color":"","overlay-opacity":"","overlay-gradient":""}},"ast-content-background-meta":{"desktop":{"background-color":"var(--ast-global-color-5)","background-image":"","background-repeat":"repeat","background-position":"center center","background-size":"auto","background-attachment":"scroll","background-type":"","background-media":"","overlay-type":"","overlay-color":"","overlay-opacity":"","overlay-gradient":""},"tablet":{"background-color":"var(--ast-global-color-5)","background-image":"","background-repeat":"repeat","background-position":"center center","background-size":"auto","background-attachment":"scroll","background-type":"","background-media":"","overlay-type":"","overlay-color":"","overlay-opacity":"","overlay-gradient":""},"mobile":{"background-color":"var(--ast-global-color-5)","background-image":"","background-repeat":"repeat","background-position":"center center","background-size":"auto","background-attachment":"scroll","background-type":"","background-media":"","overlay-type":"","overlay-color":"","overlay-opacity":"","overlay-gradient":""}}},"product_brand":[],"product_cat":[81],"product_tag":[166],"class_list":{"0":"post-5342","1":"product","2":"type-product","3":"status-publish","4":"has-post-thumbnail","6":"product_cat-special-goods-cleaning-and-maintenance-series","7":"product_tag-jewelry-cleaner","8":"desktop-align-center","9":"tablet-align-left","10":"mobile-align-left","11":"ast-product-gallery-layout-horizontal-slider","12":"ast-product-gallery-with-no-image","13":"ast-product-tabs-layout-horizontal","15":"first","16":"instock","17":"featured","18":"shipping-taxable","19":"product-type-simple"},"aioseo_notices":[],"uagb_featured_image_src":{"full":["https:\/\/williamweir.com\/wp-content\/uploads\/2024\/10\/\u9996\u9970\u6e05\u6d01\u5242.jpg",800,800,false],"thumbnail":["https:\/\/williamweir.com\/wp-content\/uploads\/2024\/10\/\u9996\u9970\u6e05\u6d01\u5242-300x300.jpg",300,300,true],"medium":["https:\/\/williamweir.com\/wp-content\/uploads\/2024\/10\/\u9996\u9970\u6e05\u6d01\u5242-600x600.jpg",600,600,true],"medium_large":["https:\/\/williamweir.com\/wp-content\/uploads\/2024\/10\/\u9996\u9970\u6e05\u6d01\u5242-768x768.jpg",768,768,true],"large":["https:\/\/williamweir.com\/wp-content\/uploads\/2024\/10\/\u9996\u9970\u6e05\u6d01\u5242.jpg",800,800,false],"1536x1536":["https:\/\/williamweir.com\/wp-content\/uploads\/2024\/10\/\u9996\u9970\u6e05\u6d01\u5242.jpg",800,800,false],"2048x2048":["https:\/\/williamweir.com\/wp-content\/uploads\/2024\/10\/\u9996\u9970\u6e05\u6d01\u5242.jpg",800,800,false],"trp-custom-language-flag":["https:\/\/williamweir.com\/wp-content\/uploads\/2024\/10\/\u9996\u9970\u6e05\u6d01\u5242-12x12.jpg",12,12,true],"woocommerce_thumbnail":["https:\/\/williamweir.com\/wp-content\/uploads\/2024\/10\/\u9996\u9970\u6e05\u6d01\u5242-600x600.jpg",600,600,true],"woocommerce_single":["https:\/\/williamweir.com\/wp-content\/uploads\/2024\/10\/\u9996\u9970\u6e05\u6d01\u5242-600x600.jpg",600,600,true],"woocommerce_gallery_thumbnail":["https:\/\/williamweir.com\/wp-content\/uploads\/2024\/10\/\u9996\u9970\u6e05\u6d01\u5242-100x100.jpg",100,100,true]},"uagb_author_info":{"display_name":"wlwer","author_link":"https:\/\/williamweir.com\/es\/author\/"},"uagb_comment_info":0,"uagb_excerpt":"Our factory provides OEM\/ODM processing services, we can tailor products for you; Our MOQ is low, generally the minimum quantity is 1000 bottles can be produced; Our products are inexpensive, excellent product quality, in line with any national laws and regulations and customer needs! \u00a0 \u00a0 \u00a0 We also offer the following services \u00a0 Cross-border&hellip;","_links":{"self":[{"href":"https:\/\/williamweir.com\/es\/wp-json\/wp\/v2\/product\/5342"}],"collection":[{"href":"https:\/\/williamweir.com\/es\/wp-json\/wp\/v2\/product"}],"about":[{"href":"https:\/\/williamweir.com\/es\/wp-json\/wp\/v2\/types\/product"}],"version-history":[{"count":4,"href":"https:\/\/williamweir.com\/es\/wp-json\/wp\/v2\/product\/5342\/revisions"}],"predecessor-version":[{"id":8284,"href":"https:\/\/williamweir.com\/es\/wp-json\/wp\/v2\/product\/5342\/revisions\/8284"}],"wp:featuredmedia":[{"embeddable":true,"href":"https:\/\/williamweir.com\/es\/wp-json\/wp\/v2\/media\/5343"}],"wp:attachment":[{"href":"https:\/\/williamweir.com\/es\/wp-json\/wp\/v2\/media?parent=5342"}],"wp:term":[{"taxonomy":"product_brand","embeddable":true,"href":"https:\/\/williamweir.com\/es\/wp-json\/wp\/v2\/product_brand?post=5342"},{"taxonomy":"product_cat","embeddable":true,"href":"https:\/\/williamweir.com\/es\/wp-json\/wp\/v2\/product_cat?post=5342"},{"taxonomy":"product_tag","embeddable":true,"href":"https:\/\/williamweir.com\/es\/wp-json\/wp\/v2\/product_tag?post=5342"}],"curies":[{"name":"wp","href":"https:\/\/api.w.org\/{rel}","templated":true}]}}