{"id":5333,"date":"2024-10-30T06:21:15","date_gmt":"2024-10-30T06:21:15","guid":{"rendered":"https:\/\/williamweir.com\/?post_type=product&#038;p=5333"},"modified":"2025-05-24T01:46:07","modified_gmt":"2025-05-24T01:46:07","slug":"refrigerator-defrosting-and-deicing-agent","status":"publish","type":"product","link":"https:\/\/williamweir.com\/es\/producto\/refrigerator-defrosting-and-deicing-agent\/","title":{"rendered":"Descongelador y descongelante de frigor\u00edficos"},"content":{"rendered":"<p align=\"justify\"><strong>C\u00f3digo del producto<\/strong><strong>\uff1a<\/strong><strong>2<\/strong><strong>813<\/strong><\/p>\n<p><strong>I. Introducci\u00f3n del producto<\/strong><\/p>\n<p>Este producto es un pr\u00e1ctico producto especialmente dise\u00f1ado para eliminar r\u00e1pidamente las capas de hielo en los frigor\u00edficos. Puede disolver eficazmente la capa de hielo y hacer que el frigor\u00edfico recupere r\u00e1pidamente la funci\u00f3n de refrigeraci\u00f3n normal, ahorr\u00e1ndole tiempo y energ\u00eda.<\/p>\n<p><strong>II. Caracter\u00edsticas del producto<\/strong><\/p>\n<ol>\n<li>Deshielo eficaz: La f\u00f3rmula \u00fanica puede penetrar r\u00e1pidamente en la capa de hielo, reducir r\u00e1pidamente el punto de congelaci\u00f3n del hielo, hacer que la capa de hielo se derrita r\u00e1pidamente y acortar en gran medida el tiempo de deshielo.<\/li>\n<li>Seguro e inofensivo: Utiliza ingredientes seguros para el cuerpo humano y los materiales internos del frigor\u00edfico. No causar\u00e1 da\u00f1os a los alimentos, la pared interior del frigor\u00edfico y otros componentes, y puede utilizarse con confianza.<\/li>\n<li>Olor fresco: Tiene un ligero olor fresco. Durante el proceso de descongelaci\u00f3n, no producir\u00e1 un olor penetrante y desagradable, ofreci\u00e9ndole una buena experiencia de uso.<\/li>\n<li>C\u00f3modo de usar: Dise\u00f1o de pulverizaci\u00f3n, funcionamiento sencillo y c\u00f3modo. S\u00f3lo roc\u00ede el spray uniformemente sobre la capa de hielo apuntando a ella, y luego comenzar el trabajo de deshielo.<\/li>\n<\/ol>\n<p><strong>III. M\u00e9todos de utilizaci\u00f3n<\/strong><\/p>\n<ol>\n<li>En primer lugar, saque los alimentos del frigor\u00edfico y gu\u00e1rdelos adecuadamente, y apague el frigor\u00edfico.<\/li>\n<li>Sujete el spray descongelante, mantenga el cuerpo de la botella en posici\u00f3n vertical y roc\u00edelo uniformemente sobre la superficie de la capa de hielo a una distancia de unos 15 - 20 cent\u00edmetros de la capa de hielo para garantizar una cobertura total de la capa de hielo.<\/li>\n<li>Espere unos minutos para que el spray descongelante cumpla plenamente su funci\u00f3n, y la capa de hielo empezar\u00e1 a derretirse poco a poco.<\/li>\n<li>Para capas de hielo m\u00e1s gruesas, puede rociar el spray descongelante varias veces y retirar suavemente los bloques de hielo desprendidos con una rasqueta de pl\u00e1stico o una herramienta blanda, pero tenga cuidado de no rayar la pared interior del frigor\u00edfico.<\/li>\n<li>Cuando la capa de hielo se haya eliminado por completo, limpie el interior del frigor\u00edfico con un pa\u00f1o limpio y h\u00famedo para eliminar la humedad residual y el spray descongelante y, a continuaci\u00f3n, s\u00e9quelo con un pa\u00f1o seco.<\/li>\n<\/ol>\n<p><strong>IV. Precauciones<\/strong><\/p>\n<ol>\n<li>Evite el contacto con los ojos: Si el spray descongelante entra accidentalmente en contacto con los ojos, enju\u00e1guelos inmediatamente con abundante agua limpia y acuda a un m\u00e9dico a tiempo.<\/li>\n<li>Mant\u00e9ngalo alejado de los ni\u00f1os: Por favor, coloque el spray descongelante en un lugar donde los ni\u00f1os no puedan alcanzarlo para evitar que lo cojan por error y hagan un mal uso de \u00e9l.<\/li>\n<li>Evite la ingesti\u00f3n accidental: El spray descongelante no es comestible y debe evitarse su ingesti\u00f3n accidental.<\/li>\n<li>Evite las altas temperaturas y las fuentes de fuego: El spray descongelante debe almacenarse en un lugar fresco y seco, alejado de fuentes de alta temperatura y fuego para evitar peligros.<br \/>\nNo lo utilice cuando el frigor\u00edfico est\u00e9 en funcionamiento: Primero debe apagar el frigor\u00edfico. Una vez finalizado y limpiado el deshielo, vuelva a encender el frigor\u00edfico.<\/li>\n<\/ol>\n<p>&nbsp;<\/p>","protected":false},"excerpt":{"rendered":"<p>\u00a1Nuestra f\u00e1brica ofrece servicios de procesamiento OEM\/ODM, podemos adaptar productos para usted; Nuestro MOQ es bajo, generalmente la cantidad m\u00ednima es de 1000 botellas pueden ser producidas; Nuestros productos son baratos, excelente calidad del producto, en l\u00ednea con cualquier ley y reglamento nacional y las necesidades del cliente!<\/p>\n<h3><strong>\u00a0 \u00a0 \u00a0 Tambi\u00e9n ofrecemos los siguientes servicios<\/strong><\/h3>\n<h4><strong><img decoding=\"async\" class=\"emoji\" role=\"img\" draggable=\"false\" src=\"https:\/\/s.w.org\/images\/core\/emoji\/15.0.3\/svg\/2714.svg\" alt=\"\u2714\" \/>\u00a0 Fuente transfronteriza\u00a0 \u00a0 \u00a0 \u00a0 \u00a0\u00a0<img decoding=\"async\" class=\"emoji\" role=\"img\" draggable=\"false\" src=\"https:\/\/s.w.org\/images\/core\/emoji\/15.0.3\/svg\/2714.svg\" alt=\"\u2714\" \/>\u00a0 Apoyo a la personalizaci\u00f3n<\/strong><\/h4>\n<h4><strong><img decoding=\"async\" class=\"emoji\" role=\"img\" draggable=\"false\" src=\"https:\/\/s.w.org\/images\/core\/emoji\/15.0.3\/svg\/2714.svg\" alt=\"\u2714\" \/>\u00a0 Fuente f\u00e1brica\u00a0 \u00a0 \u00a0 \u00a0 \u00a0 \u00a0 \u00a0 \u00a0 \u00a0 \u00a0 \u00a0 \u00a0<img decoding=\"async\" class=\"emoji\" role=\"img\" draggable=\"false\" src=\"https:\/\/s.w.org\/images\/core\/emoji\/15.0.3\/svg\/2714.svg\" alt=\"\u2714\" \/>\u00a0 Desarrollo de productos<\/strong><\/h4>\n<h4><strong><img decoding=\"async\" class=\"emoji\" role=\"img\" draggable=\"false\" src=\"https:\/\/s.w.org\/images\/core\/emoji\/15.0.3\/svg\/2714.svg\" alt=\"\u2714\" \/>\u00a0 A la medida de la muestra\u00a0 \u00a0 \u00a0 \u00a0 \u00a0 \u00a0 \u00a0 \u00a0 \u00a0 \u00a0\u00a0<img decoding=\"async\" class=\"emoji\" role=\"img\" draggable=\"false\" src=\"https:\/\/s.w.org\/images\/core\/emoji\/15.0.3\/svg\/2714.svg\" alt=\"\u2714\" \/>\u00a0 Autorizaci\u00f3n de marca<\/p>\n<p><\/strong><\/h4>\n<h2 style=\"text-align: left;\"><strong>\u00bfPreguntas o comentarios? <\/strong><\/h2>\n<h2 style=\"text-align: left;\"><strong>wlwer@williamweir.com<\/strong><\/h2>\n<h4><strong>\u00a0<\/strong><\/h4>","protected":false},"featured_media":5334,"template":"","meta":{"_uag_custom_page_level_css":"","site-sidebar-layout":"default","site-content-layout":"","ast-site-content-layout":"default","site-content-style":"default","site-sidebar-style":"default","ast-global-header-display":"","ast-banner-title-visibility":"","ast-main-header-display":"","ast-hfb-above-header-display":"","ast-hfb-below-header-display":"","ast-hfb-mobile-header-display":"","site-post-title":"","ast-breadcrumbs-content":"","ast-featured-img":"","footer-sml-layout":"","theme-transparent-header-meta":"default","adv-header-id-meta":"","stick-header-meta":"","header-above-stick-meta":"","header-main-stick-meta":"","header-below-stick-meta":"","astra-migrate-meta-layouts":"set","ast-page-background-enabled":"default","ast-page-background-meta":{"desktop":{"background-color":"","background-image":"","background-repeat":"repeat","background-position":"center center","background-size":"auto","background-attachment":"scroll","background-type":"","background-media":"","overlay-type":"","overlay-color":"","overlay-opacity":"","overlay-gradient":""},"tablet":{"background-color":"","background-image":"","background-repeat":"repeat","background-position":"center center","background-size":"auto","background-attachment":"scroll","background-type":"","background-media":"","overlay-type":"","overlay-color":"","overlay-opacity":"","overlay-gradient":""},"mobile":{"background-color":"","background-image":"","background-repeat":"repeat","background-position":"center center","background-size":"auto","background-attachment":"scroll","background-type":"","background-media":"","overlay-type":"","overlay-color":"","overlay-opacity":"","overlay-gradient":""}},"ast-content-background-meta":{"desktop":{"background-color":"var(--ast-global-color-5)","background-image":"","background-repeat":"repeat","background-position":"center center","background-size":"auto","background-attachment":"scroll","background-type":"","background-media":"","overlay-type":"","overlay-color":"","overlay-opacity":"","overlay-gradient":""},"tablet":{"background-color":"var(--ast-global-color-5)","background-image":"","background-repeat":"repeat","background-position":"center center","background-size":"auto","background-attachment":"scroll","background-type":"","background-media":"","overlay-type":"","overlay-color":"","overlay-opacity":"","overlay-gradient":""},"mobile":{"background-color":"var(--ast-global-color-5)","background-image":"","background-repeat":"repeat","background-position":"center center","background-size":"auto","background-attachment":"scroll","background-type":"","background-media":"","overlay-type":"","overlay-color":"","overlay-opacity":"","overlay-gradient":""}}},"product_brand":[],"product_cat":[80],"product_tag":[161,162,163],"class_list":{"0":"post-5333","1":"product","2":"type-product","3":"status-publish","4":"has-post-thumbnail","6":"product_cat-snow-melting-and-deicing-agent","7":"product_tag-deicing-agent","8":"product_tag-refrigerator-deicing-agent","9":"product_tag-snow-melting-agent","10":"desktop-align-center","11":"tablet-align-left","12":"mobile-align-left","13":"ast-product-gallery-layout-horizontal-slider","14":"ast-product-gallery-with-no-image","15":"ast-product-tabs-layout-horizontal","17":"first","18":"instock","19":"shipping-taxable","20":"product-type-simple"},"aioseo_notices":[],"uagb_featured_image_src":{"full":["https:\/\/williamweir.com\/wp-content\/uploads\/2024\/10\/120ml\u51b0\u7bb1\u9664\u971c\u9664\u51b0\u5242.jpg",800,800,false],"thumbnail":["https:\/\/williamweir.com\/wp-content\/uploads\/2024\/10\/120ml\u51b0\u7bb1\u9664\u971c\u9664\u51b0\u5242-300x300.jpg",300,300,true],"medium":["https:\/\/williamweir.com\/wp-content\/uploads\/2024\/10\/120ml\u51b0\u7bb1\u9664\u971c\u9664\u51b0\u5242-600x600.jpg",600,600,true],"medium_large":["https:\/\/williamweir.com\/wp-content\/uploads\/2024\/10\/120ml\u51b0\u7bb1\u9664\u971c\u9664\u51b0\u5242-768x768.jpg",768,768,true],"large":["https:\/\/williamweir.com\/wp-content\/uploads\/2024\/10\/120ml\u51b0\u7bb1\u9664\u971c\u9664\u51b0\u5242.jpg",800,800,false],"1536x1536":["https:\/\/williamweir.com\/wp-content\/uploads\/2024\/10\/120ml\u51b0\u7bb1\u9664\u971c\u9664\u51b0\u5242.jpg",800,800,false],"2048x2048":["https:\/\/williamweir.com\/wp-content\/uploads\/2024\/10\/120ml\u51b0\u7bb1\u9664\u971c\u9664\u51b0\u5242.jpg",800,800,false],"trp-custom-language-flag":["https:\/\/williamweir.com\/wp-content\/uploads\/2024\/10\/120ml\u51b0\u7bb1\u9664\u971c\u9664\u51b0\u5242-12x12.jpg",12,12,true],"woocommerce_thumbnail":["https:\/\/williamweir.com\/wp-content\/uploads\/2024\/10\/120ml\u51b0\u7bb1\u9664\u971c\u9664\u51b0\u5242-600x600.jpg",600,600,true],"woocommerce_single":["https:\/\/williamweir.com\/wp-content\/uploads\/2024\/10\/120ml\u51b0\u7bb1\u9664\u971c\u9664\u51b0\u5242-600x600.jpg",600,600,true],"woocommerce_gallery_thumbnail":["https:\/\/williamweir.com\/wp-content\/uploads\/2024\/10\/120ml\u51b0\u7bb1\u9664\u971c\u9664\u51b0\u5242-100x100.jpg",100,100,true]},"uagb_author_info":{"display_name":"wlwer","author_link":"https:\/\/williamweir.com\/es\/author\/"},"uagb_comment_info":0,"uagb_excerpt":"Our factory provides OEM\/ODM processing services, we can tailor products for you; Our MOQ is low, generally the minimum quantity is 1000 bottles can be produced; Our products are inexpensive, excellent product quality, in line with any national laws and regulations and customer needs! \u00a0 \u00a0 \u00a0 We also offer the following services \u00a0 Cross-border&hellip;","_links":{"self":[{"href":"https:\/\/williamweir.com\/es\/wp-json\/wp\/v2\/product\/5333"}],"collection":[{"href":"https:\/\/williamweir.com\/es\/wp-json\/wp\/v2\/product"}],"about":[{"href":"https:\/\/williamweir.com\/es\/wp-json\/wp\/v2\/types\/product"}],"version-history":[{"count":5,"href":"https:\/\/williamweir.com\/es\/wp-json\/wp\/v2\/product\/5333\/revisions"}],"predecessor-version":[{"id":8287,"href":"https:\/\/williamweir.com\/es\/wp-json\/wp\/v2\/product\/5333\/revisions\/8287"}],"wp:featuredmedia":[{"embeddable":true,"href":"https:\/\/williamweir.com\/es\/wp-json\/wp\/v2\/media\/5334"}],"wp:attachment":[{"href":"https:\/\/williamweir.com\/es\/wp-json\/wp\/v2\/media?parent=5333"}],"wp:term":[{"taxonomy":"product_brand","embeddable":true,"href":"https:\/\/williamweir.com\/es\/wp-json\/wp\/v2\/product_brand?post=5333"},{"taxonomy":"product_cat","embeddable":true,"href":"https:\/\/williamweir.com\/es\/wp-json\/wp\/v2\/product_cat?post=5333"},{"taxonomy":"product_tag","embeddable":true,"href":"https:\/\/williamweir.com\/es\/wp-json\/wp\/v2\/product_tag?post=5333"}],"curies":[{"name":"wp","href":"https:\/\/api.w.org\/{rel}","templated":true}]}}