{"id":5314,"date":"2024-10-30T05:38:47","date_gmt":"2024-10-30T05:38:47","guid":{"rendered":"https:\/\/williamweir.com\/?post_type=product&#038;p=5314"},"modified":"2025-05-24T01:46:39","modified_gmt":"2025-05-24T01:46:39","slug":"bicycle-chain-oil","status":"publish","type":"product","link":"https:\/\/williamweir.com\/es\/producto\/bicycle-chain-oil\/","title":{"rendered":"Aceite para cadenas de bicicleta"},"content":{"rendered":"<p align=\"justify\"><strong>C\u00f3digo del producto<\/strong><strong>\uff1a<\/strong><strong>2431<\/strong><\/p>\n<p><strong>I. Introducci\u00f3n del producto<\/strong><\/p>\n<p>Este producto es un producto de mantenimiento de alto rendimiento especialmente dise\u00f1ado para bicicletas. Su objetivo es proporcionar una protecci\u00f3n y lubricaci\u00f3n completas a diversas piezas de las bicicletas para garantizar un funcionamiento sin problemas y un uso prolongado.<\/p>\n<p><strong>II. Caracter\u00edsticas del producto<\/strong><\/p>\n<ol>\n<li>Excelente rendimiento de lubricaci\u00f3n: Contiene ingredientes lubricantes especiales que pueden formar una pel\u00edcula de aceite uniforme en piezas clave como cadenas, engranajes y rodamientos de bicicletas, reduciendo eficazmente el coeficiente de fricci\u00f3n y el desgaste, y haciendo que el ciclismo sea m\u00e1s f\u00e1cil y suave.<\/li>\n<li>Prevenci\u00f3n de la oxidaci\u00f3n y la corrosi\u00f3n: Puede formar una pel\u00edcula protectora sobre la superficie met\u00e1lica para evitar la erosi\u00f3n de la humedad, el ox\u00edgeno y otras sustancias corrosivas y prolongar la vida \u00fatil de las piezas de bicicleta.<\/li>\n<li>Resistencia a altas y bajas temperaturas: Puede mantener un rendimiento estable en diferentes entornos de temperatura. Ya sea en verano caluroso o en invierno fr\u00edo, puede proporcionar una protecci\u00f3n fiable para las bicicletas.<\/li>\n<li>Respetuoso con el medio ambiente y seguro: Adopta una f\u00f3rmula respetuosa con el medio ambiente, no t\u00f3xica e inodora, e inocua para el cuerpo humano y el medio ambiente.<\/li>\n<\/ol>\n<p><strong>III. M\u00e9todos de utilizaci\u00f3n<\/strong><\/p>\n<ol>\n<li>Antes de usarla, limpia primero el polvo y la suciedad de la superficie de la bicicleta. Puedes pasarle un pa\u00f1o h\u00famedo o frotar suavemente con un cepillo.<\/li>\n<li>Pulverice o gotee uniformemente el aceite de mantenimiento en las partes de la bicicleta que necesiten lubricaci\u00f3n, como cadenas, engranajes y rodamientos.<\/li>\n<li>Para la cadena, puede girar el pedal con la mano para que la cadena entre totalmente en contacto con el aceite de mantenimiento y asegurarse de que cada eslab\u00f3n est\u00e1 lubricado.<\/li>\n<li>Espere unos minutos para que el aceite de mantenimiento penetre completamente y funcione.<\/li>\n<li>Limpie el exceso de aceite de mantenimiento con un pa\u00f1o limpio para mantener limpia la superficie de la bicicleta.<\/li>\n<\/ol>\n<p><strong>IV. Precauciones<\/strong><\/p>\n<ol>\n<li>Evitar el contacto del aceite de mantenimiento con los ojos. En caso de contacto accidental, aclarar inmediatamente con agua limpia.<\/li>\n<li>Gu\u00e1rdelo en un lugar donde los ni\u00f1os no puedan alcanzarlo f\u00e1cilmente para evitar su ingesti\u00f3n accidental.<\/li>\n<li>Preste atenci\u00f3n a la cantidad adecuada al utilizarlo para evitar un uso excesivo que provoque manchas de aceite.<\/li>\n<li>Compruebe regularmente el estado de lubricaci\u00f3n de la bicicleta y reponga a tiempo el aceite de mantenimiento seg\u00fan sea necesario.<\/li>\n<\/ol>\n<p>&nbsp;<\/p>","protected":false},"excerpt":{"rendered":"<p>\u00a1Nuestra f\u00e1brica ofrece servicios de procesamiento OEM\/ODM, podemos adaptar productos para usted; Nuestro MOQ es bajo, generalmente la cantidad m\u00ednima es de 1000 botellas pueden ser producidas; Nuestros productos son baratos, excelente calidad del producto, en l\u00ednea con cualquier ley y reglamento nacional y las necesidades del cliente!<\/p>\n<p>Tambi\u00e9n ofrecemos los siguientes servicios<br \/>\n\u2714 Fuente transfronteriza \u2714 Apoyo a la personalizaci\u00f3n<br \/>\n\u2714 F\u00e1brica de origen \u2714 Desarrollo de productos<br \/>\n\u2714 Adaptaci\u00f3n a la muestra \u2714 Autorizaci\u00f3n de marca<\/p>\n<h2 style=\"text-align: left;\"><strong>\u00bfPreguntas o comentarios? <\/strong><\/h2>\n<h2 style=\"text-align: left;\"><strong>wlwer@williamweir.com<\/strong><\/h2>","protected":false},"featured_media":5316,"template":"","meta":{"_uag_custom_page_level_css":"","site-sidebar-layout":"default","site-content-layout":"","ast-site-content-layout":"default","site-content-style":"default","site-sidebar-style":"default","ast-global-header-display":"","ast-banner-title-visibility":"","ast-main-header-display":"","ast-hfb-above-header-display":"","ast-hfb-below-header-display":"","ast-hfb-mobile-header-display":"","site-post-title":"","ast-breadcrumbs-content":"","ast-featured-img":"","footer-sml-layout":"","theme-transparent-header-meta":"default","adv-header-id-meta":"","stick-header-meta":"","header-above-stick-meta":"","header-main-stick-meta":"","header-below-stick-meta":"","astra-migrate-meta-layouts":"set","ast-page-background-enabled":"default","ast-page-background-meta":{"desktop":{"background-color":"","background-image":"","background-repeat":"repeat","background-position":"center center","background-size":"auto","background-attachment":"scroll","background-type":"","background-media":"","overlay-type":"","overlay-color":"","overlay-opacity":"","overlay-gradient":""},"tablet":{"background-color":"","background-image":"","background-repeat":"repeat","background-position":"center center","background-size":"auto","background-attachment":"scroll","background-type":"","background-media":"","overlay-type":"","overlay-color":"","overlay-opacity":"","overlay-gradient":""},"mobile":{"background-color":"","background-image":"","background-repeat":"repeat","background-position":"center center","background-size":"auto","background-attachment":"scroll","background-type":"","background-media":"","overlay-type":"","overlay-color":"","overlay-opacity":"","overlay-gradient":""}},"ast-content-background-meta":{"desktop":{"background-color":"var(--ast-global-color-5)","background-image":"","background-repeat":"repeat","background-position":"center center","background-size":"auto","background-attachment":"scroll","background-type":"","background-media":"","overlay-type":"","overlay-color":"","overlay-opacity":"","overlay-gradient":""},"tablet":{"background-color":"var(--ast-global-color-5)","background-image":"","background-repeat":"repeat","background-position":"center center","background-size":"auto","background-attachment":"scroll","background-type":"","background-media":"","overlay-type":"","overlay-color":"","overlay-opacity":"","overlay-gradient":""},"mobile":{"background-color":"var(--ast-global-color-5)","background-image":"","background-repeat":"repeat","background-position":"center center","background-size":"auto","background-attachment":"scroll","background-type":"","background-media":"","overlay-type":"","overlay-color":"","overlay-opacity":"","overlay-gradient":""}}},"product_brand":[],"product_cat":[78],"product_tag":[152,148,150,145],"class_list":{"0":"post-5314","1":"product","2":"type-product","3":"status-publish","4":"has-post-thumbnail","6":"product_cat-lubricating-oil-care-oil-series","7":"product_tag-bicycle-chain-oil","8":"product_tag-care-oil","9":"product_tag-lubricating-oil","10":"product_tag-maintenance-oil","11":"desktop-align-center","12":"tablet-align-left","13":"mobile-align-left","14":"ast-product-gallery-layout-horizontal-slider","15":"ast-product-gallery-with-no-image","16":"ast-product-tabs-layout-horizontal","18":"first","19":"instock","20":"shipping-taxable","21":"product-type-simple"},"aioseo_notices":[],"uagb_featured_image_src":{"full":["https:\/\/williamweir.com\/wp-content\/uploads\/2024\/10\/\u81ea\u884c\u8f66\u94fe\u6761\u6da6\u6ed1\u6cb9.jpg",800,800,false],"thumbnail":["https:\/\/williamweir.com\/wp-content\/uploads\/2024\/10\/\u81ea\u884c\u8f66\u94fe\u6761\u6da6\u6ed1\u6cb9-300x300.jpg",300,300,true],"medium":["https:\/\/williamweir.com\/wp-content\/uploads\/2024\/10\/\u81ea\u884c\u8f66\u94fe\u6761\u6da6\u6ed1\u6cb9-600x600.jpg",600,600,true],"medium_large":["https:\/\/williamweir.com\/wp-content\/uploads\/2024\/10\/\u81ea\u884c\u8f66\u94fe\u6761\u6da6\u6ed1\u6cb9-768x768.jpg",768,768,true],"large":["https:\/\/williamweir.com\/wp-content\/uploads\/2024\/10\/\u81ea\u884c\u8f66\u94fe\u6761\u6da6\u6ed1\u6cb9.jpg",800,800,false],"1536x1536":["https:\/\/williamweir.com\/wp-content\/uploads\/2024\/10\/\u81ea\u884c\u8f66\u94fe\u6761\u6da6\u6ed1\u6cb9.jpg",800,800,false],"2048x2048":["https:\/\/williamweir.com\/wp-content\/uploads\/2024\/10\/\u81ea\u884c\u8f66\u94fe\u6761\u6da6\u6ed1\u6cb9.jpg",800,800,false],"trp-custom-language-flag":["https:\/\/williamweir.com\/wp-content\/uploads\/2024\/10\/\u81ea\u884c\u8f66\u94fe\u6761\u6da6\u6ed1\u6cb9-12x12.jpg",12,12,true],"woocommerce_thumbnail":["https:\/\/williamweir.com\/wp-content\/uploads\/2024\/10\/\u81ea\u884c\u8f66\u94fe\u6761\u6da6\u6ed1\u6cb9-600x600.jpg",600,600,true],"woocommerce_single":["https:\/\/williamweir.com\/wp-content\/uploads\/2024\/10\/\u81ea\u884c\u8f66\u94fe\u6761\u6da6\u6ed1\u6cb9-600x600.jpg",600,600,true],"woocommerce_gallery_thumbnail":["https:\/\/williamweir.com\/wp-content\/uploads\/2024\/10\/\u81ea\u884c\u8f66\u94fe\u6761\u6da6\u6ed1\u6cb9-100x100.jpg",100,100,true]},"uagb_author_info":{"display_name":"wlwer","author_link":"https:\/\/williamweir.com\/es\/author\/"},"uagb_comment_info":0,"uagb_excerpt":"Our factory provides OEM\/ODM processing services, we can tailor products for you; Our MOQ is low, generally the minimum quantity is 1000 bottles can be produced; Our products are inexpensive, excellent product quality, in line with any national laws and regulations and customer needs! We also offer the following services \u2714\u00a0 Cross-border source\u00a0 \u00a0 \u00a0&hellip;","_links":{"self":[{"href":"https:\/\/williamweir.com\/es\/wp-json\/wp\/v2\/product\/5314"}],"collection":[{"href":"https:\/\/williamweir.com\/es\/wp-json\/wp\/v2\/product"}],"about":[{"href":"https:\/\/williamweir.com\/es\/wp-json\/wp\/v2\/types\/product"}],"version-history":[{"count":5,"href":"https:\/\/williamweir.com\/es\/wp-json\/wp\/v2\/product\/5314\/revisions"}],"predecessor-version":[{"id":8292,"href":"https:\/\/williamweir.com\/es\/wp-json\/wp\/v2\/product\/5314\/revisions\/8292"}],"wp:featuredmedia":[{"embeddable":true,"href":"https:\/\/williamweir.com\/es\/wp-json\/wp\/v2\/media\/5316"}],"wp:attachment":[{"href":"https:\/\/williamweir.com\/es\/wp-json\/wp\/v2\/media?parent=5314"}],"wp:term":[{"taxonomy":"product_brand","embeddable":true,"href":"https:\/\/williamweir.com\/es\/wp-json\/wp\/v2\/product_brand?post=5314"},{"taxonomy":"product_cat","embeddable":true,"href":"https:\/\/williamweir.com\/es\/wp-json\/wp\/v2\/product_cat?post=5314"},{"taxonomy":"product_tag","embeddable":true,"href":"https:\/\/williamweir.com\/es\/wp-json\/wp\/v2\/product_tag?post=5314"}],"curies":[{"name":"wp","href":"https:\/\/api.w.org\/{rel}","templated":true}]}}