{"id":5311,"date":"2024-10-30T05:27:04","date_gmt":"2024-10-30T05:27:04","guid":{"rendered":"https:\/\/williamweir.com\/?post_type=product&#038;p=5311"},"modified":"2025-05-24T01:47:43","modified_gmt":"2025-05-24T01:47:43","slug":"fishing-rod-care-oil","status":"publish","type":"product","link":"https:\/\/williamweir.com\/es\/producto\/fishing-rod-care-oil\/","title":{"rendered":"Aceite para ca\u00f1as de pescar"},"content":{"rendered":"<p align=\"justify\"><strong>C\u00f3digo del producto<\/strong><strong>\uff1a<\/strong><strong>2455<\/strong><\/p>\n<p><strong>I. Introducci\u00f3n del producto<\/strong><\/p>\n<p>Este producto es un producto de cuidado de alta calidad especialmente dise\u00f1ado para los aficionados a la pesca. Se utiliza para mantener y reparar las ca\u00f1as de pescar para que conserven un buen rendimiento y aspecto.<\/p>\n<p><strong>II. Caracter\u00edsticas del producto<\/strong><\/p>\n<ol>\n<li>Anticorrosi\u00f3n: Evita eficazmente que las ca\u00f1as de pescar se erosionen por la humedad, la sal y otras sustancias corrosivas, y prolonga la vida \u00fatil de las ca\u00f1as de pescar.<\/li>\n<li>Lubricar las articulaciones: Haz que las articulaciones de las ca\u00f1as de pescar giren con m\u00e1s suavidad y reduce el desgaste y los atascos.<\/li>\n<li>Protege la superficie de la pintura: Forma una pel\u00edcula protectora en la superficie de las ca\u00f1as de pescar para evitar ara\u00f1azos y la decoloraci\u00f3n de la superficie de la pintura.<\/li>\n<li>Mejora la dureza: Ayuda a mantener la elasticidad y dureza de las ca\u00f1as de pescar y mejora la resistencia y durabilidad de las ca\u00f1as de pescar.<\/li>\n<li>Respetuoso con el medio ambiente y seguro: Fabricado con materiales respetuosos con el medio ambiente, inofensivos para el cuerpo humano y el medio ambiente.<\/li>\n<\/ol>\n<p><strong>III. M\u00e9todos de utilizaci\u00f3n<\/strong><\/p>\n<ol>\n<li>Antes de utilizar la ca\u00f1a de pescar, aplique uniformemente el aceite de cuidado sobre la superficie de la ca\u00f1a, especialmente en las juntas y lugares de f\u00e1cil desgaste.<\/li>\n<li>Limpie suavemente con un pa\u00f1o limpio para que el aceite de cuidado penetre completamente en el material de la ca\u00f1a de pescar.<\/li>\n<li>En el caso de las ca\u00f1as de pescar que no se hayan utilizado durante mucho tiempo, puede volver a aplicar aceite de cuidado antes de usarlas para garantizar el buen estado de la ca\u00f1a.<\/li>\n<li>Despu\u00e9s de pescar cada vez, enjuague la ca\u00f1a de pescar con agua limpia para eliminar la sal y la suciedad, luego s\u00e9quela y aplique aceite de cuidado para su mantenimiento.<\/li>\n<\/ol>\n<p><strong>IV. Precauciones<\/strong><\/p>\n<ol>\n<li>Evitar el contacto del aceite de cuidado con los ojos. En caso de contacto accidental, aclarar inmediatamente con agua limpia.<\/li>\n<li>Almacenar en un lugar fresco y seco, evitando la luz solar directa y los ambientes con altas temperaturas.<\/li>\n<li>No deje que los ni\u00f1os entren en contacto con el aceite de cuidado para evitar accidentes.<\/li>\n<li>Durante el uso, siga las instrucciones y no utilice aceite de cuidado excesivo para no afectar al rendimiento de la ca\u00f1a de pescar.<\/li>\n<\/ol>","protected":false},"excerpt":{"rendered":"<p>\u00a1Nuestra f\u00e1brica ofrece servicios de procesamiento OEM\/ODM, podemos adaptar productos para usted; Nuestro MOQ es bajo, generalmente la cantidad m\u00ednima es de 1000 botellas pueden ser producidas; Nuestros productos son baratos, excelente calidad del producto, en l\u00ednea con cualquier ley y reglamento nacional y las necesidades del cliente!<\/p>\n<p>Tambi\u00e9n ofrecemos los siguientes servicios<br \/>\n\u2714 Fuente transfronteriza \u2714 Apoyo a la personalizaci\u00f3n<br \/>\n\u2714 F\u00e1brica de origen \u2714 Desarrollo de productos<br \/>\n\u2714 Adaptaci\u00f3n a la muestra \u2714 Autorizaci\u00f3n de marca<\/p>\n<h2 style=\"text-align: left;\"><strong>\u00bfPreguntas o comentarios? <\/strong><\/h2>\n<h2 style=\"text-align: left;\"><strong>wlwer@williamweir.com<\/strong><\/h2>","protected":false},"featured_media":5312,"template":"","meta":{"_uag_custom_page_level_css":"","site-sidebar-layout":"default","site-content-layout":"","ast-site-content-layout":"default","site-content-style":"default","site-sidebar-style":"default","ast-global-header-display":"","ast-banner-title-visibility":"","ast-main-header-display":"","ast-hfb-above-header-display":"","ast-hfb-below-header-display":"","ast-hfb-mobile-header-display":"","site-post-title":"","ast-breadcrumbs-content":"","ast-featured-img":"","footer-sml-layout":"","theme-transparent-header-meta":"default","adv-header-id-meta":"","stick-header-meta":"","header-above-stick-meta":"","header-main-stick-meta":"","header-below-stick-meta":"","astra-migrate-meta-layouts":"set","ast-page-background-enabled":"default","ast-page-background-meta":{"desktop":{"background-color":"","background-image":"","background-repeat":"repeat","background-position":"center center","background-size":"auto","background-attachment":"scroll","background-type":"","background-media":"","overlay-type":"","overlay-color":"","overlay-opacity":"","overlay-gradient":""},"tablet":{"background-color":"","background-image":"","background-repeat":"repeat","background-position":"center center","background-size":"auto","background-attachment":"scroll","background-type":"","background-media":"","overlay-type":"","overlay-color":"","overlay-opacity":"","overlay-gradient":""},"mobile":{"background-color":"","background-image":"","background-repeat":"repeat","background-position":"center center","background-size":"auto","background-attachment":"scroll","background-type":"","background-media":"","overlay-type":"","overlay-color":"","overlay-opacity":"","overlay-gradient":""}},"ast-content-background-meta":{"desktop":{"background-color":"var(--ast-global-color-5)","background-image":"","background-repeat":"repeat","background-position":"center center","background-size":"auto","background-attachment":"scroll","background-type":"","background-media":"","overlay-type":"","overlay-color":"","overlay-opacity":"","overlay-gradient":""},"tablet":{"background-color":"var(--ast-global-color-5)","background-image":"","background-repeat":"repeat","background-position":"center center","background-size":"auto","background-attachment":"scroll","background-type":"","background-media":"","overlay-type":"","overlay-color":"","overlay-opacity":"","overlay-gradient":""},"mobile":{"background-color":"var(--ast-global-color-5)","background-image":"","background-repeat":"repeat","background-position":"center center","background-size":"auto","background-attachment":"scroll","background-type":"","background-media":"","overlay-type":"","overlay-color":"","overlay-opacity":"","overlay-gradient":""}}},"product_brand":[],"product_cat":[78],"product_tag":[148,151,145],"class_list":{"0":"post-5311","1":"product","2":"type-product","3":"status-publish","4":"has-post-thumbnail","6":"product_cat-lubricating-oil-care-oil-series","7":"product_tag-care-oil","8":"product_tag-fishing-rod-care-oil","9":"product_tag-maintenance-oil","10":"desktop-align-center","11":"tablet-align-left","12":"mobile-align-left","13":"ast-product-gallery-layout-horizontal-slider","14":"ast-product-gallery-with-no-image","15":"ast-product-tabs-layout-horizontal","17":"first","18":"instock","19":"shipping-taxable","20":"product-type-simple"},"aioseo_notices":[],"uagb_featured_image_src":{"full":["https:\/\/williamweir.com\/wp-content\/uploads\/2024\/10\/\u9c7c\u7aff\u4fdd\u517b\u6cb9.jpg",800,800,false],"thumbnail":["https:\/\/williamweir.com\/wp-content\/uploads\/2024\/10\/\u9c7c\u7aff\u4fdd\u517b\u6cb9-300x300.jpg",300,300,true],"medium":["https:\/\/williamweir.com\/wp-content\/uploads\/2024\/10\/\u9c7c\u7aff\u4fdd\u517b\u6cb9-600x600.jpg",600,600,true],"medium_large":["https:\/\/williamweir.com\/wp-content\/uploads\/2024\/10\/\u9c7c\u7aff\u4fdd\u517b\u6cb9-768x768.jpg",768,768,true],"large":["https:\/\/williamweir.com\/wp-content\/uploads\/2024\/10\/\u9c7c\u7aff\u4fdd\u517b\u6cb9.jpg",800,800,false],"1536x1536":["https:\/\/williamweir.com\/wp-content\/uploads\/2024\/10\/\u9c7c\u7aff\u4fdd\u517b\u6cb9.jpg",800,800,false],"2048x2048":["https:\/\/williamweir.com\/wp-content\/uploads\/2024\/10\/\u9c7c\u7aff\u4fdd\u517b\u6cb9.jpg",800,800,false],"trp-custom-language-flag":["https:\/\/williamweir.com\/wp-content\/uploads\/2024\/10\/\u9c7c\u7aff\u4fdd\u517b\u6cb9-12x12.jpg",12,12,true],"woocommerce_thumbnail":["https:\/\/williamweir.com\/wp-content\/uploads\/2024\/10\/\u9c7c\u7aff\u4fdd\u517b\u6cb9-600x600.jpg",600,600,true],"woocommerce_single":["https:\/\/williamweir.com\/wp-content\/uploads\/2024\/10\/\u9c7c\u7aff\u4fdd\u517b\u6cb9-600x600.jpg",600,600,true],"woocommerce_gallery_thumbnail":["https:\/\/williamweir.com\/wp-content\/uploads\/2024\/10\/\u9c7c\u7aff\u4fdd\u517b\u6cb9-100x100.jpg",100,100,true]},"uagb_author_info":{"display_name":"wlwer","author_link":"https:\/\/williamweir.com\/es\/author\/"},"uagb_comment_info":0,"uagb_excerpt":"Our factory provides OEM\/ODM processing services, we can tailor products for you; Our MOQ is low, generally the minimum quantity is 1000 bottles can be produced; Our products are inexpensive, excellent product quality, in line with any national laws and regulations and customer needs! We also offer the following services \u2714\u00a0 Cross-border source\u00a0 \u00a0 \u00a0&hellip;","_links":{"self":[{"href":"https:\/\/williamweir.com\/es\/wp-json\/wp\/v2\/product\/5311"}],"collection":[{"href":"https:\/\/williamweir.com\/es\/wp-json\/wp\/v2\/product"}],"about":[{"href":"https:\/\/williamweir.com\/es\/wp-json\/wp\/v2\/types\/product"}],"version-history":[{"count":5,"href":"https:\/\/williamweir.com\/es\/wp-json\/wp\/v2\/product\/5311\/revisions"}],"predecessor-version":[{"id":8293,"href":"https:\/\/williamweir.com\/es\/wp-json\/wp\/v2\/product\/5311\/revisions\/8293"}],"wp:featuredmedia":[{"embeddable":true,"href":"https:\/\/williamweir.com\/es\/wp-json\/wp\/v2\/media\/5312"}],"wp:attachment":[{"href":"https:\/\/williamweir.com\/es\/wp-json\/wp\/v2\/media?parent=5311"}],"wp:term":[{"taxonomy":"product_brand","embeddable":true,"href":"https:\/\/williamweir.com\/es\/wp-json\/wp\/v2\/product_brand?post=5311"},{"taxonomy":"product_cat","embeddable":true,"href":"https:\/\/williamweir.com\/es\/wp-json\/wp\/v2\/product_cat?post=5311"},{"taxonomy":"product_tag","embeddable":true,"href":"https:\/\/williamweir.com\/es\/wp-json\/wp\/v2\/product_tag?post=5311"}],"curies":[{"name":"wp","href":"https:\/\/api.w.org\/{rel}","templated":true}]}}